{"id":3916,"date":"2023-11-29T12:40:53","date_gmt":"2023-11-29T11:40:53","guid":{"rendered":"https:\/\/fondation-pvsyst.org\/preprod\/news-2\/promee-follow-up-mission-to-kyrgyzstan-august-2023\/"},"modified":"2024-06-26T16:12:22","modified_gmt":"2024-06-26T14:12:22","slug":"promee-follow-up-mission-to-kyrgyzstan-august-2023","status":"publish","type":"page","link":"https:\/\/fondation-pvsyst.org\/en\/news\/promee-follow-up-mission-to-kyrgyzstan-august-2023\/","title":{"rendered":"PROMEE follow-up mission to Kyrgyzstan, August 2023"},"content":{"rendered":"<div id=\"pl-3916\"  class=\"panel-layout\" ><div id=\"pg-3916-0\"  class=\"panel-grid panel-has-style\" ><div class=\"siteorigin-panels-stretch panel-row-style panel-row-style-for-3916-0\" data-stretch-type=\"full-stretched\" ><div id=\"pgc-3916-0-0\"  class=\"panel-grid-cell\" ><div id=\"panel-3916-0-0-0\" class=\"so-panel widget widget_sow-hero panel-first-child panel-last-child\" data-index=\"0\" ><div\n\t\t\t\n\t\t\tclass=\"so-widget-sow-hero so-widget-sow-hero-default-78d99ccfba76-3916 so-widget-fittext-wrapper\"\n\t\t\t data-fit-text-compressor=\"0.85\"\n\t\t>\t\t\t\t<div class=\"sow-slider-base\" style=\"display: none\" tabindex=\"0\">\n\t\t\t\t\t<ul\n\t\t\t\t\tclass=\"sow-slider-images\"\n\t\t\t\t\tdata-settings=\"{&quot;pagination&quot;:true,&quot;speed&quot;:800,&quot;timeout&quot;:8000,&quot;paused&quot;:false,&quot;pause_on_hover&quot;:false,&quot;swipe&quot;:true,&quot;nav_always_show_desktop&quot;:&quot;&quot;,&quot;nav_always_show_mobile&quot;:&quot;&quot;,&quot;breakpoint&quot;:&quot;780px&quot;,&quot;unmute&quot;:false,&quot;anchor&quot;:null}\"\n\t\t\t\t\tstyle=\"min-height: 300px\"\t\t\t\t\tdata-anchor-id=\"\"\n\t\t\t\t>\t\t<li class=\"sow-slider-image  sow-slider-image-cover\" style=\"visibility: visible;;background-color: #333333;background-image: url(https:\/\/fondation-pvsyst.org\/wp-content\/uploads\/2022\/10\/20220929_181531-scaled-e1666258490481.jpg)\" >\n\t\t\t\t\t<div class=\"sow-slider-image-container\">\n\t\t\t<div class=\"sow-slider-image-wrapper\">\n\t\t\t\t<h1 style=\"text-align: center\">News<\/h1>\t\t\t<\/div>\n\t\t<\/div>\n\t\t\t\t<\/li>\n\t\t\t\t<li class=\"sow-slider-image  sow-slider-image-cover\" style=\"visibility: hidden;;background-color: #333333\" data-background=\"url(https:\/\/fondation-pvsyst.org\/wp-content\/uploads\/2017\/04\/Commune-de-Djiddah-Thiaroye-S\u00e9n\u00e9gal-2-e1491471627179.jpg)\" >\n\t\t\t\t\t<div class=\"sow-slider-image-container\">\n\t\t\t<div class=\"sow-slider-image-wrapper\">\n\t\t\t\t<h1 style=\"text-align: center\">News<\/h1>\n\t\t\t<\/div>\n\t\t<\/div>\n\t\t\t\t<\/li>\n\t\t\t\t<li class=\"sow-slider-image  sow-slider-image-cover\" style=\"visibility: hidden;;background-color: #333333\" data-background=\"url(https:\/\/fondation-pvsyst.org\/wp-content\/uploads\/2022\/10\/20220930_203910-scaled.jpg)\" >\n\t\t\t\t\t<div class=\"sow-slider-image-container\">\n\t\t\t<div class=\"sow-slider-image-wrapper\">\n\t\t\t\t<h1 style=\"text-align: center\">News<\/h1>\n\t\t\t<\/div>\n\t\t<\/div>\n\t\t\t\t<\/li>\n\t\t<\/ul>\t\t\t\t<ol class=\"sow-slider-pagination\">\n\t\t\t\t\t\t\t\t\t\t\t<li><a href=\"#\" data-goto=\"0\" aria-label=\"Display slide 1\"><\/a><\/li>\n\t\t\t\t\t\t\t\t\t\t\t<li><a href=\"#\" data-goto=\"1\" aria-label=\"Display slide 2\"><\/a><\/li>\n\t\t\t\t\t\t\t\t\t\t\t<li><a href=\"#\" data-goto=\"2\" aria-label=\"Display slide 3\"><\/a><\/li>\n\t\t\t\t\t\t\t\t\t<\/ol>\n\n\t\t\t\t<div class=\"sow-slide-nav sow-slide-nav-next\">\n\t\t\t\t\t<a href=\"#\" data-goto=\"next\" aria-label=\"Next slide\" data-action=\"next\">\n\t\t\t\t\t\t<em class=\"sow-sld-icon-thin-right\"><\/em>\n\t\t\t\t\t<\/a>\n\t\t\t\t<\/div>\n\n\t\t\t\t<div class=\"sow-slide-nav sow-slide-nav-prev\">\n\t\t\t\t\t<a href=\"#\" data-goto=\"previous\" aria-label=\"Previous slide\" data-action=\"prev\">\n\t\t\t\t\t\t<em class=\"sow-sld-icon-thin-left\"><\/em>\n\t\t\t\t\t<\/a>\n\t\t\t\t<\/div>\n\t\t\t\t<\/div><\/div><\/div><\/div><\/div><\/div><div id=\"pg-3916-1\"  class=\"panel-grid panel-no-style\" ><div id=\"pgc-3916-1-0\"  class=\"panel-grid-cell\" ><div id=\"panel-3916-1-0-0\" class=\"so-panel widget widget_sow-headline panel-first-child panel-last-child\" data-index=\"1\" ><div\n\t\t\t\n\t\t\tclass=\"so-widget-sow-headline so-widget-sow-headline-default-c6bae0e9f73a-3916\"\n\t\t\t\n\t\t><div class=\"sow-headline-container \">\n\t\t\t\t\t\t\t<h4 class=\"sow-headline\">\n\t\t\t\t\t\t<b>Follow-up and prospecting mission in Kyrgyzstan, August 2023  <\/b>\t\t\t\t\t\t<\/h4>\n\t\t\t\t\t\t\t\t\t\t\t<div class=\"decoration\">\n\t\t\t\t\t\t<div class=\"decoration-inside\"><\/div>\n\t\t\t\t\t<\/div>\n\t\t\t\t\t<\/div>\n<\/div><\/div><\/div><\/div><div id=\"pg-3916-2\"  class=\"panel-grid panel-no-style\" ><div id=\"pgc-3916-2-0\"  class=\"panel-grid-cell\" ><div id=\"panel-3916-2-0-0\" class=\"so-panel widget widget_sow-editor panel-first-child panel-last-child\" data-index=\"2\" ><div\n\t\t\t\n\t\t\tclass=\"so-widget-sow-editor so-widget-sow-editor-base\"\n\t\t\t\n\t\t>\n<div class=\"siteorigin-widget-tinymce textwidget\">\n\t<p>The project manager of the PVSYST Foundation and the technical coordinator of PVsyst visited Kyrgyzstan to monitor the PROMEE (Professionnels pour la Ma\u00eetrise de l'Efficacit\u00e9 Energ\u00e9tique) project. The aim of PROMEE is to train craftsmen in thermal insulation solutions and techniques, and to promote access to these solutions for households by granting zero-interest loans.<\/p>\n<p>A second objective was to assess the possibility of developing a second project in conjunction with the teams from CAMP Alatoo, the implementing partner.<\/p>\n<\/div>\n<\/div><\/div><\/div><\/div><div id=\"pg-3916-3\"  class=\"panel-grid panel-no-style\" ><div id=\"pgc-3916-3-0\"  class=\"panel-grid-cell\" ><div id=\"panel-3916-3-0-0\" class=\"so-panel widget widget_sow-headline panel-first-child panel-last-child\" data-index=\"3\" ><div\n\t\t\t\n\t\t\tclass=\"so-widget-sow-headline so-widget-sow-headline-default-29dda1a437a4-3916\"\n\t\t\t\n\t\t><div class=\"sow-headline-container \">\n\t\t\t\t\t\t\t<h4 class=\"sow-headline\">\n\t\t\t\t\t\t<b>PROMEE: a promising end to the first phase  <\/b>\t\t\t\t\t\t<\/h4>\n\t\t\t\t\t\t\t\t\t\t\t<div class=\"decoration\">\n\t\t\t\t\t\t<div class=\"decoration-inside\"><\/div>\n\t\t\t\t\t<\/div>\n\t\t\t\t\t<\/div>\n<\/div><\/div><\/div><\/div><div id=\"pg-3916-4\"  class=\"panel-grid panel-no-style\" ><div id=\"pgc-3916-4-0\"  class=\"panel-grid-cell\" ><div id=\"panel-3916-4-0-0\" class=\"so-panel widget widget_sow-editor panel-first-child panel-last-child\" data-index=\"4\" ><div\n\t\t\t\n\t\t\tclass=\"so-widget-sow-editor so-widget-sow-editor-base\"\n\t\t\t\n\t\t>\n<div class=\"siteorigin-widget-tinymce textwidget\">\n\t<p><strong>Tangible results<\/strong><\/p>\n<p>During this first phase (October 2021 - October 2023), the project has enabled work to be carried out on 21 houses in the Karakol area (Issyk-Kul Oblast). This figure falls short of the project's objectives: this is due to the fact that the cost of the work for each house was higher than expected, as households chose to have several types of work carried out at the same time (roofs and external walls, windows and external walls, etc.). Far from being a failure, it shows that the area's residents have been convinced of the usefulness of the insulation work.<\/p>\n<figure id=\"attachment_3140\" aria-describedby=\"caption-attachment-3140\" style=\"width: 337px\" class=\"wp-caption aligncenter\"><img loading=\"lazy\" decoding=\"async\" class=\"wp-image-3140 \" src=\"http:\/\/fondation-pvsyst.org\/wp-content\/uploads\/2023\/11\/20220929_125948-300x146.jpg\" alt=\"\" width=\"337\" height=\"164\" srcset=\"https:\/\/fondation-pvsyst.org\/wp-content\/uploads\/2023\/11\/20220929_125948-300x146.jpg 300w, https:\/\/fondation-pvsyst.org\/wp-content\/uploads\/2023\/11\/20220929_125948-1024x498.jpg 1024w, https:\/\/fondation-pvsyst.org\/wp-content\/uploads\/2023\/11\/20220929_125948-768x373.jpg 768w, https:\/\/fondation-pvsyst.org\/wp-content\/uploads\/2023\/11\/20220929_125948-1536x747.jpg 1536w, https:\/\/fondation-pvsyst.org\/wp-content\/uploads\/2023\/11\/20220929_125948-2048x996.jpg 2048w, https:\/\/fondation-pvsyst.org\/wp-content\/uploads\/2023\/11\/20220929_125948-310x151.jpg 310w\" sizes=\"auto, (max-width: 337px) 100vw, 337px\" \/><figcaption id=\"caption-attachment-3140\" class=\"wp-caption-text\">Exterior insulation work, Issyk-Kul Oblast<\/figcaption><\/figure>\n<p>&nbsp;<\/p>\n<p>Monitoring was carried out at around ten homes, with the installation of measuring devices (humidity, temperature). An initial analysis of the readings for the winter 2022-2023 period, carried out by PVsyst's technical collaborator, showed interesting results in terms of heat gain and humidity reduction.<\/p>\n<p>This trend was confirmed by some households during the mission: they declared that they had halved their consumption (2.5 tonnes of coal used compared with 5 tonnes in previous years). In the second phase, a more detailed protocol will be implemented on a limited number of houses, with pre- and post-insulation measurements, as well as daily monitoring of fuel consumption.<\/p>\n<figure id=\"attachment_3141\" aria-describedby=\"caption-attachment-3141\" style=\"width: 325px\" class=\"wp-caption aligncenter\"><img loading=\"lazy\" decoding=\"async\" class=\"wp-image-3141 \" src=\"http:\/\/fondation-pvsyst.org\/wp-content\/uploads\/2023\/11\/KGZ_0823-43-300x146.jpg\" alt=\"\" width=\"325\" height=\"158\" srcset=\"https:\/\/fondation-pvsyst.org\/wp-content\/uploads\/2023\/11\/KGZ_0823-43-300x146.jpg 300w, https:\/\/fondation-pvsyst.org\/wp-content\/uploads\/2023\/11\/KGZ_0823-43-1024x498.jpg 1024w, https:\/\/fondation-pvsyst.org\/wp-content\/uploads\/2023\/11\/KGZ_0823-43-768x373.jpg 768w, https:\/\/fondation-pvsyst.org\/wp-content\/uploads\/2023\/11\/KGZ_0823-43-1536x747.jpg 1536w, https:\/\/fondation-pvsyst.org\/wp-content\/uploads\/2023\/11\/KGZ_0823-43-2048x996.jpg 2048w, https:\/\/fondation-pvsyst.org\/wp-content\/uploads\/2023\/11\/KGZ_0823-43-310x151.jpg 310w\" sizes=\"auto, (max-width: 325px) 100vw, 325px\" \/><figcaption id=\"caption-attachment-3141\" class=\"wp-caption-text\">Exterior insulation work, Naryn Oblast<\/figcaption><\/figure>\n<p><strong>Ideas for the future<\/strong><\/p>\n<p>During the mission, a number of areas for improvement were identified:<\/p>\n<ul>\n<li>Use of higher-performance insulation materials (glass or rock wool instead of polystyrene).<\/li>\n<li>Raising awareness of the importance of ventilation, to avoid problems of damp, mold and related health risks.<\/li>\n<li>Mechanical protection at key points (door stops, foundations) to prevent damage from weather, impact or pets (as shown in the photos below).<\/li>\n<\/ul>\n<\/div>\n<\/div><\/div><\/div><\/div><div id=\"pg-3916-5\"  class=\"panel-grid panel-no-style\" ><div id=\"pgc-3916-5-0\"  class=\"panel-grid-cell\" ><div id=\"panel-3916-5-0-0\" class=\"so-panel widget widget_sow-editor panel-first-child panel-last-child\" data-index=\"5\" ><div\n\t\t\t\n\t\t\tclass=\"so-widget-sow-editor so-widget-sow-editor-base\"\n\t\t\t\n\t\t>\n<div class=\"siteorigin-widget-tinymce textwidget\">\n\t<p><img loading=\"lazy\" decoding=\"async\" class=\"aligncenter wp-image-3142\" src=\"http:\/\/fondation-pvsyst.org\/wp-content\/uploads\/2023\/11\/KGZ_0823-103-300x161.jpg\" alt=\"\" width=\"467\" height=\"250\" srcset=\"https:\/\/fondation-pvsyst.org\/wp-content\/uploads\/2023\/11\/KGZ_0823-103-300x161.jpg 300w, https:\/\/fondation-pvsyst.org\/wp-content\/uploads\/2023\/11\/KGZ_0823-103-1024x548.jpg 1024w, https:\/\/fondation-pvsyst.org\/wp-content\/uploads\/2023\/11\/KGZ_0823-103-768x411.jpg 768w, https:\/\/fondation-pvsyst.org\/wp-content\/uploads\/2023\/11\/KGZ_0823-103-1536x822.jpg 1536w, https:\/\/fondation-pvsyst.org\/wp-content\/uploads\/2023\/11\/KGZ_0823-103-2048x1096.jpg 2048w, https:\/\/fondation-pvsyst.org\/wp-content\/uploads\/2023\/11\/KGZ_0823-103-310x166.jpg 310w\" sizes=\"auto, (max-width: 467px) 100vw, 467px\" \/><\/p>\n<\/div>\n<\/div><\/div><\/div><div id=\"pgc-3916-5-1\"  class=\"panel-grid-cell\" ><div id=\"panel-3916-5-1-0\" class=\"so-panel widget widget_sow-editor panel-first-child panel-last-child\" data-index=\"6\" ><div\n\t\t\t\n\t\t\tclass=\"so-widget-sow-editor so-widget-sow-editor-base\"\n\t\t\t\n\t\t>\n<div class=\"siteorigin-widget-tinymce textwidget\">\n\t<figure id=\"attachment_3143\" aria-describedby=\"caption-attachment-3143\" style=\"width: 514px\" class=\"wp-caption aligncenter\"><img loading=\"lazy\" decoding=\"async\" class=\"wp-image-3143\" src=\"http:\/\/fondation-pvsyst.org\/wp-content\/uploads\/2023\/11\/KGZ_0823-100-300x146.jpg\" alt=\"\" width=\"514\" height=\"250\" srcset=\"https:\/\/fondation-pvsyst.org\/wp-content\/uploads\/2023\/11\/KGZ_0823-100-300x146.jpg 300w, https:\/\/fondation-pvsyst.org\/wp-content\/uploads\/2023\/11\/KGZ_0823-100-1024x498.jpg 1024w, https:\/\/fondation-pvsyst.org\/wp-content\/uploads\/2023\/11\/KGZ_0823-100-768x373.jpg 768w, https:\/\/fondation-pvsyst.org\/wp-content\/uploads\/2023\/11\/KGZ_0823-100-1536x747.jpg 1536w, https:\/\/fondation-pvsyst.org\/wp-content\/uploads\/2023\/11\/KGZ_0823-100-2048x996.jpg 2048w, https:\/\/fondation-pvsyst.org\/wp-content\/uploads\/2023\/11\/KGZ_0823-100-310x151.jpg 310w\" sizes=\"auto, (max-width: 514px) 100vw, 514px\" \/><figcaption id=\"caption-attachment-3143\" class=\"wp-caption-text\">Damage caused by lack of mechanical protection<\/figcaption><\/figure>\n<\/div>\n<\/div><\/div><\/div><div id=\"pgc-3916-5-2\"  class=\"panel-grid-cell\" ><div id=\"panel-3916-5-2-0\" class=\"so-panel widget widget_sow-editor panel-first-child panel-last-child\" data-index=\"7\" ><div\n\t\t\t\n\t\t\tclass=\"so-widget-sow-editor so-widget-sow-editor-base\"\n\t\t\t\n\t\t>\n<div class=\"siteorigin-widget-tinymce textwidget\">\n\t<p><img loading=\"lazy\" decoding=\"async\" class=\"aligncenter wp-image-3144\" src=\"http:\/\/fondation-pvsyst.org\/wp-content\/uploads\/2023\/11\/KGZ_0823-102-300x175.jpg\" alt=\"\" width=\"428\" height=\"250\" srcset=\"https:\/\/fondation-pvsyst.org\/wp-content\/uploads\/2023\/11\/KGZ_0823-102-300x175.jpg 300w, https:\/\/fondation-pvsyst.org\/wp-content\/uploads\/2023\/11\/KGZ_0823-102-1024x599.jpg 1024w, https:\/\/fondation-pvsyst.org\/wp-content\/uploads\/2023\/11\/KGZ_0823-102-768x449.jpg 768w, https:\/\/fondation-pvsyst.org\/wp-content\/uploads\/2023\/11\/KGZ_0823-102-1536x898.jpg 1536w, https:\/\/fondation-pvsyst.org\/wp-content\/uploads\/2023\/11\/KGZ_0823-102-2048x1198.jpg 2048w, https:\/\/fondation-pvsyst.org\/wp-content\/uploads\/2023\/11\/KGZ_0823-102-310x181.jpg 310w\" sizes=\"auto, (max-width: 428px) 100vw, 428px\" \/><\/p>\n<\/div>\n<\/div><\/div><\/div><\/div><div id=\"pg-3916-6\"  class=\"panel-grid panel-no-style\" ><div id=\"pgc-3916-6-0\"  class=\"panel-grid-cell\" ><div id=\"panel-3916-6-0-0\" class=\"so-panel widget widget_sow-editor panel-first-child panel-last-child\" data-index=\"8\" ><div\n\t\t\t\n\t\t\tclass=\"so-widget-sow-editor so-widget-sow-editor-base\"\n\t\t\t\n\t\t>\n<div class=\"siteorigin-widget-tinymce textwidget\">\n\t<p>These different solutions create additional costs at the time of the work, but will increase the efficiency and lifespan of the work, as well as domestic comfort.<\/p>\n<p>Communication materials (households) and technical resources (craftsmen) will be set up in a second phase of the project.<\/p>\n<p>The PVSYST Foundation is currently working with CAMP Alatoo on the design of the second phase of the project.<\/p>\n<\/div>\n<\/div><\/div><\/div><\/div><div id=\"pg-3916-7\"  class=\"panel-grid panel-no-style\" ><div id=\"pgc-3916-7-0\"  class=\"panel-grid-cell\" ><div id=\"panel-3916-7-0-0\" class=\"so-panel widget widget_sow-headline panel-first-child panel-last-child\" data-index=\"9\" ><div\n\t\t\t\n\t\t\tclass=\"so-widget-sow-headline so-widget-sow-headline-default-29dda1a437a4-3916\"\n\t\t\t\n\t\t><div class=\"sow-headline-container \">\n\t\t\t\t\t\t\t<h4 class=\"sow-headline\">\n\t\t\t\t\t\t<b>Prospecting for a cold storage project  <\/b>\t\t\t\t\t\t<\/h4>\n\t\t\t\t\t\t\t\t\t\t\t<div class=\"decoration\">\n\t\t\t\t\t\t<div class=\"decoration-inside\"><\/div>\n\t\t\t\t\t<\/div>\n\t\t\t\t\t<\/div>\n<\/div><\/div><\/div><\/div><div id=\"pg-3916-8\"  class=\"panel-grid panel-no-style\" ><div id=\"pgc-3916-8-0\"  class=\"panel-grid-cell\" ><div id=\"panel-3916-8-0-0\" class=\"so-panel widget widget_sow-editor panel-first-child panel-last-child\" data-index=\"10\" ><div\n\t\t\t\n\t\t\tclass=\"so-widget-sow-editor so-widget-sow-editor-base\"\n\t\t\t\n\t\t>\n<div class=\"siteorigin-widget-tinymce textwidget\">\n\t<p><strong>The origin of the idea<\/strong><\/p>\n<p>CAMP Alatoo has identified a number of areas for action as part of its strategic review. On this occasion, cold storage needs were identified, particularly in the temperate zone around Lake Issyk-Kul, where fruit crops such as apples, pears and apricots thrive.<\/p>\n<p>Many areas around the lake have few or no such structures, leaving producers dependent on market prices set by wholesalers in Bishkek, neighboring Kazakhstan or Russia. The impossibility of storing agricultural produce leaves no room for negotiation.<\/p>\n<p>During the mission, cold storage centers were visited, notably in the northern zone of Lake Issyk-Kul.<\/p>\n<\/div>\n<\/div><\/div><\/div><\/div><div id=\"pg-3916-9\"  class=\"panel-grid panel-no-style\" ><div id=\"pgc-3916-9-0\"  class=\"panel-grid-cell\" ><div id=\"panel-3916-9-0-0\" class=\"so-panel widget widget_sow-image-grid panel-first-child\" data-index=\"11\" ><div\n\t\t\t\n\t\t\tclass=\"so-widget-sow-image-grid so-widget-sow-image-grid-default-8bf08a9600e8-3916\"\n\t\t\t\n\t\t>\t<div\n\t\tclass=\"sow-image-grid-wrapper\"\n\t\t\t\t\t>\n\t\t\t\t\t<div class=\"sow-image-grid-image\">\n\t\t\t\t\t\t\t\t\t\t\t\t<img loading=\"lazy\" decoding=\"async\" width=\"150\" height=\"150\" src=\"https:\/\/fondation-pvsyst.org\/wp-content\/uploads\/2023\/11\/KGZ_0823-109-150x150.jpg\" class=\"sow-image-grid-image_html\" alt=\"\" title=\"KGZ_0823 (109)\" \/>\t\t\t\t\t\t\t\t\t\t\t<\/div>\n\t\t\t\t\t<div class=\"sow-image-grid-image\">\n\t\t\t\t\t\t\t\t\t\t\t\t<img loading=\"lazy\" decoding=\"async\" width=\"150\" height=\"150\" src=\"https:\/\/fondation-pvsyst.org\/wp-content\/uploads\/2023\/11\/KGZ_0823-108-150x150.jpg\" class=\"sow-image-grid-image_html\" alt=\"\" title=\"KGZ_0823 (108)\" \/>\t\t\t\t\t\t\t\t\t\t\t<\/div>\n\t\t\t\t\t<div class=\"sow-image-grid-image\">\n\t\t\t\t\t\t\t\t\t\t\t\t<img loading=\"lazy\" decoding=\"async\" width=\"150\" height=\"150\" src=\"https:\/\/fondation-pvsyst.org\/wp-content\/uploads\/2023\/11\/KGZ_0823-107-150x150.jpg\" class=\"sow-image-grid-image_html\" alt=\"\" title=\"KGZ_0823 (107)\" \/>\t\t\t\t\t\t\t\t\t\t\t<\/div>\n\t\t\t<\/div>\n<\/div><\/div><div id=\"panel-3916-9-0-1\" class=\"so-panel widget widget_sow-image-grid panel-last-child\" data-index=\"12\" ><div\n\t\t\t\n\t\t\tclass=\"so-widget-sow-image-grid so-widget-sow-image-grid-default-8bf08a9600e8-3916\"\n\t\t\t\n\t\t>\t<div\n\t\tclass=\"sow-image-grid-wrapper\"\n\t\t\t\t\t>\n\t\t\t\t\t<div class=\"sow-image-grid-image\">\n\t\t\t\t\t\t\t\t\t\t\t\t<img loading=\"lazy\" decoding=\"async\" width=\"150\" height=\"150\" src=\"https:\/\/fondation-pvsyst.org\/wp-content\/uploads\/2023\/11\/KGZ_0823-79-150x150.jpg\" class=\"sow-image-grid-image_html\" alt=\"\" title=\"KGZ_0823 (79)\" \/>\t\t\t\t\t\t\t\t\t\t\t<\/div>\n\t\t\t\t\t<div class=\"sow-image-grid-image\">\n\t\t\t\t\t\t\t\t\t\t\t\t<img loading=\"lazy\" decoding=\"async\" width=\"150\" height=\"150\" src=\"https:\/\/fondation-pvsyst.org\/wp-content\/uploads\/2023\/11\/KGZ_0823-75-150x150.jpg\" class=\"sow-image-grid-image_html\" alt=\"\" title=\"KGZ_0823 (75)\" \/>\t\t\t\t\t\t\t\t\t\t\t<\/div>\n\t\t\t\t\t<div class=\"sow-image-grid-image\">\n\t\t\t\t\t\t\t\t\t\t\t\t<img loading=\"lazy\" decoding=\"async\" width=\"150\" height=\"150\" src=\"https:\/\/fondation-pvsyst.org\/wp-content\/uploads\/2023\/11\/KGZ_0823-80-150x150.jpg\" class=\"sow-image-grid-image_html\" alt=\"\" title=\"KGZ_0823 (80)\" \/>\t\t\t\t\t\t\t\t\t\t\t<\/div>\n\t\t\t<\/div>\n<\/div><\/div><\/div><\/div><div id=\"pg-3916-10\"  class=\"panel-grid panel-no-style\" ><div id=\"pgc-3916-10-0\"  class=\"panel-grid-cell\" ><div id=\"panel-3916-10-0-0\" class=\"so-panel widget widget_sow-editor panel-first-child panel-last-child\" data-index=\"13\" ><div\n\t\t\t\n\t\t\tclass=\"so-widget-sow-editor so-widget-sow-editor-base\"\n\t\t\t\n\t\t>\n<div class=\"siteorigin-widget-tinymce textwidget\">\n\t<p>This has enabled us to :<\/p>\n<ul>\n<li>Understand how such structures operate;<\/li>\n<li>Information on related costs (energy) and storage prices for producers;<\/li>\n<li>A lack of facilities in certain areas around the lake.<\/li>\n<\/ul>\n<p>The economic benefits are considerable: for example, locally grown red apples are sold to wholesalers for around 30 soms a kilo in October and November. A month later, the price rose to 35 soms. If they are kept for a further 3-4 months and sold in the spring, the price rises to 60 som. Over and above the selling price, cold storage would also avoid losses linked to the precarious storage solutions currently used (outdoors, under mulch). These losses represent 10% of stored products (compared with a maximum of 3 to 5% in the storage facilities we visited).<\/p>\n<p><strong>Identification of an area suitable for installation<\/strong><\/p>\n<p>The Chon-Jargylchak Aymak (district) area (see map) appears to be the most interesting:<\/p>\n<ul>\n<li>Large number (400 families) of small to medium-sized producers (around 2 hectares).<\/li>\n<li>No access to storage solutions.<\/li>\n<li>An existing community dynamic to build on.<\/li>\n<\/ul>\n<figure id=\"attachment_3225\" aria-describedby=\"caption-attachment-3225\" style=\"width: 700px\" class=\"wp-caption aligncenter\"><img loading=\"lazy\" decoding=\"async\" class=\"wp-image-3225\" src=\"http:\/\/fondation-pvsyst.org\/wp-content\/uploads\/2023\/11\/zone_chon_jargylchak_KGZ-300x142.png\" alt=\"\" width=\"700\" height=\"332\" srcset=\"https:\/\/fondation-pvsyst.org\/wp-content\/uploads\/2023\/11\/zone_chon_jargylchak_KGZ-300x142.png 300w, https:\/\/fondation-pvsyst.org\/wp-content\/uploads\/2023\/11\/zone_chon_jargylchak_KGZ-1024x486.png 1024w, https:\/\/fondation-pvsyst.org\/wp-content\/uploads\/2023\/11\/zone_chon_jargylchak_KGZ-768x364.png 768w, https:\/\/fondation-pvsyst.org\/wp-content\/uploads\/2023\/11\/zone_chon_jargylchak_KGZ-1536x729.png 1536w, https:\/\/fondation-pvsyst.org\/wp-content\/uploads\/2023\/11\/zone_chon_jargylchak_KGZ-2048x971.png 2048w, https:\/\/fondation-pvsyst.org\/wp-content\/uploads\/2023\/11\/zone_chon_jargylchak_KGZ-310x147.png 310w\" sizes=\"auto, (max-width: 700px) 100vw, 700px\" \/><figcaption id=\"caption-attachment-3225\" class=\"wp-caption-text\">The PROMEE project area is circled in green, the Chon-Jargylchak area in blue.<\/figcaption><\/figure>\n<p>&nbsp;<\/p>\n<p>The main objective is to ensure the right balance between participative social management to benefit as many people as possible, and the economic aspect (costs, income, profitability) to ensure the viability of the structure.<\/p>\n<p>The PVSYST Foundation will support CAMP Alatoo in carrying out a study aimed at identifying local interest in a participatory management storage facility and outlining a business model (activities, resources, costs, economic environment, potential customers, partners, etc.). and thus encourage the development of a socially useful and sustainable project.<\/p>\n<p>The significant amount of sunshine in the area in question means that photovoltaic modules could be used to ensure the proper operation of the cooling system. Initial evidence of this was gathered during the mission. The suitability of the system will be confirmed during the study phase, taking into account various parameters (legal environment, locally available equipment, costs, etc.).<\/p>\n<p><strong>The PVSYST Foundation would like to sincerely thank the CAMP Alatoo team for its involvement and professionalism, as well as for the logistical organization of the mission.  <\/strong><\/p>\n<\/div>\n<\/div><\/div><\/div><\/div><\/div>","protected":false},"excerpt":{"rendered":"<p>News News News Follow-up and prospecting mission in Kyrgyzstan, August 2023 The project manager of the PVSYST Foundation and the technical coordinator of PVsyst visited Kyrgyzstan to monitor the PROMEE (Professionnels pour la Ma\u00eetrise de l&#8217;Efficacit\u00e9 Energ\u00e9tique) project. The aim of PROMEE is to train craftsmen in thermal insulation solutions and techniques, and to promote<\/p>\n","protected":false},"author":1,"featured_media":0,"parent":3900,"menu_order":0,"comment_status":"closed","ping_status":"closed","template":"","meta":{"footnotes":""},"class_list":["post-3916","page","type-page","status-publish","hentry"],"_links":{"self":[{"href":"https:\/\/fondation-pvsyst.org\/en\/wp-json\/wp\/v2\/pages\/3916","targetHints":{"allow":["GET"]}}],"collection":[{"href":"https:\/\/fondation-pvsyst.org\/en\/wp-json\/wp\/v2\/pages"}],"about":[{"href":"https:\/\/fondation-pvsyst.org\/en\/wp-json\/wp\/v2\/types\/page"}],"author":[{"embeddable":true,"href":"https:\/\/fondation-pvsyst.org\/en\/wp-json\/wp\/v2\/users\/1"}],"replies":[{"embeddable":true,"href":"https:\/\/fondation-pvsyst.org\/en\/wp-json\/wp\/v2\/comments?post=3916"}],"version-history":[{"count":1,"href":"https:\/\/fondation-pvsyst.org\/en\/wp-json\/wp\/v2\/pages\/3916\/revisions"}],"predecessor-version":[{"id":3917,"href":"https:\/\/fondation-pvsyst.org\/en\/wp-json\/wp\/v2\/pages\/3916\/revisions\/3917"}],"up":[{"embeddable":true,"href":"https:\/\/fondation-pvsyst.org\/en\/wp-json\/wp\/v2\/pages\/3900"}],"wp:attachment":[{"href":"https:\/\/fondation-pvsyst.org\/en\/wp-json\/wp\/v2\/media?parent=3916"}],"curies":[{"name":"wp","href":"https:\/\/api.w.org\/{rel}","templated":true}]}}