{"id":4243,"date":"2025-06-26T14:55:24","date_gmt":"2025-06-26T12:55:24","guid":{"rendered":"https:\/\/fondation-pvsyst.org\/preprod\/aktuelles\/neue-partnerschaften-fuer-die-stiftung-1-2\/"},"modified":"2025-07-15T15:26:55","modified_gmt":"2025-07-15T13:26:55","slug":"neue-partnerschaften-fuer-die-stiftung-1-2","status":"publish","type":"page","link":"https:\/\/fondation-pvsyst.org\/de\/aktuelles\/neue-partnerschaften-fuer-die-stiftung-1-2\/","title":{"rendered":"Neue Partnerschaften f\u00fcr die Stiftung &#8211; 1\/2"},"content":{"rendered":"<div id=\"pl-4243\"  class=\"panel-layout\" ><div id=\"pg-4243-0\"  class=\"panel-grid panel-has-style\" ><div class=\"siteorigin-panels-stretch panel-row-style panel-row-style-for-4243-0\" data-stretch-type=\"full-width-stretch\" ><div id=\"pgc-4243-0-0\"  class=\"panel-grid-cell\" ><div id=\"panel-4243-0-0-0\" class=\"so-panel widget widget_sow-hero panel-first-child panel-last-child\" data-index=\"0\" ><div\n\t\t\t\n\t\t\tclass=\"so-widget-sow-hero so-widget-sow-hero-default-78d99ccfba76-4243 so-widget-fittext-wrapper\"\n\t\t\t data-fit-text-compressor=\"0.85\"\n\t\t>\t\t\t\t<div class=\"sow-slider-base\" style=\"display: none\" tabindex=\"0\">\n\t\t\t\t\t<ul\n\t\t\t\t\tclass=\"sow-slider-images\"\n\t\t\t\t\tdata-settings=\"{&quot;pagination&quot;:true,&quot;speed&quot;:800,&quot;timeout&quot;:8000,&quot;paused&quot;:false,&quot;pause_on_hover&quot;:false,&quot;swipe&quot;:true,&quot;nav_always_show_desktop&quot;:&quot;&quot;,&quot;nav_always_show_mobile&quot;:&quot;&quot;,&quot;breakpoint&quot;:&quot;780px&quot;,&quot;unmute&quot;:false,&quot;anchor&quot;:null}\"\n\t\t\t\t\tstyle=\"min-height: 300px\"\t\t\t\t\tdata-anchor-id=\"\"\n\t\t\t\t>\t\t<li class=\"sow-slider-image  sow-slider-image-cover\" style=\"visibility: visible;;background-color: #333333;background-image: url(https:\/\/fondation-pvsyst.org\/wp-content\/uploads\/2022\/10\/20220929_181531-scaled-e1666258490481.jpg)\" >\n\t\t\t\t\t<div class=\"sow-slider-image-container\">\n\t\t\t<div class=\"sow-slider-image-wrapper\">\n\t\t\t\t<h1 style=\"text-align: center\">Nachrichten<\/h1>\t\t\t<\/div>\n\t\t<\/div>\n\t\t\t\t<\/li>\n\t\t\t\t<li class=\"sow-slider-image  sow-slider-image-cover\" style=\"visibility: hidden;;background-color: #333333\" data-background=\"url(https:\/\/fondation-pvsyst.org\/wp-content\/uploads\/2017\/04\/Commune-de-Djiddah-Thiaroye-S\u00e9n\u00e9gal-2-e1491471627179.jpg)\" >\n\t\t\t\t\t<div class=\"sow-slider-image-container\">\n\t\t\t<div class=\"sow-slider-image-wrapper\">\n\t\t\t\t<h1 style=\"text-align: center\">Nachrichten<\/h1>\n\t\t\t<\/div>\n\t\t<\/div>\n\t\t\t\t<\/li>\n\t\t\t\t<li class=\"sow-slider-image  sow-slider-image-cover\" style=\"visibility: hidden;;background-color: #333333\" data-background=\"url(https:\/\/fondation-pvsyst.org\/wp-content\/uploads\/2022\/10\/20220930_203910-scaled.jpg)\" >\n\t\t\t\t\t<div class=\"sow-slider-image-container\">\n\t\t\t<div class=\"sow-slider-image-wrapper\">\n\t\t\t\t<h1 style=\"text-align: center\">Nachrichten<\/h1>\n\t\t\t<\/div>\n\t\t<\/div>\n\t\t\t\t<\/li>\n\t\t<\/ul>\t\t\t\t<ol class=\"sow-slider-pagination\">\n\t\t\t\t\t\t\t\t\t\t\t<li><a href=\"#\" data-goto=\"0\" aria-label=\"Display slide 1\"><\/a><\/li>\n\t\t\t\t\t\t\t\t\t\t\t<li><a href=\"#\" data-goto=\"1\" aria-label=\"Display slide 2\"><\/a><\/li>\n\t\t\t\t\t\t\t\t\t\t\t<li><a href=\"#\" data-goto=\"2\" aria-label=\"Display slide 3\"><\/a><\/li>\n\t\t\t\t\t\t\t\t\t<\/ol>\n\n\t\t\t\t<div class=\"sow-slide-nav sow-slide-nav-next\">\n\t\t\t\t\t<a href=\"#\" data-goto=\"next\" aria-label=\"Next slide\" data-action=\"next\">\n\t\t\t\t\t\t<em class=\"sow-sld-icon-thin-right\"><\/em>\n\t\t\t\t\t<\/a>\n\t\t\t\t<\/div>\n\n\t\t\t\t<div class=\"sow-slide-nav sow-slide-nav-prev\">\n\t\t\t\t\t<a href=\"#\" data-goto=\"previous\" aria-label=\"Previous slide\" data-action=\"prev\">\n\t\t\t\t\t\t<em class=\"sow-sld-icon-thin-left\"><\/em>\n\t\t\t\t\t<\/a>\n\t\t\t\t<\/div>\n\t\t\t\t<\/div><\/div><\/div><\/div><\/div><\/div><div id=\"pg-4243-1\"  class=\"panel-grid panel-no-style\" ><div id=\"pgc-4243-1-0\"  class=\"panel-grid-cell\" ><div id=\"panel-4243-1-0-0\" class=\"so-panel widget widget_sow-headline panel-first-child panel-last-child\" data-index=\"1\" ><div\n\t\t\t\n\t\t\tclass=\"so-widget-sow-headline so-widget-sow-headline-default-130943361e87-4243\"\n\t\t\t\n\t\t><div class=\"sow-headline-container \">\n\t\t\t\t\t\t\t<h4 class=\"sow-headline\">\n\t\t\t\t\t\t<b>F\u00f6rderung der wirtschaftlichen Entwicklung durch Zugang zu Solarenergie im Senegal  <\/b>\t\t\t\t\t\t<\/h4>\n\t\t\t\t\t\t\t\t\t\t\t<div class=\"decoration\">\n\t\t\t\t\t\t<div class=\"decoration-inside\"><\/div>\n\t\t\t\t\t<\/div>\n\t\t\t\t\t<\/div>\n<\/div><\/div><\/div><\/div><div id=\"pg-4243-2\"  class=\"panel-grid panel-no-style\" ><div id=\"pgc-4243-2-0\"  class=\"panel-grid-cell\" ><div id=\"panel-4243-2-0-0\" class=\"so-panel widget widget_sow-headline panel-first-child panel-last-child\" data-index=\"2\" ><div\n\t\t\t\n\t\t\tclass=\"so-widget-sow-headline so-widget-sow-headline-default-1bbcebb6e132-4243\"\n\t\t\t\n\t\t><div class=\"sow-headline-container \">\n\t\t\t\t\t\t\t<h4 class=\"sow-headline\">\n\t\t\t\t\t\t<b>Urspr\u00fcnge des Projekts  <\/b>\t\t\t\t\t\t<\/h4>\n\t\t\t\t\t\t\t\t\t\t\t<div class=\"decoration\">\n\t\t\t\t\t\t<div class=\"decoration-inside\"><\/div>\n\t\t\t\t\t<\/div>\n\t\t\t\t\t<\/div>\n<\/div><\/div><\/div><\/div><div id=\"pg-4243-3\"  class=\"panel-grid panel-no-style\" ><div id=\"pgc-4243-3-0\"  class=\"panel-grid-cell\" ><div id=\"panel-4243-3-0-0\" class=\"so-panel widget widget_sow-editor panel-first-child panel-last-child\" data-index=\"3\" ><div\n\t\t\t\n\t\t\tclass=\"so-widget-sow-editor so-widget-sow-editor-base\"\n\t\t\t\n\t\t>\n<div class=\"siteorigin-widget-tinymce textwidget\">\n\t<p>Der Verein \"Le Partenariat\" (\"LP\") ist eine NGO mit Sitz in Lille, die seit den 1980er Jahren im Senegal t\u00e4tig ist. Urspr\u00fcnglich auf die dezentrale Zusammenarbeit spezialisiert, hat sich die Organisation seit 2006 auf Fragen der nachhaltigen Entwicklung konzentriert. In j\u00fcngster Zeit wurde die Problematik des Zugangs zu Energie in den Mittelpunkt ger\u00fcckt, wodurch gemeinsame Themen und Anliegen mit der Stiftung geschaffen wurden.  <\/p>\n<p>In zahlreichen Gespr\u00e4chen und Diskussionen wurde die M\u00f6glichkeit einer Zusammenarbeit bei der Installation einer <strong>Energieplattform (PFE)<\/strong> ermittelt, einer Infrastruktur, die aus einem Mini-Solarkraftwerk besteht, das in Gebieten, die nicht an das Stromnetz angeschlossen sind, die Energieversorgung von Gesch\u00e4ftsr\u00e4umen von Handwerkern und Kleinstunternehmen ( <strong>TPE<\/strong>) erm\u00f6glicht. Diese bioklimatischen Geb\u00e4ude mit nubischem Gew\u00f6lbe haben den Vorteil, dass sie mit lokal verf\u00fcgbaren Materialien (Lehm) gebaut werden k\u00f6nnen. <\/p>\n<figure id=\"attachment_3310\" aria-describedby=\"caption-attachment-3310\" style=\"width: 555px\" class=\"wp-caption aligncenter\"><img loading=\"lazy\" decoding=\"async\" class=\"wp-image-3310\" src=\"https:\/\/fondation-pvsyst.org\/wp-content\/uploads\/2025\/06\/1-scaled.jpg\" alt=\"\" width=\"555\" height=\"246\"><figcaption id=\"caption-attachment-3310\" class=\"wp-caption-text\">LP und ARD installieren erstes PFE in Mbidi<\/figcaption><\/figure>\n<p style=\"margin-top: 16px;\">Im Dezember 2024 besuchte der Projektmanager der Stiftung das erste von LP und der ARD (Agence R\u00e9gionale de D\u00e9veloppement) entwickelte PFE in der Region Saint-Louis (Nord-Senegal), genauer gesagt in der pastoralen Zone der 6 Bohrl\u00f6cher, die \u00fcberwiegend von Fulani-Viehz\u00fcchtern bewohnt wird.  <\/p>\n<\/div>\n<\/div><\/div><\/div><\/div><div id=\"pg-4243-4\"  class=\"panel-grid panel-no-style\" ><div id=\"pgc-4243-4-0\"  class=\"panel-grid-cell\" ><div id=\"panel-4243-4-0-0\" class=\"so-panel widget widget_sow-headline panel-first-child panel-last-child\" data-index=\"4\" ><div\n\t\t\t\n\t\t\tclass=\"so-widget-sow-headline so-widget-sow-headline-default-1bbcebb6e132-4243\"\n\t\t\t\n\t\t><div class=\"sow-headline-container \">\n\t\t\t\t\t\t\t<h4 class=\"sow-headline\">\n\t\t\t\t\t\t<b>Methodischer Ansatz und Animation des Netzwerks der Akteure  <\/b>\t\t\t\t\t\t<\/h4>\n\t\t\t\t\t\t\t\t\t\t\t<div class=\"decoration\">\n\t\t\t\t\t\t<div class=\"decoration-inside\"><\/div>\n\t\t\t\t\t<\/div>\n\t\t\t\t\t<\/div>\n<\/div><\/div><\/div><\/div><div id=\"pg-4243-5\"  class=\"panel-grid panel-no-style\" ><div id=\"pgc-4243-5-0\"  class=\"panel-grid-cell\" ><div id=\"panel-4243-5-0-0\" class=\"so-panel widget widget_sow-editor panel-first-child panel-last-child\" data-index=\"5\" ><div\n\t\t\t\n\t\t\tclass=\"so-widget-sow-editor so-widget-sow-editor-base\"\n\t\t\t\n\t\t>\n<div class=\"siteorigin-widget-tinymce textwidget\">\n\t<p>Die \u00dcbertragung von Kompetenzen und die aktive Einbeziehung der lokalen Partner ist ein wesentlicher Punkt des LP-Ansatzes vor Ort und steht in vollem Einklang mit der Strategie der Stiftung. So sind die Dorfgemeinschaften und insbesondere die Kleinunternehmer in den betroffenen Gebieten vollst\u00e4ndig in die Leitung und den Verwaltungsausschuss der Plattform integriert, der w\u00e4hrend und nach dem Projekt die Nachhaltigkeit des Systems sicherstellen soll. <\/p>\n<\/div>\n<\/div><\/div><\/div><\/div><div id=\"pg-4243-6\"  class=\"panel-grid panel-no-style\" ><div id=\"pgc-4243-6-0\"  class=\"panel-grid-cell\" ><div id=\"panel-4243-6-0-0\" class=\"so-panel widget widget_media_image panel-first-child panel-last-child\" data-index=\"6\" ><img loading=\"lazy\" decoding=\"async\" width=\"300\" height=\"225\" src=\"https:\/\/fondation-pvsyst.org\/wp-content\/uploads\/2025\/06\/2a-300x225.jpg\" class=\"image wp-image-4228  attachment-medium size-medium\" alt=\"\" style=\"max-width: 100%; height: auto;\" srcset=\"https:\/\/fondation-pvsyst.org\/wp-content\/uploads\/2025\/06\/2a-300x225.jpg 300w, https:\/\/fondation-pvsyst.org\/wp-content\/uploads\/2025\/06\/2a-1024x768.jpg 1024w, https:\/\/fondation-pvsyst.org\/wp-content\/uploads\/2025\/06\/2a-768x576.jpg 768w, https:\/\/fondation-pvsyst.org\/wp-content\/uploads\/2025\/06\/2a-1536x1152.jpg 1536w, https:\/\/fondation-pvsyst.org\/wp-content\/uploads\/2025\/06\/2a-2048x1536.jpg 2048w, https:\/\/fondation-pvsyst.org\/wp-content\/uploads\/2025\/06\/2a-310x233.jpg 310w\" sizes=\"auto, (max-width: 300px) 100vw, 300px\" \/><\/div><\/div><div id=\"pgc-4243-6-1\"  class=\"panel-grid-cell\" ><div id=\"panel-4243-6-1-0\" class=\"so-panel widget widget_media_image panel-first-child panel-last-child\" data-index=\"7\" ><img loading=\"lazy\" decoding=\"async\" width=\"300\" height=\"225\" src=\"https:\/\/fondation-pvsyst.org\/wp-content\/uploads\/2025\/06\/2b-300x225.jpg\" class=\"image wp-image-4231  attachment-medium size-medium\" alt=\"\" style=\"max-width: 100%; height: auto;\" srcset=\"https:\/\/fondation-pvsyst.org\/wp-content\/uploads\/2025\/06\/2b-300x225.jpg 300w, https:\/\/fondation-pvsyst.org\/wp-content\/uploads\/2025\/06\/2b-1024x768.jpg 1024w, https:\/\/fondation-pvsyst.org\/wp-content\/uploads\/2025\/06\/2b-768x576.jpg 768w, https:\/\/fondation-pvsyst.org\/wp-content\/uploads\/2025\/06\/2b-1536x1152.jpg 1536w, https:\/\/fondation-pvsyst.org\/wp-content\/uploads\/2025\/06\/2b-2048x1536.jpg 2048w, https:\/\/fondation-pvsyst.org\/wp-content\/uploads\/2025\/06\/2b-310x233.jpg 310w\" sizes=\"auto, (max-width: 300px) 100vw, 300px\" \/><\/div><\/div><\/div><div id=\"pg-4243-7\"  class=\"panel-grid panel-no-style\" ><div id=\"pgc-4243-7-0\"  class=\"panel-grid-cell\" ><div id=\"panel-4243-7-0-0\" class=\"so-panel widget widget_sow-editor panel-first-child panel-last-child\" data-index=\"8\" ><div\n\t\t\t\n\t\t\tclass=\"so-widget-sow-editor so-widget-sow-editor-base\"\n\t\t\t\n\t\t>\n<div class=\"siteorigin-widget-tinymce textwidget\">\n\t<div style=\"width: 100%; display: flex; align-items: center; justify-content: center;\">\nEinige Beispiele f\u00fcr Kleinstunternehmen in der PFE in Mbidi: Schwei\u00dferwerkstatt, Aufladen von Telefonen \/ Geldtransfers\n<\/div>\n<p style=\"margin-top: 16px;\">Die l\u00e4ndlichen Gemeinden stehen ebenfalls im Mittelpunkt des Projekts: als zuk\u00fcnftige Empf\u00e4nger einer Infrastruktur, die mit der Entwicklung ihres Territoriums verbunden ist, spielen sie eine zentrale Rolle im Prozess des Aufbaus und Managements des Projekts und der Struktur. Das Projekt wird auch dazu beitragen, die Formalisierung des Managements der PFE und die Ausbildung von Schl\u00fcsselpersonen in diesem Bereich zu unterst\u00fctzen. <\/p>\n<p>Auf institutioneller Ebene ist die ARD von Saint-Louis f\u00fcr die wirtschaftliche Entwicklung und den Zugang zu Energie in ihrem Gebiet zust\u00e4ndig. Als wichtiger und unumg\u00e4nglicher Akteur des Projekts besteht eines der Ziele der ARD darin, das Modell der PFE zu modellieren und zu verbreiten. Die Beteiligung der ARD und ihre F\u00fchrungsposition sind daher von gro\u00dfer Bedeutung.  <\/p>\n<p>Die EPP ist ein echtes Instrument zur wirtschaftlichen Entwicklung in Gebieten, die nicht vom Netz abgedeckt sind und einen akuten Mangel an Zugang zu Energie haben, und tr\u00e4gt auch zur Schaffung eines Raumes der gemeinsamen Verwaltung in einem bestimmten Gebiet bei.<\/p>\n<\/div>\n<\/div><\/div><\/div><\/div><div id=\"pg-4243-8\"  class=\"panel-grid panel-no-style\" ><div id=\"pgc-4243-8-0\"  class=\"panel-grid-cell\" ><div id=\"panel-4243-8-0-0\" class=\"so-panel widget widget_sow-headline panel-first-child panel-last-child\" data-index=\"9\" ><div\n\t\t\t\n\t\t\tclass=\"so-widget-sow-headline so-widget-sow-headline-default-1bbcebb6e132-4243\"\n\t\t\t\n\t\t><div class=\"sow-headline-container \">\n\t\t\t\t\t\t\t<h4 class=\"sow-headline\">\n\t\t\t\t\t\t<b>Formalisierung der Partnerschaft und Beginn der Aktivit\u00e4ten  <\/b>\t\t\t\t\t\t<\/h4>\n\t\t\t\t\t\t\t\t\t\t\t<div class=\"decoration\">\n\t\t\t\t\t\t<div class=\"decoration-inside\"><\/div>\n\t\t\t\t\t<\/div>\n\t\t\t\t\t<\/div>\n<\/div><\/div><\/div><\/div><div id=\"pg-4243-9\"  class=\"panel-grid panel-no-style\" ><div id=\"pgc-4243-9-0\"  class=\"panel-grid-cell\" ><div id=\"panel-4243-9-0-0\" class=\"so-panel widget widget_sow-editor panel-first-child panel-last-child\" data-index=\"10\" ><div\n\t\t\t\n\t\t\tclass=\"so-widget-sow-editor so-widget-sow-editor-base\"\n\t\t\t\n\t\t>\n<div class=\"siteorigin-widget-tinymce textwidget\">\n\t<p>W\u00e4hrend der Mission im Dezember 2024 besuchten ARD, LP und die Stiftung verschiedene D\u00f6rfer im Wald- und Pastoralreservat der 6 Bohrl\u00f6cher und identifizierten das Dorf Bouteyni als m\u00f6glichen Standort f\u00fcr die PFE.<\/p>\n<figure id=\"attachment_3310\" aria-describedby=\"caption-attachment-3310\" style=\"width: 555px\" class=\"wp-caption aligncenter\"><img loading=\"lazy\" decoding=\"async\" class=\"wp-image-3310\" src=\"https:\/\/fondation-pvsyst.org\/wp-content\/uploads\/2025\/06\/3.png\" alt=\"\" width=\"555\" height=\"246\"><figcaption id=\"caption-attachment-3310\" class=\"wp-caption-text\">Lage des Dorfes Bouteyni<\/figcaption><\/figure>\n<p style=\"margin-top: 16px;\">Dieses Dorf hat einige Merkmale, die ein solches Projekt rechtfertigen:<\/p>\n<ul>\n<li>Entfernung zum Stromnetz mehr als 40 km<\/li>\n<li>Bev\u00f6lkerung \u00fcber 700 Einwohner  <\/li>\n<li>Gesundheitsposten, Bohrloch, Wochenmarkt<\/li>\n<li>Dynamische wirtschaftliche Aktivit\u00e4ten und Energiebedarf (insbesondere f\u00fcr die Schwei\u00dfstation und die K\u00e4lteerzeugung)  <\/li>\n<\/ul>\n<p>Bouteyni besteht aus 25 offiziell anerkannten D\u00f6rfern und 8 angeschlossenen Weilern, die \u00fcber eine Pistenl\u00e4nge von 2 bis 8 km verteilt sind. Der Wochenmarkt und das Bohrloch ziehen viele benachbarte D\u00f6rfer, Wanderarbeiter und Reisende zwischen den St\u00e4dten Richard Toll (im Norden) und Louga (im S\u00fcden) an. <\/p>\n<figure id=\"attachment_3310\" aria-describedby=\"caption-attachment-3310\" style=\"width: 555px\" class=\"wp-caption aligncenter\"><img loading=\"lazy\" decoding=\"async\" class=\"wp-image-3310\" src=\"https:\/\/fondation-pvsyst.org\/wp-content\/uploads\/2025\/06\/4-scaled.jpg\" alt=\"\" width=\"555\" height=\"246\"><figcaption id=\"caption-attachment-3310\" class=\"wp-caption-text\">\u00dcberblick \u00fcber das Zentrum des Dorfes Bouteyni<\/figcaption><\/figure>\n<p style=\"margin-top: 16px;\">Die Einrichtung einer PFE wird daher :<\/p>\n<ul>\n<li>die Arbeitsbedingungen und die Produktionskapazit\u00e4t einiger Schl\u00fcsselunternehmen (Schwei\u00dfer, Vulkanisierer) zu verbessern.  <\/li>\n<li>Neue Dienstleistungen (Eis durch K\u00e4lteerzeugung, Telekommunikation - Geldtransfers usw.) f\u00fcr die Bewohner des Gebiets anzubieten.  <\/li>\n<li>Zeit- und Kosteneinsparungen f\u00fcr die Unternehmer: z.B. ist die Versorgung mit Treibstoff f\u00fcr die Generatoren derzeit mit Fahrten von bis zu 80 km verbunden.  <\/li>\n<\/ul>\n<p>Um die Relevanz und Durchf\u00fchrbarkeit des Projekts zu best\u00e4tigen, f\u00fchrten LP und ARD eine Felddiagnose durch, um verschiedene Informationen zu sammeln und mehrere Schl\u00fcsselakteure in Bouteyni zu treffen, mit dem Ergebnis, dass das Umfeld f\u00fcr die Umsetzung des Projekts g\u00fcnstig ist.<\/p>\n<\/div>\n<\/div><\/div><\/div><\/div><div id=\"pg-4243-10\"  class=\"panel-grid panel-no-style\" ><div id=\"pgc-4243-10-0\"  class=\"panel-grid-cell\" ><div id=\"panel-4243-10-0-0\" class=\"so-panel widget widget_sow-headline panel-first-child panel-last-child\" data-index=\"11\" ><div\n\t\t\t\n\t\t\tclass=\"so-widget-sow-headline so-widget-sow-headline-default-1bbcebb6e132-4243\"\n\t\t\t\n\t\t><div class=\"sow-headline-container \">\n\t\t\t\t\t\t\t<h4 class=\"sow-headline\">\n\t\t\t\t\t\t<b>Formalisierung der Partnerschaft und Beginn der Aktivit\u00e4ten  <\/b>\t\t\t\t\t\t<\/h4>\n\t\t\t\t\t\t\t\t\t\t\t<div class=\"decoration\">\n\t\t\t\t\t\t<div class=\"decoration-inside\"><\/div>\n\t\t\t\t\t<\/div>\n\t\t\t\t\t<\/div>\n<\/div><\/div><\/div><\/div><div id=\"pg-4243-11\"  class=\"panel-grid panel-no-style\" ><div id=\"pgc-4243-11-0\"  class=\"panel-grid-cell\" ><div id=\"panel-4243-11-0-0\" class=\"so-panel widget widget_sow-editor panel-first-child panel-last-child\" data-index=\"12\" ><div\n\t\t\t\n\t\t\tclass=\"so-widget-sow-editor so-widget-sow-editor-base\"\n\t\t\t\n\t\t>\n<div class=\"siteorigin-widget-tinymce textwidget\">\n\t<p>Im Mai 2025 fand eine zweite Mission der Stiftung in Saint-Louis und Bouteyni statt. Die verschiedenen Akteure wurden getroffen, weitere Gespr\u00e4che mit dem B\u00fcrgermeister der Gemeinde Mbane (zu der Bouteyni geh\u00f6rt) und den Dorfbewohnern wurden gef\u00fchrt. <\/p>\n<figure id=\"attachment_3310\" aria-describedby=\"caption-attachment-3310\" style=\"width: 555px\" class=\"wp-caption aligncenter\"><img loading=\"lazy\" decoding=\"async\" class=\"wp-image-3310\" src=\"https:\/\/fondation-pvsyst.org\/wp-content\/uploads\/2025\/06\/5.jpeg\" alt=\"\" width=\"555\" height=\"246\"><figcaption id=\"caption-attachment-3310\" class=\"wp-caption-text\">Treffen zwischen ARD, LP, der Stiftung und den Bewohnern und Unternehmern von Bouteyni<\/figcaption><\/figure>\n<p style=\"margin-top: 16px;\">Die wichtigsten Prinzipien f\u00fcr die Arbeit der PFE, die von den Bewohnern sehr in Frage gestellt wurden, wurden pr\u00e4zisiert:<\/p>\n<ul>\n<li>Der Verwaltungsausschuss, der sich aus allen Beteiligten zusammensetzt, w\u00e4hlt anhand von Unterlagen die Gesch\u00e4fte und Unternehmer aus, die die R\u00e4umlichkeiten belegen sollen.<\/li>\n<li>Prinzip der Zahlung von Miete f\u00fcr R\u00e4umlichkeiten und Energieverbrauch.<\/li>\n<li>Kollegial und transparent aufgestellte Gesch\u00e4ftsregeln.<\/li>\n<li>Die PFE wird von einem Betreiber mit den erforderlichen Kenntnissen im Finanzmanagement unter der Aufsicht des Verwaltungsausschusses verwaltet.<\/li>\n<li>Die Einnahmen der PFE dienen der Finanzierung des Betriebs und der R\u00fcckstellung von Mitteln f\u00fcr die Wartung, Reparatur und den Ersatz von Material. Die Gemeinde verpflichtet sich grunds\u00e4tzlich dazu, j\u00e4hrlich in einen Fonds einzuzahlen, der f\u00fcr den gleichen Zweck vorgesehen ist. <\/li>\n<\/ul>\n<p>Alle diese Elemente sollen dazu dienen, Nutzungs- und Interessenkonflikte zu vermeiden und die langfristige Lebensf\u00e4higkeit der PFE zu gew\u00e4hrleisten.<\/p>\n<p>Au\u00dferdem fand ein Austausch mit LP und Mitgliedern des PROMESS-Projektteams statt, um die Modalit\u00e4ten f\u00fcr die Beteiligung von Absolventen an der Installation des PV-Feldes der PFE zu ermitteln.<\/p>\n<p>Das Projekt wird im letzten Viertel des Jahres 2025 nach der Unterzeichnung des Partnerschaftsabkommens mit LP beginnen, das im Laufe des Sommers formalisiert werden wird.<\/p>\n<p>Die Stiftung dankt dem Verein Le Partenariat und der ARD von Saint-Louis f\u00fcr die Koordination und Unterst\u00fctzung bei den Feldmissionen.<\/p>\n<\/div>\n<\/div><\/div><\/div><\/div><\/div>","protected":false},"excerpt":{"rendered":"<p>Nachrichten Nachrichten Nachrichten F\u00f6rderung der wirtschaftlichen Entwicklung durch Zugang zu Solarenergie im Senegal Urspr\u00fcnge des Projekts Der Verein &#8222;Le Partenariat&#8220; (&#8222;LP&#8220;) ist eine NGO mit Sitz in Lille, die seit den 1980er Jahren im Senegal t\u00e4tig ist. Urspr\u00fcnglich auf die dezentrale Zusammenarbeit spezialisiert, hat sich die Organisation seit 2006 auf Fragen der nachhaltigen Entwicklung konzentriert.<\/p>\n","protected":false},"author":4,"featured_media":0,"parent":1558,"menu_order":0,"comment_status":"closed","ping_status":"closed","template":"","meta":{"footnotes":""},"class_list":["post-4243","page","type-page","status-publish","hentry"],"_links":{"self":[{"href":"https:\/\/fondation-pvsyst.org\/de\/wp-json\/wp\/v2\/pages\/4243","targetHints":{"allow":["GET"]}}],"collection":[{"href":"https:\/\/fondation-pvsyst.org\/de\/wp-json\/wp\/v2\/pages"}],"about":[{"href":"https:\/\/fondation-pvsyst.org\/de\/wp-json\/wp\/v2\/types\/page"}],"author":[{"embeddable":true,"href":"https:\/\/fondation-pvsyst.org\/de\/wp-json\/wp\/v2\/users\/4"}],"replies":[{"embeddable":true,"href":"https:\/\/fondation-pvsyst.org\/de\/wp-json\/wp\/v2\/comments?post=4243"}],"version-history":[{"count":1,"href":"https:\/\/fondation-pvsyst.org\/de\/wp-json\/wp\/v2\/pages\/4243\/revisions"}],"predecessor-version":[{"id":4244,"href":"https:\/\/fondation-pvsyst.org\/de\/wp-json\/wp\/v2\/pages\/4243\/revisions\/4244"}],"up":[{"embeddable":true,"href":"https:\/\/fondation-pvsyst.org\/de\/wp-json\/wp\/v2\/pages\/1558"}],"wp:attachment":[{"href":"https:\/\/fondation-pvsyst.org\/de\/wp-json\/wp\/v2\/media?parent=4243"}],"curies":[{"name":"wp","href":"https:\/\/api.w.org\/{rel}","templated":true}]}}