{"id":4142,"date":"2025-02-17T15:55:12","date_gmt":"2025-02-17T14:55:12","guid":{"rendered":"https:\/\/fondation-pvsyst.org\/preprod\/aktuelles\/die-begleitung-nach-der-ausbildung-bei-promess\/"},"modified":"2025-02-19T13:05:34","modified_gmt":"2025-02-19T12:05:34","slug":"die-begleitung-nach-der-ausbildung-bei-promess","status":"publish","type":"page","link":"https:\/\/fondation-pvsyst.org\/de\/aktuelles\/die-begleitung-nach-der-ausbildung-bei-promess\/","title":{"rendered":"Die Begleitung nach der Ausbildung bei PROMESS"},"content":{"rendered":"<div id=\"pl-4142\"  class=\"panel-layout\" ><div id=\"pg-4142-0\"  class=\"panel-grid panel-has-style\" ><div class=\"siteorigin-panels-stretch panel-row-style panel-row-style-for-4142-0\" data-stretch-type=\"full-width-stretch\" ><div id=\"pgc-4142-0-0\"  class=\"panel-grid-cell\" ><div id=\"panel-4142-0-0-0\" class=\"so-panel widget widget_sow-hero panel-first-child panel-last-child\" data-index=\"0\" ><div\n\t\t\t\n\t\t\tclass=\"so-widget-sow-hero so-widget-sow-hero-default-78d99ccfba76-4142 so-widget-fittext-wrapper\"\n\t\t\t data-fit-text-compressor=\"0.85\"\n\t\t>\t\t\t\t<div class=\"sow-slider-base\" style=\"display: none\" tabindex=\"0\">\n\t\t\t\t\t<ul\n\t\t\t\t\tclass=\"sow-slider-images\"\n\t\t\t\t\tdata-settings=\"{&quot;pagination&quot;:true,&quot;speed&quot;:800,&quot;timeout&quot;:8000,&quot;paused&quot;:false,&quot;pause_on_hover&quot;:false,&quot;swipe&quot;:true,&quot;nav_always_show_desktop&quot;:&quot;&quot;,&quot;nav_always_show_mobile&quot;:&quot;&quot;,&quot;breakpoint&quot;:&quot;780px&quot;,&quot;unmute&quot;:false,&quot;anchor&quot;:null}\"\n\t\t\t\t\tstyle=\"min-height: 300px\"\t\t\t\t\tdata-anchor-id=\"\"\n\t\t\t\t>\t\t<li class=\"sow-slider-image  sow-slider-image-cover\" style=\"visibility: visible;;background-color: #333333;background-image: url(https:\/\/fondation-pvsyst.org\/wp-content\/uploads\/2022\/10\/20220929_181531-scaled-e1666258490481.jpg)\" >\n\t\t\t\t\t<div class=\"sow-slider-image-container\">\n\t\t\t<div class=\"sow-slider-image-wrapper\">\n\t\t\t\t<h1 style=\"text-align: center\">Nachrichten<\/h1>\t\t\t<\/div>\n\t\t<\/div>\n\t\t\t\t<\/li>\n\t\t\t\t<li class=\"sow-slider-image  sow-slider-image-cover\" style=\"visibility: hidden;;background-color: #333333\" data-background=\"url(https:\/\/fondation-pvsyst.org\/wp-content\/uploads\/2017\/04\/Commune-de-Djiddah-Thiaroye-S\u00e9n\u00e9gal-2-e1491471627179.jpg)\" >\n\t\t\t\t\t<div class=\"sow-slider-image-container\">\n\t\t\t<div class=\"sow-slider-image-wrapper\">\n\t\t\t\t<h1 style=\"text-align: center\">Nachrichten<\/h1>\n\t\t\t<\/div>\n\t\t<\/div>\n\t\t\t\t<\/li>\n\t\t\t\t<li class=\"sow-slider-image  sow-slider-image-cover\" style=\"visibility: hidden;;background-color: #333333\" data-background=\"url(https:\/\/fondation-pvsyst.org\/wp-content\/uploads\/2022\/10\/20220930_203910-scaled.jpg)\" >\n\t\t\t\t\t<div class=\"sow-slider-image-container\">\n\t\t\t<div class=\"sow-slider-image-wrapper\">\n\t\t\t\t<h1 style=\"text-align: center\">Nachrichten<\/h1>\n\t\t\t<\/div>\n\t\t<\/div>\n\t\t\t\t<\/li>\n\t\t<\/ul>\t\t\t\t<ol class=\"sow-slider-pagination\">\n\t\t\t\t\t\t\t\t\t\t\t<li><a href=\"#\" data-goto=\"0\" aria-label=\"Display slide 1\"><\/a><\/li>\n\t\t\t\t\t\t\t\t\t\t\t<li><a href=\"#\" data-goto=\"1\" aria-label=\"Display slide 2\"><\/a><\/li>\n\t\t\t\t\t\t\t\t\t\t\t<li><a href=\"#\" data-goto=\"2\" aria-label=\"Display slide 3\"><\/a><\/li>\n\t\t\t\t\t\t\t\t\t<\/ol>\n\n\t\t\t\t<div class=\"sow-slide-nav sow-slide-nav-next\">\n\t\t\t\t\t<a href=\"#\" data-goto=\"next\" aria-label=\"Next slide\" data-action=\"next\">\n\t\t\t\t\t\t<em class=\"sow-sld-icon-thin-right\"><\/em>\n\t\t\t\t\t<\/a>\n\t\t\t\t<\/div>\n\n\t\t\t\t<div class=\"sow-slide-nav sow-slide-nav-prev\">\n\t\t\t\t\t<a href=\"#\" data-goto=\"previous\" aria-label=\"Previous slide\" data-action=\"prev\">\n\t\t\t\t\t\t<em class=\"sow-sld-icon-thin-left\"><\/em>\n\t\t\t\t\t<\/a>\n\t\t\t\t<\/div>\n\t\t\t\t<\/div><\/div><\/div><\/div><\/div><\/div><div id=\"pg-4142-1\"  class=\"panel-grid panel-no-style\" ><div id=\"pgc-4142-1-0\"  class=\"panel-grid-cell\" ><div id=\"panel-4142-1-0-0\" class=\"so-panel widget widget_sow-headline panel-first-child panel-last-child\" data-index=\"1\" ><div\n\t\t\t\n\t\t\tclass=\"so-widget-sow-headline so-widget-sow-headline-default-130943361e87-4142\"\n\t\t\t\n\t\t><div class=\"sow-headline-container \">\n\t\t\t\t\t\t\t<h4 class=\"sow-headline\">\n\t\t\t\t\t\t<b>Fokus auf die Begleitung nach der Ausbildung  <\/b>\t\t\t\t\t\t<\/h4>\n\t\t\t\t\t\t\t\t\t\t\t<div class=\"decoration\">\n\t\t\t\t\t\t<div class=\"decoration-inside\"><\/div>\n\t\t\t\t\t<\/div>\n\t\t\t\t\t<\/div>\n<\/div><\/div><\/div><\/div><div id=\"pg-4142-2\"  class=\"panel-grid panel-no-style\" ><div id=\"pgc-4142-2-0\"  class=\"panel-grid-cell\" ><div id=\"panel-4142-2-0-0\" class=\"so-panel widget widget_sow-editor panel-first-child panel-last-child\" data-index=\"2\" ><div\n\t\t\t\n\t\t\tclass=\"so-widget-sow-editor so-widget-sow-editor-base\"\n\t\t\t\n\t\t>\n<div class=\"siteorigin-widget-tinymce textwidget\">\n\t<figure id=\"attachment_3310\" aria-describedby=\"caption-attachment-3310\" style=\"width: 555px\" class=\"wp-caption aligncenter\"><img loading=\"lazy\" decoding=\"async\" class=\"wp-image-3310\" src=\"https:\/\/fondation-pvsyst.org\/wp-content\/uploads\/2025\/02\/2-Echanges-entre-apprenant.e.s-de-PROMESS-et-entreprises-du-secteur-solaire-scaled.jpg\" alt=\"\" width=\"555\" height=\"246\"><figcaption id=\"caption-attachment-3310\" class=\"wp-caption-text\">Austausch zwischen PROMESS-Lernenden und Unternehmen aus dem Solarsektor<\/figcaption><\/figure>\n<p style=\"margin-top: 16px;\">Als wichtiger Pfeiler der dritten Phase (2023-2025) des PROMESS-Projekts wurde in der zweiten H\u00e4lfte des Jahres 2024 die Nachbetreuung der Absolventen des Diploms f\u00fcr Solarinstallateure eingef\u00fchrt. Nach einer Phase der Reorganisation der Personalressourcen wurde im Juli 2024 ein interner Entwicklungsmanager f\u00fcr das Projekt eingestellt. <\/p>\n<\/div>\n<\/div><\/div><\/div><\/div><div id=\"pg-4142-3\"  class=\"panel-grid panel-no-style\" ><div id=\"pgc-4142-3-0\"  class=\"panel-grid-cell\" ><div id=\"panel-4142-3-0-0\" class=\"so-panel widget widget_sow-headline panel-first-child panel-last-child\" data-index=\"3\" ><div\n\t\t\t\n\t\t\tclass=\"so-widget-sow-headline so-widget-sow-headline-default-1bbcebb6e132-4142\"\n\t\t\t\n\t\t><div class=\"sow-headline-container \">\n\t\t\t\t\t\t\t<h4 class=\"sow-headline\">\n\t\t\t\t\t\t<b>Ziele der Begleitung  <\/b>\t\t\t\t\t\t<\/h4>\n\t\t\t\t\t\t\t\t\t\t\t<div class=\"decoration\">\n\t\t\t\t\t\t<div class=\"decoration-inside\"><\/div>\n\t\t\t\t\t<\/div>\n\t\t\t\t\t<\/div>\n<\/div><\/div><\/div><\/div><div id=\"pg-4142-4\"  class=\"panel-grid panel-no-style\" ><div id=\"pgc-4142-4-0\"  class=\"panel-grid-cell\" ><div id=\"panel-4142-4-0-0\" class=\"so-panel widget widget_sow-editor panel-first-child panel-last-child\" data-index=\"4\" ><div\n\t\t\t\n\t\t\tclass=\"so-widget-sow-editor so-widget-sow-editor-base\"\n\t\t\t\n\t\t>\n<div class=\"siteorigin-widget-tinymce textwidget\">\n\t<p>Die Rolle des Entwicklungsbeauftragten besteht insbesondere darin, :<\/p>\n<ul>\n<li>Aufbau und Pflege eines Netzwerks von Unternehmen im Solarsektor, um M\u00f6glichkeiten f\u00fcr Praktika, Besch\u00e4ftigung oder Auftragsvergabe zu identifizieren und so die berufliche Entwicklung der PROMESS-Absolventen zu f\u00f6rdern.<\/li>\n<li>Bereitstellung administrativer und technischer Unterst\u00fctzung f\u00fcr die Absolventen (Hilfe bei der Formalisierung von Einzelunternehmen, \u00dcberpr\u00fcfung der Antworten auf Ausschreibungen f\u00fcr diejenigen, die bereits ein Unternehmen gegr\u00fcndet haben usw.), in Verbindung mit dem Koordinator des Ausbildungsgangs.<\/li>\n<li>Animation des Netzwerks der Absolventen.<\/li>\n<\/ul>\n<p>Nach einer Zeit der Entwicklung von Kommunikationsinstrumenten (Pr\u00e4sentation des Zentrums, Pr\u00e4sentation der Schulungen usw.) und der \u00dcberwachung und nach 6 Monaten der operativen Umsetzung dieser Aktivit\u00e4ten sind die ersten Ergebnisse ermutigend:  <\/p>\n<ul>\n<li>Etwa 150 Unternehmen wurden kontaktiert, wobei etwa 15 von ihnen eine Pr\u00e4sentation (per Videokonferenz oder pers\u00f6nlich) \u00fcber die Aktivit\u00e4ten von PROMESS erhielten. In den kommenden Wochen sind weitere Treffen mit bereits kontaktierten Unternehmen geplant.\n<\/li>\n<li>\nEine erste Partnerschaftsvereinbarung wurde mit einem Unternehmen unterzeichnet, weitere Vereinbarungen mit anderen Unternehmen werden derzeit diskutiert. PROMESS wird dann die Verbindung zu den Absolventen herstellen, damit diese sich bewerben k\u00f6nnen.\n<\/li>\n<li>- Drei Unternehmen haben PROMESS bereits um die Vermittlung von Absolventen f\u00fcr verschiedene Projekte (Installation, Wartung von PV-Systemen) gebeten.<\/li>\n<\/ul>\n<p>Im Rahmen des Projekts werden verschiedene Aktivit\u00e4ten rund um das Ausbildungszentrum geplant, die mit dem Post-Training verbunden sind. Die ersten wurden zwischen Dezember 2024 und Februar 2025 durchgef\u00fchrt. <\/p>\n<\/div>\n<\/div><\/div><\/div><\/div><div id=\"pg-4142-5\"  class=\"panel-grid panel-no-style\" ><div id=\"pgc-4142-5-0\"  class=\"panel-grid-cell\" ><div id=\"panel-4142-5-0-0\" class=\"so-panel widget widget_sow-headline panel-first-child panel-last-child\" data-index=\"5\" ><div\n\t\t\t\n\t\t\tclass=\"so-widget-sow-headline so-widget-sow-headline-default-1bbcebb6e132-4142\"\n\t\t\t\n\t\t><div class=\"sow-headline-container \">\n\t\t\t\t\t\t\t<h4 class=\"sow-headline\">\n\t\t\t\t\t\t<b>Besichtigung des Zentrums durch Unternehmen  <\/b>\t\t\t\t\t\t<\/h4>\n\t\t\t\t\t\t\t\t\t\t\t<div class=\"decoration\">\n\t\t\t\t\t\t<div class=\"decoration-inside\"><\/div>\n\t\t\t\t\t<\/div>\n\t\t\t\t\t<\/div>\n<\/div><\/div><\/div><\/div><div id=\"pg-4142-6\"  class=\"panel-grid panel-no-style\" ><div id=\"pgc-4142-6-0\"  class=\"panel-grid-cell\" ><div id=\"panel-4142-6-0-0\" class=\"so-panel widget widget_sow-editor panel-first-child panel-last-child\" data-index=\"6\" ><div\n\t\t\t\n\t\t\tclass=\"so-widget-sow-editor so-widget-sow-editor-base\"\n\t\t\t\n\t\t>\n<div class=\"siteorigin-widget-tinymce textwidget\">\n\t<p>Ziel ist es, Fachleuten aus dem Solar- und Photovoltaiksektor die M\u00f6glichkeit zu geben, das Ausbildungszentrum, die P\u00e4dagogik und die verwendeten Einrichtungen kennenzulernen und sie von der Gesamtqualit\u00e4t der Ausbildung zum Solarinstallateur zu \u00fcberzeugen. Der Tag beginnt mit einer Besichtigung des Zentrums (Unterrichtsr\u00e4ume, Computerraum, Lehrmittel, Lager usw.), bevor der praktische Unterricht beobachtet wird, und endet mit einem Austausch mit den Ausbildern und den Auszubildenden des aktuellen SIF (Solar Installateur Training).<\/p>\n<\/div>\n<\/div><\/div><\/div><\/div><div id=\"pg-4142-7\"  class=\"panel-grid panel-no-style\" ><div id=\"pgc-4142-7-0\"  class=\"panel-grid-cell\" ><div id=\"panel-4142-7-0-0\" class=\"so-panel widget widget_media_image panel-first-child panel-last-child\" data-index=\"7\" ><img loading=\"lazy\" decoding=\"async\" width=\"300\" height=\"168\" src=\"https:\/\/fondation-pvsyst.org\/wp-content\/uploads\/2025\/02\/3-300x168.jpg\" class=\"image wp-image-4110  attachment-medium size-medium\" alt=\"\" style=\"max-width: 100%; height: auto;\" srcset=\"https:\/\/fondation-pvsyst.org\/wp-content\/uploads\/2025\/02\/3-300x168.jpg 300w, https:\/\/fondation-pvsyst.org\/wp-content\/uploads\/2025\/02\/3-1024x574.jpg 1024w, https:\/\/fondation-pvsyst.org\/wp-content\/uploads\/2025\/02\/3-768x430.jpg 768w, https:\/\/fondation-pvsyst.org\/wp-content\/uploads\/2025\/02\/3-1536x861.jpg 1536w, https:\/\/fondation-pvsyst.org\/wp-content\/uploads\/2025\/02\/3-2048x1147.jpg 2048w, https:\/\/fondation-pvsyst.org\/wp-content\/uploads\/2025\/02\/3-310x174.jpg 310w\" sizes=\"auto, (max-width: 300px) 100vw, 300px\" \/><\/div><\/div><div id=\"pgc-4142-7-1\"  class=\"panel-grid-cell\" ><div id=\"panel-4142-7-1-0\" class=\"so-panel widget widget_media_image panel-first-child panel-last-child\" data-index=\"8\" ><img loading=\"lazy\" decoding=\"async\" width=\"300\" height=\"225\" src=\"https:\/\/fondation-pvsyst.org\/wp-content\/uploads\/2025\/02\/4-300x225.jpg\" class=\"image wp-image-4113  attachment-medium size-medium\" alt=\"\" style=\"max-width: 100%; height: auto;\" srcset=\"https:\/\/fondation-pvsyst.org\/wp-content\/uploads\/2025\/02\/4-300x225.jpg 300w, https:\/\/fondation-pvsyst.org\/wp-content\/uploads\/2025\/02\/4-1024x768.jpg 1024w, https:\/\/fondation-pvsyst.org\/wp-content\/uploads\/2025\/02\/4-768x576.jpg 768w, https:\/\/fondation-pvsyst.org\/wp-content\/uploads\/2025\/02\/4-1536x1152.jpg 1536w, https:\/\/fondation-pvsyst.org\/wp-content\/uploads\/2025\/02\/4-2048x1536.jpg 2048w, https:\/\/fondation-pvsyst.org\/wp-content\/uploads\/2025\/02\/4-310x233.jpg 310w\" sizes=\"auto, (max-width: 300px) 100vw, 300px\" \/><\/div><\/div><div id=\"pgc-4142-7-2\"  class=\"panel-grid-cell\" ><div id=\"panel-4142-7-2-0\" class=\"so-panel widget widget_media_image panel-first-child panel-last-child\" data-index=\"9\" ><img loading=\"lazy\" decoding=\"async\" width=\"225\" height=\"300\" src=\"https:\/\/fondation-pvsyst.org\/wp-content\/uploads\/2025\/02\/5-225x300.jpg\" class=\"image wp-image-4116  attachment-medium size-medium\" alt=\"\" style=\"max-width: 100%; height: auto;\" srcset=\"https:\/\/fondation-pvsyst.org\/wp-content\/uploads\/2025\/02\/5-225x300.jpg 225w, https:\/\/fondation-pvsyst.org\/wp-content\/uploads\/2025\/02\/5-768x1024.jpg 768w, https:\/\/fondation-pvsyst.org\/wp-content\/uploads\/2025\/02\/5-1152x1536.jpg 1152w, https:\/\/fondation-pvsyst.org\/wp-content\/uploads\/2025\/02\/5-1536x2048.jpg 1536w, https:\/\/fondation-pvsyst.org\/wp-content\/uploads\/2025\/02\/5-310x413.jpg 310w, https:\/\/fondation-pvsyst.org\/wp-content\/uploads\/2025\/02\/5-scaled.jpg 1920w\" sizes=\"auto, (max-width: 225px) 100vw, 225px\" \/><\/div><\/div><\/div><div id=\"pg-4142-8\"  class=\"panel-grid panel-no-style\" ><div id=\"pgc-4142-8-0\"  class=\"panel-grid-cell\" ><div id=\"panel-4142-8-0-0\" class=\"so-panel widget widget_sow-editor panel-first-child panel-last-child\" data-index=\"10\" ><div\n\t\t\t\n\t\t\tclass=\"so-widget-sow-editor so-widget-sow-editor-base\"\n\t\t\t\n\t\t>\n<div class=\"siteorigin-widget-tinymce textwidget\">\n\t<div style=\"width: 100%; display: flex; align-items: center; justify-content: center;\">\nBesichtigung des Ausbildungszentrums durch Unternehmen (Werkstatt, Lager, Photovoltaikfelder)\n<\/div>\n<p style=\"margin-top: 16px;\">Im Dezember nahmen 5 Unternehmen (aus Thi\u00e8s, Dakar und Louga) mit 8 Personen an diesem Tag teil. Die R\u00fcckmeldungen waren \u00e4u\u00dferst positiv, sowohl was die Organisation des Tages als auch die Qualit\u00e4t der Einrichtungen und der angebotenen Schulungen betraf. Bemerkenswerterweise ist die technische Leiterin eines dieser Unternehmen, die w\u00e4hrend des Besuchs anwesend war, eine Absolventin von PROMESS. Der Direktor dieses Unternehmens, der ebenfalls an dem Tag teilnahm, hob die Kompetenzen und den Professionalismus des Unternehmens hervor. Diese Botschaft, die von einem der \"G\u00e4ste\" \u00fcbermittelt wurde, hatte eine gro\u00dfe Wirkung, sowohl auf die anderen anwesenden Unternehmen als auch auf die Lernenden. Die Zeit bot auch die M\u00f6glichkeit, Kontaktdaten auszutauschen.       <\/p>\n<p>Ein Unternehmen unterzeichnete bei dieser Gelegenheit eine Partnerschaftsvereinbarung mit PROMESS, zwei weitere wollten Gespr\u00e4che aufnehmen, um auch eine operative Partnerschaft mit PROMESS zu begr\u00fcnden. Im Anschluss daran wandten sich einige Unternehmen an PROMESS, um Kontakte zu Absolventen f\u00fcr den punktuellen Bedarf an Arbeitskr\u00e4ften herzustellen.<\/p>\n<p>Obwohl es sich um eine neue Ma\u00dfnahme handelt, die darauf abzielt, proaktiv auf Fachleute aus dem Photovoltaik- und Solarsektor zuzugehen, zeigt sie interessante Erkenntnisse. Die Unternehmen betonten die Wichtigkeit dieses Schrittes, um die Ausbildung und ihre Absolventen sichtbar zu machen. Der Sektor, der im Land expandiert (Telekommunikationsnetz, Mini-Grids in l\u00e4ndlichen Gebieten, strukturierende Solarprojekte), weist einen erh\u00f6hten Bedarf an Arbeitskr\u00e4ften auf. Die Teilnehmer betonten daher, wie wichtig es sei, Vertrauen in das Ausbildungszentrum zu schaffen, das die Einstellung der bei PROMESS ausgebildeten Installateure und Installateurinnen f\u00f6rdern werde.   <\/p>\n<\/div>\n<\/div><\/div><\/div><\/div><div id=\"pg-4142-9\"  class=\"panel-grid panel-no-style\" ><div id=\"pgc-4142-9-0\"  class=\"panel-grid-cell\" ><div id=\"panel-4142-9-0-0\" class=\"so-panel widget widget_sow-headline panel-first-child panel-last-child\" data-index=\"11\" ><div\n\t\t\t\n\t\t\tclass=\"so-widget-sow-headline so-widget-sow-headline-default-1bbcebb6e132-4142\"\n\t\t\t\n\t\t><div class=\"sow-headline-container \">\n\t\t\t\t\t\t\t<h4 class=\"sow-headline\">\n\t\t\t\t\t\t<b>Tag der Absolventen  <\/b>\t\t\t\t\t\t<\/h4>\n\t\t\t\t\t\t\t\t\t\t\t<div class=\"decoration\">\n\t\t\t\t\t\t<div class=\"decoration-inside\"><\/div>\n\t\t\t\t\t<\/div>\n\t\t\t\t\t<\/div>\n<\/div><\/div><\/div><\/div><div id=\"pg-4142-10\"  class=\"panel-grid panel-no-style\" ><div id=\"pgc-4142-10-0\"  class=\"panel-grid-cell\" ><div id=\"panel-4142-10-0-0\" class=\"so-panel widget widget_sow-editor panel-first-child panel-last-child\" data-index=\"12\" ><div\n\t\t\t\n\t\t\tclass=\"so-widget-sow-editor so-widget-sow-editor-base\"\n\t\t\t\n\t\t>\n<div class=\"siteorigin-widget-tinymce textwidget\">\n\t<p>Der Tag der Absolventen wurde konzipiert, um den Austausch zwischen Absolventen verschiedener Jahrg\u00e4nge zu erm\u00f6glichen, um Netzwerke aufzubauen, aber auch, seitens PROMESS, um ihre berufliche Laufbahn besser kennen zu lernen und ihre Realit\u00e4t und Bed\u00fcrfnisse zu verstehen.<\/p>\n<figure id=\"attachment_3310\" aria-describedby=\"caption-attachment-3310\" style=\"width: 555px\" class=\"wp-caption aligncenter\"><img loading=\"lazy\" decoding=\"async\" class=\"wp-image-3310\" src=\"https:\/\/fondation-pvsyst.org\/wp-content\/uploads\/2025\/02\/6.jpeg\" alt=\"\" width=\"555\" height=\"246\"><figcaption id=\"caption-attachment-3310\" class=\"wp-caption-text\">Er\u00f6ffnung des Netzwerktages f\u00fcr Absolventen<\/figcaption><\/figure>\n<p style=\"margin-top: 16px;\">Das erste Treffen fand am 8. Februar statt, an dem 40 Absolventen aus verschiedenen geografischen Gebieten (Thi\u00e8s, Louga, Dakar) teilnahmen, was einem Viertel der Absolventen des Projekts entspricht. Die Teilnahme wurde f\u00fcr das erste Mal als zufriedenstellend bewertet.  <\/p>\n<p>Der Tag begann mit dem Bericht von vier Absolventen, die ihr Gesch\u00e4ft erfolgreich aufgebaut haben. Sie wurden von PROMESS identifiziert und im Vorfeld \u00fcber diesen Vortrag informiert, der darauf abzielte, ihre Erfahrungen und guten Praktiken auf verschiedenen Ebenen (Kundenakquise, Verhandlungen, Erstellung von Kostenvoranschl\u00e4gen, professionelles Verhalten usw.) zu teilen.<\/p>\n<\/div>\n<\/div><\/div><\/div><\/div><div id=\"pg-4142-11\"  class=\"panel-grid panel-has-style\" ><div class=\"siteorigin-panels-stretch panel-row-style panel-row-style-for-4142-11\" data-stretch-type=\"full\" ><div id=\"pgc-4142-11-0\"  class=\"panel-grid-cell\" ><div id=\"panel-4142-11-0-0\" class=\"so-panel widget widget_media_image panel-first-child panel-last-child\" data-index=\"13\" ><img loading=\"lazy\" decoding=\"async\" width=\"204\" height=\"300\" src=\"https:\/\/fondation-pvsyst.org\/wp-content\/uploads\/2025\/02\/7-204x300.jpeg\" class=\"image wp-image-4124  attachment-medium size-medium\" alt=\"\" style=\"max-width: 100%; height: auto;\" srcset=\"https:\/\/fondation-pvsyst.org\/wp-content\/uploads\/2025\/02\/7-204x300.jpeg 204w, https:\/\/fondation-pvsyst.org\/wp-content\/uploads\/2025\/02\/7-696x1024.jpeg 696w, https:\/\/fondation-pvsyst.org\/wp-content\/uploads\/2025\/02\/7-310x456.jpeg 310w, https:\/\/fondation-pvsyst.org\/wp-content\/uploads\/2025\/02\/7.jpeg 734w\" sizes=\"auto, (max-width: 204px) 100vw, 204px\" \/><\/div><\/div><div id=\"pgc-4142-11-1\"  class=\"panel-grid-cell\" ><div id=\"panel-4142-11-1-0\" class=\"so-panel widget widget_media_image panel-first-child panel-last-child\" data-index=\"14\" ><img loading=\"lazy\" decoding=\"async\" width=\"201\" height=\"300\" src=\"https:\/\/fondation-pvsyst.org\/wp-content\/uploads\/2025\/02\/8-201x300.jpeg\" class=\"image wp-image-4127  attachment-medium size-medium\" alt=\"\" style=\"max-width: 100%; height: auto;\" srcset=\"https:\/\/fondation-pvsyst.org\/wp-content\/uploads\/2025\/02\/8-201x300.jpeg 201w, https:\/\/fondation-pvsyst.org\/wp-content\/uploads\/2025\/02\/8-310x462.jpeg 310w, https:\/\/fondation-pvsyst.org\/wp-content\/uploads\/2025\/02\/8.jpeg 681w\" sizes=\"auto, (max-width: 201px) 100vw, 201px\" \/><\/div><\/div><div id=\"pgc-4142-11-2\"  class=\"panel-grid-cell\" ><div id=\"panel-4142-11-2-0\" class=\"so-panel widget widget_media_image panel-first-child panel-last-child\" data-index=\"15\" ><img loading=\"lazy\" decoding=\"async\" width=\"251\" height=\"300\" src=\"https:\/\/fondation-pvsyst.org\/wp-content\/uploads\/2025\/02\/9-251x300.jpeg\" class=\"image wp-image-4130  attachment-medium size-medium\" alt=\"\" style=\"max-width: 100%; height: auto;\" srcset=\"https:\/\/fondation-pvsyst.org\/wp-content\/uploads\/2025\/02\/9-251x300.jpeg 251w, https:\/\/fondation-pvsyst.org\/wp-content\/uploads\/2025\/02\/9-768x917.jpeg 768w, https:\/\/fondation-pvsyst.org\/wp-content\/uploads\/2025\/02\/9-310x370.jpeg 310w, https:\/\/fondation-pvsyst.org\/wp-content\/uploads\/2025\/02\/9.jpeg 831w\" sizes=\"auto, (max-width: 251px) 100vw, 251px\" \/><\/div><\/div><div id=\"pgc-4142-11-3\"  class=\"panel-grid-cell\" ><div id=\"panel-4142-11-3-0\" class=\"so-panel widget widget_media_image panel-first-child panel-last-child\" data-index=\"16\" ><img loading=\"lazy\" decoding=\"async\" width=\"225\" height=\"300\" src=\"https:\/\/fondation-pvsyst.org\/wp-content\/uploads\/2025\/02\/10-225x300.jpeg\" class=\"image wp-image-4133  attachment-medium size-medium\" alt=\"\" style=\"max-width: 100%; height: auto;\" srcset=\"https:\/\/fondation-pvsyst.org\/wp-content\/uploads\/2025\/02\/10-225x300.jpeg 225w, https:\/\/fondation-pvsyst.org\/wp-content\/uploads\/2025\/02\/10-768x1024.jpeg 768w, https:\/\/fondation-pvsyst.org\/wp-content\/uploads\/2025\/02\/10-310x413.jpeg 310w, https:\/\/fondation-pvsyst.org\/wp-content\/uploads\/2025\/02\/10.jpeg 810w\" sizes=\"auto, (max-width: 225px) 100vw, 225px\" \/><\/div><\/div><\/div><\/div><div id=\"pg-4142-12\"  class=\"panel-grid panel-no-style\" ><div id=\"pgc-4142-12-0\"  class=\"panel-grid-cell\" ><div id=\"panel-4142-12-0-0\" class=\"so-panel widget widget_sow-editor panel-first-child panel-last-child\" data-index=\"17\" ><div\n\t\t\t\n\t\t\tclass=\"so-widget-sow-editor so-widget-sow-editor-base\"\n\t\t\t\n\t\t>\n<div class=\"siteorigin-widget-tinymce textwidget\">\n\t<div style=\"width: 100%; display: flex; align-items: center; justify-content: center;\">\nDie 4 Sprecher  \n<\/div>\n<p style=\"margin-top: 16px;\">Diese Beitr\u00e4ge f\u00fchrten zu zahlreichen Diskussionen und Vorschl\u00e4gen. Die Teilnehmer des Tages erw\u00e4hnten insbesondere : <\/p>\n<ul>\n<li>Die Notwendigkeit, diese Art von Veranstaltung regelm\u00e4\u00dfig zu wiederholen und das Netzwerk durch die Formalisierung einer Vereinsstruktur zu st\u00e4rken.  <\/li>\n<li>Organisation von Seminaren oder Workshops zu Themen im Zusammenhang mit Energiefragen im weiteren Sinne (Energieeffizienz, Standards usw.).  <\/li>\n<li>Sensibilisierung innerhalb des Netzwerks f\u00fcr die Solidarit\u00e4t zwischen den aktiveren Absolventen und denjenigen, die gr\u00f6\u00dfere Schwierigkeiten bei der Eingliederung (Besch\u00e4ftigung oder Selbst\u00e4ndigkeit) haben.<\/li>\n<\/ul>\n<p>In diesem Zusammenhang wurden zwei der Teilnehmer von einem \"aktiven\" ehemaligen Absolventen gebeten, ihm bei Baustellen zu helfen, die am n\u00e4chsten Tag begannen. Abgesehen von diesem besonderen Beispiel wird erwartet, dass das Alumni-Netzwerk wirklich strukturiert wird und dass die Hilfe unter Gleichaltrigen und die Zusammenarbeit bei der Durchf\u00fchrung von Bauprojekten gef\u00f6rdert werden.   <\/p>\n<p>W\u00e4hrend des Treffens konnte das Projektteam auch die \"Trajectories\"-Umfrage durchf\u00fchren, eine j\u00e4hrliche Umfrage, die Informationen \u00fcber die berufliche Entwicklung der Alumni des Netzwerks liefern soll. Die Umfrage wird dann als Fernumfrage mit denjenigen fortgesetzt, die nicht an der Pr\u00e4senzumfrage teilnehmen konnten, und der Umfragebericht soll zu Beginn des zweiten Quartals 2025 erstellt werden. <\/p>\n<figure id=\"attachment_3310\" aria-describedby=\"caption-attachment-3310\" style=\"width: 555px\" class=\"wp-caption aligncenter\"><img loading=\"lazy\" decoding=\"async\" class=\"wp-image-3310\" src=\"https:\/\/fondation-pvsyst.org\/wp-content\/uploads\/2025\/02\/11.jpeg\" alt=\"\" width=\"555\" height=\"246\"><figcaption id=\"caption-attachment-3310\" class=\"wp-caption-text\">Ausf\u00fcllen des Fragebogens der \"Trajectories\"-Umfrage<\/figcaption><\/figure>\n<p style=\"margin-top: 16px;\">Das gesamte PROMESS-Team war aktiv an der Organisation und Durchf\u00fchrung dieser Veranstaltung beteiligt, der weitere dieser Art folgen werden, um die Absolventen in ihrem gemeinsamen Bestreben zu unterst\u00fctzen.<\/p>\n<\/div>\n<\/div><\/div><\/div><\/div><\/div>","protected":false},"excerpt":{"rendered":"<p>Nachrichten Nachrichten Nachrichten Fokus auf die Begleitung nach der Ausbildung Austausch zwischen PROMESS-Lernenden und Unternehmen aus dem Solarsektor Als wichtiger Pfeiler der dritten Phase (2023-2025) des PROMESS-Projekts wurde in der zweiten H\u00e4lfte des Jahres 2024 die Nachbetreuung der Absolventen des Diploms f\u00fcr Solarinstallateure eingef\u00fchrt. Nach einer Phase der Reorganisation der Personalressourcen wurde im Juli 2024<\/p>\n","protected":false},"author":4,"featured_media":0,"parent":1558,"menu_order":0,"comment_status":"closed","ping_status":"closed","template":"","meta":{"footnotes":""},"class_list":["post-4142","page","type-page","status-publish","hentry"],"_links":{"self":[{"href":"https:\/\/fondation-pvsyst.org\/de\/wp-json\/wp\/v2\/pages\/4142","targetHints":{"allow":["GET"]}}],"collection":[{"href":"https:\/\/fondation-pvsyst.org\/de\/wp-json\/wp\/v2\/pages"}],"about":[{"href":"https:\/\/fondation-pvsyst.org\/de\/wp-json\/wp\/v2\/types\/page"}],"author":[{"embeddable":true,"href":"https:\/\/fondation-pvsyst.org\/de\/wp-json\/wp\/v2\/users\/4"}],"replies":[{"embeddable":true,"href":"https:\/\/fondation-pvsyst.org\/de\/wp-json\/wp\/v2\/comments?post=4142"}],"version-history":[{"count":1,"href":"https:\/\/fondation-pvsyst.org\/de\/wp-json\/wp\/v2\/pages\/4142\/revisions"}],"predecessor-version":[{"id":4143,"href":"https:\/\/fondation-pvsyst.org\/de\/wp-json\/wp\/v2\/pages\/4142\/revisions\/4143"}],"up":[{"embeddable":true,"href":"https:\/\/fondation-pvsyst.org\/de\/wp-json\/wp\/v2\/pages\/1558"}],"wp:attachment":[{"href":"https:\/\/fondation-pvsyst.org\/de\/wp-json\/wp\/v2\/media?parent=4142"}],"curies":[{"name":"wp","href":"https:\/\/api.w.org\/{rel}","templated":true}]}}