{"id":4008,"date":"2017-10-19T11:44:28","date_gmt":"2017-10-19T09:44:28","guid":{"rendered":"https:\/\/fondation-pvsyst.org\/preprod\/aktuelles\/letzte-anpassungen-und-offizialisierung-des-ersten-des-1-projekts-der-stiftung-august-2017\/"},"modified":"2024-06-27T11:14:15","modified_gmt":"2024-06-27T09:14:15","slug":"letzte-anpassungen-und-offizialisierung-des-ersten-des-1-projekts-der-stiftung-august-2017","status":"publish","type":"page","link":"https:\/\/fondation-pvsyst.org\/de\/aktuelles\/letzte-anpassungen-und-offizialisierung-des-ersten-des-1-projekts-der-stiftung-august-2017\/","title":{"rendered":"Letzte Anpassungen und Offizialisierung des ersten des 1. Projekts der Stiftung, August 2017"},"content":{"rendered":"<div id=\"pl-4008\"  class=\"panel-layout\" ><div id=\"pg-4008-0\"  class=\"panel-grid panel-has-style\" ><div class=\"siteorigin-panels-stretch panel-row-style panel-row-style-for-4008-0\" data-stretch-type=\"full-width-stretch\" ><div id=\"pgc-4008-0-0\"  class=\"panel-grid-cell\" ><div id=\"panel-4008-0-0-0\" class=\"so-panel widget widget_sow-hero panel-first-child panel-last-child\" data-index=\"0\" ><div\n\t\t\t\n\t\t\tclass=\"so-widget-sow-hero so-widget-sow-hero-default-78d99ccfba76-4008 so-widget-fittext-wrapper\"\n\t\t\t data-fit-text-compressor=\"0.85\"\n\t\t>\t\t\t\t<div class=\"sow-slider-base\" style=\"display: none\" tabindex=\"0\">\n\t\t\t\t\t<ul\n\t\t\t\t\tclass=\"sow-slider-images\"\n\t\t\t\t\tdata-settings=\"{&quot;pagination&quot;:true,&quot;speed&quot;:800,&quot;timeout&quot;:8000,&quot;paused&quot;:false,&quot;pause_on_hover&quot;:false,&quot;swipe&quot;:true,&quot;nav_always_show_desktop&quot;:&quot;&quot;,&quot;nav_always_show_mobile&quot;:&quot;&quot;,&quot;breakpoint&quot;:&quot;780px&quot;,&quot;unmute&quot;:false,&quot;anchor&quot;:null}\"\n\t\t\t\t\tstyle=\"min-height: 300px\"\t\t\t\t\tdata-anchor-id=\"\"\n\t\t\t\t>\t\t<li class=\"sow-slider-image  sow-slider-image-cover\" style=\"visibility: visible;;background-color: #333333;background-image: url(https:\/\/fondation-pvsyst.org\/wp-content\/uploads\/2017\/02\/copie-0_classe_ecole_kemena_site.jpg)\" >\n\t\t\t\t\t<div class=\"sow-slider-image-container\">\n\t\t\t<div class=\"sow-slider-image-wrapper\">\n\t\t\t\t<h1 style=\"text-align: center\">Nachrichten<\/h1>\t\t\t<\/div>\n\t\t<\/div>\n\t\t\t\t<\/li>\n\t\t\t\t<li class=\"sow-slider-image  sow-slider-image-cover\" style=\"visibility: hidden;;background-color: #333333\" data-background=\"url(https:\/\/fondation-pvsyst.org\/wp-content\/uploads\/2017\/04\/Commune-de-Djiddah-Thiaroye-S\u00e9n\u00e9gal-2-e1491471627179.jpg)\" >\n\t\t\t\t\t<div class=\"sow-slider-image-container\">\n\t\t\t<div class=\"sow-slider-image-wrapper\">\n\t\t\t\t<h1 style=\"text-align: center\">Nachrichten<\/h1>\t\t\t<\/div>\n\t\t<\/div>\n\t\t\t\t<\/li>\n\t\t\t\t<li class=\"sow-slider-image  sow-slider-image-cover\" style=\"visibility: hidden;;background-color: #333333\" data-background=\"url(https:\/\/fondation-pvsyst.org\/wp-content\/uploads\/2017\/04\/Commune-de-Bamba-S\u00e9n\u00e9gal-4-e1491471509373.jpg)\" >\n\t\t\t\t\t<div class=\"sow-slider-image-container\">\n\t\t\t<div class=\"sow-slider-image-wrapper\">\n\t\t\t\t<h1 style=\"text-align: center\">Nachrichten<\/h1>\t\t\t<\/div>\n\t\t<\/div>\n\t\t\t\t<\/li>\n\t\t<\/ul>\t\t\t\t<ol class=\"sow-slider-pagination\">\n\t\t\t\t\t\t\t\t\t\t\t<li><a href=\"#\" data-goto=\"0\" aria-label=\"Display slide 1\"><\/a><\/li>\n\t\t\t\t\t\t\t\t\t\t\t<li><a href=\"#\" data-goto=\"1\" aria-label=\"Display slide 2\"><\/a><\/li>\n\t\t\t\t\t\t\t\t\t\t\t<li><a href=\"#\" data-goto=\"2\" aria-label=\"Display slide 3\"><\/a><\/li>\n\t\t\t\t\t\t\t\t\t<\/ol>\n\n\t\t\t\t<div class=\"sow-slide-nav sow-slide-nav-next\">\n\t\t\t\t\t<a href=\"#\" data-goto=\"next\" aria-label=\"Next slide\" data-action=\"next\">\n\t\t\t\t\t\t<em class=\"sow-sld-icon-thin-right\"><\/em>\n\t\t\t\t\t<\/a>\n\t\t\t\t<\/div>\n\n\t\t\t\t<div class=\"sow-slide-nav sow-slide-nav-prev\">\n\t\t\t\t\t<a href=\"#\" data-goto=\"previous\" aria-label=\"Previous slide\" data-action=\"prev\">\n\t\t\t\t\t\t<em class=\"sow-sld-icon-thin-left\"><\/em>\n\t\t\t\t\t<\/a>\n\t\t\t\t<\/div>\n\t\t\t\t<\/div><\/div><\/div><\/div><\/div><\/div><div id=\"pg-4008-1\"  class=\"panel-grid panel-no-style\" ><div id=\"pgc-4008-1-0\"  class=\"panel-grid-cell\" ><div id=\"panel-4008-1-0-0\" class=\"so-panel widget widget_sow-headline panel-first-child\" data-index=\"1\" ><div\n\t\t\t\n\t\t\tclass=\"so-widget-sow-headline so-widget-sow-headline-default-c489251631ff-4008\"\n\t\t\t\n\t\t><div class=\"sow-headline-container \">\n\t\t\t\t\t\t\t<h4 class=\"sow-headline\">\n\t\t\t\t\t\t<b>  Letzte Anpassungen und Start des ersten Projekts der Stiftung, August 2017<\/b>\t\t\t\t\t\t<\/h4>\n\t\t\t\t\t\t\t\t\t\t\t<div class=\"decoration\">\n\t\t\t\t\t\t<div class=\"decoration-inside\"><\/div>\n\t\t\t\t\t<\/div>\n\t\t\t\t\t<\/div>\n<\/div><\/div><div id=\"panel-4008-1-0-1\" class=\"so-panel widget widget_sow-editor panel-last-child\" data-index=\"2\" ><div\n\t\t\t\n\t\t\tclass=\"so-widget-sow-editor so-widget-sow-editor-base\"\n\t\t\t\n\t\t>\n<div class=\"siteorigin-widget-tinymce textwidget\">\n\t<p style=\"text-align: justify;\">Der Austausch und die \u00dcberlegungen mit den verschiedenen Akteuren im Senegal und in der Schweiz haben Fr\u00fcchte getragen. Das erste Projekt der PVSYST-Stiftung in Partnerschaft mit <a href=\"http:\/\/www.acced.ch\/\" target=\"_blank\" rel=\"noopener\">AccEd<\/a>, einer Schweizer Organisation mit Sitz in Genf, die auf Bildung und Ausbildung spezialisiert ist, nimmt Gestalt an und die ersten Aktionen k\u00f6nnen beginnen. Das Projekt zielt auf die Ausbildung und das Inkubieren von Technikern und Unternehmern im Bereich der photovoltaischen Solarenergie ab. Mit einem Ausbildungszentrum in Thi\u00e8s will das Projekt Folgendes anbieten<\/p>\n<ul style=\"text-align: justify;\">\n<li>Eine Grundausbildung f\u00fcr Schulabbrecher und eine Weiterbildung f\u00fcr Energiefachleute, die in l\u00e4ndlichen Gebieten t\u00e4tig sind;<\/li>\n<li>Ein System zur Begleitung und Vernetzung der Akteure nach der Ausbildung, um die effektive Umsetzung der erworbenen Kompetenzen in die Praxis zu gew\u00e4hrleisten.<\/li>\n<\/ul>\n<p style=\"text-align: justify;\">Zu diesem Zweck wurde eine Dienstreise organisiert, um die organisatorischen Vorkehrungen zu verfeinern und den Umfang der Intervention zu pr\u00e4zisieren.<\/p>\n<p style=\"text-align: justify;\">Die wichtigsten institutionellen Akteure im Energiesektor wurden gebeten und getroffen, um den Projektentwurf vorzustellen, Meinungen und Ratschl\u00e4ge einzuholen und die Vernetzung zu f\u00f6rdern. Photovoltaik-Fachleute und technische Ausbilder, die in Ausbildungszentren t\u00e4tig sind, wurden ebenfalls angesprochen, um ein Team von Ausbildern f\u00fcr das Ausbildungszentrum zusammenzustellen. Eine Auswahl von Lieferanten von Energieger\u00e4ten wurde ebenfalls angesprochen, um an den Schulungen und der Betreuung teilzunehmen. Schlie\u00dflich wurden die Beh\u00f6rden von Thi\u00e8s angesprochen und gebeten, eine Partnerschaft aufzubauen und die Einrichtung des Projekts und des Zentrums in der Gemeinde zu erleichtern.<\/p>\n<p>Die ersten Aktivit\u00e4ten zur Entwicklung des Lehrplans und der Einrichtung des Ausbildungszentrums begannen sofort mit der Unterst\u00fctzung von Cheick Tahar, einem Berater, der als lokaler Verbindungsmann eingestellt wurde und in Teilzeit an der Entwicklung des Projekts beteiligt war.<\/p>\n<p style=\"text-align: justify;\">Weitere Informationen, <a href=\"https:\/\/fondation-pvsyst.org\/de\/projekte\/promess-senegal\/\">Link zur Projektbeschreibung<\/a><\/p>\n<\/div>\n<\/div><\/div><\/div><\/div><div id=\"pg-4008-2\"  class=\"panel-grid panel-no-style\" ><div id=\"pgc-4008-2-0\"  class=\"panel-grid-cell panel-grid-cell-empty\" ><\/div><div id=\"pgc-4008-2-1\"  class=\"panel-grid-cell panel-grid-cell-mobile-last\" ><div id=\"panel-4008-2-1-0\" class=\"so-panel widget widget_sow-hero panel-first-child panel-last-child\" data-index=\"3\" ><div\n\t\t\t\n\t\t\tclass=\"so-widget-sow-hero so-widget-sow-hero-default-f751e77c822c-4008 so-widget-fittext-wrapper\"\n\t\t\t data-fit-text-compressor=\"0.85\"\n\t\t>\t\t\t\t<div class=\"sow-slider-base\" style=\"display: none\" tabindex=\"0\">\n\t\t\t\t\t<ul\n\t\t\t\t\tclass=\"sow-slider-images\"\n\t\t\t\t\tdata-settings=\"{&quot;pagination&quot;:true,&quot;speed&quot;:800,&quot;timeout&quot;:8000,&quot;paused&quot;:false,&quot;pause_on_hover&quot;:false,&quot;swipe&quot;:true,&quot;nav_always_show_desktop&quot;:&quot;&quot;,&quot;nav_always_show_mobile&quot;:&quot;&quot;,&quot;breakpoint&quot;:&quot;780px&quot;,&quot;unmute&quot;:false,&quot;anchor&quot;:null}\"\n\t\t\t\t\tstyle=\"min-height: 400px\"\t\t\t\t\tdata-anchor-id=\"\"\n\t\t\t\t>\t\t<li class=\"sow-slider-image  sow-slider-image-cover\" style=\"visibility: visible;;background-color: #333333;background-image: url(https:\/\/fondation-pvsyst.org\/wp-content\/uploads\/2017\/10\/InstagramCapture_aed555d5-d9bb-49cf-908d-fea33ce6355f.jpg)\" >\n\t\t\t\t\t<div class=\"sow-slider-image-container\">\n\t\t\t<div class=\"sow-slider-image-wrapper\">\n\t\t\t\t\t\t\t<\/div>\n\t\t<\/div>\n\t\t\t\t<\/li>\n\t\t\t\t<li class=\"sow-slider-image  sow-slider-image-cover\" style=\"visibility: hidden;;background-color: #333333\" data-background=\"url(https:\/\/fondation-pvsyst.org\/wp-content\/uploads\/2017\/04\/SNG_M2_centre_formation_electricit\u00e9.jpg)\" >\n\t\t\t\t\t<div class=\"sow-slider-image-container\">\n\t\t\t<div class=\"sow-slider-image-wrapper\">\n\t\t\t\t\t\t\t<\/div>\n\t\t<\/div>\n\t\t\t\t<\/li>\n\t\t\t\t<li class=\"sow-slider-image  sow-slider-image-cover\" style=\"visibility: hidden;;background-color: #333333\" data-background=\"url(https:\/\/fondation-pvsyst.org\/wp-content\/uploads\/2017\/04\/SNG_M1_batterie_solaire.jpg)\" >\n\t\t\t\t\t<div class=\"sow-slider-image-container\">\n\t\t\t<div class=\"sow-slider-image-wrapper\">\n\t\t\t\t\t\t\t<\/div>\n\t\t<\/div>\n\t\t\t\t<\/li>\n\t\t<\/ul>\t\t\t\t<ol class=\"sow-slider-pagination\">\n\t\t\t\t\t\t\t\t\t\t\t<li><a href=\"#\" data-goto=\"0\" aria-label=\"Display slide 1\"><\/a><\/li>\n\t\t\t\t\t\t\t\t\t\t\t<li><a href=\"#\" data-goto=\"1\" aria-label=\"Display slide 2\"><\/a><\/li>\n\t\t\t\t\t\t\t\t\t\t\t<li><a href=\"#\" data-goto=\"2\" aria-label=\"Display slide 3\"><\/a><\/li>\n\t\t\t\t\t\t\t\t\t<\/ol>\n\n\t\t\t\t<div class=\"sow-slide-nav sow-slide-nav-next\">\n\t\t\t\t\t<a href=\"#\" data-goto=\"next\" aria-label=\"Next slide\" data-action=\"next\">\n\t\t\t\t\t\t<em class=\"sow-sld-icon-thin-right\"><\/em>\n\t\t\t\t\t<\/a>\n\t\t\t\t<\/div>\n\n\t\t\t\t<div class=\"sow-slide-nav sow-slide-nav-prev\">\n\t\t\t\t\t<a href=\"#\" data-goto=\"previous\" aria-label=\"Previous slide\" data-action=\"prev\">\n\t\t\t\t\t\t<em class=\"sow-sld-icon-thin-left\"><\/em>\n\t\t\t\t\t<\/a>\n\t\t\t\t<\/div>\n\t\t\t\t<\/div><\/div><\/div><\/div><div id=\"pgc-4008-2-2\"  class=\"panel-grid-cell panel-grid-cell-empty\" ><\/div><\/div><\/div>","protected":false},"excerpt":{"rendered":"<p>Der Austausch und die \u00dcberlegungen mit den verschiedenen Akteuren im Senegal und in der Schweiz haben Fr\u00fcchte getragen. Das erste Projekt der PVSYST-Stiftung in Partnerschaft mit AccEd, einer Schweizer Organisation mit Sitz in Genf, die auf Bildung und Ausbildung spezialisiert ist, nimmt Gestalt an und die ersten Aktionen k\u00f6nnen beginnen. Das Projekt zielt auf die<\/p>\n","protected":false},"author":1,"featured_media":0,"parent":1558,"menu_order":0,"comment_status":"closed","ping_status":"closed","template":"","meta":{"footnotes":""},"class_list":["post-4008","page","type-page","status-publish","hentry"],"_links":{"self":[{"href":"https:\/\/fondation-pvsyst.org\/de\/wp-json\/wp\/v2\/pages\/4008","targetHints":{"allow":["GET"]}}],"collection":[{"href":"https:\/\/fondation-pvsyst.org\/de\/wp-json\/wp\/v2\/pages"}],"about":[{"href":"https:\/\/fondation-pvsyst.org\/de\/wp-json\/wp\/v2\/types\/page"}],"author":[{"embeddable":true,"href":"https:\/\/fondation-pvsyst.org\/de\/wp-json\/wp\/v2\/users\/1"}],"replies":[{"embeddable":true,"href":"https:\/\/fondation-pvsyst.org\/de\/wp-json\/wp\/v2\/comments?post=4008"}],"version-history":[{"count":1,"href":"https:\/\/fondation-pvsyst.org\/de\/wp-json\/wp\/v2\/pages\/4008\/revisions"}],"predecessor-version":[{"id":4010,"href":"https:\/\/fondation-pvsyst.org\/de\/wp-json\/wp\/v2\/pages\/4008\/revisions\/4010"}],"up":[{"embeddable":true,"href":"https:\/\/fondation-pvsyst.org\/de\/wp-json\/wp\/v2\/pages\/1558"}],"wp:attachment":[{"href":"https:\/\/fondation-pvsyst.org\/de\/wp-json\/wp\/v2\/media?parent=4008"}],"curies":[{"name":"wp","href":"https:\/\/api.w.org\/{rel}","templated":true}]}}