{"id":4006,"date":"2018-06-18T12:28:56","date_gmt":"2018-06-18T10:28:56","guid":{"rendered":"https:\/\/fondation-pvsyst.org\/preprod\/aktuelles\/stellenbeschreibung-promess-koordinator-juni-2018\/"},"modified":"2024-06-27T11:10:45","modified_gmt":"2024-06-27T09:10:45","slug":"stellenbeschreibung-promess-koordinator-juni-2018","status":"publish","type":"page","link":"https:\/\/fondation-pvsyst.org\/de\/aktuelles\/stellenbeschreibung-promess-koordinator-juni-2018\/","title":{"rendered":"Stellenbeschreibung PROMESS-Koordinator, Juni 2018"},"content":{"rendered":"<div id=\"pl-4006\"  class=\"panel-layout\" ><div id=\"pg-4006-0\"  class=\"panel-grid panel-has-style\" ><div class=\"siteorigin-panels-stretch panel-row-style panel-row-style-for-4006-0\" data-stretch-type=\"full-width-stretch\" ><div id=\"pgc-4006-0-0\"  class=\"panel-grid-cell\" ><div id=\"panel-4006-0-0-0\" class=\"so-panel widget widget_sow-hero panel-first-child panel-last-child\" data-index=\"0\" ><div\n\t\t\t\n\t\t\tclass=\"so-widget-sow-hero so-widget-sow-hero-default-78d99ccfba76-4006 so-widget-fittext-wrapper\"\n\t\t\t data-fit-text-compressor=\"0.85\"\n\t\t>\t\t\t\t<div class=\"sow-slider-base\" style=\"display: none\" tabindex=\"0\">\n\t\t\t\t\t<ul\n\t\t\t\t\tclass=\"sow-slider-images\"\n\t\t\t\t\tdata-settings=\"{&quot;pagination&quot;:true,&quot;speed&quot;:800,&quot;timeout&quot;:8000,&quot;paused&quot;:false,&quot;pause_on_hover&quot;:false,&quot;swipe&quot;:true,&quot;nav_always_show_desktop&quot;:&quot;&quot;,&quot;nav_always_show_mobile&quot;:&quot;&quot;,&quot;breakpoint&quot;:&quot;780px&quot;,&quot;unmute&quot;:false,&quot;anchor&quot;:null}\"\n\t\t\t\t\tstyle=\"min-height: 300px\"\t\t\t\t\tdata-anchor-id=\"\"\n\t\t\t\t>\t\t<li class=\"sow-slider-image  sow-slider-image-cover\" style=\"visibility: visible;;background-color: #333333;background-image: url(https:\/\/fondation-pvsyst.org\/wp-content\/uploads\/2017\/02\/copie-0_classe_ecole_kemena_site.jpg)\" >\n\t\t\t\t\t<div class=\"sow-slider-image-container\">\n\t\t\t<div class=\"sow-slider-image-wrapper\">\n\t\t\t\t<h1 style=\"text-align: center\">Nachrichten<\/h1>\t\t\t<\/div>\n\t\t<\/div>\n\t\t\t\t<\/li>\n\t\t\t\t<li class=\"sow-slider-image  sow-slider-image-cover\" style=\"visibility: hidden;;background-color: #333333\" data-background=\"url(https:\/\/fondation-pvsyst.org\/wp-content\/uploads\/2017\/04\/Commune-de-Djiddah-Thiaroye-S\u00e9n\u00e9gal-2-e1491471627179.jpg)\" >\n\t\t\t\t\t<div class=\"sow-slider-image-container\">\n\t\t\t<div class=\"sow-slider-image-wrapper\">\n\t\t\t\t<h1 style=\"text-align: center\">Nachrichten<\/h1>\t\t\t<\/div>\n\t\t<\/div>\n\t\t\t\t<\/li>\n\t\t\t\t<li class=\"sow-slider-image  sow-slider-image-cover\" style=\"visibility: hidden;;background-color: #333333\" data-background=\"url(https:\/\/fondation-pvsyst.org\/wp-content\/uploads\/2017\/04\/Commune-de-Bamba-S\u00e9n\u00e9gal-4-e1491471509373.jpg)\" >\n\t\t\t\t\t<div class=\"sow-slider-image-container\">\n\t\t\t<div class=\"sow-slider-image-wrapper\">\n\t\t\t\t<h1 style=\"text-align: center\">Nachrichten<\/h1>\t\t\t<\/div>\n\t\t<\/div>\n\t\t\t\t<\/li>\n\t\t<\/ul>\t\t\t\t<ol class=\"sow-slider-pagination\">\n\t\t\t\t\t\t\t\t\t\t\t<li><a href=\"#\" data-goto=\"0\" aria-label=\"Display slide 1\"><\/a><\/li>\n\t\t\t\t\t\t\t\t\t\t\t<li><a href=\"#\" data-goto=\"1\" aria-label=\"Display slide 2\"><\/a><\/li>\n\t\t\t\t\t\t\t\t\t\t\t<li><a href=\"#\" data-goto=\"2\" aria-label=\"Display slide 3\"><\/a><\/li>\n\t\t\t\t\t\t\t\t\t<\/ol>\n\n\t\t\t\t<div class=\"sow-slide-nav sow-slide-nav-next\">\n\t\t\t\t\t<a href=\"#\" data-goto=\"next\" aria-label=\"Next slide\" data-action=\"next\">\n\t\t\t\t\t\t<em class=\"sow-sld-icon-thin-right\"><\/em>\n\t\t\t\t\t<\/a>\n\t\t\t\t<\/div>\n\n\t\t\t\t<div class=\"sow-slide-nav sow-slide-nav-prev\">\n\t\t\t\t\t<a href=\"#\" data-goto=\"previous\" aria-label=\"Previous slide\" data-action=\"prev\">\n\t\t\t\t\t\t<em class=\"sow-sld-icon-thin-left\"><\/em>\n\t\t\t\t\t<\/a>\n\t\t\t\t<\/div>\n\t\t\t\t<\/div><\/div><\/div><\/div><\/div><\/div><div id=\"pg-4006-1\"  class=\"panel-grid panel-no-style\" ><div id=\"pgc-4006-1-0\"  class=\"panel-grid-cell\" ><div id=\"panel-4006-1-0-0\" class=\"so-panel widget widget_sow-headline panel-first-child\" data-index=\"1\" ><div\n\t\t\t\n\t\t\tclass=\"so-widget-sow-headline so-widget-sow-headline-default-c7f53436cd86-4006\"\n\t\t\t\n\t\t><div class=\"sow-headline-container \">\n\t\t\t\t\t\t\t<h4 class=\"sow-headline\">\n\t\t\t\t\t\t<b>  Stellenbeschreibung Koordinator\/in f\u00fcr das PROMESS-Projekt  <\/b>\t\t\t\t\t\t<\/h4>\n\t\t\t\t\t\t\t\t\t\t\t<div class=\"decoration\">\n\t\t\t\t\t\t<div class=\"decoration-inside\"><\/div>\n\t\t\t\t\t<\/div>\n\t\t\t\t\t<\/div>\n<\/div><\/div><div id=\"panel-4006-1-0-1\" class=\"so-panel widget widget_sow-editor panel-last-child\" data-index=\"2\" ><div\n\t\t\t\n\t\t\tclass=\"so-widget-sow-editor so-widget-sow-editor-base\"\n\t\t\t\n\t\t>\n<div class=\"siteorigin-widget-tinymce textwidget\">\n\t<p style=\"text-align: center;\">Projekt <a href=\"https:\/\/fondation-pvsyst.org\/de\/projekte\/promess-senegal\/\">PROMESS<\/a>, Ausbildungs-, Anwendungs- und Gr\u00fcnderzentrum f\u00fcr Photovoltaik-Berufe<\/p>\n<h3>Allgemeine Bestimmungen :<\/h3>\n<ol>\n<li>Der Projektkoordinator ist ein Angestellter von Une Lumi\u00e8re dans la Rue, der Partnerorganisation des Projekts und Verwalter des Ausbildungszentrums unter der Autorit\u00e4t des Direktionskomitees (CoDir) des Zentrums.<\/li>\n<li>Der Projektkoordinator ist eine mittlere F\u00fchrungskraft, die dem CoDir des Zentrums unterstellt ist.<\/li>\n<li>Er muss seine gesamte vertraglich festgelegte Zeit f\u00fcr seine Aufgaben verwenden und darf ohne ausdr\u00fcckliche Genehmigung des CoDir des Zentrums keine anderen bezahlten T\u00e4tigkeiten aus\u00fcben.<\/li>\n<\/ol>\n<hr>\n<h3>Aufgaben<\/h3>\n<ul>\n<li>Der\/die Projektkoordinator\/in ist verantwortlich f\u00fcr die Umsetzung des Projekts und insbesondere f\u00fcr den ordnungsgem\u00e4\u00dfen Betrieb des Ausbildungszentrums.<\/li>\n<li>Er\/sie entwickelt auf der Grundlage der internen Prozesse Vorschl\u00e4ge und Strategien, die er\/sie dem Vorstand zur Bearbeitung vorlegt, und sorgt f\u00fcr die langfristige Entwicklung der Institution.<\/li>\n<li>Er\/sie ist verantwortlich f\u00fcr die Umsetzung der Entscheidungen des Verwaltungsrates.<\/li>\n<li>Er\/sie erstellt die verschiedenen T\u00e4tigkeitsberichte, die er\/sie dem CoDir vorlegt, bevor sie an die Geldgeber und die senegalesischen Beh\u00f6rden gesendet werden.<\/li>\n<li>Er\/sie koordiniert das Team des Zentrums, einschlie\u00dflich Personalfragen, und ist verantwortlich f\u00fcr den reibungslosen Betrieb des Zentrums und die Verwaltung des Verm\u00f6gens des Zentrums.<\/li>\n<li>In Absprache mit dem CoDir entwickelt und pflegt er\/sie die Beziehungen zu den senegalesischen Beh\u00f6rden, den Fachleuten des Energiesektors, der Berufsausbildung und den lokalen Beh\u00f6rden und Institutionen, die Partner des Zentrums sind, sowie zu den Medien.<\/li>\n<li>Er ist f\u00fcr die Verwaltung und das Finanzmanagement des Ausbildungszentrums sowie f\u00fcr Dienstleistungen, Zusammenarbeit und Partnerschaften zust\u00e4ndig.<\/li>\n<\/ul>\n<h4><u>1. Leitung des Bildungszentrums<\/u><\/h4>\n<p><span style=\"text-decoration: underline;\">Grundlegende Aktivit\u00e4ten<\/span><\/p>\n<ul>\n<li>eine klare und kurze Methodik f\u00fcr die Einrichtung und den Start der Aktivit\u00e4ten des Zentrums definieren<\/li>\n<li>Entwicklung eines Organigramms f\u00fcr die Ausf\u00fchrung der Aktivit\u00e4ten des Zentrums.<\/li>\n<li>Begleitung der Umsetzung eines Handbuchs f\u00fcr administrative, technische und finanzielle Verfahren<\/li>\n<li>Einholen der von den Verwaltungsbeh\u00f6rden verlangten Genehmigungen und Anerkennungen<\/li>\n<\/ul>\n<p><span style=\"text-decoration: underline;\">Spezifische Aktivit\u00e4ten<\/span><\/p>\n<ul>\n<li>Beaufsichtigung und Berichterstattung \u00fcber die Bilanz der Aktivit\u00e4ten des Ausbildungszentrums an den Vorstand und die Geldgeber.<\/li>\n<li>Beaufsichtigung der Schulungen (in Zusammenarbeit mit dem p\u00e4dagogischen Leiter)<\/li>\n<li>Einstellung des Personals des Zentrums und der Ausbilder (in Zusammenarbeit mit dem p\u00e4dagogischen Leiter)<\/li>\n<li>Verhandlung und Entwurf des Betriebsmodells des Zentrums<\/li>\n<li>Beaufsichtigen Sie die p\u00e4dagogische, administrative und finanzielle \u00dcberwachung der Ziele des Zentrums.<\/li>\n<li>Kontrolle der Einhaltung der Verfahren<\/li>\n<li>Verwaltung des Gesamtbudgets des Zentrums in Abstimmung mit den Partnern<\/li>\n<li>das Team des Zentrums zu betreuen und die mit den Ausbildern abgeschlossenen Rahmenvertr\u00e4ge zu \u00fcberwachen<\/li>\n<li>Werbung f\u00fcr die Einrichtung, Produkte oder Dienstleistungen machen<\/li>\n<li>Koordinierung der externen Interventionen des Zentrums, insbesondere der praktischen Arbeiten der Studenten in Verbindung mit den Partnerunternehmen und Kunden.<\/li>\n<\/ul>\n<h4><span style=\"text-decoration: underline;\">2. Studienleitung<\/span><\/h4>\n<p><span style=\"text-decoration: underline;\">Verwaltung und Management<\/span><\/p>\n<ul>\n<li>Ermitteln Sie die Kosten: L\u00f6hne, Versicherungen, Waren, Miete, finanzielle Belastungen usw. Die Kosten werden in der Regel von der Regierung festgelegt.<\/li>\n<li>Berechnung des Umsatzes, des Gewinns oder des Verlusts<\/li>\n<li>Planung von Investitionen (Renovierung, technische Ausstattung usw.) und Einrichtung der Einrichtung<\/li>\n<\/ul>\n<p><span style=\"text-decoration: underline;\">Personalverwaltung<\/span><\/p>\n<ul>\n<li>den Personalbedarf einsch\u00e4tzen, neue Mitarbeiter und Ausbilder einstellen, schulen und betreuen, Vertr\u00e4ge aufsetzen, Arbeitszeiten, Urlaub und Ferien planen<\/li>\n<li>Arbeitsverfahren f\u00fcr jeden Arbeitsplatz einf\u00fchren, sicherstellen, dass sie gut organisiert sind und die Qualit\u00e4t der Leistungen \u00fcberwachen<\/li>\n<\/ul>\n<p><span style=\"text-decoration: underline;\">Au\u00dfenbeziehungen<\/span><\/p>\n<ul>\n<li>Erstellen Sie einen Kommunikationsplan und identifizieren Sie die lokalen Partner des Zentrums (Staat, lokale Beh\u00f6rden, Privatsektor, potenzielle Kunden usw.).<\/li>\n<li>Definition und Entwicklung von konjunkturgerechten Partnerschaftsstrategien, insbesondere um (i) Schulbaustellen, (ii) die Diversifizierung des Finanzierungsmodells des Zentrums im Laufe der Zeit<\/li>\n<li>Beantwortung von Anfragen zu Partnerschaften, Ausschreibungen, Teilnahme an Veranstaltungen usw.<\/li>\n<li>Aufrechterhaltung eines regelm\u00e4\u00dfigen Kontakts mit ehemaligen Studenten, Kunden und technischen und institutionellen Partnern; Erweiterung des Adressbuchs.<\/li>\n<\/ul>\n<p>Der\/die Projektkoordinator\/in verbringt einen Gro\u00dfteil seiner\/ihrer Arbeit im Zentrum. Er f\u00fchrt systematisch Kontrollbesuche auf den Baustellen durch und nimmt gelegentlich an externen Veranstaltungen teil. Der Arbeitsrhythmus kann je nach Wochentag und Jahreszeit variieren.<\/p>\n<hr>\n<h3>Erforderliche Qualifikationen:<\/h3>\n<ul>\n<li>Einhaltung der Werte und der Charta von \"Une Lumi\u00e8re dans la Rue\" (Ein Licht in der Stra\u00dfe)<\/li>\n<li>Gute Kenntnisse und Erfahrung in der Ausbildung in technischen Abteilungen<\/li>\n<li>Nachgewiesene Erfahrung in der Verantwortung und Leitung von multidisziplin\u00e4ren Teams<\/li>\n<li>Gro\u00dfe Erfahrung in der Finanzplanung und im Finanzmanagement<\/li>\n<li>Bew\u00e4hrte Strategie-, Umsetzungs- und Innovationsf\u00e4higkeit<\/li>\n<li>Verhandlungsf\u00e4higkeit<\/li>\n<li>Gute Kenntnisse der Institutionen f\u00fcr Berufsbildung und berufliche Eingliederung<\/li>\n<li>F\u00e4higkeit zur Synthese und zum Verfassen von Texten<\/li>\n<li>Einfache Nutzung von Computer-, B\u00fcro- und Web-Tools.<\/li>\n<li>Franz\u00f6sisch (Hauptarbeitssprache), Wolof<\/li>\n<li>Hohe Flexibilit\u00e4t bei der Arbeitszeit und den Reisen.<\/li>\n<\/ul>\n<p>Der Lenkungsausschuss des Zentrums beh\u00e4lt sich das Recht vor, \u00c4nderungen oder Erg\u00e4nzungen zu dieser Spezifikation vorzuschlagen oder den Umfang eines Artikels zu pr\u00e4zisieren.<\/p>\n<p>Bewerbungen von Frauen sind ausdr\u00fccklich erw\u00fcnscht.<\/p>\n<hr>\n<h3>Bewerbungsmodalit\u00e4ten:<\/h3>\n<p>Geplanter Amtsantritt: Juli 2018<\/p>\n<p>Wenn Sie an dieser Herausforderung interessiert sind, senden Sie bitte ein Motivationsschreiben und Ihren Lebenslauf per E-Mail an:<\/p>\n<p><a href=\"mailto:contact@fondation-pvsyst.org\">contact@fondation-pvsyst.org<\/a> &amp; <a href=\"mailto:info@acced.ch\">info@acced.ch<\/a><\/p>\n<p>&nbsp;<\/p>\n<p>&nbsp;<\/p>\n<\/div>\n<\/div><\/div><\/div><\/div><\/div>","protected":false},"excerpt":{"rendered":"<p>Projekt PROMESS, Ausbildungs-, Anwendungs- und Gr\u00fcnderzentrum f\u00fcr Photovoltaik-Berufe Allgemeine Bestimmungen : Der Projektkoordinator ist ein Angestellter von Une Lumi\u00e8re dans la Rue, der Partnerorganisation des Projekts und Verwalter des Ausbildungszentrums unter der Autorit\u00e4t des Direktionskomitees (CoDir) des Zentrums. Der Projektkoordinator ist eine mittlere F\u00fchrungskraft, die dem CoDir des Zentrums unterstellt ist. Er muss seine gesamte<\/p>\n","protected":false},"author":1,"featured_media":0,"parent":1558,"menu_order":0,"comment_status":"closed","ping_status":"closed","template":"","meta":{"footnotes":""},"class_list":["post-4006","page","type-page","status-publish","hentry"],"_links":{"self":[{"href":"https:\/\/fondation-pvsyst.org\/de\/wp-json\/wp\/v2\/pages\/4006","targetHints":{"allow":["GET"]}}],"collection":[{"href":"https:\/\/fondation-pvsyst.org\/de\/wp-json\/wp\/v2\/pages"}],"about":[{"href":"https:\/\/fondation-pvsyst.org\/de\/wp-json\/wp\/v2\/types\/page"}],"author":[{"embeddable":true,"href":"https:\/\/fondation-pvsyst.org\/de\/wp-json\/wp\/v2\/users\/1"}],"replies":[{"embeddable":true,"href":"https:\/\/fondation-pvsyst.org\/de\/wp-json\/wp\/v2\/comments?post=4006"}],"version-history":[{"count":1,"href":"https:\/\/fondation-pvsyst.org\/de\/wp-json\/wp\/v2\/pages\/4006\/revisions"}],"predecessor-version":[{"id":4007,"href":"https:\/\/fondation-pvsyst.org\/de\/wp-json\/wp\/v2\/pages\/4006\/revisions\/4007"}],"up":[{"embeddable":true,"href":"https:\/\/fondation-pvsyst.org\/de\/wp-json\/wp\/v2\/pages\/1558"}],"wp:attachment":[{"href":"https:\/\/fondation-pvsyst.org\/de\/wp-json\/wp\/v2\/media?parent=4006"}],"curies":[{"name":"wp","href":"https:\/\/api.w.org\/{rel}","templated":true}]}}