{"id":3972,"date":"2019-10-01T14:28:44","date_gmt":"2019-10-01T12:28:44","guid":{"rendered":"https:\/\/fondation-pvsyst.org\/preprod\/aktuelles\/besuch-von-promess-durch-die-pvsyst-foundation-september-2019\/"},"modified":"2024-06-27T11:06:35","modified_gmt":"2024-06-27T09:06:35","slug":"besuch-von-promess-durch-die-pvsyst-foundation-september-2019","status":"publish","type":"page","link":"https:\/\/fondation-pvsyst.org\/de\/aktuelles\/besuch-von-promess-durch-die-pvsyst-foundation-september-2019\/","title":{"rendered":"Besuch von PROMESS durch die PVSYST Foundation , September 2019"},"content":{"rendered":"<div id=\"pl-3972\"  class=\"panel-layout\" ><div id=\"pg-3972-0\"  class=\"panel-grid panel-has-style\" ><div class=\"siteorigin-panels-stretch panel-row-style panel-row-style-for-3972-0\" data-stretch-type=\"full-width-stretch\" ><div id=\"pgc-3972-0-0\"  class=\"panel-grid-cell\" ><div id=\"panel-3972-0-0-0\" class=\"so-panel widget widget_sow-hero panel-first-child panel-last-child\" data-index=\"0\" ><div\n\t\t\t\n\t\t\tclass=\"so-widget-sow-hero so-widget-sow-hero-default-78d99ccfba76-3972 so-widget-fittext-wrapper\"\n\t\t\t data-fit-text-compressor=\"0.85\"\n\t\t>\t\t\t\t<div class=\"sow-slider-base\" style=\"display: none\" tabindex=\"0\">\n\t\t\t\t\t<ul\n\t\t\t\t\tclass=\"sow-slider-images\"\n\t\t\t\t\tdata-settings=\"{&quot;pagination&quot;:true,&quot;speed&quot;:800,&quot;timeout&quot;:8000,&quot;paused&quot;:false,&quot;pause_on_hover&quot;:false,&quot;swipe&quot;:true,&quot;nav_always_show_desktop&quot;:&quot;&quot;,&quot;nav_always_show_mobile&quot;:&quot;&quot;,&quot;breakpoint&quot;:&quot;780px&quot;,&quot;unmute&quot;:false,&quot;anchor&quot;:null}\"\n\t\t\t\t\tstyle=\"min-height: 300px\"\t\t\t\t\tdata-anchor-id=\"\"\n\t\t\t\t>\t\t<li class=\"sow-slider-image  sow-slider-image-cover\" style=\"visibility: visible;;background-color: #333333;background-image: url(https:\/\/fondation-pvsyst.org\/wp-content\/uploads\/2017\/02\/copie-0_classe_ecole_kemena_site.jpg)\" >\n\t\t\t\t\t<div class=\"sow-slider-image-container\">\n\t\t\t<div class=\"sow-slider-image-wrapper\">\n\t\t\t\t<h1 style=\"text-align: center\">Nachrichten<\/h1>\t\t\t<\/div>\n\t\t<\/div>\n\t\t\t\t<\/li>\n\t\t\t\t<li class=\"sow-slider-image  sow-slider-image-cover\" style=\"visibility: hidden;;background-color: #333333\" data-background=\"url(https:\/\/fondation-pvsyst.org\/wp-content\/uploads\/2017\/04\/Commune-de-Djiddah-Thiaroye-S\u00e9n\u00e9gal-2-e1491471627179.jpg)\" >\n\t\t\t\t\t<div class=\"sow-slider-image-container\">\n\t\t\t<div class=\"sow-slider-image-wrapper\">\n\t\t\t\t<h1 style=\"text-align: center\">Nachrichten<\/h1>\n\t\t\t<\/div>\n\t\t<\/div>\n\t\t\t\t<\/li>\n\t\t\t\t<li class=\"sow-slider-image  sow-slider-image-cover\" style=\"visibility: hidden;;background-color: #333333\" data-background=\"url(https:\/\/fondation-pvsyst.org\/wp-content\/uploads\/2017\/04\/Commune-de-Bamba-S\u00e9n\u00e9gal-4-e1491471509373.jpg)\" >\n\t\t\t\t\t<div class=\"sow-slider-image-container\">\n\t\t\t<div class=\"sow-slider-image-wrapper\">\n\t\t\t\t<h1 style=\"text-align: center\">Nachrichten<\/h1>\n\t\t\t<\/div>\n\t\t<\/div>\n\t\t\t\t<\/li>\n\t\t<\/ul>\t\t\t\t<ol class=\"sow-slider-pagination\">\n\t\t\t\t\t\t\t\t\t\t\t<li><a href=\"#\" data-goto=\"0\" aria-label=\"Display slide 1\"><\/a><\/li>\n\t\t\t\t\t\t\t\t\t\t\t<li><a href=\"#\" data-goto=\"1\" aria-label=\"Display slide 2\"><\/a><\/li>\n\t\t\t\t\t\t\t\t\t\t\t<li><a href=\"#\" data-goto=\"2\" aria-label=\"Display slide 3\"><\/a><\/li>\n\t\t\t\t\t\t\t\t\t<\/ol>\n\n\t\t\t\t<div class=\"sow-slide-nav sow-slide-nav-next\">\n\t\t\t\t\t<a href=\"#\" data-goto=\"next\" aria-label=\"Next slide\" data-action=\"next\">\n\t\t\t\t\t\t<em class=\"sow-sld-icon-thin-right\"><\/em>\n\t\t\t\t\t<\/a>\n\t\t\t\t<\/div>\n\n\t\t\t\t<div class=\"sow-slide-nav sow-slide-nav-prev\">\n\t\t\t\t\t<a href=\"#\" data-goto=\"previous\" aria-label=\"Previous slide\" data-action=\"prev\">\n\t\t\t\t\t\t<em class=\"sow-sld-icon-thin-left\"><\/em>\n\t\t\t\t\t<\/a>\n\t\t\t\t<\/div>\n\t\t\t\t<\/div><\/div><\/div><\/div><\/div><\/div><div id=\"pg-3972-1\"  class=\"panel-grid panel-no-style\" ><div id=\"pgc-3972-1-0\"  class=\"panel-grid-cell\" ><div id=\"panel-3972-1-0-0\" class=\"so-panel widget widget_sow-headline panel-first-child\" data-index=\"1\" ><div\n\t\t\t\n\t\t\tclass=\"so-widget-sow-headline so-widget-sow-headline-default-c7f53436cd86-3972\"\n\t\t\t\n\t\t><div class=\"sow-headline-container \">\n\t\t\t\t\t\t\t<h4 class=\"sow-headline\">\n\t\t\t\t\t\t<b>Besuch von PROMESS durch die PVSYST Foundation, September 2019<\/b>\t\t\t\t\t\t<\/h4>\n\t\t\t\t\t\t\t\t\t\t\t<div class=\"decoration\">\n\t\t\t\t\t\t<div class=\"decoration-inside\"><\/div>\n\t\t\t\t\t<\/div>\n\t\t\t\t\t<\/div>\n<\/div><\/div><div id=\"panel-3972-1-0-1\" class=\"so-panel widget widget_sow-editor panel-last-child\" data-index=\"2\" ><div\n\t\t\t\n\t\t\tclass=\"so-widget-sow-editor so-widget-sow-editor-base\"\n\t\t\t\n\t\t>\n<div class=\"siteorigin-widget-tinymce textwidget\">\n\t<p>Zwei Mitglieder der PVSYST-Stiftung reisten nach Thi\u00e8s im Senegal, um das PROMESS-Team zu treffen und nach einem Jahr eine Bestandsaufnahme des Projektfortschritts vorzunehmen.<\/p>\n<p>Die ersten Gespr\u00e4che ergaben ein dynamisches und vielseitiges Team, das sich das Projekt perfekt zu eigen gemacht hat und einen gemeinsamen Willen hat, das Projekt am Leben zu erhalten und zu steigern. Die Diskussionen und Besuche waren reich und informativ und f\u00fchrten zu einigen Beobachtungen:<\/p>\n<ul>\n<li>Die Kombination von Theorie und Praxis wird als besonders relevant anerkannt und die Lehrbaustellen stellen einen echten Mehrwert f\u00fcr die Ausbildung dar.<\/li>\n<li>Die allgemeine Feststellung ist, dass die Nachfrage nach dieser Art von Fortbildung vor Ort wirklich vorhanden ist, aber es ist schwierig, drei Monate am St\u00fcck f\u00fcr die Teilnahme an der Fortbildung zu mobilisieren, und daher m\u00fcssen geeignetere Einrichtungen getestet werden.<\/li>\n<li>Die Bereitstellung von als qualitativ hochwertig anerkanntem Material kann die Realisierung von PV-Systemen f\u00fcr ehemalige Lernende erleichtern, was eine Einkommensquelle f\u00fcr das Zentrum darstellen k\u00f6nnte.<\/li>\n<li>Feedback ist wichtig: Feedback von ehemaligen Lernenden, Ausbildern, Eigent\u00fcmern usw. ist wichtig zu sammeln, um Problembereiche zu korrigieren.<\/li>\n<\/ul>\n<p>Die PVSYST Foundation dankt dem PROMESS-Team f\u00fcr seine Proaktivit\u00e4t und Verf\u00fcgbarkeit bei der Organisation und Durchf\u00fchrung des Austauschs im Senegal trotz eines sehr engen Zeitplans.<\/p>\n<p>&nbsp;<\/p>\n<p>&nbsp;<\/p>\n<p><script src=\"moz-extension:\/\/b834d612-327a-42be-9dbc-90fb836667d9\/inject_scripts\/search_videos.js\" async=\"\"><\/script><\/p>\n<\/div>\n<\/div><\/div><\/div><\/div><div id=\"pg-3972-2\"  class=\"panel-grid panel-no-style\" ><div id=\"pgc-3972-2-0\"  class=\"panel-grid-cell panel-grid-cell-empty\" ><\/div><div id=\"pgc-3972-2-1\"  class=\"panel-grid-cell panel-grid-cell-mobile-last\" ><div id=\"panel-3972-2-1-0\" class=\"so-panel widget widget_sow-hero panel-first-child panel-last-child\" data-index=\"3\" ><div\n\t\t\t\n\t\t\tclass=\"so-widget-sow-hero so-widget-sow-hero-default-f751e77c822c-3972 so-widget-fittext-wrapper\"\n\t\t\t data-fit-text-compressor=\"0.85\"\n\t\t>\t\t\t\t<div class=\"sow-slider-base\" style=\"display: none\" tabindex=\"0\">\n\t\t\t\t\t<ul\n\t\t\t\t\tclass=\"sow-slider-images\"\n\t\t\t\t\tdata-settings=\"{&quot;pagination&quot;:true,&quot;speed&quot;:800,&quot;timeout&quot;:8000,&quot;paused&quot;:false,&quot;pause_on_hover&quot;:false,&quot;swipe&quot;:true,&quot;nav_always_show_desktop&quot;:&quot;&quot;,&quot;nav_always_show_mobile&quot;:&quot;&quot;,&quot;breakpoint&quot;:&quot;780px&quot;,&quot;unmute&quot;:false,&quot;anchor&quot;:null}\"\n\t\t\t\t\tstyle=\"min-height: 400px\"\t\t\t\t\tdata-anchor-id=\"\"\n\t\t\t\t>\t\t<li class=\"sow-slider-image  sow-slider-image-cover\" style=\"visibility: visible;;background-color: #333333;background-image: url(https:\/\/fondation-pvsyst.org\/wp-content\/uploads\/2019\/10\/FC1-Anna-1-e1569921923181.jpg)\" >\n\t\t\t\t\t<div class=\"sow-slider-image-container\">\n\t\t\t<div class=\"sow-slider-image-wrapper\">\n\t\t\t\t\t\t\t<\/div>\n\t\t<\/div>\n\t\t\t\t<\/li>\n\t\t\t\t<li class=\"sow-slider-image  sow-slider-image-cover\" style=\"visibility: hidden;;background-color: #333333\" data-background=\"url(https:\/\/fondation-pvsyst.org\/wp-content\/uploads\/2019\/10\/IMG_20190918_164859-e1569922024949.jpg)\" >\n\t\t\t\t\t<div class=\"sow-slider-image-container\">\n\t\t\t<div class=\"sow-slider-image-wrapper\">\n\t\t\t\t\t\t\t<\/div>\n\t\t<\/div>\n\t\t\t\t<\/li>\n\t\t\t\t<li class=\"sow-slider-image  sow-slider-image-cover\" style=\"visibility: hidden;;background-color: #333333\" data-background=\"url(https:\/\/fondation-pvsyst.org\/wp-content\/uploads\/2019\/10\/IMG_20190918_220504-e1569922068273.jpg)\" >\n\t\t\t\t\t<div class=\"sow-slider-image-container\">\n\t\t\t<div class=\"sow-slider-image-wrapper\">\n\t\t\t\t\t\t\t<\/div>\n\t\t<\/div>\n\t\t\t\t<\/li>\n\t\t<\/ul>\t\t\t\t<ol class=\"sow-slider-pagination\">\n\t\t\t\t\t\t\t\t\t\t\t<li><a href=\"#\" data-goto=\"0\" aria-label=\"Display slide 1\"><\/a><\/li>\n\t\t\t\t\t\t\t\t\t\t\t<li><a href=\"#\" data-goto=\"1\" aria-label=\"Display slide 2\"><\/a><\/li>\n\t\t\t\t\t\t\t\t\t\t\t<li><a href=\"#\" data-goto=\"2\" aria-label=\"Display slide 3\"><\/a><\/li>\n\t\t\t\t\t\t\t\t\t<\/ol>\n\n\t\t\t\t<div class=\"sow-slide-nav sow-slide-nav-next\">\n\t\t\t\t\t<a href=\"#\" data-goto=\"next\" aria-label=\"Next slide\" data-action=\"next\">\n\t\t\t\t\t\t<em class=\"sow-sld-icon-thin-right\"><\/em>\n\t\t\t\t\t<\/a>\n\t\t\t\t<\/div>\n\n\t\t\t\t<div class=\"sow-slide-nav sow-slide-nav-prev\">\n\t\t\t\t\t<a href=\"#\" data-goto=\"previous\" aria-label=\"Previous slide\" data-action=\"prev\">\n\t\t\t\t\t\t<em class=\"sow-sld-icon-thin-left\"><\/em>\n\t\t\t\t\t<\/a>\n\t\t\t\t<\/div>\n\t\t\t\t<\/div><\/div><\/div><\/div><div id=\"pgc-3972-2-2\"  class=\"panel-grid-cell panel-grid-cell-empty\" ><\/div><\/div><\/div>","protected":false},"excerpt":{"rendered":"<p>Zwei Mitglieder der PVSYST-Stiftung reisten nach Thi\u00e8s im Senegal, um das PROMESS-Team zu treffen und nach einem Jahr eine Bestandsaufnahme des Projektfortschritts vorzunehmen. Die ersten Gespr\u00e4che ergaben ein dynamisches und vielseitiges Team, das sich das Projekt perfekt zu eigen gemacht hat und einen gemeinsamen Willen hat, das Projekt am Leben zu erhalten und zu steigern.<\/p>\n","protected":false},"author":1,"featured_media":0,"parent":1558,"menu_order":0,"comment_status":"closed","ping_status":"closed","template":"","meta":{"footnotes":""},"class_list":["post-3972","page","type-page","status-publish","hentry"],"_links":{"self":[{"href":"https:\/\/fondation-pvsyst.org\/de\/wp-json\/wp\/v2\/pages\/3972","targetHints":{"allow":["GET"]}}],"collection":[{"href":"https:\/\/fondation-pvsyst.org\/de\/wp-json\/wp\/v2\/pages"}],"about":[{"href":"https:\/\/fondation-pvsyst.org\/de\/wp-json\/wp\/v2\/types\/page"}],"author":[{"embeddable":true,"href":"https:\/\/fondation-pvsyst.org\/de\/wp-json\/wp\/v2\/users\/1"}],"replies":[{"embeddable":true,"href":"https:\/\/fondation-pvsyst.org\/de\/wp-json\/wp\/v2\/comments?post=3972"}],"version-history":[{"count":1,"href":"https:\/\/fondation-pvsyst.org\/de\/wp-json\/wp\/v2\/pages\/3972\/revisions"}],"predecessor-version":[{"id":3973,"href":"https:\/\/fondation-pvsyst.org\/de\/wp-json\/wp\/v2\/pages\/3972\/revisions\/3973"}],"up":[{"embeddable":true,"href":"https:\/\/fondation-pvsyst.org\/de\/wp-json\/wp\/v2\/pages\/1558"}],"wp:attachment":[{"href":"https:\/\/fondation-pvsyst.org\/de\/wp-json\/wp\/v2\/media?parent=3972"}],"curies":[{"name":"wp","href":"https:\/\/api.w.org\/{rel}","templated":true}]}}