{"id":3940,"date":"2022-10-20T14:54:01","date_gmt":"2022-10-20T12:54:01","guid":{"rendered":"https:\/\/fondation-pvsyst.org\/preprod\/aktuelles\/nachfolgemission-des-promee-projekts-in-kirgisistan-oktober-2022\/"},"modified":"2024-06-26T16:12:30","modified_gmt":"2024-06-26T14:12:30","slug":"nachfolgemission-des-promee-projekts-in-kirgisistan-oktober-2022","status":"publish","type":"page","link":"https:\/\/fondation-pvsyst.org\/de\/aktuelles\/nachfolgemission-des-promee-projekts-in-kirgisistan-oktober-2022\/","title":{"rendered":"Nachfolgemission des PROMEE-Projekts in Kirgisistan, Oktober 2022"},"content":{"rendered":"<div id=\"pl-3940\"  class=\"panel-layout\" ><div id=\"pg-3940-0\"  class=\"panel-grid panel-has-style\" ><div class=\"siteorigin-panels-stretch panel-row-style panel-row-style-for-3940-0\" data-stretch-type=\"full-stretched\" ><div id=\"pgc-3940-0-0\"  class=\"panel-grid-cell\" ><div id=\"panel-3940-0-0-0\" class=\"so-panel widget widget_sow-hero panel-first-child panel-last-child\" data-index=\"0\" ><div\n\t\t\t\n\t\t\tclass=\"so-widget-sow-hero so-widget-sow-hero-default-78d99ccfba76-3940 so-widget-fittext-wrapper\"\n\t\t\t data-fit-text-compressor=\"0.85\"\n\t\t>\t\t\t\t<div class=\"sow-slider-base\" style=\"display: none\" tabindex=\"0\">\n\t\t\t\t\t<ul\n\t\t\t\t\tclass=\"sow-slider-images\"\n\t\t\t\t\tdata-settings=\"{&quot;pagination&quot;:true,&quot;speed&quot;:800,&quot;timeout&quot;:8000,&quot;paused&quot;:false,&quot;pause_on_hover&quot;:false,&quot;swipe&quot;:true,&quot;nav_always_show_desktop&quot;:&quot;&quot;,&quot;nav_always_show_mobile&quot;:&quot;&quot;,&quot;breakpoint&quot;:&quot;780px&quot;,&quot;unmute&quot;:false,&quot;anchor&quot;:null}\"\n\t\t\t\t\tstyle=\"min-height: 300px\"\t\t\t\t\tdata-anchor-id=\"\"\n\t\t\t\t>\t\t<li class=\"sow-slider-image  sow-slider-image-cover\" style=\"visibility: visible;;background-color: #333333;background-image: url(https:\/\/fondation-pvsyst.org\/wp-content\/uploads\/2022\/10\/20220929_181531-scaled-e1666258490481.jpg)\" >\n\t\t\t\t\t<div class=\"sow-slider-image-container\">\n\t\t\t<div class=\"sow-slider-image-wrapper\">\n\t\t\t\t<h1 style=\"text-align: center\">Nachrichten<\/h1>\t\t\t<\/div>\n\t\t<\/div>\n\t\t\t\t<\/li>\n\t\t\t\t<li class=\"sow-slider-image  sow-slider-image-cover\" style=\"visibility: hidden;;background-color: #333333\" data-background=\"url(https:\/\/fondation-pvsyst.org\/wp-content\/uploads\/2017\/04\/Commune-de-Djiddah-Thiaroye-S\u00e9n\u00e9gal-2-e1491471627179.jpg)\" >\n\t\t\t\t\t<div class=\"sow-slider-image-container\">\n\t\t\t<div class=\"sow-slider-image-wrapper\">\n\t\t\t\t<h1 style=\"text-align: center\">Nachrichten<\/h1>\n\t\t\t<\/div>\n\t\t<\/div>\n\t\t\t\t<\/li>\n\t\t\t\t<li class=\"sow-slider-image  sow-slider-image-cover\" style=\"visibility: hidden;;background-color: #333333\" data-background=\"url(https:\/\/fondation-pvsyst.org\/wp-content\/uploads\/2022\/10\/20220930_203910-scaled.jpg)\" >\n\t\t\t\t\t<div class=\"sow-slider-image-container\">\n\t\t\t<div class=\"sow-slider-image-wrapper\">\n\t\t\t\t<h1 style=\"text-align: center\">Nachrichten<\/h1>\n\t\t\t<\/div>\n\t\t<\/div>\n\t\t\t\t<\/li>\n\t\t<\/ul>\t\t\t\t<ol class=\"sow-slider-pagination\">\n\t\t\t\t\t\t\t\t\t\t\t<li><a href=\"#\" data-goto=\"0\" aria-label=\"Display slide 1\"><\/a><\/li>\n\t\t\t\t\t\t\t\t\t\t\t<li><a href=\"#\" data-goto=\"1\" aria-label=\"Display slide 2\"><\/a><\/li>\n\t\t\t\t\t\t\t\t\t\t\t<li><a href=\"#\" data-goto=\"2\" aria-label=\"Display slide 3\"><\/a><\/li>\n\t\t\t\t\t\t\t\t\t<\/ol>\n\n\t\t\t\t<div class=\"sow-slide-nav sow-slide-nav-next\">\n\t\t\t\t\t<a href=\"#\" data-goto=\"next\" aria-label=\"Next slide\" data-action=\"next\">\n\t\t\t\t\t\t<em class=\"sow-sld-icon-thin-right\"><\/em>\n\t\t\t\t\t<\/a>\n\t\t\t\t<\/div>\n\n\t\t\t\t<div class=\"sow-slide-nav sow-slide-nav-prev\">\n\t\t\t\t\t<a href=\"#\" data-goto=\"previous\" aria-label=\"Previous slide\" data-action=\"prev\">\n\t\t\t\t\t\t<em class=\"sow-sld-icon-thin-left\"><\/em>\n\t\t\t\t\t<\/a>\n\t\t\t\t<\/div>\n\t\t\t\t<\/div><\/div><\/div><\/div><\/div><\/div><div id=\"pg-3940-1\"  class=\"panel-grid panel-no-style\" ><div id=\"pgc-3940-1-0\"  class=\"panel-grid-cell\" ><div id=\"panel-3940-1-0-0\" class=\"so-panel widget widget_sow-headline panel-first-child panel-last-child\" data-index=\"1\" ><div\n\t\t\t\n\t\t\tclass=\"so-widget-sow-headline so-widget-sow-headline-default-c489251631ff-3940\"\n\t\t\t\n\t\t><div class=\"sow-headline-container \">\n\t\t\t\t\t\t\t<h4 class=\"sow-headline\">\n\t\t\t\t\t\t<b>Nachfolgemission des PROMEE-Projekts in Kirgisistan, Oktober 2022  <\/b>\t\t\t\t\t\t<\/h4>\n\t\t\t\t\t\t\t\t\t\t\t<div class=\"decoration\">\n\t\t\t\t\t\t<div class=\"decoration-inside\"><\/div>\n\t\t\t\t\t<\/div>\n\t\t\t\t\t<\/div>\n<\/div><\/div><\/div><\/div><div id=\"pg-3940-2\"  class=\"panel-grid panel-no-style\" ><div id=\"pgc-3940-2-0\"  class=\"panel-grid-cell\" ><div id=\"panel-3940-2-0-0\" class=\"so-panel widget widget_sow-editor panel-first-child panel-last-child\" data-index=\"2\" ><div\n\t\t\t\n\t\t\tclass=\"so-widget-sow-editor so-widget-sow-editor-base\"\n\t\t\t\n\t\t>\n<div class=\"siteorigin-widget-tinymce textwidget\">\n\t<p>Die beiden Projektmanager der PVSYST-Stiftung reisten nach Kirgisistan, um das Team von CAMP Alatoo zu treffen, das das Projekt PROMEE (Professionals for the Mastering of Energy Efficiency) durchf\u00fchrt.<\/p>\n<p>Das Projekt hat folgende Ziele<\/p>\n<ul>\n<li>Ausbildung von Handwerkern in L\u00f6sungen und Techniken f\u00fcr W\u00e4rmed\u00e4mmungsarbeiten<\/li>\n<li>Beteiligung an der Finanzierung eines Fonds zur Vergabe von Verbraucherkrediten f\u00fcr Haushalte, die an Isolierungsarbeiten interessiert sind.<\/li>\n<\/ul>\n<p>Diese Mission bot die Gelegenheit, den Fortschritt des Projekts nach einem Jahr zu \u00fcberpr\u00fcfen. Der Gro\u00dfteil der Feldarbeit fand im Oblast Issyk-Kul im Nordosten des Landes statt.<\/p>\n<h4><strong>Ermutigende Anf\u00e4nge<\/strong><\/h4>\n<p>Die Kontakte mit der Vereinigung CAMP (Direktorin, Projektkoordinator, technischer Berater) waren sehr positiv und zeigten die F\u00e4higkeit dieses Teams, die Herausforderungen des Projekts zu erfassen und seine Umsetzung zu unterst\u00fctzen und zu \u00fcberwachen.<\/p>\n<p>Bisher wurden 13 Projekte zur W\u00e4rmed\u00e4mmung begonnen oder abgeschlossen. Die durchgef\u00fchrten Arbeiten zeigten ein solides Wissen \u00fcber Isolierungstechniken, insbesondere f\u00fcr die W\u00e4nde (Isolierung von au\u00dfen). 4 zus\u00e4tzliche Antr\u00e4ge werden derzeit gepr\u00fcft.<\/p>\n<\/div>\n<\/div><\/div><\/div><\/div><div id=\"pg-3940-3\"  class=\"panel-grid panel-no-style\" ><div id=\"pgc-3940-3-0\"  class=\"panel-grid-cell\" ><div id=\"panel-3940-3-0-0\" class=\"so-panel widget widget_sow-editor panel-first-child panel-last-child\" data-index=\"3\" ><div\n\t\t\t\n\t\t\tclass=\"so-widget-sow-editor so-widget-sow-editor-base\"\n\t\t\t\n\t\t>\n<div class=\"siteorigin-widget-tinymce textwidget\">\n\t<figure id=\"attachment_2410\" aria-describedby=\"caption-attachment-2410\" style=\"width: 300px\" class=\"wp-caption aligncenter\"><img loading=\"lazy\" decoding=\"async\" class=\"wp-image-2410\" src=\"http:\/\/fondation-pvsyst.org\/wp-content\/uploads\/2022\/10\/20220928_175740-146x300.jpg\" alt=\"\" width=\"300\" height=\"617\" srcset=\"https:\/\/fondation-pvsyst.org\/wp-content\/uploads\/2022\/10\/20220928_175740-146x300.jpg 146w, https:\/\/fondation-pvsyst.org\/wp-content\/uploads\/2022\/10\/20220928_175740-498x1024.jpg 498w, https:\/\/fondation-pvsyst.org\/wp-content\/uploads\/2022\/10\/20220928_175740-768x1580.jpg 768w, https:\/\/fondation-pvsyst.org\/wp-content\/uploads\/2022\/10\/20220928_175740-747x1536.jpg 747w, https:\/\/fondation-pvsyst.org\/wp-content\/uploads\/2022\/10\/20220928_175740-996x2048.jpg 996w, https:\/\/fondation-pvsyst.org\/wp-content\/uploads\/2022\/10\/20220928_175740-310x638.jpg 310w, https:\/\/fondation-pvsyst.org\/wp-content\/uploads\/2022\/10\/20220928_175740-scaled.jpg 1244w\" sizes=\"auto, (max-width: 300px) 100vw, 300px\" \/><figcaption id=\"caption-attachment-2410\" class=\"wp-caption-text\">Wandisolierungsarbeiten, Oblast Chuy<\/figcaption><\/figure>\n<\/div>\n<\/div><\/div><\/div><div id=\"pgc-3940-3-1\"  class=\"panel-grid-cell\" ><div id=\"panel-3940-3-1-0\" class=\"so-panel widget widget_sow-editor panel-first-child panel-last-child\" data-index=\"4\" ><div\n\t\t\t\n\t\t\tclass=\"so-widget-sow-editor so-widget-sow-editor-base\"\n\t\t\t\n\t\t>\n<div class=\"siteorigin-widget-tinymce textwidget\">\n\t<figure id=\"attachment_2411\" aria-describedby=\"caption-attachment-2411\" style=\"width: 300px\" class=\"wp-caption aligncenter\"><img loading=\"lazy\" decoding=\"async\" class=\"wp-image-2411\" src=\"http:\/\/fondation-pvsyst.org\/wp-content\/uploads\/2022\/10\/20220928_175913-146x300.jpg\" alt=\"\" width=\"300\" height=\"617\" srcset=\"https:\/\/fondation-pvsyst.org\/wp-content\/uploads\/2022\/10\/20220928_175913-146x300.jpg 146w, https:\/\/fondation-pvsyst.org\/wp-content\/uploads\/2022\/10\/20220928_175913-498x1024.jpg 498w, https:\/\/fondation-pvsyst.org\/wp-content\/uploads\/2022\/10\/20220928_175913-768x1580.jpg 768w, https:\/\/fondation-pvsyst.org\/wp-content\/uploads\/2022\/10\/20220928_175913-747x1536.jpg 747w, https:\/\/fondation-pvsyst.org\/wp-content\/uploads\/2022\/10\/20220928_175913-996x2048.jpg 996w, https:\/\/fondation-pvsyst.org\/wp-content\/uploads\/2022\/10\/20220928_175913-310x638.jpg 310w, https:\/\/fondation-pvsyst.org\/wp-content\/uploads\/2022\/10\/20220928_175913-scaled.jpg 1244w\" sizes=\"auto, (max-width: 300px) 100vw, 300px\" \/><figcaption id=\"caption-attachment-2411\" class=\"wp-caption-text\">Wandisolierungsarbeiten, Oblast Chuy<\/figcaption><\/figure>\n<\/div>\n<\/div><\/div><\/div><\/div><div id=\"pg-3940-4\"  class=\"panel-grid panel-no-style\" ><div id=\"pgc-3940-4-0\"  class=\"panel-grid-cell\" ><div id=\"panel-3940-4-0-0\" class=\"so-panel widget widget_sow-editor panel-first-child panel-last-child\" data-index=\"5\" ><div\n\t\t\t\n\t\t\tclass=\"so-widget-sow-editor so-widget-sow-editor-base\"\n\t\t\t\n\t\t>\n<div class=\"siteorigin-widget-tinymce textwidget\">\n\t<p>Alle befragten Haushalte betonten, dass das Kreditsystem (Zahlung \u00fcber 24 Monate) ein echter Hebel f\u00fcr die Entscheidung zur Durchf\u00fchrung der Arbeiten ist. Zum gegenw\u00e4rtigen Zeitpunkt werden die R\u00fcckzahlungsraten von allen betroffenen Haushalten eingehalten.<\/p>\n<p>&nbsp;<\/p>\n<figure id=\"attachment_2409\" aria-describedby=\"caption-attachment-2409\" style=\"width: 646px\" class=\"wp-caption aligncenter\"><img loading=\"lazy\" decoding=\"async\" class=\"wp-image-2409\" src=\"http:\/\/fondation-pvsyst.org\/wp-content\/uploads\/2022\/10\/20220929_180600-300x139.jpg\" alt=\"\" width=\"646\" height=\"300\" srcset=\"https:\/\/fondation-pvsyst.org\/wp-content\/uploads\/2022\/10\/20220929_180600-300x139.jpg 300w, https:\/\/fondation-pvsyst.org\/wp-content\/uploads\/2022\/10\/20220929_180600-1024x476.jpg 1024w, https:\/\/fondation-pvsyst.org\/wp-content\/uploads\/2022\/10\/20220929_180600-768x357.jpg 768w, https:\/\/fondation-pvsyst.org\/wp-content\/uploads\/2022\/10\/20220929_180600-1536x714.jpg 1536w, https:\/\/fondation-pvsyst.org\/wp-content\/uploads\/2022\/10\/20220929_180600-2048x951.jpg 2048w, https:\/\/fondation-pvsyst.org\/wp-content\/uploads\/2022\/10\/20220929_180600-310x144.jpg 310w\" sizes=\"auto, (max-width: 646px) 100vw, 646px\" \/><figcaption id=\"caption-attachment-2409\" class=\"wp-caption-text\">Diskussion mit einer Person, die in ihrem Haus eine Isolierung vorgenommen hat<\/figcaption><\/figure>\n<p>&nbsp;<\/p>\n<p>Schlie\u00dflich verfolgte der Auftrag die Installation von Sensoren, die die Entwicklung verschiedener Daten (Temperatur, Feuchtigkeit) w\u00e4hrend der Heizperiode verfolgen werden. \u00c4hnliche Instrumente wurden auch in H\u00e4usern installiert, die nicht isoliert worden waren, um Vergleiche anstellen zu k\u00f6nnen.<\/p>\n<p>&nbsp;<\/p>\n<figure id=\"attachment_2451\" aria-describedby=\"caption-attachment-2451\" style=\"width: 300px\" class=\"wp-caption aligncenter\"><img loading=\"lazy\" decoding=\"async\" class=\"wp-image-2451\" src=\"http:\/\/fondation-pvsyst.org\/wp-content\/uploads\/2022\/10\/20220929_180725_ret-276x300.jpg\" alt=\"\" width=\"300\" height=\"326\" srcset=\"https:\/\/fondation-pvsyst.org\/wp-content\/uploads\/2022\/10\/20220929_180725_ret-276x300.jpg 276w, https:\/\/fondation-pvsyst.org\/wp-content\/uploads\/2022\/10\/20220929_180725_ret-942x1024.jpg 942w, https:\/\/fondation-pvsyst.org\/wp-content\/uploads\/2022\/10\/20220929_180725_ret-768x835.jpg 768w, https:\/\/fondation-pvsyst.org\/wp-content\/uploads\/2022\/10\/20220929_180725_ret-1413x1536.jpg 1413w, https:\/\/fondation-pvsyst.org\/wp-content\/uploads\/2022\/10\/20220929_180725_ret-310x337.jpg 310w, https:\/\/fondation-pvsyst.org\/wp-content\/uploads\/2022\/10\/20220929_180725_ret.jpg 1803w\" sizes=\"auto, (max-width: 300px) 100vw, 300px\" \/><figcaption id=\"caption-attachment-2451\" class=\"wp-caption-text\">Anbringung von Kollektoren in einem Haus mit Wandisolierung, Oblast Issyk-Kul<\/figcaption><\/figure>\n<h4><\/h4>\n<h4><strong>Anpassungen in Aussicht<\/strong><\/h4>\n<p>Aus den Feldbeobachtungen mit CAMP ergaben sich einige Verbesserungsm\u00f6glichkeiten, darunter :<\/p>\n<ul>\n<li>Handwerker sollen in die Lage versetzt werden, die technischen L\u00f6sungen, die sie den Haushalten anbieten k\u00f6nnen, besser zu bewerten (Berechnungen, Typologie der H\u00e4user - Baumaterial, bereits vorhandene Isolierungselemente usw.).<\/li>\n<li>Sensibilisierung der Handwerker f\u00fcr die Bedeutung der Priorit\u00e4tensetzung bei den durchzuf\u00fchrenden Arbeiten: Am h\u00e4ufigsten wird die Isolierung der W\u00e4nde durchgef\u00fchrt, oft als Reaktion auf die Nachfrage der Haushalte (die auch einen \u00e4sthetischen Nutzen darin sehen), aber nicht immer als die geeignetste L\u00f6sung.<\/li>\n<li>Die hohe Investition f\u00fcr eine \"vollst\u00e4ndige\" Isolierung kann einige Haushalte von der Durchf\u00fchrung von Arbeiten abhalten. Einfachere und kosteng\u00fcnstigere L\u00f6sungen (Dachisolierung, Austausch von Fenstern) k\u00f6nnten zu geringeren Kosten eine erhebliche Wirkung erzielen.<\/li>\n<li>Eine Abfolge der Arbeiten in verschiedenen Phasen w\u00fcrde es auch einkommensschw\u00e4cheren Haushalten erm\u00f6glichen, eine Entscheidung f\u00fcr Isolierungsarbeiten mit zwei aufeinanderfolgenden Krediten zu treffen.<\/li>\n<\/ul>\n<p>Das Treffen mit CAMP zur Zusammenfassung der Mission bot auch die Gelegenheit, sich \u00fcber m\u00f6gliche Entwicklungen des Projekts auszutauschen: kommerzieller Ansatz, Energieaudit vor den Arbeiten, um die besten L\u00f6sungen und Priorit\u00e4ten zu definieren, territoriale Strategie, Vergr\u00f6\u00dferung des Aktionsradius der Handwerker etc.<\/p>\n<p>Eine Mission von GERES (Groupe Energies Renouvelables, Environnement et Solidarit\u00e9s) zu CAMP wird Ende des Jahres stattfinden. Diese wird es erm\u00f6glichen, die verschiedenen Hypothesen zu \u00fcberpr\u00fcfen und die Kompetenzen der Handwerker zu st\u00e4rken (Energieberechnungen, Diagnosen vor den Arbeiten). Fragen der Bel\u00fcftung, die in diesem Stadium kaum ber\u00fccksichtigt werden, werden ebenfalls behandelt.<\/p>\n<p>Die Stiftung dankt dem Projekt- und Technikteam von CAMP f\u00fcr die Organisation dieser Mission und den fruchtbaren Austausch.<\/p>\n<\/div>\n<\/div><\/div><\/div><\/div><div id=\"pg-3940-5\"  class=\"panel-grid panel-no-style\" ><div id=\"pgc-3940-5-0\"  class=\"panel-grid-cell panel-grid-cell-empty\" ><\/div><div id=\"pgc-3940-5-1\"  class=\"panel-grid-cell panel-grid-cell-mobile-last\" ><div id=\"panel-3940-5-1-0\" class=\"so-panel widget widget_sow-slider panel-first-child panel-last-child\" data-index=\"6\" ><div\n\t\t\t\n\t\t\tclass=\"so-widget-sow-slider so-widget-sow-slider-default-6d39609536fd-3940\"\n\t\t\t\n\t\t>\t\t\t\t<div class=\"sow-slider-base\" style=\"display: none\" tabindex=\"0\">\n\t\t\t\t\t<ul\n\t\t\t\t\tclass=\"sow-slider-images\"\n\t\t\t\t\tdata-settings=\"{&quot;pagination&quot;:true,&quot;speed&quot;:800,&quot;timeout&quot;:8000,&quot;paused&quot;:false,&quot;pause_on_hover&quot;:false,&quot;swipe&quot;:true,&quot;nav_always_show_desktop&quot;:&quot;&quot;,&quot;nav_always_show_mobile&quot;:&quot;&quot;,&quot;breakpoint&quot;:&quot;780px&quot;,&quot;unmute&quot;:false,&quot;anchor&quot;:null}\"\n\t\t\t\t\t\t\t\t\t\tdata-anchor-id=\"\"\n\t\t\t\t>\t\t<li class=\"sow-slider-image\" style=\"visibility: visible;\" >\n\t\t\t\t\t\t<img loading=\"lazy\" decoding=\"async\" width=\"2560\" height=\"1244\" src=\"https:\/\/fondation-pvsyst.org\/wp-content\/uploads\/2022\/10\/20220929_181441-1-scaled.jpg\" class=\"sow-slider-background-image\" alt=\"\" style=\"\" srcset=\"https:\/\/fondation-pvsyst.org\/wp-content\/uploads\/2022\/10\/20220929_181441-1-scaled.jpg 2560w, https:\/\/fondation-pvsyst.org\/wp-content\/uploads\/2022\/10\/20220929_181441-1-300x146.jpg 300w, https:\/\/fondation-pvsyst.org\/wp-content\/uploads\/2022\/10\/20220929_181441-1-1024x498.jpg 1024w, https:\/\/fondation-pvsyst.org\/wp-content\/uploads\/2022\/10\/20220929_181441-1-768x373.jpg 768w, https:\/\/fondation-pvsyst.org\/wp-content\/uploads\/2022\/10\/20220929_181441-1-1536x747.jpg 1536w, https:\/\/fondation-pvsyst.org\/wp-content\/uploads\/2022\/10\/20220929_181441-1-2048x996.jpg 2048w, https:\/\/fondation-pvsyst.org\/wp-content\/uploads\/2022\/10\/20220929_181441-1-310x151.jpg 310w\" sizes=\"auto, (max-width: 2560px) 100vw, 2560px\" \/>\t\t<\/li>\n\t\t\t\t<li class=\"sow-slider-image\" style=\"visibility: hidden;\" >\n\t\t\t\t\t\t<img loading=\"lazy\" decoding=\"async\" width=\"1024\" height=\"498\" src=\"https:\/\/fondation-pvsyst.org\/wp-content\/uploads\/2022\/10\/Yourt_Toktosun_site.jpg\" class=\"sow-slider-background-image\" alt=\"\" style=\"\" srcset=\"https:\/\/fondation-pvsyst.org\/wp-content\/uploads\/2022\/10\/Yourt_Toktosun_site.jpg 1024w, https:\/\/fondation-pvsyst.org\/wp-content\/uploads\/2022\/10\/Yourt_Toktosun_site-300x146.jpg 300w, https:\/\/fondation-pvsyst.org\/wp-content\/uploads\/2022\/10\/Yourt_Toktosun_site-768x374.jpg 768w, https:\/\/fondation-pvsyst.org\/wp-content\/uploads\/2022\/10\/Yourt_Toktosun_site-310x151.jpg 310w\" sizes=\"auto, (max-width: 1024px) 100vw, 1024px\" \/>\t\t<\/li>\n\t\t\t\t<li class=\"sow-slider-image\" style=\"visibility: hidden;\" >\n\t\t\t\t\t\t<img loading=\"lazy\" decoding=\"async\" width=\"2560\" height=\"1385\" src=\"https:\/\/fondation-pvsyst.org\/wp-content\/uploads\/2022\/10\/20220930_202502-scaled.jpg\" class=\"sow-slider-background-image\" alt=\"\" style=\"\" srcset=\"https:\/\/fondation-pvsyst.org\/wp-content\/uploads\/2022\/10\/20220930_202502-scaled.jpg 2560w, https:\/\/fondation-pvsyst.org\/wp-content\/uploads\/2022\/10\/20220930_202502-300x162.jpg 300w, https:\/\/fondation-pvsyst.org\/wp-content\/uploads\/2022\/10\/20220930_202502-1024x554.jpg 1024w, https:\/\/fondation-pvsyst.org\/wp-content\/uploads\/2022\/10\/20220930_202502-768x415.jpg 768w, https:\/\/fondation-pvsyst.org\/wp-content\/uploads\/2022\/10\/20220930_202502-1536x831.jpg 1536w, https:\/\/fondation-pvsyst.org\/wp-content\/uploads\/2022\/10\/20220930_202502-2048x1108.jpg 2048w, https:\/\/fondation-pvsyst.org\/wp-content\/uploads\/2022\/10\/20220930_202502-310x168.jpg 310w\" sizes=\"auto, (max-width: 2560px) 100vw, 2560px\" \/>\t\t<\/li>\n\t\t<\/ul>\t\t\t\t<ol class=\"sow-slider-pagination\">\n\t\t\t\t\t\t\t\t\t\t\t<li><a href=\"#\" data-goto=\"0\" aria-label=\"Display slide 1\"><\/a><\/li>\n\t\t\t\t\t\t\t\t\t\t\t<li><a href=\"#\" data-goto=\"1\" aria-label=\"Display slide 2\"><\/a><\/li>\n\t\t\t\t\t\t\t\t\t\t\t<li><a href=\"#\" data-goto=\"2\" aria-label=\"Display slide 3\"><\/a><\/li>\n\t\t\t\t\t\t\t\t\t<\/ol>\n\n\t\t\t\t<div class=\"sow-slide-nav sow-slide-nav-next\">\n\t\t\t\t\t<a href=\"#\" data-goto=\"next\" aria-label=\"Next slide\" data-action=\"next\">\n\t\t\t\t\t\t<em class=\"sow-sld-icon-thin-right\"><\/em>\n\t\t\t\t\t<\/a>\n\t\t\t\t<\/div>\n\n\t\t\t\t<div class=\"sow-slide-nav sow-slide-nav-prev\">\n\t\t\t\t\t<a href=\"#\" data-goto=\"previous\" aria-label=\"Previous slide\" data-action=\"prev\">\n\t\t\t\t\t\t<em class=\"sow-sld-icon-thin-left\"><\/em>\n\t\t\t\t\t<\/a>\n\t\t\t\t<\/div>\n\t\t\t\t<\/div><\/div><\/div><\/div><div id=\"pgc-3940-5-2\"  class=\"panel-grid-cell panel-grid-cell-empty\" ><\/div><\/div><\/div>","protected":false},"excerpt":{"rendered":"<p>Nachrichten Nachrichten Nachrichten Nachfolgemission des PROMEE-Projekts in Kirgisistan, Oktober 2022 Die beiden Projektmanager der PVSYST-Stiftung reisten nach Kirgisistan, um das Team von CAMP Alatoo zu treffen, das das Projekt PROMEE (Professionals for the Mastering of Energy Efficiency) durchf\u00fchrt. Das Projekt hat folgende Ziele Ausbildung von Handwerkern in L\u00f6sungen und Techniken f\u00fcr W\u00e4rmed\u00e4mmungsarbeiten Beteiligung an der<\/p>\n","protected":false},"author":1,"featured_media":0,"parent":1558,"menu_order":0,"comment_status":"closed","ping_status":"closed","template":"","meta":{"footnotes":""},"class_list":["post-3940","page","type-page","status-publish","hentry"],"_links":{"self":[{"href":"https:\/\/fondation-pvsyst.org\/de\/wp-json\/wp\/v2\/pages\/3940","targetHints":{"allow":["GET"]}}],"collection":[{"href":"https:\/\/fondation-pvsyst.org\/de\/wp-json\/wp\/v2\/pages"}],"about":[{"href":"https:\/\/fondation-pvsyst.org\/de\/wp-json\/wp\/v2\/types\/page"}],"author":[{"embeddable":true,"href":"https:\/\/fondation-pvsyst.org\/de\/wp-json\/wp\/v2\/users\/1"}],"replies":[{"embeddable":true,"href":"https:\/\/fondation-pvsyst.org\/de\/wp-json\/wp\/v2\/comments?post=3940"}],"version-history":[{"count":1,"href":"https:\/\/fondation-pvsyst.org\/de\/wp-json\/wp\/v2\/pages\/3940\/revisions"}],"predecessor-version":[{"id":3941,"href":"https:\/\/fondation-pvsyst.org\/de\/wp-json\/wp\/v2\/pages\/3940\/revisions\/3941"}],"up":[{"embeddable":true,"href":"https:\/\/fondation-pvsyst.org\/de\/wp-json\/wp\/v2\/pages\/1558"}],"wp:attachment":[{"href":"https:\/\/fondation-pvsyst.org\/de\/wp-json\/wp\/v2\/media?parent=3940"}],"curies":[{"name":"wp","href":"https:\/\/api.w.org\/{rel}","templated":true}]}}