{"id":3928,"date":"2023-01-03T10:06:07","date_gmt":"2023-01-03T09:06:07","guid":{"rendered":"https:\/\/fondation-pvsyst.org\/preprod\/themenbereiche-der-intervention\/"},"modified":"2024-06-27T10:38:26","modified_gmt":"2024-06-27T08:38:26","slug":"themenbereiche-der-intervention","status":"publish","type":"page","link":"https:\/\/fondation-pvsyst.org\/de\/themenbereiche-der-intervention\/","title":{"rendered":"Themenbereiche der Intervention"},"content":{"rendered":"<div id=\"pl-3928\"  class=\"panel-layout\" ><div id=\"pg-3928-0\"  class=\"panel-grid panel-has-style\" ><div class=\"siteorigin-panels-stretch panel-row-style panel-row-style-for-3928-0\" data-stretch-type=\"full-width-stretch\" ><div id=\"pgc-3928-0-0\"  class=\"panel-grid-cell\" ><div id=\"panel-3928-0-0-0\" class=\"so-panel widget widget_sow-hero panel-first-child panel-last-child\" data-index=\"0\" ><div\n\t\t\t\n\t\t\tclass=\"so-widget-sow-hero so-widget-sow-hero-default-9fcae408f7e6-3928 so-widget-fittext-wrapper\"\n\t\t\t data-fit-text-compressor=\"0.85\"\n\t\t>\t\t\t\t<div class=\"sow-slider-base\" style=\"display: none\" tabindex=\"0\">\n\t\t\t\t\t<ul\n\t\t\t\t\tclass=\"sow-slider-images\"\n\t\t\t\t\tdata-settings=\"{&quot;pagination&quot;:true,&quot;speed&quot;:800,&quot;timeout&quot;:8000,&quot;paused&quot;:false,&quot;pause_on_hover&quot;:false,&quot;swipe&quot;:true,&quot;nav_always_show_desktop&quot;:&quot;&quot;,&quot;nav_always_show_mobile&quot;:&quot;&quot;,&quot;breakpoint&quot;:&quot;780px&quot;,&quot;unmute&quot;:false,&quot;anchor&quot;:null}\"\n\t\t\t\t\tstyle=\"min-height: 300px\"\t\t\t\t\tdata-anchor-id=\"\"\n\t\t\t\t>\t\t<li class=\"sow-slider-image  sow-slider-image-cover\" style=\"visibility: visible;;background-color: #333333;background-image: url(https:\/\/fondation-pvsyst.org\/wp-content\/uploads\/2017\/04\/Commune-de-Bamba-S\u00e9n\u00e9gal-4-e1491471509373.jpg)\" >\n\t\t\t\t\t<div class=\"sow-slider-image-container\">\n\t\t\t<div class=\"sow-slider-image-wrapper\">\n\t\t\t\t<h1 style=\"text-align: center\">Themen<\/h1>\n\t\t\t<\/div>\n\t\t<\/div>\n\t\t\t\t<\/li>\n\t\t\t\t<li class=\"sow-slider-image  sow-slider-image-cover\" style=\"visibility: hidden;;background-color: #333333\" data-background=\"url(https:\/\/fondation-pvsyst.org\/wp-content\/uploads\/2017\/04\/Lac-rose-S\u00e9n\u00e9gal-e1491471671290.jpg)\" >\n\t\t\t\t\t<div class=\"sow-slider-image-container\">\n\t\t\t<div class=\"sow-slider-image-wrapper\">\n\t\t\t\t<h1 style=\"text-align: center\">Themen<\/h1>\n\t\t\t<\/div>\n\t\t<\/div>\n\t\t\t\t<\/li>\n\t\t\t\t<li class=\"sow-slider-image  sow-slider-image-cover\" style=\"visibility: hidden;;background-color: #333333\" data-background=\"url(https:\/\/fondation-pvsyst.org\/wp-content\/uploads\/2022\/10\/Lac-dIssyk-Kul.jpg)\" >\n\t\t\t\t\t<div class=\"sow-slider-image-container\">\n\t\t\t<div class=\"sow-slider-image-wrapper\">\n\t\t\t\t<h1 style=\"text-align: center\">Themen<\/h1>\n\t\t\t<\/div>\n\t\t<\/div>\n\t\t\t\t<\/li>\n\t\t\t\t<li class=\"sow-slider-image  sow-slider-image-cover\" style=\"visibility: hidden;;background-color: #333333\" data-background=\"url(https:\/\/fondation-pvsyst.org\/wp-content\/uploads\/2017\/04\/Commune-de-Djiddah-Thiaroye-S\u00e9n\u00e9gal-1-e1491471605121.jpg)\" >\n\t\t\t\t\t<div class=\"sow-slider-image-container\">\n\t\t\t<div class=\"sow-slider-image-wrapper\">\n\t\t\t\t<h1 style=\"text-align: center\">Themen<\/h1>\n\t\t\t<\/div>\n\t\t<\/div>\n\t\t\t\t<\/li>\n\t\t<\/ul>\t\t\t\t<ol class=\"sow-slider-pagination\">\n\t\t\t\t\t\t\t\t\t\t\t<li><a href=\"#\" data-goto=\"0\" aria-label=\"Display slide 1\"><\/a><\/li>\n\t\t\t\t\t\t\t\t\t\t\t<li><a href=\"#\" data-goto=\"1\" aria-label=\"Display slide 2\"><\/a><\/li>\n\t\t\t\t\t\t\t\t\t\t\t<li><a href=\"#\" data-goto=\"2\" aria-label=\"Display slide 3\"><\/a><\/li>\n\t\t\t\t\t\t\t\t\t\t\t<li><a href=\"#\" data-goto=\"3\" aria-label=\"Display slide 4\"><\/a><\/li>\n\t\t\t\t\t\t\t\t\t<\/ol>\n\n\t\t\t\t<div class=\"sow-slide-nav sow-slide-nav-next\">\n\t\t\t\t\t<a href=\"#\" data-goto=\"next\" aria-label=\"Next slide\" data-action=\"next\">\n\t\t\t\t\t\t<em class=\"sow-sld-icon-thin-right\"><\/em>\n\t\t\t\t\t<\/a>\n\t\t\t\t<\/div>\n\n\t\t\t\t<div class=\"sow-slide-nav sow-slide-nav-prev\">\n\t\t\t\t\t<a href=\"#\" data-goto=\"previous\" aria-label=\"Previous slide\" data-action=\"prev\">\n\t\t\t\t\t\t<em class=\"sow-sld-icon-thin-left\"><\/em>\n\t\t\t\t\t<\/a>\n\t\t\t\t<\/div>\n\t\t\t\t<\/div><\/div><\/div><\/div><\/div><\/div><div id=\"pg-3928-1\"  class=\"panel-grid panel-has-style\" ><div class=\"siteorigin-panels-stretch panel-row-style panel-row-style-for-3928-1\" data-stretch-type=\"full-width-stretch\" ><div id=\"pgc-3928-1-0\"  class=\"panel-grid-cell\" ><div id=\"panel-3928-1-0-0\" class=\"so-panel widget widget_sow-headline panel-first-child panel-last-child\" data-index=\"1\" ><div class=\"panel-widget-style panel-widget-style-for-3928-1-0-0\" ><div\n\t\t\t\n\t\t\tclass=\"so-widget-sow-headline so-widget-sow-headline-default-12d3b06dabae-3928\"\n\t\t\t\n\t\t><div class=\"sow-headline-container \">\n\t\t\t\t\t\t\t<h1 class=\"sow-headline\">\n\t\t\t\t\t\tThemenbereiche der Intervention\t\t\t\t\t\t<\/h1>\n\t\t\t\t\t\t<\/div>\n<\/div><\/div><\/div><\/div><\/div><\/div><div id=\"pg-3928-2\"  class=\"panel-grid panel-has-style\" ><div class=\"siteorigin-panels-stretch panel-row-style panel-row-style-for-3928-2\" data-stretch-type=\"full-width-stretch\" ><div id=\"pgc-3928-2-0\"  class=\"panel-grid-cell\" ><div id=\"panel-3928-2-0-0\" class=\"so-panel widget widget_sow-headline panel-first-child panel-last-child\" data-index=\"2\" ><div class=\"panel-widget-style panel-widget-style-for-3928-2-0-0\" ><div\n\t\t\t\n\t\t\tclass=\"so-widget-sow-headline so-widget-sow-headline-default-4583a0e1f04f-3928\"\n\t\t\t\n\t\t><div class=\"sow-headline-container \">\n\t\t\t\t\t\t<div class=\"decoration\">\n\t\t\t\t\t\t<div class=\"decoration-inside\"><\/div>\n\t\t\t\t\t<\/div>\n\t\t\t\t\t<\/div>\n<\/div><\/div><\/div><\/div><div id=\"pgc-3928-2-1\"  class=\"panel-grid-cell\" ><div id=\"panel-3928-2-1-0\" class=\"so-panel widget widget_sow-headline panel-first-child panel-last-child\" data-index=\"3\" ><div\n\t\t\t\n\t\t\tclass=\"so-widget-sow-headline so-widget-sow-headline-default-1130b2908517-3928\"\n\t\t\t\n\t\t><div class=\"sow-headline-container \">\n\t\t\t\t\t\t<div class=\"decoration\">\n\t\t\t\t\t\t<div class=\"decoration-inside\"><\/div>\n\t\t\t\t\t<\/div>\n\t\t\t\t\t<\/div>\n<\/div><\/div><\/div><div id=\"pgc-3928-2-2\"  class=\"panel-grid-cell\" ><div id=\"panel-3928-2-2-0\" class=\"so-panel widget widget_sow-headline panel-first-child panel-last-child\" data-index=\"4\" ><div class=\"panel-widget-style panel-widget-style-for-3928-2-2-0\" ><div\n\t\t\t\n\t\t\tclass=\"so-widget-sow-headline so-widget-sow-headline-default-f19e41b3ef1f-3928\"\n\t\t\t\n\t\t><div class=\"sow-headline-container \">\n\t\t\t\t\t\t<div class=\"decoration\">\n\t\t\t\t\t\t<div class=\"decoration-inside\"><\/div>\n\t\t\t\t\t<\/div>\n\t\t\t\t\t<\/div>\n<\/div><\/div><\/div><\/div><\/div><\/div><div id=\"pg-3928-3\"  class=\"panel-grid panel-has-style\" ><div class=\"siteorigin-panels-stretch panel-row-style panel-row-style-for-3928-3\" data-stretch-type=\"full-width-stretch\" ><div id=\"pgc-3928-3-0\"  class=\"panel-grid-cell panel-grid-cell-empty\" ><\/div><div id=\"pgc-3928-3-1\"  class=\"panel-grid-cell\" ><div id=\"panel-3928-3-1-0\" class=\"so-panel widget widget_siteorigin-panels-builder panel-first-child panel-last-child\" data-index=\"5\" ><div class=\"panel-widget-style panel-widget-style-for-3928-3-1-0\" ><div id=\"pl-w667d1a8fc949f\"  class=\"panel-layout\" ><div id=\"pg-w667d1a8fc949f-0\"  class=\"panel-grid panel-no-style\" ><div id=\"pgc-w667d1a8fc949f-0-0\"  class=\"panel-grid-cell\" ><div id=\"panel-w667d1a8fc949f-0-0-0\" class=\"so-panel widget widget_sow-headline panel-first-child\" data-index=\"0\" ><div\n\t\t\t\n\t\t\tclass=\"so-widget-sow-headline so-widget-sow-headline-default-3e20a2f8bdb5\"\n\t\t\t\n\t\t><div class=\"sow-headline-container \">\n\t\t\t\t\t\t\t<h4 class=\"sow-headline\">\n\t\t\t\t\t\tWirtschaftliche Entwicklung\t\t\t\t\t\t<\/h4>\n\t\t\t\t\t\t<\/div>\n<\/div><\/div><div id=\"panel-w667d1a8fc949f-0-0-1\" class=\"so-panel widget widget_sow-editor panel-last-child\" data-index=\"1\" ><div class=\"panel-widget-style panel-widget-style-for-w667d1a8fc949f-0-0-1\" ><div\n\t\t\t\n\t\t\tclass=\"so-widget-sow-editor so-widget-sow-editor-base\"\n\t\t\t\n\t\t>\n<div class=\"siteorigin-widget-tinymce textwidget\">\n\t<p style=\"text-align: justify;\">Wirtschaftliche Initiativen von Einzelpersonen oder Gruppen begleiten, die ein Mindestma\u00df an Teilung und Umverteilung der Gewinne auf territorialer Ebene gew\u00e4hrleisten<\/p>\n<\/div>\n<\/div><\/div><\/div><\/div><\/div><\/div><\/div><\/div><\/div><div id=\"pgc-3928-3-2\"  class=\"panel-grid-cell\" ><div id=\"panel-3928-3-2-0\" class=\"so-panel widget widget_siteorigin-panels-builder panel-first-child panel-last-child\" data-index=\"6\" ><div class=\"panel-widget-style panel-widget-style-for-3928-3-2-0\" ><div id=\"pl-w667d2502d847d\"  class=\"panel-layout\" ><div id=\"pg-w667d2502d847d-0\"  class=\"panel-grid panel-no-style\" ><div id=\"pgc-w667d2502d847d-0-0\"  class=\"panel-grid-cell\" ><div id=\"panel-w667d2502d847d-0-0-0\" class=\"so-panel widget widget_sow-headline panel-first-child\" data-index=\"0\" ><div\n\t\t\t\n\t\t\tclass=\"so-widget-sow-headline so-widget-sow-headline-default-14a73838e001\"\n\t\t\t\n\t\t><div class=\"sow-headline-container \">\n\t\t\t\t\t\t\t<h4 class=\"sow-headline\">\n\t\t\t\t\t\tEnergie\t\t\t\t\t\t<\/h4>\n\t\t\t\t\t\t<\/div>\n<\/div><\/div><div id=\"panel-w667d2502d847d-0-0-1\" class=\"so-panel widget widget_sow-editor panel-last-child\" data-index=\"1\" ><div\n\t\t\t\n\t\t\tclass=\"so-widget-sow-editor so-widget-sow-editor-base\"\n\t\t\t\n\t\t>\n<div class=\"siteorigin-widget-tinymce textwidget\">\n\t<p style=\"text-align: justify;\">F\u00f6rderung der Energieeffizienz und des Einsatzes erneuerbarer Energien (nicht nur Photovoltaik) in kleinen Projekten f\u00fcr den Zugang zu grundlegenden Dienstleistungen<\/p>\n<\/div>\n<\/div><\/div><\/div><\/div><\/div><\/div><\/div><\/div><div id=\"pgc-3928-3-3\"  class=\"panel-grid-cell\" ><div id=\"panel-3928-3-3-0\" class=\"so-panel widget widget_siteorigin-panels-builder panel-first-child panel-last-child\" data-index=\"7\" ><div class=\"panel-widget-style panel-widget-style-for-3928-3-3-0\" ><div id=\"pl-w667d1a8fd1c90\"  class=\"panel-layout\" ><div id=\"pg-w667d1a8fd1c90-0\"  class=\"panel-grid panel-no-style\" ><div id=\"pgc-w667d1a8fd1c90-0-0\"  class=\"panel-grid-cell\" ><div id=\"panel-w667d1a8fd1c90-0-0-0\" class=\"so-panel widget widget_sow-headline panel-first-child\" data-index=\"0\" ><div\n\t\t\t\n\t\t\tclass=\"so-widget-sow-headline so-widget-sow-headline-default-14a73838e001\"\n\t\t\t\n\t\t><div class=\"sow-headline-container \">\n\t\t\t\t\t\t\t<h4 class=\"sow-headline\">\n\t\t\t\t\t\tWasser, Hygiene und Sanit\u00e4rversorgung\t\t\t\t\t\t<\/h4>\n\t\t\t\t\t\t<\/div>\n<\/div><\/div><div id=\"panel-w667d1a8fd1c90-0-0-1\" class=\"so-panel widget widget_sow-editor panel-last-child\" data-index=\"1\" ><div\n\t\t\t\n\t\t\tclass=\"so-widget-sow-editor so-widget-sow-editor-base\"\n\t\t\t\n\t\t>\n<div class=\"siteorigin-widget-tinymce textwidget\">\n\t<p style=\"text-align: justify;\">Verbesserung des Zugangs zu qualitativ hochwertigem Trinkwasser und hygienischen Bedingungen in Entwicklungsl\u00e4ndern durch die F\u00f6rderung von dauerhaften und kleinma\u00dfst\u00e4blichen Mechanismen zur Erbringung der Dienstleistung.<\/p>\n<\/div>\n<\/div><\/div><\/div><\/div><\/div><\/div><\/div><\/div><div id=\"pgc-3928-3-4\"  class=\"panel-grid-cell panel-grid-cell-mobile-last\" ><div id=\"panel-3928-3-4-0\" class=\"so-panel widget widget_siteorigin-panels-builder panel-first-child panel-last-child\" data-index=\"8\" ><div class=\"panel-widget-style panel-widget-style-for-3928-3-4-0\" ><div id=\"pl-w59b2c3b301664\"  class=\"panel-layout\" ><div id=\"pg-w59b2c3b301664-0\"  class=\"panel-grid panel-no-style\" ><div id=\"pgc-w59b2c3b301664-0-0\"  class=\"panel-grid-cell\" ><div id=\"panel-w59b2c3b301664-0-0-0\" class=\"so-panel widget widget_sow-headline panel-first-child\" data-index=\"0\" ><div\n\t\t\t\n\t\t\tclass=\"so-widget-sow-headline so-widget-sow-headline-default-53ed7ef72501\"\n\t\t\t\n\t\t><div class=\"sow-headline-container \">\n\t\t\t\t\t\t\t<h4 class=\"sow-headline\">\n\t\t\t\t\t\tBildung\t\t\t\t\t\t<\/h4>\n\t\t\t\t\t\t<\/div>\n<\/div><\/div><div id=\"panel-w59b2c3b301664-0-0-1\" class=\"so-panel widget widget_sow-editor panel-last-child\" data-index=\"1\" ><div\n\t\t\t\n\t\t\tclass=\"so-widget-sow-editor so-widget-sow-editor-base\"\n\t\t\t\n\t\t>\n<div class=\"siteorigin-widget-tinymce textwidget\">\n\t<p style=\"text-align: justify;\">Vervollst\u00e4ndigung des Bildungsangebots, insbesondere im Bereich der Berufsausbildung, vor allem in den Berufen des Energiewandels<\/p>\n<\/div>\n<\/div><\/div><\/div><\/div><\/div><\/div><\/div><\/div><div id=\"pgc-3928-3-5\"  class=\"panel-grid-cell panel-grid-cell-empty\" ><\/div><\/div><\/div><\/div>","protected":false},"excerpt":{"rendered":"<p>Themen Themen Themen Themen Themenbereiche der Intervention Wirtschaftliche Entwicklung Wirtschaftliche Initiativen von Einzelpersonen oder Gruppen begleiten, die ein Mindestma\u00df an Teilung und Umverteilung der Gewinne auf territorialer Ebene gew\u00e4hrleisten Energie F\u00f6rderung der Energieeffizienz und des Einsatzes erneuerbarer Energien (nicht nur Photovoltaik) in kleinen Projekten f\u00fcr den Zugang zu grundlegenden Dienstleistungen Wasser, Hygiene und Sanit\u00e4rversorgung Verbesserung<\/p>\n","protected":false},"author":1,"featured_media":0,"parent":0,"menu_order":1,"comment_status":"closed","ping_status":"closed","template":"inc\/templates\/page-authors.php","meta":{"footnotes":""},"class_list":["post-3928","page","type-page","status-publish","hentry"],"_links":{"self":[{"href":"https:\/\/fondation-pvsyst.org\/de\/wp-json\/wp\/v2\/pages\/3928","targetHints":{"allow":["GET"]}}],"collection":[{"href":"https:\/\/fondation-pvsyst.org\/de\/wp-json\/wp\/v2\/pages"}],"about":[{"href":"https:\/\/fondation-pvsyst.org\/de\/wp-json\/wp\/v2\/types\/page"}],"author":[{"embeddable":true,"href":"https:\/\/fondation-pvsyst.org\/de\/wp-json\/wp\/v2\/users\/1"}],"replies":[{"embeddable":true,"href":"https:\/\/fondation-pvsyst.org\/de\/wp-json\/wp\/v2\/comments?post=3928"}],"version-history":[{"count":4,"href":"https:\/\/fondation-pvsyst.org\/de\/wp-json\/wp\/v2\/pages\/3928\/revisions"}],"predecessor-version":[{"id":4082,"href":"https:\/\/fondation-pvsyst.org\/de\/wp-json\/wp\/v2\/pages\/3928\/revisions\/4082"}],"wp:attachment":[{"href":"https:\/\/fondation-pvsyst.org\/de\/wp-json\/wp\/v2\/media?parent=3928"}],"curies":[{"name":"wp","href":"https:\/\/api.w.org\/{rel}","templated":true}]}}