{"id":3920,"date":"2023-11-29T12:40:53","date_gmt":"2023-11-29T11:40:53","guid":{"rendered":"https:\/\/fondation-pvsyst.org\/preprod\/aktuelles\/nachfolgemission-des-promee-projekts-in-kirgisistan-august-2023\/"},"modified":"2024-06-26T16:12:23","modified_gmt":"2024-06-26T14:12:23","slug":"nachfolgemission-des-promee-projekts-in-kirgisistan-august-2023","status":"publish","type":"page","link":"https:\/\/fondation-pvsyst.org\/de\/aktuelles\/nachfolgemission-des-promee-projekts-in-kirgisistan-august-2023\/","title":{"rendered":"Nachfolgemission des PROMEE-Projekts in Kirgisistan, August 2023"},"content":{"rendered":"<div id=\"pl-3920\"  class=\"panel-layout\" ><div id=\"pg-3920-0\"  class=\"panel-grid panel-has-style\" ><div class=\"siteorigin-panels-stretch panel-row-style panel-row-style-for-3920-0\" data-stretch-type=\"full-stretched\" ><div id=\"pgc-3920-0-0\"  class=\"panel-grid-cell\" ><div id=\"panel-3920-0-0-0\" class=\"so-panel widget widget_sow-hero panel-first-child panel-last-child\" data-index=\"0\" ><div\n\t\t\t\n\t\t\tclass=\"so-widget-sow-hero so-widget-sow-hero-default-78d99ccfba76-3920 so-widget-fittext-wrapper\"\n\t\t\t data-fit-text-compressor=\"0.85\"\n\t\t>\t\t\t\t<div class=\"sow-slider-base\" style=\"display: none\" tabindex=\"0\">\n\t\t\t\t\t<ul\n\t\t\t\t\tclass=\"sow-slider-images\"\n\t\t\t\t\tdata-settings=\"{&quot;pagination&quot;:true,&quot;speed&quot;:800,&quot;timeout&quot;:8000,&quot;paused&quot;:false,&quot;pause_on_hover&quot;:false,&quot;swipe&quot;:true,&quot;nav_always_show_desktop&quot;:&quot;&quot;,&quot;nav_always_show_mobile&quot;:&quot;&quot;,&quot;breakpoint&quot;:&quot;780px&quot;,&quot;unmute&quot;:false,&quot;anchor&quot;:null}\"\n\t\t\t\t\tstyle=\"min-height: 300px\"\t\t\t\t\tdata-anchor-id=\"\"\n\t\t\t\t>\t\t<li class=\"sow-slider-image  sow-slider-image-cover\" style=\"visibility: visible;;background-color: #333333;background-image: url(https:\/\/fondation-pvsyst.org\/wp-content\/uploads\/2022\/10\/20220929_181531-scaled-e1666258490481.jpg)\" >\n\t\t\t\t\t<div class=\"sow-slider-image-container\">\n\t\t\t<div class=\"sow-slider-image-wrapper\">\n\t\t\t\t<h1 style=\"text-align: center\">Nachrichten<\/h1>\t\t\t<\/div>\n\t\t<\/div>\n\t\t\t\t<\/li>\n\t\t\t\t<li class=\"sow-slider-image  sow-slider-image-cover\" style=\"visibility: hidden;;background-color: #333333\" data-background=\"url(https:\/\/fondation-pvsyst.org\/wp-content\/uploads\/2017\/04\/Commune-de-Djiddah-Thiaroye-S\u00e9n\u00e9gal-2-e1491471627179.jpg)\" >\n\t\t\t\t\t<div class=\"sow-slider-image-container\">\n\t\t\t<div class=\"sow-slider-image-wrapper\">\n\t\t\t\t<h1 style=\"text-align: center\">Nachrichten<\/h1>\n\t\t\t<\/div>\n\t\t<\/div>\n\t\t\t\t<\/li>\n\t\t\t\t<li class=\"sow-slider-image  sow-slider-image-cover\" style=\"visibility: hidden;;background-color: #333333\" data-background=\"url(https:\/\/fondation-pvsyst.org\/wp-content\/uploads\/2022\/10\/20220930_203910-scaled.jpg)\" >\n\t\t\t\t\t<div class=\"sow-slider-image-container\">\n\t\t\t<div class=\"sow-slider-image-wrapper\">\n\t\t\t\t<h1 style=\"text-align: center\">Nachrichten<\/h1>\n\t\t\t<\/div>\n\t\t<\/div>\n\t\t\t\t<\/li>\n\t\t<\/ul>\t\t\t\t<ol class=\"sow-slider-pagination\">\n\t\t\t\t\t\t\t\t\t\t\t<li><a href=\"#\" data-goto=\"0\" aria-label=\"Display slide 1\"><\/a><\/li>\n\t\t\t\t\t\t\t\t\t\t\t<li><a href=\"#\" data-goto=\"1\" aria-label=\"Display slide 2\"><\/a><\/li>\n\t\t\t\t\t\t\t\t\t\t\t<li><a href=\"#\" data-goto=\"2\" aria-label=\"Display slide 3\"><\/a><\/li>\n\t\t\t\t\t\t\t\t\t<\/ol>\n\n\t\t\t\t<div class=\"sow-slide-nav sow-slide-nav-next\">\n\t\t\t\t\t<a href=\"#\" data-goto=\"next\" aria-label=\"Next slide\" data-action=\"next\">\n\t\t\t\t\t\t<em class=\"sow-sld-icon-thin-right\"><\/em>\n\t\t\t\t\t<\/a>\n\t\t\t\t<\/div>\n\n\t\t\t\t<div class=\"sow-slide-nav sow-slide-nav-prev\">\n\t\t\t\t\t<a href=\"#\" data-goto=\"previous\" aria-label=\"Previous slide\" data-action=\"prev\">\n\t\t\t\t\t\t<em class=\"sow-sld-icon-thin-left\"><\/em>\n\t\t\t\t\t<\/a>\n\t\t\t\t<\/div>\n\t\t\t\t<\/div><\/div><\/div><\/div><\/div><\/div><div id=\"pg-3920-1\"  class=\"panel-grid panel-no-style\" ><div id=\"pgc-3920-1-0\"  class=\"panel-grid-cell\" ><div id=\"panel-3920-1-0-0\" class=\"so-panel widget widget_sow-headline panel-first-child panel-last-child\" data-index=\"1\" ><div\n\t\t\t\n\t\t\tclass=\"so-widget-sow-headline so-widget-sow-headline-default-c6bae0e9f73a-3920\"\n\t\t\t\n\t\t><div class=\"sow-headline-container \">\n\t\t\t\t\t\t\t<h4 class=\"sow-headline\">\n\t\t\t\t\t\t<b>Nachfolge- und Erkundungsmission in Kirgisistan, August 2023  <\/b>\t\t\t\t\t\t<\/h4>\n\t\t\t\t\t\t\t\t\t\t\t<div class=\"decoration\">\n\t\t\t\t\t\t<div class=\"decoration-inside\"><\/div>\n\t\t\t\t\t<\/div>\n\t\t\t\t\t<\/div>\n<\/div><\/div><\/div><\/div><div id=\"pg-3920-2\"  class=\"panel-grid panel-no-style\" ><div id=\"pgc-3920-2-0\"  class=\"panel-grid-cell\" ><div id=\"panel-3920-2-0-0\" class=\"so-panel widget widget_sow-editor panel-first-child panel-last-child\" data-index=\"2\" ><div\n\t\t\t\n\t\t\tclass=\"so-widget-sow-editor so-widget-sow-editor-base\"\n\t\t\t\n\t\t>\n<div class=\"siteorigin-widget-tinymce textwidget\">\n\t<p>Der Projektmanager der PVSYST-Stiftung und der technische Koordinator von PVsyst reisten nach Kirgisistan, um das Projekt PROMEE (Professionals for the Ma\u00eetrise of Energy Efficiency) zu \u00fcberwachen. PROMEE hat zum Ziel, Handwerker in L\u00f6sungen und Techniken f\u00fcr W\u00e4rmeisolierungsarbeiten auszubilden und den Zugang von Haushalten zu diesen L\u00f6sungen durch die Gew\u00e4hrung von zinslosen Darlehen zu f\u00f6rdern.<\/p>\n<p>Ein zweites Ziel bestand darin, die M\u00f6glichkeit der Entwicklung eines zweiten Projekts in Verbindung mit den Teams von CAMP Alatoo, dem Durchf\u00fchrungspartner, zu bewerten.<\/p>\n<\/div>\n<\/div><\/div><\/div><\/div><div id=\"pg-3920-3\"  class=\"panel-grid panel-no-style\" ><div id=\"pgc-3920-3-0\"  class=\"panel-grid-cell\" ><div id=\"panel-3920-3-0-0\" class=\"so-panel widget widget_sow-headline panel-first-child panel-last-child\" data-index=\"3\" ><div\n\t\t\t\n\t\t\tclass=\"so-widget-sow-headline so-widget-sow-headline-default-29dda1a437a4-3920\"\n\t\t\t\n\t\t><div class=\"sow-headline-container \">\n\t\t\t\t\t\t\t<h4 class=\"sow-headline\">\n\t\t\t\t\t\t<b>PROMEE: Vielversprechender Abschluss der ersten Phase  <\/b>\t\t\t\t\t\t<\/h4>\n\t\t\t\t\t\t\t\t\t\t\t<div class=\"decoration\">\n\t\t\t\t\t\t<div class=\"decoration-inside\"><\/div>\n\t\t\t\t\t<\/div>\n\t\t\t\t\t<\/div>\n<\/div><\/div><\/div><\/div><div id=\"pg-3920-4\"  class=\"panel-grid panel-no-style\" ><div id=\"pgc-3920-4-0\"  class=\"panel-grid-cell\" ><div id=\"panel-3920-4-0-0\" class=\"so-panel widget widget_sow-editor panel-first-child panel-last-child\" data-index=\"4\" ><div\n\t\t\t\n\t\t\tclass=\"so-widget-sow-editor so-widget-sow-editor-base\"\n\t\t\t\n\t\t>\n<div class=\"siteorigin-widget-tinymce textwidget\">\n\t<p><strong>Greifbare Ergebnisse<\/strong><\/p>\n<p>In dieser ersten Phase (Oktober 2021 - Oktober 2023) wurden im Rahmen des Projekts Arbeiten an 21 H\u00e4usern in der Gegend von Karakol (Oblast Issyk-Kul) durchgef\u00fchrt. Dies liegt daran, dass die Baukosten f\u00fcr jedes Haus h\u00f6her waren als erwartet, da die Haushalte mehrere Arten von Arbeiten gleichzeitig durchf\u00fchren lie\u00dfen (D\u00e4cher und Au\u00dfenw\u00e4nde, Fenster und Au\u00dfenw\u00e4nde usw.). Dies ist keineswegs ein Misserfolg, sondern zeigt, dass die Bewohner des Gebietes von der N\u00fctzlichkeit der Isolierung \u00fcberzeugt sind.<\/p>\n<figure id=\"attachment_3140\" aria-describedby=\"caption-attachment-3140\" style=\"width: 337px\" class=\"wp-caption aligncenter\"><img loading=\"lazy\" decoding=\"async\" class=\"wp-image-3140 \" src=\"http:\/\/fondation-pvsyst.org\/wp-content\/uploads\/2023\/11\/20220929_125948-300x146.jpg\" alt=\"\" width=\"337\" height=\"164\" srcset=\"https:\/\/fondation-pvsyst.org\/wp-content\/uploads\/2023\/11\/20220929_125948-300x146.jpg 300w, https:\/\/fondation-pvsyst.org\/wp-content\/uploads\/2023\/11\/20220929_125948-1024x498.jpg 1024w, https:\/\/fondation-pvsyst.org\/wp-content\/uploads\/2023\/11\/20220929_125948-768x373.jpg 768w, https:\/\/fondation-pvsyst.org\/wp-content\/uploads\/2023\/11\/20220929_125948-1536x747.jpg 1536w, https:\/\/fondation-pvsyst.org\/wp-content\/uploads\/2023\/11\/20220929_125948-2048x996.jpg 2048w, https:\/\/fondation-pvsyst.org\/wp-content\/uploads\/2023\/11\/20220929_125948-310x151.jpg 310w\" sizes=\"auto, (max-width: 337px) 100vw, 337px\" \/><figcaption id=\"caption-attachment-3140\" class=\"wp-caption-text\">Au\u00dfenisolierungsarbeiten, Oblast Issyk-Kul<\/figcaption><\/figure>\n<p>&nbsp;<\/p>\n<p>Bei etwa zehn H\u00e4usern wurde eine \u00dcberwachung durch die Installation von Messger\u00e4ten (Feuchtigkeit, Temperatur) durchgef\u00fchrt. Eine erste Analyse der Messungen f\u00fcr den Winter 2022-2023 durch die technische Mitarbeiterin der Firma PVsyst zeigte interessante Ergebnisse in Bezug auf W\u00e4rmegewinn und Feuchtigkeitsreduzierung.<\/p>\n<p>Dieser Trend wurde von einigen Haushalten w\u00e4hrend des Besuchs best\u00e4tigt, die angaben, ihren Verbrauch halbiert zu haben (2,5 Tonnen Kohleverbrauch gegen\u00fcber 5 Tonnen in fr\u00fcheren Jahren). In der zweiten Phase wird ein detaillierteres Protokoll f\u00fcr eine begrenzte Anzahl von H\u00e4usern eingef\u00fchrt, mit Messungen vor und nach der Isolierung sowie einer t\u00e4glichen \u00dcberwachung des Brennstoffverbrauchs.<\/p>\n<figure id=\"attachment_3141\" aria-describedby=\"caption-attachment-3141\" style=\"width: 325px\" class=\"wp-caption aligncenter\"><img loading=\"lazy\" decoding=\"async\" class=\"wp-image-3141 \" src=\"http:\/\/fondation-pvsyst.org\/wp-content\/uploads\/2023\/11\/KGZ_0823-43-300x146.jpg\" alt=\"\" width=\"325\" height=\"158\" srcset=\"https:\/\/fondation-pvsyst.org\/wp-content\/uploads\/2023\/11\/KGZ_0823-43-300x146.jpg 300w, https:\/\/fondation-pvsyst.org\/wp-content\/uploads\/2023\/11\/KGZ_0823-43-1024x498.jpg 1024w, https:\/\/fondation-pvsyst.org\/wp-content\/uploads\/2023\/11\/KGZ_0823-43-768x373.jpg 768w, https:\/\/fondation-pvsyst.org\/wp-content\/uploads\/2023\/11\/KGZ_0823-43-1536x747.jpg 1536w, https:\/\/fondation-pvsyst.org\/wp-content\/uploads\/2023\/11\/KGZ_0823-43-2048x996.jpg 2048w, https:\/\/fondation-pvsyst.org\/wp-content\/uploads\/2023\/11\/KGZ_0823-43-310x151.jpg 310w\" sizes=\"auto, (max-width: 325px) 100vw, 325px\" \/><figcaption id=\"caption-attachment-3141\" class=\"wp-caption-text\">Au\u00dfenisolierungsarbeiten, Naryn Oblast<\/figcaption><\/figure>\n<p><strong>Ideen f\u00fcr die Fortsetzung<\/strong><\/p>\n<p>W\u00e4hrend des Besuchs wurden Verbesserungsm\u00f6glichkeiten identifiziert, einschlie\u00dflich :<\/p>\n<ul>\n<li>Verwendung von Materialien mit besserer Isolierung (Glas- oder Steinwolle statt Polystyrol).<\/li>\n<li>Sensibilisierung f\u00fcr die Bedeutung der Bel\u00fcftung zur Vermeidung von Feuchtigkeit, Schimmel und damit verbundenen Gesundheitsrisiken.<\/li>\n<li>Anbringung von mechanischen Schutzvorrichtungen an Schl\u00fcsselstellen (T\u00fcranschl\u00e4ge, Fundamente), um Sch\u00e4den durch Wetter, St\u00f6\u00dfe oder Haustiere zu vermeiden (wie auf den Fotos unten zu sehen).<\/li>\n<\/ul>\n<\/div>\n<\/div><\/div><\/div><\/div><div id=\"pg-3920-5\"  class=\"panel-grid panel-no-style\" ><div id=\"pgc-3920-5-0\"  class=\"panel-grid-cell\" ><div id=\"panel-3920-5-0-0\" class=\"so-panel widget widget_sow-editor panel-first-child panel-last-child\" data-index=\"5\" ><div\n\t\t\t\n\t\t\tclass=\"so-widget-sow-editor so-widget-sow-editor-base\"\n\t\t\t\n\t\t>\n<div class=\"siteorigin-widget-tinymce textwidget\">\n\t<p><img loading=\"lazy\" decoding=\"async\" class=\"aligncenter wp-image-3142\" src=\"http:\/\/fondation-pvsyst.org\/wp-content\/uploads\/2023\/11\/KGZ_0823-103-300x161.jpg\" alt=\"\" width=\"467\" height=\"250\" srcset=\"https:\/\/fondation-pvsyst.org\/wp-content\/uploads\/2023\/11\/KGZ_0823-103-300x161.jpg 300w, https:\/\/fondation-pvsyst.org\/wp-content\/uploads\/2023\/11\/KGZ_0823-103-1024x548.jpg 1024w, https:\/\/fondation-pvsyst.org\/wp-content\/uploads\/2023\/11\/KGZ_0823-103-768x411.jpg 768w, https:\/\/fondation-pvsyst.org\/wp-content\/uploads\/2023\/11\/KGZ_0823-103-1536x822.jpg 1536w, https:\/\/fondation-pvsyst.org\/wp-content\/uploads\/2023\/11\/KGZ_0823-103-2048x1096.jpg 2048w, https:\/\/fondation-pvsyst.org\/wp-content\/uploads\/2023\/11\/KGZ_0823-103-310x166.jpg 310w\" sizes=\"auto, (max-width: 467px) 100vw, 467px\" \/><\/p>\n<\/div>\n<\/div><\/div><\/div><div id=\"pgc-3920-5-1\"  class=\"panel-grid-cell\" ><div id=\"panel-3920-5-1-0\" class=\"so-panel widget widget_sow-editor panel-first-child panel-last-child\" data-index=\"6\" ><div\n\t\t\t\n\t\t\tclass=\"so-widget-sow-editor so-widget-sow-editor-base\"\n\t\t\t\n\t\t>\n<div class=\"siteorigin-widget-tinymce textwidget\">\n\t<figure id=\"attachment_3143\" aria-describedby=\"caption-attachment-3143\" style=\"width: 514px\" class=\"wp-caption aligncenter\"><img loading=\"lazy\" decoding=\"async\" class=\"wp-image-3143\" src=\"http:\/\/fondation-pvsyst.org\/wp-content\/uploads\/2023\/11\/KGZ_0823-100-300x146.jpg\" alt=\"\" width=\"514\" height=\"250\" srcset=\"https:\/\/fondation-pvsyst.org\/wp-content\/uploads\/2023\/11\/KGZ_0823-100-300x146.jpg 300w, https:\/\/fondation-pvsyst.org\/wp-content\/uploads\/2023\/11\/KGZ_0823-100-1024x498.jpg 1024w, https:\/\/fondation-pvsyst.org\/wp-content\/uploads\/2023\/11\/KGZ_0823-100-768x373.jpg 768w, https:\/\/fondation-pvsyst.org\/wp-content\/uploads\/2023\/11\/KGZ_0823-100-1536x747.jpg 1536w, https:\/\/fondation-pvsyst.org\/wp-content\/uploads\/2023\/11\/KGZ_0823-100-2048x996.jpg 2048w, https:\/\/fondation-pvsyst.org\/wp-content\/uploads\/2023\/11\/KGZ_0823-100-310x151.jpg 310w\" sizes=\"auto, (max-width: 514px) 100vw, 514px\" \/><figcaption id=\"caption-attachment-3143\" class=\"wp-caption-text\">Sch\u00e4den durch mangelnden mechanischen Schutz<\/figcaption><\/figure>\n<\/div>\n<\/div><\/div><\/div><div id=\"pgc-3920-5-2\"  class=\"panel-grid-cell\" ><div id=\"panel-3920-5-2-0\" class=\"so-panel widget widget_sow-editor panel-first-child panel-last-child\" data-index=\"7\" ><div\n\t\t\t\n\t\t\tclass=\"so-widget-sow-editor so-widget-sow-editor-base\"\n\t\t\t\n\t\t>\n<div class=\"siteorigin-widget-tinymce textwidget\">\n\t<p><img loading=\"lazy\" decoding=\"async\" class=\"aligncenter wp-image-3144\" src=\"http:\/\/fondation-pvsyst.org\/wp-content\/uploads\/2023\/11\/KGZ_0823-102-300x175.jpg\" alt=\"\" width=\"428\" height=\"250\" srcset=\"https:\/\/fondation-pvsyst.org\/wp-content\/uploads\/2023\/11\/KGZ_0823-102-300x175.jpg 300w, https:\/\/fondation-pvsyst.org\/wp-content\/uploads\/2023\/11\/KGZ_0823-102-1024x599.jpg 1024w, https:\/\/fondation-pvsyst.org\/wp-content\/uploads\/2023\/11\/KGZ_0823-102-768x449.jpg 768w, https:\/\/fondation-pvsyst.org\/wp-content\/uploads\/2023\/11\/KGZ_0823-102-1536x898.jpg 1536w, https:\/\/fondation-pvsyst.org\/wp-content\/uploads\/2023\/11\/KGZ_0823-102-2048x1198.jpg 2048w, https:\/\/fondation-pvsyst.org\/wp-content\/uploads\/2023\/11\/KGZ_0823-102-310x181.jpg 310w\" sizes=\"auto, (max-width: 428px) 100vw, 428px\" \/><\/p>\n<\/div>\n<\/div><\/div><\/div><\/div><div id=\"pg-3920-6\"  class=\"panel-grid panel-no-style\" ><div id=\"pgc-3920-6-0\"  class=\"panel-grid-cell\" ><div id=\"panel-3920-6-0-0\" class=\"so-panel widget widget_sow-editor panel-first-child panel-last-child\" data-index=\"8\" ><div\n\t\t\t\n\t\t\tclass=\"so-widget-sow-editor so-widget-sow-editor-base\"\n\t\t\t\n\t\t>\n<div class=\"siteorigin-widget-tinymce textwidget\">\n\t<p>Diese verschiedenen L\u00f6sungen verursachen zum Zeitpunkt der Arbeiten zus\u00e4tzliche Kosten, erh\u00f6hen jedoch die Effizienz und die Lebensdauer der Arbeiten sowie den Komfort im Haus.<\/p>\n<p>So werden in einer zweiten Phase des Projekts Kommunikationsmaterial (Haushalte) und technische Ressourcen (Handwerker) bereitgestellt.<\/p>\n<p>Die PVSYST-Stiftung arbeitet derzeit mit CAMP Alatoo an der Gestaltung der zweiten Phase des Projekts.<\/p>\n<\/div>\n<\/div><\/div><\/div><\/div><div id=\"pg-3920-7\"  class=\"panel-grid panel-no-style\" ><div id=\"pgc-3920-7-0\"  class=\"panel-grid-cell\" ><div id=\"panel-3920-7-0-0\" class=\"so-panel widget widget_sow-headline panel-first-child panel-last-child\" data-index=\"9\" ><div\n\t\t\t\n\t\t\tclass=\"so-widget-sow-headline so-widget-sow-headline-default-29dda1a437a4-3920\"\n\t\t\t\n\t\t><div class=\"sow-headline-container \">\n\t\t\t\t\t\t\t<h4 class=\"sow-headline\">\n\t\t\t\t\t\t<b>Sondierung f\u00fcr ein K\u00fchlhausprojekt  <\/b>\t\t\t\t\t\t<\/h4>\n\t\t\t\t\t\t\t\t\t\t\t<div class=\"decoration\">\n\t\t\t\t\t\t<div class=\"decoration-inside\"><\/div>\n\t\t\t\t\t<\/div>\n\t\t\t\t\t<\/div>\n<\/div><\/div><\/div><\/div><div id=\"pg-3920-8\"  class=\"panel-grid panel-no-style\" ><div id=\"pgc-3920-8-0\"  class=\"panel-grid-cell\" ><div id=\"panel-3920-8-0-0\" class=\"so-panel widget widget_sow-editor panel-first-child panel-last-child\" data-index=\"10\" ><div\n\t\t\t\n\t\t\tclass=\"so-widget-sow-editor so-widget-sow-editor-base\"\n\t\t\t\n\t\t>\n<div class=\"siteorigin-widget-tinymce textwidget\">\n\t<p><strong>Der Ursprung der Idee<\/strong><\/p>\n<p>CAMP Alatoo hat im Rahmen seiner strategischen \u00dcberpr\u00fcfung verschiedene Interventionsachsen identifiziert. Bei dieser Gelegenheit wurde ein Bedarf an K\u00fchllagerung festgestellt, insbesondere in der gem\u00e4\u00dfigten Zone um den Issyk-Kul-See, die f\u00fcr den Obstanbau (insbesondere \u00c4pfel, Birnen und Aprikosen) geeignet ist.<\/p>\n<p>Viele Gebiete rund um den See verf\u00fcgen \u00fcber keine oder nur wenige derartige Strukturen, so dass die Erzeuger von den Marktpreisen abh\u00e4ngig sind, die von Gro\u00dfh\u00e4ndlern aus Bishkek, dem benachbarten Kasachstan oder Russland festgelegt werden. Die Unm\u00f6glichkeit, die landwirtschaftliche Produktion zu lagern, l\u00e4sst keinen Verhandlungsspielraum zu.<\/p>\n<p>W\u00e4hrend der Reise wurden K\u00fchlh\u00e4user besucht, insbesondere in der n\u00f6rdlichen Zone des Issyk-Kul Sees.<\/p>\n<\/div>\n<\/div><\/div><\/div><\/div><div id=\"pg-3920-9\"  class=\"panel-grid panel-no-style\" ><div id=\"pgc-3920-9-0\"  class=\"panel-grid-cell\" ><div id=\"panel-3920-9-0-0\" class=\"so-panel widget widget_sow-image-grid panel-first-child\" data-index=\"11\" ><div\n\t\t\t\n\t\t\tclass=\"so-widget-sow-image-grid so-widget-sow-image-grid-default-8bf08a9600e8-3920\"\n\t\t\t\n\t\t>\t<div\n\t\tclass=\"sow-image-grid-wrapper\"\n\t\t\t\t\t>\n\t\t\t\t\t<div class=\"sow-image-grid-image\">\n\t\t\t\t\t\t\t\t\t\t\t\t<img loading=\"lazy\" decoding=\"async\" width=\"150\" height=\"150\" src=\"https:\/\/fondation-pvsyst.org\/wp-content\/uploads\/2023\/11\/KGZ_0823-109-150x150.jpg\" class=\"sow-image-grid-image_html\" alt=\"\" title=\"KGZ_0823 (109)\" \/>\t\t\t\t\t\t\t\t\t\t\t<\/div>\n\t\t\t\t\t<div class=\"sow-image-grid-image\">\n\t\t\t\t\t\t\t\t\t\t\t\t<img loading=\"lazy\" decoding=\"async\" width=\"150\" height=\"150\" src=\"https:\/\/fondation-pvsyst.org\/wp-content\/uploads\/2023\/11\/KGZ_0823-108-150x150.jpg\" class=\"sow-image-grid-image_html\" alt=\"\" title=\"KGZ_0823 (108)\" \/>\t\t\t\t\t\t\t\t\t\t\t<\/div>\n\t\t\t\t\t<div class=\"sow-image-grid-image\">\n\t\t\t\t\t\t\t\t\t\t\t\t<img loading=\"lazy\" decoding=\"async\" width=\"150\" height=\"150\" src=\"https:\/\/fondation-pvsyst.org\/wp-content\/uploads\/2023\/11\/KGZ_0823-107-150x150.jpg\" class=\"sow-image-grid-image_html\" alt=\"\" title=\"KGZ_0823 (107)\" \/>\t\t\t\t\t\t\t\t\t\t\t<\/div>\n\t\t\t<\/div>\n<\/div><\/div><div id=\"panel-3920-9-0-1\" class=\"so-panel widget widget_sow-image-grid panel-last-child\" data-index=\"12\" ><div\n\t\t\t\n\t\t\tclass=\"so-widget-sow-image-grid so-widget-sow-image-grid-default-8bf08a9600e8-3920\"\n\t\t\t\n\t\t>\t<div\n\t\tclass=\"sow-image-grid-wrapper\"\n\t\t\t\t\t>\n\t\t\t\t\t<div class=\"sow-image-grid-image\">\n\t\t\t\t\t\t\t\t\t\t\t\t<img loading=\"lazy\" decoding=\"async\" width=\"150\" height=\"150\" src=\"https:\/\/fondation-pvsyst.org\/wp-content\/uploads\/2023\/11\/KGZ_0823-79-150x150.jpg\" class=\"sow-image-grid-image_html\" alt=\"\" title=\"KGZ_0823 (79)\" \/>\t\t\t\t\t\t\t\t\t\t\t<\/div>\n\t\t\t\t\t<div class=\"sow-image-grid-image\">\n\t\t\t\t\t\t\t\t\t\t\t\t<img loading=\"lazy\" decoding=\"async\" width=\"150\" height=\"150\" src=\"https:\/\/fondation-pvsyst.org\/wp-content\/uploads\/2023\/11\/KGZ_0823-75-150x150.jpg\" class=\"sow-image-grid-image_html\" alt=\"\" title=\"KGZ_0823 (75)\" \/>\t\t\t\t\t\t\t\t\t\t\t<\/div>\n\t\t\t\t\t<div class=\"sow-image-grid-image\">\n\t\t\t\t\t\t\t\t\t\t\t\t<img loading=\"lazy\" decoding=\"async\" width=\"150\" height=\"150\" src=\"https:\/\/fondation-pvsyst.org\/wp-content\/uploads\/2023\/11\/KGZ_0823-80-150x150.jpg\" class=\"sow-image-grid-image_html\" alt=\"\" title=\"KGZ_0823 (80)\" \/>\t\t\t\t\t\t\t\t\t\t\t<\/div>\n\t\t\t<\/div>\n<\/div><\/div><\/div><\/div><div id=\"pg-3920-10\"  class=\"panel-grid panel-no-style\" ><div id=\"pgc-3920-10-0\"  class=\"panel-grid-cell\" ><div id=\"panel-3920-10-0-0\" class=\"so-panel widget widget_sow-editor panel-first-child panel-last-child\" data-index=\"13\" ><div\n\t\t\t\n\t\t\tclass=\"so-widget-sow-editor so-widget-sow-editor-base\"\n\t\t\t\n\t\t>\n<div class=\"siteorigin-widget-tinymce textwidget\">\n\t<p>Dies erm\u00f6glichte insbesondere :<\/p>\n<ul>\n<li>zu verstehen, wie solche Strukturen funktionieren;<\/li>\n<li>Informationen \u00fcber die damit verbundenen Kosten (Energie) und die Preise f\u00fcr die Lagerung f\u00fcr die Produzenten zu erhalten;<\/li>\n<li>einen Mangel an Strukturen in einigen Gebieten rund um den See festzustellen.<\/li>\n<\/ul>\n<p>Der wirtschaftliche Nutzen ist nicht zu vernachl\u00e4ssigen: Zum Beispiel werden rote \u00c4pfel aus lokalem Anbau im Oktober und November f\u00fcr rund 30 Som pro Kilo an Gro\u00dfh\u00e4ndler verkauft. Einen Monat sp\u00e4ter wurde der Preis auf 35 Som erh\u00f6ht. Wenn sie drei bis vier Monate l\u00e4nger gelagert und im Fr\u00fchjahr verkauft werden, steigt der Preis auf 60 Som. \u00dcber den Verkaufspreis hinaus w\u00fcrde die K\u00fchllagerung auch Verluste vermeiden, die mit den derzeit verwendeten unsicheren Lagerungsl\u00f6sungen (im Freien, unter Mulch) verbunden sind. Diese Verluste machen 10% der gelagerten Produkte aus (im Vergleich zu maximal 3 bis 5% in den besuchten Lagerh\u00e4usern).<\/p>\n<p><strong>Identifikation eines geeigneten Gebiets f\u00fcr die Ansiedlung<\/strong><\/p>\n<p>Das Gebiet des Aymak (Distrikt) Chon-Jargylchak (siehe Karte) scheint am interessantesten zu sein:<\/p>\n<ul>\n<li>Gro\u00dfe Anzahl (400 Familien) von kleinen oder mittelgro\u00dfen Produzenten (ca. 2 Hektar).<\/li>\n<li>Kein Zugang zu Speicherl\u00f6sungen.<\/li>\n<li>Eine bestehende Gemeinschaftsdynamik, auf der aufgebaut werden kann.<\/li>\n<\/ul>\n<figure id=\"attachment_3225\" aria-describedby=\"caption-attachment-3225\" style=\"width: 700px\" class=\"wp-caption aligncenter\"><img loading=\"lazy\" decoding=\"async\" class=\"wp-image-3225\" src=\"http:\/\/fondation-pvsyst.org\/wp-content\/uploads\/2023\/11\/zone_chon_jargylchak_KGZ-300x142.png\" alt=\"\" width=\"700\" height=\"332\" srcset=\"https:\/\/fondation-pvsyst.org\/wp-content\/uploads\/2023\/11\/zone_chon_jargylchak_KGZ-300x142.png 300w, https:\/\/fondation-pvsyst.org\/wp-content\/uploads\/2023\/11\/zone_chon_jargylchak_KGZ-1024x486.png 1024w, https:\/\/fondation-pvsyst.org\/wp-content\/uploads\/2023\/11\/zone_chon_jargylchak_KGZ-768x364.png 768w, https:\/\/fondation-pvsyst.org\/wp-content\/uploads\/2023\/11\/zone_chon_jargylchak_KGZ-1536x729.png 1536w, https:\/\/fondation-pvsyst.org\/wp-content\/uploads\/2023\/11\/zone_chon_jargylchak_KGZ-2048x971.png 2048w, https:\/\/fondation-pvsyst.org\/wp-content\/uploads\/2023\/11\/zone_chon_jargylchak_KGZ-310x147.png 310w\" sizes=\"auto, (max-width: 700px) 100vw, 700px\" \/><figcaption id=\"caption-attachment-3225\" class=\"wp-caption-text\">Der Interventionsbereich des PROMEE-Projekts ist gr\u00fcn umrandet, das Gebiet Chon-Jargylchak blau.<\/figcaption><\/figure>\n<p>&nbsp;<\/p>\n<p>Das Hauptziel besteht darin, eine gute Verbindung zwischen einem partizipativen sozialen Management, das m\u00f6glichst vielen Menschen zugute kommt, und dem wirtschaftlichen Aspekt (Kosten, Einnahmen, Rentabilit\u00e4t) herzustellen, um die Lebensf\u00e4higkeit der Struktur zu gew\u00e4hrleisten.<\/p>\n<p>Die PVSYST-Stiftung wird CAMP Alatoo bei der Durchf\u00fchrung einer Studie unterst\u00fctzen, um das Interesse der Bev\u00f6lkerung an einem partizipativ verwalteten Lagerraum zu ermitteln und ein Gesch\u00e4ftsmodell zu entwerfen (Aktivit\u00e4ten, Ressourcen, Kosten, wirtschaftliches Umfeld, potenzielle Kunden, Partner usw.). und damit die Entwicklung eines sozial n\u00fctzlichen und langfristig nachhaltigen Projekts zu f\u00f6rdern.<\/p>\n<p>Die signifikante Sonneneinstrahlung in diesem Gebiet erm\u00f6glicht die Nutzung von Photovoltaikmodulen, um den reibungslosen Betrieb des K\u00fchlsystems zu gew\u00e4hrleisten. Erste Anhaltspunkte hierf\u00fcr wurden w\u00e4hrend des Besuchs gesammelt. Die Eignung des Systems wird w\u00e4hrend der Studienphase in Abh\u00e4ngigkeit von verschiedenen Parametern (gesetzliches Umfeld, lokal verf\u00fcgbares Material, Kosten usw.) best\u00e4tigt werden.<\/p>\n<p><strong>Die PVSYST-Stiftung m\u00f6chte dem Team von CAMP Alatoo f\u00fcr sein Engagement und seine Professionalit\u00e4t sowie f\u00fcr die logistische Organisation der Mission herzlich danken.  <\/strong><\/p>\n<\/div>\n<\/div><\/div><\/div><\/div><\/div>","protected":false},"excerpt":{"rendered":"<p>Nachrichten Nachrichten Nachrichten Nachfolge- und Erkundungsmission in Kirgisistan, August 2023 Der Projektmanager der PVSYST-Stiftung und der technische Koordinator von PVsyst reisten nach Kirgisistan, um das Projekt PROMEE (Professionals for the Ma\u00eetrise of Energy Efficiency) zu \u00fcberwachen. PROMEE hat zum Ziel, Handwerker in L\u00f6sungen und Techniken f\u00fcr W\u00e4rmeisolierungsarbeiten auszubilden und den Zugang von Haushalten zu diesen<\/p>\n","protected":false},"author":1,"featured_media":0,"parent":1558,"menu_order":0,"comment_status":"closed","ping_status":"closed","template":"","meta":{"footnotes":""},"class_list":["post-3920","page","type-page","status-publish","hentry"],"_links":{"self":[{"href":"https:\/\/fondation-pvsyst.org\/de\/wp-json\/wp\/v2\/pages\/3920","targetHints":{"allow":["GET"]}}],"collection":[{"href":"https:\/\/fondation-pvsyst.org\/de\/wp-json\/wp\/v2\/pages"}],"about":[{"href":"https:\/\/fondation-pvsyst.org\/de\/wp-json\/wp\/v2\/types\/page"}],"author":[{"embeddable":true,"href":"https:\/\/fondation-pvsyst.org\/de\/wp-json\/wp\/v2\/users\/1"}],"replies":[{"embeddable":true,"href":"https:\/\/fondation-pvsyst.org\/de\/wp-json\/wp\/v2\/comments?post=3920"}],"version-history":[{"count":1,"href":"https:\/\/fondation-pvsyst.org\/de\/wp-json\/wp\/v2\/pages\/3920\/revisions"}],"predecessor-version":[{"id":3921,"href":"https:\/\/fondation-pvsyst.org\/de\/wp-json\/wp\/v2\/pages\/3920\/revisions\/3921"}],"up":[{"embeddable":true,"href":"https:\/\/fondation-pvsyst.org\/de\/wp-json\/wp\/v2\/pages\/1558"}],"wp:attachment":[{"href":"https:\/\/fondation-pvsyst.org\/de\/wp-json\/wp\/v2\/media?parent=3920"}],"curies":[{"name":"wp","href":"https:\/\/api.w.org\/{rel}","templated":true}]}}