{"id":3918,"date":"2023-07-17T16:49:35","date_gmt":"2023-07-17T14:49:35","guid":{"rendered":"https:\/\/fondation-pvsyst.org\/preprod\/aktuelles\/neuigkeiten-von-der-stiftung-und-den-projekten\/"},"modified":"2024-06-27T10:58:32","modified_gmt":"2024-06-27T08:58:32","slug":"neuigkeiten-von-der-stiftung-und-den-projekten","status":"publish","type":"page","link":"https:\/\/fondation-pvsyst.org\/de\/aktuelles\/neuigkeiten-von-der-stiftung-und-den-projekten\/","title":{"rendered":"Neuigkeiten von der Stiftung und den Projekten"},"content":{"rendered":"<div id=\"pl-3918\"  class=\"panel-layout\" ><div id=\"pg-3918-0\"  class=\"panel-grid panel-has-style\" ><div class=\"siteorigin-panels-stretch panel-row-style panel-row-style-for-3918-0\" data-stretch-type=\"full-width-stretch\" ><div id=\"pgc-3918-0-0\"  class=\"panel-grid-cell\" ><div id=\"panel-3918-0-0-0\" class=\"so-panel widget widget_sow-hero panel-first-child panel-last-child\" data-index=\"0\" ><div\n\t\t\t\n\t\t\tclass=\"so-widget-sow-hero so-widget-sow-hero-default-78d99ccfba76-3918 so-widget-fittext-wrapper\"\n\t\t\t data-fit-text-compressor=\"0.85\"\n\t\t>\t\t\t\t<div class=\"sow-slider-base\" style=\"display: none\" tabindex=\"0\">\n\t\t\t\t\t<ul\n\t\t\t\t\tclass=\"sow-slider-images\"\n\t\t\t\t\tdata-settings=\"{&quot;pagination&quot;:true,&quot;speed&quot;:800,&quot;timeout&quot;:8000,&quot;paused&quot;:false,&quot;pause_on_hover&quot;:false,&quot;swipe&quot;:true,&quot;nav_always_show_desktop&quot;:&quot;&quot;,&quot;nav_always_show_mobile&quot;:&quot;&quot;,&quot;breakpoint&quot;:&quot;780px&quot;,&quot;unmute&quot;:false,&quot;anchor&quot;:null}\"\n\t\t\t\t\tstyle=\"min-height: 300px\"\t\t\t\t\tdata-anchor-id=\"\"\n\t\t\t\t>\t\t<li class=\"sow-slider-image  sow-slider-image-cover\" style=\"visibility: visible;;background-color: #333333;background-image: url(https:\/\/fondation-pvsyst.org\/wp-content\/uploads\/2017\/02\/copie-0_classe_ecole_kemena_site.jpg)\" >\n\t\t\t\t\t<div class=\"sow-slider-image-container\">\n\t\t\t<div class=\"sow-slider-image-wrapper\">\n\t\t\t\t<h1 style=\"text-align: center\">Nachrichten<\/h1>\t\t\t<\/div>\n\t\t<\/div>\n\t\t\t\t<\/li>\n\t\t\t\t<li class=\"sow-slider-image  sow-slider-image-cover\" style=\"visibility: hidden;;background-color: #333333\" data-background=\"url(https:\/\/fondation-pvsyst.org\/wp-content\/uploads\/2017\/04\/Commune-de-Djiddah-Thiaroye-S\u00e9n\u00e9gal-2-e1491471627179.jpg)\" >\n\t\t\t\t\t<div class=\"sow-slider-image-container\">\n\t\t\t<div class=\"sow-slider-image-wrapper\">\n\t\t\t\t<h1 style=\"text-align: center\">Nachrichten<\/h1>\n\t\t\t<\/div>\n\t\t<\/div>\n\t\t\t\t<\/li>\n\t\t\t\t<li class=\"sow-slider-image  sow-slider-image-cover\" style=\"visibility: hidden;;background-color: #333333\" data-background=\"url(https:\/\/fondation-pvsyst.org\/wp-content\/uploads\/2017\/04\/Commune-de-Bamba-S\u00e9n\u00e9gal-4-e1491471509373.jpg)\" >\n\t\t\t\t\t<div class=\"sow-slider-image-container\">\n\t\t\t<div class=\"sow-slider-image-wrapper\">\n\t\t\t\t<h1 style=\"text-align: center\">Nachrichten<\/h1>\n\t\t\t<\/div>\n\t\t<\/div>\n\t\t\t\t<\/li>\n\t\t<\/ul>\t\t\t\t<ol class=\"sow-slider-pagination\">\n\t\t\t\t\t\t\t\t\t\t\t<li><a href=\"#\" data-goto=\"0\" aria-label=\"Display slide 1\"><\/a><\/li>\n\t\t\t\t\t\t\t\t\t\t\t<li><a href=\"#\" data-goto=\"1\" aria-label=\"Display slide 2\"><\/a><\/li>\n\t\t\t\t\t\t\t\t\t\t\t<li><a href=\"#\" data-goto=\"2\" aria-label=\"Display slide 3\"><\/a><\/li>\n\t\t\t\t\t\t\t\t\t<\/ol>\n\n\t\t\t\t<div class=\"sow-slide-nav sow-slide-nav-next\">\n\t\t\t\t\t<a href=\"#\" data-goto=\"next\" aria-label=\"Next slide\" data-action=\"next\">\n\t\t\t\t\t\t<em class=\"sow-sld-icon-thin-right\"><\/em>\n\t\t\t\t\t<\/a>\n\t\t\t\t<\/div>\n\n\t\t\t\t<div class=\"sow-slide-nav sow-slide-nav-prev\">\n\t\t\t\t\t<a href=\"#\" data-goto=\"previous\" aria-label=\"Previous slide\" data-action=\"prev\">\n\t\t\t\t\t\t<em class=\"sow-sld-icon-thin-left\"><\/em>\n\t\t\t\t\t<\/a>\n\t\t\t\t<\/div>\n\t\t\t\t<\/div><\/div><\/div><\/div><\/div><\/div><div id=\"pg-3918-1\"  class=\"panel-grid panel-no-style\" ><div id=\"pgc-3918-1-0\"  class=\"panel-grid-cell\" ><div id=\"panel-3918-1-0-0\" class=\"so-panel widget widget_sow-headline panel-first-child\" data-index=\"1\" ><div\n\t\t\t\n\t\t\tclass=\"so-widget-sow-headline so-widget-sow-headline-default-48659d925f9c-3918\"\n\t\t\t\n\t\t><div class=\"sow-headline-container \">\n\t\t\t\t\t\t\t<h4 class=\"sow-headline\">\n\t\t\t\t\t\t<b>  Neuigkeiten von der Stiftung und den Projekten  <\/b>\t\t\t\t\t\t<\/h4>\n\t\t\t\t\t\t\t\t\t\t\t<div class=\"decoration\">\n\t\t\t\t\t\t<div class=\"decoration-inside\"><\/div>\n\t\t\t\t\t<\/div>\n\t\t\t\t\t<\/div>\n<\/div><\/div><div id=\"panel-3918-1-0-1\" class=\"so-panel widget widget_sow-editor\" data-index=\"2\" ><div\n\t\t\t\n\t\t\tclass=\"so-widget-sow-editor so-widget-sow-editor-base\"\n\t\t\t\n\t\t>\n<div class=\"siteorigin-widget-tinymce textwidget\">\n\t<p>Auf ihrer Jahreshauptversammlung am 20. Juni 2023 genehmigte die Stiftung PVSYST den T\u00e4tigkeitsbericht 2022. Der Bericht enth\u00e4lt Informationen \u00fcber die unterst\u00fctzten Projekte, die Aussichten f\u00fcr neue Projekte und die Stiftung selbst. Dies erm\u00f6glicht es uns, die Bilanz der Projekte f\u00fcr das Jahr 2022 zu teilen.<\/p>\n<h1>Projekt PROMESS - PROfessionnels pour la Ma\u00eetrise de l'Energie Solaire et Solidaire (Fachleute f\u00fcr die Beherrschung von Solarenergie und Solidarit\u00e4t)<\/h1>\n<p><a href=\"https:\/\/fondation-pvsyst.org\/de\/projekte\/promess-senegal\/\">Siehe die Beschreibung des PROMESS-Projekts<\/a><\/p>\n<h2>Hauptergebnisse des PROMESS-Projekts im Jahr 2022<\/h2>\n<h3><em>Auf institutioneller Ebene<\/em><\/h3>\n<p>Der Projektpartner, \"Une Lumi\u00e8re Dans La Rue\" (ULDLR), setzte seine Bem\u00fchungen zur institutionellen St\u00e4rkung sowohl extern als auch intern fort. Im November 2022 fand ein weiteres Treffen mit der akademischen Inspektion statt, um die offizielle Anerkennung des von PROMESS ausgestellten Diploms voranzutreiben. Die relevanteste Zertifizierung, die angesichts des Lehrplans und der Inhalte von PROMESS beantragt werden sollte, ist das CPS (Certificat de Professionnalisation Sp\u00e9cialis\u00e9e). Die Angelegenheit schreitet voran und das Team hofft auf eine Umsetzung im Jahr 2023.<\/p>\n<p>Es wurden auch Verbindungen mit dem Centre Acad\u00e9mique d'Orientation Scolaire et Professionnelle (Akademisches Zentrum f\u00fcr Schul- und Berufsberatung) gekn\u00fcpft, um den Prozess der Einstellung von Kandidatinnen f\u00fcr die Ausbildung zu \u00fcberwachen.<\/p>\n<p>Die Partnerschaft mit LAGAZEL (Saint-Galmier - Frankreich), die die Montage von Solarlampen und Ladestationen im Ausbildungszentrum zum Ziel hat, wurde bis 2022 verl\u00e4ngert. Diese Ma\u00dfnahme erm\u00f6glicht es jungen Hochschulabsolventen, ihren Einstieg als Solarteur zu erg\u00e4nzen, indem sie f\u00fcr die Montage dieser Elemente bezahlt werden.<\/p>\n<p>Die offizielle Einweihung der Werkstatt im November 2022 bot die Gelegenheit, die lokalen Akteure der Eingliederung von Jugendlichen zusammenzubringen.<\/p>\n<p>Insgesamt wurden 2.113 Lampen in der Werkstatt des Ausbildungszentrums montiert:<\/p>\n<ul>\n<li>456 Lampen des Modells LK600<\/li>\n<li>1.654 Lampen des Modells LK1500<\/li>\n<li>Dar\u00fcber hinaus wurden 31 Ladestationen f\u00fcr das gleichzeitige Aufladen von 50 bis 60 Lampen montiert.<\/li>\n<\/ul>\n<p>An diesen Aktivit\u00e4ten nahmen 7 diplomierte PROMESS-Operatoren teil.<\/p>\n<h3><em>Auf der Ebene der Ausbildung<\/em><\/h3>\n<p>Seit dem Start von PROMESS haben 128 Lernende das Modul 2 absolviert, 71 durch Erstausbildung und 57 durch Weiterbildung.<\/p>\n<p>Im Jahr 2022 haben 2 Kohorten der Erstausbildung 32 jungen Menschen die M\u00f6glichkeit gegeben, den Kurs zu absolvieren. 10 waren Absolventen der ersten Kohorte (von 16 angeworbenen und 14, die die Pr\u00fcfungen bestanden). Die zweite Kohorte (16 angeworbene Jugendliche) wird ihren Abschluss im Jahr 2023 machen.<\/p>\n<figure id=\"attachment_2987\" aria-describedby=\"caption-attachment-2987\" style=\"width: 900px\" class=\"wp-caption aligncenter\"><img loading=\"lazy\" decoding=\"async\" class=\"wp-image-2987\" src=\"http:\/\/fondation-pvsyst.org\/wp-content\/uploads\/2023\/07\/PROMESS-1024x548.jpg\" alt=\"\" width=\"900\" height=\"482\" srcset=\"https:\/\/fondation-pvsyst.org\/wp-content\/uploads\/2023\/07\/PROMESS-1024x548.jpg 1024w, https:\/\/fondation-pvsyst.org\/wp-content\/uploads\/2023\/07\/PROMESS-300x161.jpg 300w, https:\/\/fondation-pvsyst.org\/wp-content\/uploads\/2023\/07\/PROMESS-768x411.jpg 768w, https:\/\/fondation-pvsyst.org\/wp-content\/uploads\/2023\/07\/PROMESS-310x166.jpg 310w, https:\/\/fondation-pvsyst.org\/wp-content\/uploads\/2023\/07\/PROMESS.jpg 1209w\" sizes=\"auto, (max-width: 900px) 100vw, 900px\" \/><figcaption id=\"caption-attachment-2987\" class=\"wp-caption-text\">Auszubildende in der Ausbildung zum Solarinstallateur - Mai 2023<\/figcaption><\/figure>\n<p>&nbsp;<\/p>\n<p>Die erste Kohorte von 11 Lernenden in Modul 3 (Solarpumpen) zeigt eine gemischte Bilanz. Die gr\u00f6\u00dfte H\u00fcrde ist der extrem hohe Stundenumfang f\u00fcr ein Zusatzmodul. Da die gro\u00dfe Mehrheit der Lernenden in der Elektro-\/Solarindustrie t\u00e4tig ist, hinderte sie ihre berufliche T\u00e4tigkeit oft daran, am Unterricht teilzunehmen. Derzeit muss die Organisation der Ausbildung \u00fcberdacht werden. Im Mai 2023 wurde eine Mission der technischen Unterst\u00fctzung der Stiftung durchgef\u00fchrt, um diese \u00dcberpr\u00fcfung zu unterst\u00fctzen.<\/p>\n<p>Da der Schwerpunkt stark auf der praktischen Komponente liegt, wurden im Jahr 2022 44 Lehrbaustellen (mit einer Gesamtdauer von 459 Stunden) eingerichtet, an denen durchschnittlich 5 Lernende beteiligt waren. Bei diesen Schulbaustellen handelt es sich um einige Tage dauernde Arbeiten, die bei Privatpersonen, Unternehmen oder Beh\u00f6rden durchgef\u00fchrt werden. 43 Auszubildende (Grundausbildung + Pumpenausbildung) waren im Jahr 2022 in Ausbildung, so dass jeder von ihnen im Durchschnitt 5,2 Lehrbaustellen absolvierte, was 52 Stunden Praxis pro Auszubildendem entspricht.<\/p>\n<p>Schlie\u00dflich wurden im Jahr 2022 drei p\u00e4dagogische Treffen organisiert.<\/p>\n<h3><em>Auf der Ebene der beruflichen Eingliederung<\/em><\/h3>\n<p>Die berufliche Eingliederung der ausgebildeten Lernenden bleibt ein wichtiger Verbesserungspunkt f\u00fcr das Projekt. Die Bewertungen vor Ort und der Austausch mit der Cellule d'Immersion et d'Insertion Professionnelle (CIIP) haben gezeigt, dass die Haupthindernisse bei der Suche nach Arbeitspl\u00e4tzen folgende sein k\u00f6nnen:<\/p>\n<ul>\n<li>Die Abgelegenheit einiger Betreiber in l\u00e4ndlichen Gebieten, die die M\u00f6glichkeiten der Zusammenarbeit zwischen Betreibern einschr\u00e4nkt.<\/li>\n<li>Geschlecht (Frauen werden in einigen F\u00e4llen als weniger legitim empfunden)<\/li>\n<\/ul>\n<p>Mehrere Inkubatoren wurden kontaktiert, um eine Situationsanalyse f\u00fcr eine Stichprobe von Absolventen durchzuf\u00fchren und deren Unterst\u00fctzung in Betracht zu ziehen. Eine Pilotphase soll im Jahr 2023 durchgef\u00fchrt werden.<\/p>\n<p>Parallel dazu wurde die Schaffung einer internen Stelle f\u00fcr einen Entwicklungsbeauftragten beschlossen, um die CIIP zu st\u00e4rken. Diese Stelle soll Unternehmen oder Beh\u00f6rden ansprechen, um Praktikums-, Arbeits- oder Baum\u00f6glichkeiten f\u00fcr Absolventen zu identifizieren.<\/p>\n<p>Schlie\u00dflich wurde die Umfrage zur Beobachtung der Lernenden im letzten Quartal des Jahres 2022 erneut gestartet. Von den 128 PROMESS-Absolventen konnten 70 kontaktiert werden, die ihre Situation mit der Zelle teilten. Von diesen gaben 56% an, im Bereich Elektrizit\u00e4t und Solarenergie aktiv zu sein, 33% gaben an, mittelm\u00e4\u00dfig aktiv zu sein.<\/p>\n<h1>Projekt PROMEE - PROfessionals for the Mastering of Energy Energy in Kirgisistan<\/h1>\n<p><a href=\"https:\/\/fondation-pvsyst.org\/de\/projekte\/promee-kirgisistan\/\">Siehe die Beschreibung des PROMEE-Projekts<\/a><\/p>\n<h2>Hauptergebnisse des PROMEE-Projekts im Jahr 2022<\/h2>\n<h3><em>Identifizierung und Ausbildung von Handwerkern<\/em><\/h3>\n<p>Nach einer ersten Schulung\/Sensibilisierung im November 2021 wurde im Februar 2022 eine zweite Sitzung durch das Team des Partners CAMP Alatoo durchgef\u00fchrt, die neue Schulungsbed\u00fcrfnisse ergab.<\/p>\n<p>Um diese Frage zu beantworten, wurde eine Partnerschaft zwischen der Stiftung und GERES (Groupe Energies Renouvelables, Environnement et Solidarit\u00e9s - Gruppe f\u00fcr erneuerbare Energien, Umwelt und Solidarit\u00e4t) geschlossen. Eine erste Bewertungsmission fand Ende 2022 statt. Die Ausbildungsbed\u00fcrfnisse der Handwerker wurden pr\u00e4zisiert und qualifiziert:<\/p>\n<ul>\n<li>Fragen der Bel\u00fcftung.<\/li>\n<li>Die Isolierung von Holzb\u00f6den, die aufgrund der technischen Dimension und der Zur\u00fcckhaltung einiger Haushalte sehr wenig praktiziert wird.<\/li>\n<li>Die Innenisolierung von W\u00e4nden, da die Isolierung derzeit \u00fcberwiegend von au\u00dfen erfolgt.<\/li>\n<\/ul>\n<p>Der zweite Teil des GERES-Auftrags, der auf die praktische Ausbildung in diesen drei Komponenten abzielte, fand im Juni 2023 statt.<\/p>\n<figure id=\"attachment_2993\" aria-describedby=\"caption-attachment-2993\" style=\"width: 600px\" class=\"wp-caption aligncenter\"><img loading=\"lazy\" decoding=\"async\" class=\"wp-image-2993\" src=\"http:\/\/fondation-pvsyst.org\/wp-content\/uploads\/2023\/07\/IMG-20230620-WA0019-300x225.jpg\" alt=\"\" width=\"600\" height=\"450\" srcset=\"https:\/\/fondation-pvsyst.org\/wp-content\/uploads\/2023\/07\/IMG-20230620-WA0019-300x225.jpg 300w, https:\/\/fondation-pvsyst.org\/wp-content\/uploads\/2023\/07\/IMG-20230620-WA0019-1024x768.jpg 1024w, https:\/\/fondation-pvsyst.org\/wp-content\/uploads\/2023\/07\/IMG-20230620-WA0019-768x576.jpg 768w, https:\/\/fondation-pvsyst.org\/wp-content\/uploads\/2023\/07\/IMG-20230620-WA0019-310x233.jpg 310w, https:\/\/fondation-pvsyst.org\/wp-content\/uploads\/2023\/07\/IMG-20230620-WA0019.jpg 1040w\" sizes=\"auto, (max-width: 600px) 100vw, 600px\" \/><figcaption id=\"caption-attachment-2993\" class=\"wp-caption-text\">Schulung von Handwerkern durch GERES (Bel\u00fcftung, Innenisolierung) - Mai 2023<\/figcaption><\/figure>\n<p><img loading=\"lazy\" decoding=\"async\" class=\"aligncenter wp-image-2992\" src=\"http:\/\/fondation-pvsyst.org\/wp-content\/uploads\/2023\/07\/IMG_20230621_174921-300x169.jpg\" alt=\"\" width=\"600\" height=\"338\" srcset=\"https:\/\/fondation-pvsyst.org\/wp-content\/uploads\/2023\/07\/IMG_20230621_174921-300x169.jpg 300w, https:\/\/fondation-pvsyst.org\/wp-content\/uploads\/2023\/07\/IMG_20230621_174921-1024x576.jpg 1024w, https:\/\/fondation-pvsyst.org\/wp-content\/uploads\/2023\/07\/IMG_20230621_174921-768x432.jpg 768w, https:\/\/fondation-pvsyst.org\/wp-content\/uploads\/2023\/07\/IMG_20230621_174921-1536x864.jpg 1536w, https:\/\/fondation-pvsyst.org\/wp-content\/uploads\/2023\/07\/IMG_20230621_174921-2048x1152.jpg 2048w, https:\/\/fondation-pvsyst.org\/wp-content\/uploads\/2023\/07\/IMG_20230621_174921-310x174.jpg 310w\" sizes=\"auto, (max-width: 600px) 100vw, 600px\" \/><\/p>\n<h3><em>Finanzierungserleichterungen f\u00fcr Haushalte<\/em><\/h3>\n<p>Der Entwurf sieht ein Finanzierungssystem vor, das es Haushalten erm\u00f6glicht, energetische Verbesserungen des Wohnraums, die normalerweise in Phasen entsprechend dem Einkommen der Haushalte durchgef\u00fchrt werden, auf einmal zu realisieren. Dieses Pilotprogramm basiert auf den Grunds\u00e4tzen eines \"zinslosen Darlehens\", das direkt von CAMP verwaltet wird.<\/p>\n<p>Seit Beginn des Projekts wurden 15 Baustellen eingerichtet. 10 wurden im Jahr 2022 erreicht. Die Zahl ist niedriger als erwartet, da die Gesamtkosten der durchgef\u00fchrten Arbeiten h\u00f6her als erwartet waren. Die ersten 13 Baustellen haben den Fonds ersch\u00f6pft. Die n\u00e4chsten beiden wurden mit den Mitteln durchgef\u00fchrt, die von den ersten 13 beg\u00fcnstigten Haushalten zur\u00fcckgezahlt wurden. Dies bedeutet, dass die bisher betroffenen Haushalte sich f\u00fcr mehr Arbeiten entschieden haben, als das Projekt erwartet hatte:<\/p>\n<ul>\n<li>Das gute Informationsniveau der Handwerker hinsichtlich des Nutzens dieser Arbeiten.<\/li>\n<li>Die Bereitschaft der Haushalte, sich zu umfangreicheren Arbeiten zu verpflichten, als das CAMP-Team urspr\u00fcnglich geplant hatte.<\/li>\n<\/ul>\n<h3><em>\u00dcberwachung des Energieverbrauchs<\/em><\/h3>\n<p>Das Projekt beinhaltet die Einrichtung eines Systems zur \u00dcberwachung des Energieverbrauchs und der Temperatur. Im Jahr 2022 wurden 25 Sonden in 11 H\u00e4usern installiert (darunter 3 \"Test\"-H\u00e4user, in denen keine Isolierung vorgenommen wurde).<\/p>\n<p>Diese Daten werden am Ende des Winters analysiert und werden technische Informationen \u00fcber die Wirksamkeit der Arbeiten liefern.<\/p>\n<p>&nbsp;<\/p>\n<\/div>\n<\/div><\/div><div id=\"panel-3918-1-0-2\" class=\"so-panel widget widget_sow-headline panel-last-child\" data-index=\"3\" ><div class=\"panel-widget-style panel-widget-style-for-3918-1-0-2\" ><div\n\t\t\t\n\t\t\tclass=\"so-widget-sow-headline so-widget-sow-headline-default-48659d925f9c-3918\"\n\t\t\t\n\t\t><div class=\"sow-headline-container \">\n\t\t\t\t\t\t\t<h4 class=\"sow-headline\">\n\t\t\t\t\t\t<b>  Inkubation \/ neue Projekte  <\/b>\t\t\t\t\t\t<\/h4>\n\t\t\t\t\t\t\t\t\t\t\t<div class=\"decoration\">\n\t\t\t\t\t\t<div class=\"decoration-inside\"><\/div>\n\t\t\t\t\t<\/div>\n\t\t\t\t\t\t\t\t\t\t\t<p class=\"sow-sub-headline\">\n\t\t\t\t\t\tMit der Ankunft eines neuen Projektmanagers bei der Stiftung im September 2022 waren die \u00dcbergabe der verschiedenen Dossiers und die \u00dcberwachung der Projekte im letzten Quartal eine Priorit\u00e4t. Dennoch wurden Gespr\u00e4che mit verschiedenen potenziellen Partnern aufgenommen, sowohl in den L\u00e4ndern, in denen die Stiftung t\u00e4tig ist (Senegal, Kirgisistan), als auch anderswo: Marokko, Sierra Leone, Jordanien und andere. Dabei wurden neue Projekttypen (Zugang zu Wasser) diskutiert, aber auch die m\u00f6gliche Replikation des Systems zur Ausbildung von Technikern f\u00fcr Photovoltaikanlagen. Der Start neuer Projekte wird f\u00fcr Ende 2023 erwartet.  \t\t\t\t\t\t<\/p>\n\t\t\t\t\t\t<\/div>\n<\/div><\/div><\/div><\/div><\/div><div id=\"pg-3918-2\"  class=\"panel-grid panel-no-style\" ><div id=\"pgc-3918-2-0\"  class=\"panel-grid-cell panel-grid-cell-empty\" ><\/div><div id=\"pgc-3918-2-1\"  class=\"panel-grid-cell panel-grid-cell-empty panel-grid-cell-mobile-last\" ><\/div><div id=\"pgc-3918-2-2\"  class=\"panel-grid-cell panel-grid-cell-empty\" ><\/div><\/div><\/div>","protected":false},"excerpt":{"rendered":"<p>Auf ihrer Jahreshauptversammlung am 20. Juni 2023 genehmigte die Stiftung PVSYST den T\u00e4tigkeitsbericht 2022. Der Bericht enth\u00e4lt Informationen \u00fcber die unterst\u00fctzten Projekte, die Aussichten f\u00fcr neue Projekte und die Stiftung selbst. Dies erm\u00f6glicht es uns, die Bilanz der Projekte f\u00fcr das Jahr 2022 zu teilen. Projekt PROMESS &#8211; PROfessionnels pour la Ma\u00eetrise de l&#8217;Energie Solaire<\/p>\n","protected":false},"author":1,"featured_media":0,"parent":1558,"menu_order":0,"comment_status":"closed","ping_status":"closed","template":"","meta":{"footnotes":""},"class_list":["post-3918","page","type-page","status-publish","hentry"],"_links":{"self":[{"href":"https:\/\/fondation-pvsyst.org\/de\/wp-json\/wp\/v2\/pages\/3918","targetHints":{"allow":["GET"]}}],"collection":[{"href":"https:\/\/fondation-pvsyst.org\/de\/wp-json\/wp\/v2\/pages"}],"about":[{"href":"https:\/\/fondation-pvsyst.org\/de\/wp-json\/wp\/v2\/types\/page"}],"author":[{"embeddable":true,"href":"https:\/\/fondation-pvsyst.org\/de\/wp-json\/wp\/v2\/users\/1"}],"replies":[{"embeddable":true,"href":"https:\/\/fondation-pvsyst.org\/de\/wp-json\/wp\/v2\/comments?post=3918"}],"version-history":[{"count":1,"href":"https:\/\/fondation-pvsyst.org\/de\/wp-json\/wp\/v2\/pages\/3918\/revisions"}],"predecessor-version":[{"id":3919,"href":"https:\/\/fondation-pvsyst.org\/de\/wp-json\/wp\/v2\/pages\/3918\/revisions\/3919"}],"up":[{"embeddable":true,"href":"https:\/\/fondation-pvsyst.org\/de\/wp-json\/wp\/v2\/pages\/1558"}],"wp:attachment":[{"href":"https:\/\/fondation-pvsyst.org\/de\/wp-json\/wp\/v2\/media?parent=3918"}],"curies":[{"name":"wp","href":"https:\/\/api.w.org\/{rel}","templated":true}]}}