{"id":3911,"date":"2023-11-28T15:41:32","date_gmt":"2023-11-28T14:41:32","guid":{"rendered":"https:\/\/fondation-pvsyst.org\/preprod\/aktuelles\/unterstuetzung-der-ausbildung-von-handwerkern-und-teams-des-promee-projekts-kirgisistan-august-2023\/"},"modified":"2024-06-26T16:12:21","modified_gmt":"2024-06-26T14:12:21","slug":"unterstuetzung-der-ausbildung-von-handwerkern-und-teams-des-promee-projekts-kirgisistan-august-2023","status":"publish","type":"page","link":"https:\/\/fondation-pvsyst.org\/de\/aktuelles\/unterstuetzung-der-ausbildung-von-handwerkern-und-teams-des-promee-projekts-kirgisistan-august-2023\/","title":{"rendered":"Unterst\u00fctzung der Ausbildung von Handwerkern und Teams des PROMEE-Projekts &#8211; Kirgisistan &#8211; August 2023"},"content":{"rendered":"<div id=\"pl-3911\"  class=\"panel-layout\" ><div id=\"pg-3911-0\"  class=\"panel-grid panel-has-style\" ><div class=\"siteorigin-panels-stretch panel-row-style panel-row-style-for-3911-0\" data-stretch-type=\"full-stretched\" ><div id=\"pgc-3911-0-0\"  class=\"panel-grid-cell\" ><div id=\"panel-3911-0-0-0\" class=\"so-panel widget widget_sow-hero panel-first-child panel-last-child\" data-index=\"0\" ><div\n\t\t\t\n\t\t\tclass=\"so-widget-sow-hero so-widget-sow-hero-default-78d99ccfba76-3911 so-widget-fittext-wrapper\"\n\t\t\t data-fit-text-compressor=\"0.85\"\n\t\t>\t\t\t\t<div class=\"sow-slider-base\" style=\"display: none\" tabindex=\"0\">\n\t\t\t\t\t<ul\n\t\t\t\t\tclass=\"sow-slider-images\"\n\t\t\t\t\tdata-settings=\"{&quot;pagination&quot;:true,&quot;speed&quot;:800,&quot;timeout&quot;:8000,&quot;paused&quot;:false,&quot;pause_on_hover&quot;:false,&quot;swipe&quot;:true,&quot;nav_always_show_desktop&quot;:&quot;&quot;,&quot;nav_always_show_mobile&quot;:&quot;&quot;,&quot;breakpoint&quot;:&quot;780px&quot;,&quot;unmute&quot;:false,&quot;anchor&quot;:null}\"\n\t\t\t\t\tstyle=\"min-height: 300px\"\t\t\t\t\tdata-anchor-id=\"\"\n\t\t\t\t>\t\t<li class=\"sow-slider-image  sow-slider-image-cover\" style=\"visibility: visible;;background-color: #333333;background-image: url(https:\/\/fondation-pvsyst.org\/wp-content\/uploads\/2022\/10\/20220929_181531-scaled-e1666258490481.jpg)\" >\n\t\t\t\t\t<div class=\"sow-slider-image-container\">\n\t\t\t<div class=\"sow-slider-image-wrapper\">\n\t\t\t\t<h1 style=\"text-align: center\">Nachrichten<\/h1>\t\t\t<\/div>\n\t\t<\/div>\n\t\t\t\t<\/li>\n\t\t\t\t<li class=\"sow-slider-image  sow-slider-image-cover\" style=\"visibility: hidden;;background-color: #333333\" data-background=\"url(https:\/\/fondation-pvsyst.org\/wp-content\/uploads\/2017\/04\/Commune-de-Djiddah-Thiaroye-S\u00e9n\u00e9gal-2-e1491471627179.jpg)\" >\n\t\t\t\t\t<div class=\"sow-slider-image-container\">\n\t\t\t<div class=\"sow-slider-image-wrapper\">\n\t\t\t\t<h1 style=\"text-align: center\">Nachrichten<\/h1>\n\t\t\t<\/div>\n\t\t<\/div>\n\t\t\t\t<\/li>\n\t\t\t\t<li class=\"sow-slider-image  sow-slider-image-cover\" style=\"visibility: hidden;;background-color: #333333\" data-background=\"url(https:\/\/fondation-pvsyst.org\/wp-content\/uploads\/2022\/10\/20220930_203910-scaled.jpg)\" >\n\t\t\t\t\t<div class=\"sow-slider-image-container\">\n\t\t\t<div class=\"sow-slider-image-wrapper\">\n\t\t\t\t<h1 style=\"text-align: center\">Nachrichten<\/h1>\n\t\t\t<\/div>\n\t\t<\/div>\n\t\t\t\t<\/li>\n\t\t<\/ul>\t\t\t\t<ol class=\"sow-slider-pagination\">\n\t\t\t\t\t\t\t\t\t\t\t<li><a href=\"#\" data-goto=\"0\" aria-label=\"Display slide 1\"><\/a><\/li>\n\t\t\t\t\t\t\t\t\t\t\t<li><a href=\"#\" data-goto=\"1\" aria-label=\"Display slide 2\"><\/a><\/li>\n\t\t\t\t\t\t\t\t\t\t\t<li><a href=\"#\" data-goto=\"2\" aria-label=\"Display slide 3\"><\/a><\/li>\n\t\t\t\t\t\t\t\t\t<\/ol>\n\n\t\t\t\t<div class=\"sow-slide-nav sow-slide-nav-next\">\n\t\t\t\t\t<a href=\"#\" data-goto=\"next\" aria-label=\"Next slide\" data-action=\"next\">\n\t\t\t\t\t\t<em class=\"sow-sld-icon-thin-right\"><\/em>\n\t\t\t\t\t<\/a>\n\t\t\t\t<\/div>\n\n\t\t\t\t<div class=\"sow-slide-nav sow-slide-nav-prev\">\n\t\t\t\t\t<a href=\"#\" data-goto=\"previous\" aria-label=\"Previous slide\" data-action=\"prev\">\n\t\t\t\t\t\t<em class=\"sow-sld-icon-thin-left\"><\/em>\n\t\t\t\t\t<\/a>\n\t\t\t\t<\/div>\n\t\t\t\t<\/div><\/div><\/div><\/div><\/div><\/div><div id=\"pg-3911-1\"  class=\"panel-grid panel-no-style\" ><div id=\"pgc-3911-1-0\"  class=\"panel-grid-cell\" ><div id=\"panel-3911-1-0-0\" class=\"so-panel widget widget_sow-headline panel-first-child panel-last-child\" data-index=\"1\" ><div\n\t\t\t\n\t\t\tclass=\"so-widget-sow-headline so-widget-sow-headline-default-c489251631ff-3911\"\n\t\t\t\n\t\t><div class=\"sow-headline-container \">\n\t\t\t\t\t\t\t<h4 class=\"sow-headline\">\n\t\t\t\t\t\t<b>Unterst\u00fctzung der Ausbildung von Handwerkern und Teams des PROMEE-Projekts - Kirgisistan - August 2023  <\/b>\t\t\t\t\t\t<\/h4>\n\t\t\t\t\t\t\t\t\t\t\t<div class=\"decoration\">\n\t\t\t\t\t\t<div class=\"decoration-inside\"><\/div>\n\t\t\t\t\t<\/div>\n\t\t\t\t\t<\/div>\n<\/div><\/div><\/div><\/div><div id=\"pg-3911-2\"  class=\"panel-grid panel-no-style\" ><div id=\"pgc-3911-2-0\"  class=\"panel-grid-cell\" ><div id=\"panel-3911-2-0-0\" class=\"so-panel widget widget_sow-editor panel-first-child panel-last-child\" data-index=\"2\" ><div\n\t\t\t\n\t\t\tclass=\"so-widget-sow-editor so-widget-sow-editor-base\"\n\t\t\t\n\t\t>\n<div class=\"siteorigin-widget-tinymce textwidget\">\n\t<p><strong>Die Ziele des GERES-Auftrags<\/strong><\/p>\n<p>Im Juni 2023 f\u00fchrte GERES (Groupe Energies Renouvelables, Environnement et Solidarit\u00e9s), eine franz\u00f6sische NGO, die sich auf den Zugang zu erneuerbaren Energien spezialisiert hat, technische Schulungen f\u00fcr die Ausbilder von CAMP Alatoo und die Handwerker durch, die an dem Projekt beteiligt sind.<\/p>\n<p>Diese Schulung folgte auf einen ersten Besuch von GERES Ende 2022. Das Ziel des Projektes war es, eine erste Bestandsaufnahme zu machen, die vorrangigen Ausbildungsbed\u00fcrfnisse der am Projekt beteiligten Handwerker zu definieren und letztendlich die Qualit\u00e4t der Isolierungsarbeiten in den betroffenen Haushalten zu verbessern.<\/p>\n<p>Der Auftrag wurde im November 2023 mit der Sitzung des Stiftungsrats und der Vorlage des Abschlussberichts abgeschlossen, dessen wichtigste Elemente hier wiedergegeben werden.<\/p>\n<p><strong>Schulung der CAMP-Teams und der Handwerker vor Ort<\/strong><\/p>\n<p>W\u00e4hrend dieser letzten Mission arbeitete Marc Glass, GERES Projektmanager f\u00fcr Energie und Lebensraum, mit den Teams an mehreren Techniken, die im kirgisischen Kontext interessant sind:<\/p>\n<ul>\n<li>Die Bel\u00fcftung ist ein wichtiges Element, das derzeit von Handwerkern und Haushalten vernachl\u00e4ssigt wird;<\/li>\n<\/ul>\n<p><img loading=\"lazy\" decoding=\"async\" class=\"wp-image-2993 aligncenter\" src=\"http:\/\/fondation-pvsyst.org\/wp-content\/uploads\/2023\/07\/IMG-20230620-WA0019-300x225.jpg\" alt=\"\" width=\"331\" height=\"248\" srcset=\"https:\/\/fondation-pvsyst.org\/wp-content\/uploads\/2023\/07\/IMG-20230620-WA0019-300x225.jpg 300w, https:\/\/fondation-pvsyst.org\/wp-content\/uploads\/2023\/07\/IMG-20230620-WA0019-1024x768.jpg 1024w, https:\/\/fondation-pvsyst.org\/wp-content\/uploads\/2023\/07\/IMG-20230620-WA0019-768x576.jpg 768w, https:\/\/fondation-pvsyst.org\/wp-content\/uploads\/2023\/07\/IMG-20230620-WA0019-310x233.jpg 310w, https:\/\/fondation-pvsyst.org\/wp-content\/uploads\/2023\/07\/IMG-20230620-WA0019.jpg 1040w\" sizes=\"auto, (max-width: 331px) 100vw, 331px\" \/><\/p>\n<ul>\n<li>Die Isolierung von Holzfu\u00dfb\u00f6den, f\u00fcr die Handwerker keine L\u00f6sungen hatten, was sie dazu veranlassen konnte, Auftr\u00e4ge abzulehnen;<\/li>\n<\/ul>\n<\/div>\n<\/div><\/div><\/div><\/div><div id=\"pg-3911-3\"  class=\"panel-grid panel-no-style\" ><div id=\"pgc-3911-3-0\"  class=\"panel-grid-cell\" ><div id=\"panel-3911-3-0-0\" class=\"so-panel widget widget_sow-editor panel-first-child panel-last-child\" data-index=\"3\" ><div\n\t\t\t\n\t\t\tclass=\"so-widget-sow-editor so-widget-sow-editor-base\"\n\t\t\t\n\t\t>\n<div class=\"siteorigin-widget-tinymce textwidget\">\n\t<p><img loading=\"lazy\" decoding=\"async\" class=\"size-medium wp-image-3061 aligncenter\" src=\"http:\/\/fondation-pvsyst.org\/wp-content\/uploads\/2023\/11\/Planchers_bois_1-300x185.jpg\" alt=\"\" width=\"300\" height=\"185\" srcset=\"https:\/\/fondation-pvsyst.org\/wp-content\/uploads\/2023\/11\/Planchers_bois_1-300x185.jpg 300w, https:\/\/fondation-pvsyst.org\/wp-content\/uploads\/2023\/11\/Planchers_bois_1-310x191.jpg 310w, https:\/\/fondation-pvsyst.org\/wp-content\/uploads\/2023\/11\/Planchers_bois_1.jpg 745w\" sizes=\"auto, (max-width: 300px) 100vw, 300px\" \/><\/p>\n<\/div>\n<\/div><\/div><\/div><div id=\"pgc-3911-3-1\"  class=\"panel-grid-cell\" ><div id=\"panel-3911-3-1-0\" class=\"so-panel widget widget_sow-editor panel-first-child panel-last-child\" data-index=\"4\" ><div\n\t\t\t\n\t\t\tclass=\"so-widget-sow-editor so-widget-sow-editor-base\"\n\t\t\t\n\t\t>\n<div class=\"siteorigin-widget-tinymce textwidget\">\n\t<p><img loading=\"lazy\" decoding=\"async\" class=\"alignnone wp-image-3062 aligncenter\" src=\"http:\/\/fondation-pvsyst.org\/wp-content\/uploads\/2023\/11\/Planchers_bois_2-300x169.jpg\" alt=\"\" width=\"325\" height=\"183\" srcset=\"https:\/\/fondation-pvsyst.org\/wp-content\/uploads\/2023\/11\/Planchers_bois_2-300x169.jpg 300w, https:\/\/fondation-pvsyst.org\/wp-content\/uploads\/2023\/11\/Planchers_bois_2-310x174.jpg 310w, https:\/\/fondation-pvsyst.org\/wp-content\/uploads\/2023\/11\/Planchers_bois_2.jpg 745w\" sizes=\"auto, (max-width: 325px) 100vw, 325px\" \/><\/p>\n<\/div>\n<\/div><\/div><\/div><\/div><div id=\"pg-3911-4\"  class=\"panel-grid panel-no-style\" ><div id=\"pgc-3911-4-0\"  class=\"panel-grid-cell\" ><div id=\"panel-3911-4-0-0\" class=\"so-panel widget widget_sow-editor panel-first-child panel-last-child\" data-index=\"5\" ><div\n\t\t\t\n\t\t\tclass=\"so-widget-sow-editor so-widget-sow-editor-base\"\n\t\t\t\n\t\t>\n<div class=\"siteorigin-widget-tinymce textwidget\">\n\t<ul>\n<li>Die Isolierung der Innenw\u00e4nde bei H\u00e4usern, die bereits au\u00dfen fertig gestellt sind.<\/li>\n<\/ul>\n<\/div>\n<\/div><\/div><\/div><\/div><div id=\"pg-3911-5\"  class=\"panel-grid panel-no-style\" ><div id=\"pgc-3911-5-0\"  class=\"panel-grid-cell\" ><div id=\"panel-3911-5-0-0\" class=\"so-panel widget widget_sow-editor panel-first-child panel-last-child\" data-index=\"6\" ><div\n\t\t\t\n\t\t\tclass=\"so-widget-sow-editor so-widget-sow-editor-base\"\n\t\t\t\n\t\t>\n<div class=\"siteorigin-widget-tinymce textwidget\">\n\t<p><img loading=\"lazy\" decoding=\"async\" class=\"aligncenter wp-image-3059 size-medium\" src=\"http:\/\/fondation-pvsyst.org\/wp-content\/uploads\/2023\/11\/Murs_interieurs_2-300x187.jpg\" alt=\"\" width=\"300\" height=\"187\" srcset=\"https:\/\/fondation-pvsyst.org\/wp-content\/uploads\/2023\/11\/Murs_interieurs_2-300x187.jpg 300w, https:\/\/fondation-pvsyst.org\/wp-content\/uploads\/2023\/11\/Murs_interieurs_2-310x193.jpg 310w, https:\/\/fondation-pvsyst.org\/wp-content\/uploads\/2023\/11\/Murs_interieurs_2.jpg 657w\" sizes=\"auto, (max-width: 300px) 100vw, 300px\" \/><\/p>\n<\/div>\n<\/div><\/div><\/div><div id=\"pgc-3911-5-1\"  class=\"panel-grid-cell\" ><div id=\"panel-3911-5-1-0\" class=\"so-panel widget widget_sow-editor panel-first-child panel-last-child\" data-index=\"7\" ><div\n\t\t\t\n\t\t\tclass=\"so-widget-sow-editor so-widget-sow-editor-base\"\n\t\t\t\n\t\t>\n<div class=\"siteorigin-widget-tinymce textwidget\">\n\t<p><img loading=\"lazy\" decoding=\"async\" class=\"aligncenter wp-image-3058\" src=\"http:\/\/fondation-pvsyst.org\/wp-content\/uploads\/2023\/11\/Murs_interieurs_1-300x169.jpg\" alt=\"\" width=\"332\" height=\"187\" srcset=\"https:\/\/fondation-pvsyst.org\/wp-content\/uploads\/2023\/11\/Murs_interieurs_1-300x169.jpg 300w, https:\/\/fondation-pvsyst.org\/wp-content\/uploads\/2023\/11\/Murs_interieurs_1-768x432.jpg 768w, https:\/\/fondation-pvsyst.org\/wp-content\/uploads\/2023\/11\/Murs_interieurs_1-310x174.jpg 310w, https:\/\/fondation-pvsyst.org\/wp-content\/uploads\/2023\/11\/Murs_interieurs_1.jpg 873w\" sizes=\"auto, (max-width: 332px) 100vw, 332px\" \/><\/p>\n<\/div>\n<\/div><\/div><\/div><div id=\"pgc-3911-5-2\"  class=\"panel-grid-cell\" ><div id=\"panel-3911-5-2-0\" class=\"so-panel widget widget_sow-editor panel-first-child panel-last-child\" data-index=\"8\" ><div\n\t\t\t\n\t\t\tclass=\"so-widget-sow-editor so-widget-sow-editor-base\"\n\t\t\t\n\t\t>\n<div class=\"siteorigin-widget-tinymce textwidget\">\n\t<p><img loading=\"lazy\" decoding=\"async\" class=\"aligncenter wp-image-3060\" src=\"http:\/\/fondation-pvsyst.org\/wp-content\/uploads\/2023\/11\/Murs_interieurs_3.jpg\" alt=\"\" width=\"314\" height=\"187\"><\/p>\n<\/div>\n<\/div><\/div><\/div><\/div><div id=\"pg-3911-6\"  class=\"panel-grid panel-no-style\" ><div id=\"pgc-3911-6-0\"  class=\"panel-grid-cell\" ><div id=\"panel-3911-6-0-0\" class=\"so-panel widget widget_sow-editor panel-first-child panel-last-child\" data-index=\"9\" ><div\n\t\t\t\n\t\t\tclass=\"so-widget-sow-editor so-widget-sow-editor-base\"\n\t\t\t\n\t\t>\n<div class=\"siteorigin-widget-tinymce textwidget\">\n\t<p>Ein Dutzend Handwerker und die beiden Ausbilder von CAMP profitierten von diesen Schulungen, die vor Ort und mit einem starken praktischen Ansatz durchgef\u00fchrt wurden. In einer ersten dreist\u00fcndigen Sitzung wurden einige Begriffe zu den drei Arten von Arbeiten erl\u00e4utert.<\/p>\n<p><img loading=\"lazy\" decoding=\"async\" class=\"size-medium wp-image-3064 aligncenter\" src=\"http:\/\/fondation-pvsyst.org\/wp-content\/uploads\/2023\/11\/Formation_in_situ_1-300x169.jpg\" alt=\"\" width=\"300\" height=\"169\" srcset=\"https:\/\/fondation-pvsyst.org\/wp-content\/uploads\/2023\/11\/Formation_in_situ_1-300x169.jpg 300w, https:\/\/fondation-pvsyst.org\/wp-content\/uploads\/2023\/11\/Formation_in_situ_1-768x432.jpg 768w, https:\/\/fondation-pvsyst.org\/wp-content\/uploads\/2023\/11\/Formation_in_situ_1-310x174.jpg 310w, https:\/\/fondation-pvsyst.org\/wp-content\/uploads\/2023\/11\/Formation_in_situ_1.jpg 930w\" sizes=\"auto, (max-width: 300px) 100vw, 300px\" \/><\/p>\n<p>Anschlie\u00dfend f\u00fchrte die Schulung zu einem dialektischen Prozess, indem einige der theoretischen Inputs in den praktischen Sitzungen auf den Baustellen wieder aufgegriffen wurden.<\/p>\n<p><img loading=\"lazy\" decoding=\"async\" class=\"size-medium wp-image-3065 aligncenter\" src=\"http:\/\/fondation-pvsyst.org\/wp-content\/uploads\/2023\/11\/Formation_in_situ_2-300x169.jpg\" alt=\"\" width=\"300\" height=\"169\" srcset=\"https:\/\/fondation-pvsyst.org\/wp-content\/uploads\/2023\/11\/Formation_in_situ_2-300x169.jpg 300w, https:\/\/fondation-pvsyst.org\/wp-content\/uploads\/2023\/11\/Formation_in_situ_2-768x432.jpg 768w, https:\/\/fondation-pvsyst.org\/wp-content\/uploads\/2023\/11\/Formation_in_situ_2-310x174.jpg 310w, https:\/\/fondation-pvsyst.org\/wp-content\/uploads\/2023\/11\/Formation_in_situ_2.jpg 940w\" sizes=\"auto, (max-width: 300px) 100vw, 300px\" \/><\/p>\n<p>Es wurden 7 H\u00e4user mit unterschiedlichen Problemen identifiziert. Dies erm\u00f6glichte die parallele Durchf\u00fchrung von zwei Baustellen zu jedem Thema, wobei sich die beiden Gruppen von 6 Handwerkern bei der Durchf\u00fchrung der Baustellen abwechselten.<\/p>\n<p><strong>Arbeit am gesamten Bildungs- und Informationsansatz<\/strong><\/p>\n<p>Dar\u00fcber hinaus wurden die Schulungen von CAMP f\u00fcr Handwerker, die in das F\u00f6rderprogramm aufgenommen werden (Schulungen zur allgemeinen Isolierung) \u00fcberarbeitet und vereinfacht und werden in Phase 2 neuen Handwerkern angeboten.<\/p>\n<p>Dieser Auftrag erm\u00f6glichte es GERES auch, in Verbindung mit CAMP das Design der Brosch\u00fcre zur Information und Sensibilisierung von Familien f\u00fcr Isolierungsarbeiten zu \u00fcberarbeiten.<\/p>\n<p>Die Stiftung dankt den Teams von CAMP Alatoo f\u00fcr ihre Unterst\u00fctzung und ihr Engagement w\u00e4hrend des Einsatzes und Marc Glass f\u00fcr seine Ernsthaftigkeit und seine wichtigen Beitr\u00e4ge zur Verbesserung der lokalen F\u00e4higkeiten und zum Erfolg des Projekts.<\/p>\n<h5><em>Bildnachweis: Marc Glass f\u00fcr GERES<\/em><\/h5>\n<\/div>\n<\/div><\/div><\/div><\/div><\/div>","protected":false},"excerpt":{"rendered":"<p>Nachrichten Nachrichten Nachrichten Unterst\u00fctzung der Ausbildung von Handwerkern und Teams des PROMEE-Projekts &#8211; Kirgisistan &#8211; August 2023 Die Ziele des GERES-Auftrags Im Juni 2023 f\u00fchrte GERES (Groupe Energies Renouvelables, Environnement et Solidarit\u00e9s), eine franz\u00f6sische NGO, die sich auf den Zugang zu erneuerbaren Energien spezialisiert hat, technische Schulungen f\u00fcr die Ausbilder von CAMP Alatoo und die<\/p>\n","protected":false},"author":1,"featured_media":0,"parent":1558,"menu_order":0,"comment_status":"closed","ping_status":"closed","template":"","meta":{"footnotes":""},"class_list":["post-3911","page","type-page","status-publish","hentry"],"_links":{"self":[{"href":"https:\/\/fondation-pvsyst.org\/de\/wp-json\/wp\/v2\/pages\/3911","targetHints":{"allow":["GET"]}}],"collection":[{"href":"https:\/\/fondation-pvsyst.org\/de\/wp-json\/wp\/v2\/pages"}],"about":[{"href":"https:\/\/fondation-pvsyst.org\/de\/wp-json\/wp\/v2\/types\/page"}],"author":[{"embeddable":true,"href":"https:\/\/fondation-pvsyst.org\/de\/wp-json\/wp\/v2\/users\/1"}],"replies":[{"embeddable":true,"href":"https:\/\/fondation-pvsyst.org\/de\/wp-json\/wp\/v2\/comments?post=3911"}],"version-history":[{"count":1,"href":"https:\/\/fondation-pvsyst.org\/de\/wp-json\/wp\/v2\/pages\/3911\/revisions"}],"predecessor-version":[{"id":3912,"href":"https:\/\/fondation-pvsyst.org\/de\/wp-json\/wp\/v2\/pages\/3911\/revisions\/3912"}],"up":[{"embeddable":true,"href":"https:\/\/fondation-pvsyst.org\/de\/wp-json\/wp\/v2\/pages\/1558"}],"wp:attachment":[{"href":"https:\/\/fondation-pvsyst.org\/de\/wp-json\/wp\/v2\/media?parent=3911"}],"curies":[{"name":"wp","href":"https:\/\/api.w.org\/{rel}","templated":true}]}}