{"id":4050,"date":"2017-01-06T17:21:18","date_gmt":"2017-01-06T16:21:18","guid":{"rendered":"https:\/\/fondation-pvsyst.org\/preprod\/projekte\/"},"modified":"2024-06-27T10:53:11","modified_gmt":"2024-06-27T08:53:11","slug":"projekte","status":"publish","type":"page","link":"http:\/\/fondation-pvsyst.org\/de\/projekte\/","title":{"rendered":"Projekte"},"content":{"rendered":"<div id=\"pl-4050\"  class=\"panel-layout\" ><div id=\"pg-4050-0\"  class=\"panel-grid panel-has-style\" ><div class=\"siteorigin-panels-stretch panel-row-style panel-row-style-for-4050-0\" data-stretch-type=\"full-width-stretch\" ><div id=\"pgc-4050-0-0\"  class=\"panel-grid-cell\" ><div id=\"panel-4050-0-0-0\" class=\"so-panel widget widget_sow-hero panel-first-child panel-last-child\" data-index=\"0\" ><div\n\t\t\t\n\t\t\tclass=\"so-widget-sow-hero so-widget-sow-hero-default-9fcae408f7e6-4050\"\n\t\t\t\n\t\t>\t\t\t\t<div class=\"sow-slider-base\" style=\"display: none\" tabindex=\"0\">\n\t\t\t\t\t<ul\n\t\t\t\t\tclass=\"sow-slider-images\"\n\t\t\t\t\tdata-settings=\"{&quot;pagination&quot;:true,&quot;speed&quot;:800,&quot;timeout&quot;:8000,&quot;paused&quot;:false,&quot;pause_on_hover&quot;:false,&quot;swipe&quot;:true,&quot;nav_always_show_desktop&quot;:&quot;&quot;,&quot;nav_always_show_mobile&quot;:&quot;&quot;,&quot;breakpoint&quot;:&quot;780px&quot;,&quot;unmute&quot;:false,&quot;anchor&quot;:null}\"\n\t\t\t\t\tstyle=\"min-height: 300px\"\t\t\t\t\tdata-anchor-id=\"\"\n\t\t\t\t>\t\t<li class=\"sow-slider-image  sow-slider-image-cover\" style=\"visibility: visible;;background-color: #333333;background-image: url(http:\/\/fondation-pvsyst.org\/wp-content\/uploads\/2017\/04\/Commune-de-Djiddah-Thiaroye-S\u00e9n\u00e9gal-1-e1491471605121.jpg)\" >\n\t\t\t\t\t<div class=\"sow-slider-image-container\">\n\t\t\t<div class=\"sow-slider-image-wrapper\">\n\t\t\t\t<h1 style=\"text-align: center\">Projekte<\/h1>\t\t\t<\/div>\n\t\t<\/div>\n\t\t\t\t<\/li>\n\t\t\t\t<li class=\"sow-slider-image  sow-slider-image-cover\" style=\"visibility: hidden;;background-color: #333333\" data-background=\"url(http:\/\/fondation-pvsyst.org\/wp-content\/uploads\/2017\/04\/Commune-de-Djiddah-Thiaroye-S\u00e9n\u00e9gal-2-e1491471627179.jpg)\" >\n\t\t\t\t\t<div class=\"sow-slider-image-container\">\n\t\t\t<div class=\"sow-slider-image-wrapper\">\n\t\t\t\t<h1 style=\"text-align: center\">Projekte<\/h1>\t\t\t<\/div>\n\t\t<\/div>\n\t\t\t\t<\/li>\n\t\t\t\t<li class=\"sow-slider-image  sow-slider-image-cover\" style=\"visibility: hidden;;background-color: #333333\" data-background=\"url(http:\/\/fondation-pvsyst.org\/wp-content\/uploads\/2017\/04\/Lac-rose-S\u00e9n\u00e9gal-e1491471671290.jpg)\" >\n\t\t\t\t\t<div class=\"sow-slider-image-container\">\n\t\t\t<div class=\"sow-slider-image-wrapper\">\n\t\t\t\t<h1 style=\"text-align: center\">Projekte<\/h1>\t\t\t<\/div>\n\t\t<\/div>\n\t\t\t\t<\/li>\n\t\t\t\t<li class=\"sow-slider-image  sow-slider-image-cover\" style=\"visibility: hidden;;background-color: #333333\" data-background=\"url(http:\/\/fondation-pvsyst.org\/wp-content\/uploads\/2017\/04\/Commune-de-Thi\u00e8s-S\u00e9n\u00e9gal-e1491471657419.jpg)\" >\n\t\t\t\t\t<div class=\"sow-slider-image-container\">\n\t\t\t<div class=\"sow-slider-image-wrapper\">\n\t\t\t\t<h1 style=\"text-align: center\">Projekte<\/h1>\t\t\t<\/div>\n\t\t<\/div>\n\t\t\t\t<\/li>\n\t\t\t\t<li class=\"sow-slider-image  sow-slider-image-cover\" style=\"visibility: hidden;;background-color: #333333\" data-background=\"url(http:\/\/fondation-pvsyst.org\/wp-content\/uploads\/2017\/04\/Commune-de-Bamba-S\u00e9n\u00e9gal-4-e1491471509373.jpg)\" >\n\t\t\t\t\t<div class=\"sow-slider-image-container\">\n\t\t\t<div class=\"sow-slider-image-wrapper\">\n\t\t\t\t<h1 style=\"text-align: center\">Projekte<\/h1>\t\t\t<\/div>\n\t\t<\/div>\n\t\t\t\t<\/li>\n\t\t<\/ul>\t\t\t\t<ol class=\"sow-slider-pagination\">\n\t\t\t\t\t\t\t\t\t\t\t<li><a href=\"#\" data-goto=\"0\" aria-label=\"Display slide 1\"><\/a><\/li>\n\t\t\t\t\t\t\t\t\t\t\t<li><a href=\"#\" data-goto=\"1\" aria-label=\"Display slide 2\"><\/a><\/li>\n\t\t\t\t\t\t\t\t\t\t\t<li><a href=\"#\" data-goto=\"2\" aria-label=\"Display slide 3\"><\/a><\/li>\n\t\t\t\t\t\t\t\t\t\t\t<li><a href=\"#\" data-goto=\"3\" aria-label=\"Display slide 4\"><\/a><\/li>\n\t\t\t\t\t\t\t\t\t\t\t<li><a href=\"#\" data-goto=\"4\" aria-label=\"Display slide 5\"><\/a><\/li>\n\t\t\t\t\t\t\t\t\t<\/ol>\n\n\t\t\t\t<div class=\"sow-slide-nav sow-slide-nav-next\">\n\t\t\t\t\t<a href=\"#\" data-goto=\"next\" aria-label=\"Next slide\" data-action=\"next\">\n\t\t\t\t\t\t<em class=\"sow-sld-icon-thin-right\"><\/em>\n\t\t\t\t\t<\/a>\n\t\t\t\t<\/div>\n\n\t\t\t\t<div class=\"sow-slide-nav sow-slide-nav-prev\">\n\t\t\t\t\t<a href=\"#\" data-goto=\"previous\" aria-label=\"Previous slide\" data-action=\"prev\">\n\t\t\t\t\t\t<em class=\"sow-sld-icon-thin-left\"><\/em>\n\t\t\t\t\t<\/a>\n\t\t\t\t<\/div>\n\t\t\t\t<\/div><\/div><\/div><\/div><\/div><\/div><div id=\"pg-4050-1\"  class=\"panel-grid panel-has-style\" ><div class=\"panel-row-style panel-row-style-for-4050-1\" ><div id=\"pgc-4050-1-0\"  class=\"panel-grid-cell panel-grid-cell-empty\" ><\/div><div id=\"pgc-4050-1-1\"  class=\"panel-grid-cell panel-grid-cell-mobile-last\" ><div id=\"panel-4050-1-1-0\" class=\"so-panel widget widget_sow-editor panel-first-child panel-last-child\" data-index=\"1\" ><div class=\"panel-widget-style panel-widget-style-for-4050-1-1-0\" ><div\n\t\t\t\n\t\t\tclass=\"so-widget-sow-editor so-widget-sow-editor-base\"\n\t\t\t\n\t\t>\n<div class=\"siteorigin-widget-tinymce textwidget\">\n\t<p style=\"text-align: justify;\">Die Projekte der PVSYST-Stiftung zielen darauf ab, Antworten auf die komplexen Herausforderungen vor Ort zu geben, die Bedingungen f\u00fcr eine nachhaltige Entwicklung zu f\u00f6rdern und die Autonomie der Bev\u00f6lkerung in den Entwicklungsl\u00e4ndern zu st\u00e4rken.<\/p>\n<\/div>\n<\/div><\/div><\/div><\/div><div id=\"pgc-4050-1-2\"  class=\"panel-grid-cell panel-grid-cell-empty\" ><\/div><\/div><\/div><div id=\"pg-4050-2\"  class=\"panel-grid panel-has-style\" ><div class=\"panel-row-style panel-row-style-for-4050-2\" ><div id=\"pgc-4050-2-0\"  class=\"panel-grid-cell\" ><div id=\"panel-4050-2-0-0\" class=\"so-panel widget widget_sow-headline panel-first-child panel-last-child\" data-index=\"2\" ><div\n\t\t\t\n\t\t\tclass=\"so-widget-sow-headline so-widget-sow-headline-default-ddecb3ee22a0-4050\"\n\t\t\t\n\t\t><div class=\"sow-headline-container \">\n\t\t\t\t\t\t<div class=\"decoration\">\n\t\t\t\t\t\t<div class=\"decoration-inside\"><\/div>\n\t\t\t\t\t<\/div>\n\t\t\t\t\t<\/div>\n<\/div><\/div><\/div><div id=\"pgc-4050-2-1\"  class=\"panel-grid-cell\" ><div id=\"panel-4050-2-1-0\" class=\"so-panel widget widget_sow-headline panel-first-child panel-last-child\" data-index=\"3\" ><div\n\t\t\t\n\t\t\tclass=\"so-widget-sow-headline so-widget-sow-headline-default-1130b2908517-4050\"\n\t\t\t\n\t\t><div class=\"sow-headline-container \">\n\t\t\t\t\t\t<div class=\"decoration\">\n\t\t\t\t\t\t<div class=\"decoration-inside\"><\/div>\n\t\t\t\t\t<\/div>\n\t\t\t\t\t<\/div>\n<\/div><\/div><\/div><div id=\"pgc-4050-2-2\"  class=\"panel-grid-cell\" ><div id=\"panel-4050-2-2-0\" class=\"so-panel widget widget_sow-headline panel-first-child panel-last-child\" data-index=\"4\" ><div\n\t\t\t\n\t\t\tclass=\"so-widget-sow-headline so-widget-sow-headline-default-686a9f84c9fd-4050\"\n\t\t\t\n\t\t><div class=\"sow-headline-container \">\n\t\t\t\t\t\t<div class=\"decoration\">\n\t\t\t\t\t\t<div class=\"decoration-inside\"><\/div>\n\t\t\t\t\t<\/div>\n\t\t\t\t\t<\/div>\n<\/div><\/div><\/div><\/div><\/div><div id=\"pg-4050-3\"  class=\"panel-grid panel-no-style\" ><div id=\"pgc-4050-3-0\"  class=\"panel-grid-cell\" ><div id=\"panel-4050-3-0-0\" class=\"so-panel widget widget_sow-headline panel-first-child\" data-index=\"5\" ><div class=\"panel-widget-style panel-widget-style-for-4050-3-0-0\" ><div\n\t\t\t\n\t\t\tclass=\"so-widget-sow-headline so-widget-sow-headline-default-cb4d2c4b7f72-4050\"\n\t\t\t\n\t\t><div class=\"sow-headline-container \">\n\t\t\t\t\t\t<div class=\"decoration\">\n\t\t\t\t\t\t<div class=\"decoration-inside\"><\/div>\n\t\t\t\t\t<\/div>\n\t\t\t\t\t\t\t\t\t\t\t<h3 class=\"sow-headline\">\n\t\t\t\t\t\t\t\t\t\t\t\t\t<a href=\"http:\/\/fondation-pvsyst.org\/projets\/promee-fr\/\" >\n\t\t\t\t\t\t\t\tPROMEE - PROfessionnels pour la Ma\u00eetrise de l'Efficacit\u00e9 Energ\u00e9tique (Fachleute f\u00fcr die Beherrschung der Energieeffizienz)<\/a>\t\t\t\t\t\t<\/h3>\n\t\t\t\t\t\t<\/div>\n<\/div><\/div><\/div><div id=\"panel-4050-3-0-1\" class=\"so-panel widget widget_sow-image\" data-index=\"6\" ><div\n\t\t\t\n\t\t\tclass=\"so-widget-sow-image so-widget-sow-image-default-c67d20f9f743-4050\"\n\t\t\t\n\t\t>\n<div class=\"sow-image-container\">\n\t\t\t<a href=\"http:\/\/fondation-pvsyst.org\/projets\/promee-fr\/\"\n\t\t\t\t\t>\n\t\t\t<img \n\tsrc=\"http:\/\/fondation-pvsyst.org\/wp-content\/uploads\/2021\/05\/IMG_20210410_133745-scaled.jpg\" width=\"2560\" height=\"1920\" srcset=\"http:\/\/fondation-pvsyst.org\/wp-content\/uploads\/2021\/05\/IMG_20210410_133745-scaled.jpg 2560w, http:\/\/fondation-pvsyst.org\/wp-content\/uploads\/2021\/05\/IMG_20210410_133745-300x225.jpg 300w, http:\/\/fondation-pvsyst.org\/wp-content\/uploads\/2021\/05\/IMG_20210410_133745-1024x768.jpg 1024w, http:\/\/fondation-pvsyst.org\/wp-content\/uploads\/2021\/05\/IMG_20210410_133745-768x576.jpg 768w, http:\/\/fondation-pvsyst.org\/wp-content\/uploads\/2021\/05\/IMG_20210410_133745-1536x1152.jpg 1536w, http:\/\/fondation-pvsyst.org\/wp-content\/uploads\/2021\/05\/IMG_20210410_133745-2048x1536.jpg 2048w, http:\/\/fondation-pvsyst.org\/wp-content\/uploads\/2021\/05\/IMG_20210410_133745-310x233.jpg 310w\" sizes=\"(max-width: 2560px) 100vw, 2560px\" title=\"IMG_20210410_133745\" alt=\"\" \t\tclass=\"so-widget-image\"\/>\n\t\t\t<\/a><\/div>\n\n<\/div><\/div><div id=\"panel-4050-3-0-2\" class=\"so-panel widget widget_sow-headline panel-last-child\" data-index=\"7\" ><div class=\"panel-widget-style panel-widget-style-for-4050-3-0-2\" ><div\n\t\t\t\n\t\t\tclass=\"so-widget-sow-headline so-widget-sow-headline-default-3d16734c840d-4050\"\n\t\t\t\n\t\t><div class=\"sow-headline-container \">\n\t\t\t\t\t\t\t<h4 class=\"sow-headline\">\n\t\t\t\t\t\tKirgisistan, seit 2021\t\t\t\t\t\t<\/h4>\n\t\t\t\t\t\t<\/div>\n<\/div><\/div><\/div><\/div><div id=\"pgc-4050-3-1\"  class=\"panel-grid-cell\" ><div id=\"panel-4050-3-1-0\" class=\"so-panel widget widget_sow-headline panel-first-child\" data-index=\"8\" ><div class=\"panel-widget-style panel-widget-style-for-4050-3-1-0\" ><div\n\t\t\t\n\t\t\tclass=\"so-widget-sow-headline so-widget-sow-headline-default-0e4467a496db-4050\"\n\t\t\t\n\t\t><div class=\"sow-headline-container \">\n\t\t\t\t\t\t<div class=\"decoration\">\n\t\t\t\t\t\t<div class=\"decoration-inside\"><\/div>\n\t\t\t\t\t<\/div>\n\t\t\t\t\t\t\t\t\t\t\t<h3 class=\"sow-headline\">\n\t\t\t\t\t\t\t\t\t\t\t\t\t<a href=\"http:\/\/fondation-pvsyst.org\/de\/projekte\/promess-senegal\/\" >\n\t\t\t\t\t\t\t\tPROMESS - PROfessionnels pour la Ma\u00eetrise de l'Energie Solaire et Solidaire (Fachleute f\u00fcr die Beherrschung von Solar- und Solidarenergie)<\/a>\t\t\t\t\t\t<\/h3>\n\t\t\t\t\t\t<\/div>\n<\/div><\/div><\/div><div id=\"panel-4050-3-1-1\" class=\"so-panel widget widget_sow-image\" data-index=\"9\" ><div\n\t\t\t\n\t\t\tclass=\"so-widget-sow-image so-widget-sow-image-default-c67d20f9f743-4050\"\n\t\t\t\n\t\t>\n<div class=\"sow-image-container\">\n\t\t\t<a href=\"http:\/\/fondation-pvsyst.org\/de\/projekte\/promess-senegal\/\"\n\t\t\t\t\t>\n\t\t\t<img \n\tsrc=\"http:\/\/fondation-pvsyst.org\/wp-content\/uploads\/2017\/01\/P3230136.jpg\" width=\"4288\" height=\"3216\" srcset=\"http:\/\/fondation-pvsyst.org\/wp-content\/uploads\/2017\/01\/P3230136.jpg 4288w, http:\/\/fondation-pvsyst.org\/wp-content\/uploads\/2017\/01\/P3230136-300x225.jpg 300w, http:\/\/fondation-pvsyst.org\/wp-content\/uploads\/2017\/01\/P3230136-768x576.jpg 768w, http:\/\/fondation-pvsyst.org\/wp-content\/uploads\/2017\/01\/P3230136-1024x768.jpg 1024w, http:\/\/fondation-pvsyst.org\/wp-content\/uploads\/2017\/01\/P3230136-310x233.jpg 310w\" sizes=\"(max-width: 4288px) 100vw, 4288px\" title=\"OLYMPUS DIGITAL CAMERA\" alt=\"\" \t\tclass=\"so-widget-image\"\/>\n\t\t\t<\/a><\/div>\n\n<\/div><\/div><div id=\"panel-4050-3-1-2\" class=\"so-panel widget widget_sow-headline panel-last-child\" data-index=\"10\" ><div class=\"panel-widget-style panel-widget-style-for-4050-3-1-2\" ><div\n\t\t\t\n\t\t\tclass=\"so-widget-sow-headline so-widget-sow-headline-default-d5bdf16d7dc7-4050\"\n\t\t\t\n\t\t><div class=\"sow-headline-container \">\n\t\t\t\t\t\t\t<h4 class=\"sow-headline\">\n\t\t\t\t\t\tSenegal, seit 2017\t\t\t\t\t\t<\/h4>\n\t\t\t\t\t\t<\/div>\n<\/div><\/div><\/div><\/div><\/div><\/div>","protected":false},"excerpt":{"rendered":"<p>Die Projekte der PVSYST-Stiftung zielen darauf ab, Antworten auf die komplexen Herausforderungen vor Ort zu geben, die Bedingungen f\u00fcr eine nachhaltige Entwicklung zu f\u00f6rdern und die Autonomie der Bev\u00f6lkerung in den Entwicklungsl\u00e4ndern zu st\u00e4rken.<\/p>\n","protected":false},"author":1,"featured_media":0,"parent":0,"menu_order":9,"comment_status":"closed","ping_status":"closed","template":"","meta":{"footnotes":""},"class_list":["post-4050","page","type-page","status-publish","hentry"],"_links":{"self":[{"href":"http:\/\/fondation-pvsyst.org\/de\/wp-json\/wp\/v2\/pages\/4050","targetHints":{"allow":["GET"]}}],"collection":[{"href":"http:\/\/fondation-pvsyst.org\/de\/wp-json\/wp\/v2\/pages"}],"about":[{"href":"http:\/\/fondation-pvsyst.org\/de\/wp-json\/wp\/v2\/types\/page"}],"author":[{"embeddable":true,"href":"http:\/\/fondation-pvsyst.org\/de\/wp-json\/wp\/v2\/users\/1"}],"replies":[{"embeddable":true,"href":"http:\/\/fondation-pvsyst.org\/de\/wp-json\/wp\/v2\/comments?post=4050"}],"version-history":[{"count":3,"href":"http:\/\/fondation-pvsyst.org\/de\/wp-json\/wp\/v2\/pages\/4050\/revisions"}],"predecessor-version":[{"id":4085,"href":"http:\/\/fondation-pvsyst.org\/de\/wp-json\/wp\/v2\/pages\/4050\/revisions\/4085"}],"wp:attachment":[{"href":"http:\/\/fondation-pvsyst.org\/de\/wp-json\/wp\/v2\/media?parent=4050"}],"curies":[{"name":"wp","href":"https:\/\/api.w.org\/{rel}","templated":true}]}}