{"id":4046,"date":"2017-01-25T11:42:23","date_gmt":"2017-01-25T10:42:23","guid":{"rendered":"https:\/\/fondation-pvsyst.org\/preprod\/rahmen-der-intervention\/"},"modified":"2024-06-26T16:13:05","modified_gmt":"2024-06-26T14:13:05","slug":"rahmen-der-intervention","status":"publish","type":"page","link":"http:\/\/fondation-pvsyst.org\/de\/rahmen-der-intervention\/","title":{"rendered":"Rahmen der Intervention"},"content":{"rendered":"<div id=\"pl-4046\"  class=\"panel-layout\" ><div id=\"pg-4046-0\"  class=\"panel-grid panel-has-style\" ><div class=\"siteorigin-panels-stretch panel-row-style panel-row-style-for-4046-0\" data-stretch-type=\"full-stretched\" ><div id=\"pgc-4046-0-0\"  class=\"panel-grid-cell\" ><div id=\"panel-4046-0-0-0\" class=\"so-panel widget widget_sow-hero panel-first-child panel-last-child\" data-index=\"0\" ><div\n\t\t\t\n\t\t\tclass=\"so-widget-sow-hero so-widget-sow-hero-default-9fcae408f7e6-4046 so-widget-fittext-wrapper\"\n\t\t\t data-fit-text-compressor=\"0.85\"\n\t\t>\t\t\t\t<div class=\"sow-slider-base\" style=\"display: none\" tabindex=\"0\">\n\t\t\t\t\t<ul\n\t\t\t\t\tclass=\"sow-slider-images\"\n\t\t\t\t\tdata-settings=\"{&quot;pagination&quot;:true,&quot;speed&quot;:800,&quot;timeout&quot;:8000,&quot;paused&quot;:false,&quot;pause_on_hover&quot;:false,&quot;swipe&quot;:true,&quot;nav_always_show_desktop&quot;:&quot;&quot;,&quot;nav_always_show_mobile&quot;:&quot;&quot;,&quot;breakpoint&quot;:&quot;780px&quot;,&quot;unmute&quot;:false,&quot;anchor&quot;:null}\"\n\t\t\t\t\tstyle=\"min-height: 300px\"\t\t\t\t\tdata-anchor-id=\"\"\n\t\t\t\t>\t\t<li class=\"sow-slider-image  sow-slider-image-cover\" style=\"visibility: visible;;background-color: #333333;background-image: url(http:\/\/fondation-pvsyst.org\/wp-content\/uploads\/2017\/04\/Commune-de-Djiddah-Thiaroye-S\u00e9n\u00e9gal-2-e1491471627179.jpg)\" >\n\t\t\t\t\t<div class=\"sow-slider-image-container\">\n\t\t\t<div class=\"sow-slider-image-wrapper\">\n\t\t\t\t<h1 style=\"text-align: center\">Rahmen der Intervention<\/h1>\t\t\t<\/div>\n\t\t<\/div>\n\t\t\t\t<\/li>\n\t\t\t\t<li class=\"sow-slider-image  sow-slider-image-cover\" style=\"visibility: hidden;;background-color: #333333\" data-background=\"url(http:\/\/fondation-pvsyst.org\/wp-content\/uploads\/2017\/04\/Commune-de-Bamba-S\u00e9n\u00e9gal-4-e1491471509373.jpg)\" >\n\t\t\t\t\t<div class=\"sow-slider-image-container\">\n\t\t\t<div class=\"sow-slider-image-wrapper\">\n\t\t\t\t<h1 style=\"text-align: center\">Rahmen der Intervention<\/h1>\t\t\t<\/div>\n\t\t<\/div>\n\t\t\t\t<\/li>\n\t\t\t\t<li class=\"sow-slider-image  sow-slider-image-cover\" style=\"visibility: hidden;;background-color: #333333\" data-background=\"url(http:\/\/fondation-pvsyst.org\/wp-content\/uploads\/2017\/04\/Lac-rose-S\u00e9n\u00e9gal-e1491471671290.jpg)\" >\n\t\t\t\t\t<div class=\"sow-slider-image-container\">\n\t\t\t<div class=\"sow-slider-image-wrapper\">\n\t\t\t\t<h1 style=\"text-align: center\">Rahmen der Intervention<\/h1>\t\t\t<\/div>\n\t\t<\/div>\n\t\t\t\t<\/li>\n\t\t\t\t<li class=\"sow-slider-image  sow-slider-image-cover\" style=\"visibility: hidden;;background-color: #333333\" data-background=\"url(http:\/\/fondation-pvsyst.org\/wp-content\/uploads\/2017\/04\/Commune-de-Bamba-S\u00e9n\u00e9gal-2-e1491471470709.jpg)\" >\n\t\t\t\t\t<div class=\"sow-slider-image-container\">\n\t\t\t<div class=\"sow-slider-image-wrapper\">\n\t\t\t\t<h1 style=\"text-align: center\">Rahmen der Intervention<\/h1>\t\t\t<\/div>\n\t\t<\/div>\n\t\t\t\t<\/li>\n\t\t\t\t<li class=\"sow-slider-image  sow-slider-image-cover\" style=\"visibility: hidden;;background-color: #333333\" data-background=\"url(http:\/\/fondation-pvsyst.org\/wp-content\/uploads\/2017\/04\/Commune-de-Djiddah-Thiaroye-S\u00e9n\u00e9gal-1-e1491471605121.jpg)\" >\n\t\t\t\t\t<div class=\"sow-slider-image-container\">\n\t\t\t<div class=\"sow-slider-image-wrapper\">\n\t\t\t\t<h1 style=\"text-align: center\">Rahmen der Intervention<\/h1>\t\t\t<\/div>\n\t\t<\/div>\n\t\t\t\t<\/li>\n\t\t<\/ul>\t\t\t\t<ol class=\"sow-slider-pagination\">\n\t\t\t\t\t\t\t\t\t\t\t<li><a href=\"#\" data-goto=\"0\" aria-label=\"Display slide 1\"><\/a><\/li>\n\t\t\t\t\t\t\t\t\t\t\t<li><a href=\"#\" data-goto=\"1\" aria-label=\"Display slide 2\"><\/a><\/li>\n\t\t\t\t\t\t\t\t\t\t\t<li><a href=\"#\" data-goto=\"2\" aria-label=\"Display slide 3\"><\/a><\/li>\n\t\t\t\t\t\t\t\t\t\t\t<li><a href=\"#\" data-goto=\"3\" aria-label=\"Display slide 4\"><\/a><\/li>\n\t\t\t\t\t\t\t\t\t\t\t<li><a href=\"#\" data-goto=\"4\" aria-label=\"Display slide 5\"><\/a><\/li>\n\t\t\t\t\t\t\t\t\t<\/ol>\n\n\t\t\t\t<div class=\"sow-slide-nav sow-slide-nav-next\">\n\t\t\t\t\t<a href=\"#\" data-goto=\"next\" aria-label=\"Next slide\" data-action=\"next\">\n\t\t\t\t\t\t<em class=\"sow-sld-icon-thin-right\"><\/em>\n\t\t\t\t\t<\/a>\n\t\t\t\t<\/div>\n\n\t\t\t\t<div class=\"sow-slide-nav sow-slide-nav-prev\">\n\t\t\t\t\t<a href=\"#\" data-goto=\"previous\" aria-label=\"Previous slide\" data-action=\"prev\">\n\t\t\t\t\t\t<em class=\"sow-sld-icon-thin-left\"><\/em>\n\t\t\t\t\t<\/a>\n\t\t\t\t<\/div>\n\t\t\t\t<\/div><\/div><\/div><\/div><\/div><\/div><div id=\"pg-4046-1\"  class=\"panel-grid panel-has-style\" ><div class=\"panel-row-style panel-row-style-for-4046-1\" ><div id=\"pgc-4046-1-0\"  class=\"panel-grid-cell\" ><div id=\"panel-4046-1-0-0\" class=\"so-panel widget widget_sow-headline panel-first-child panel-last-child\" data-index=\"1\" ><div class=\"panel-widget-style panel-widget-style-for-4046-1-0-0\" ><div\n\t\t\t\n\t\t\tclass=\"so-widget-sow-headline so-widget-sow-headline-default-bcfd5db888b8-4046\"\n\t\t\t\n\t\t><div class=\"sow-headline-container \">\n\t\t\t\t\t\t\t<h4 class=\"sow-headline\">\n\t\t\t\t\t\t<b>Modus Operandi<\/b>\t\t\t\t\t\t<\/h4>\n\t\t\t\t\t\t\t\t\t\t\t<div class=\"decoration\">\n\t\t\t\t\t\t<div class=\"decoration-inside\"><\/div>\n\t\t\t\t\t<\/div>\n\t\t\t\t\t<\/div>\n<\/div><\/div><\/div><\/div><\/div><\/div><div id=\"pg-4046-2\"  class=\"panel-grid panel-has-style\" ><div class=\"siteorigin-panels-stretch panel-row-style panel-row-style-for-4046-2\" data-stretch-type=\"full\" ><div id=\"pgc-4046-2-0\"  class=\"panel-grid-cell\" ><div id=\"panel-4046-2-0-0\" class=\"so-panel widget widget_sow-editor panel-first-child panel-last-child\" data-index=\"2\" ><div\n\t\t\t\n\t\t\tclass=\"so-widget-sow-editor so-widget-sow-editor-base\"\n\t\t\t\n\t\t>\n<div class=\"siteorigin-widget-tinymce textwidget\">\n\t<p style=\"text-align: justify;\">2 komplement\u00e4re Interventionsmodi:<\/p><\/div>\n<\/div><\/div><\/div><\/div><\/div><div id=\"pg-4046-3\"  class=\"panel-grid panel-has-style\" ><div class=\"siteorigin-panels-stretch panel-row-style panel-row-style-for-4046-3\" data-stretch-type=\"full\" ><div id=\"pgc-4046-3-0\"  class=\"panel-grid-cell\" ><div id=\"panel-4046-3-0-0\" class=\"so-panel widget widget_sow-editor panel-first-child panel-last-child\" data-index=\"3\" ><div\n\t\t\t\n\t\t\tclass=\"so-widget-sow-editor so-widget-sow-editor-base\"\n\t\t\t\n\t\t>\n<div class=\"siteorigin-widget-tinymce textwidget\">\n\t<p style=\"text-align: justify;\"><strong>Technische Hilfe<\/strong> durch die direkte Bereitstellung und\/oder Mobilisierung externer Expertise zu einem bestimmten Thema oder Gebiet zur Unterst\u00fctzung der Strukturierung von Unternehmen oder der Einrichtung von Ausbildungsma\u00dfnahmen.<\/p><\/div>\n<\/div><\/div><\/div><div id=\"pgc-4046-3-1\"  class=\"panel-grid-cell\" ><div id=\"panel-4046-3-1-0\" class=\"so-panel widget widget_sow-editor panel-first-child panel-last-child\" data-index=\"4\" ><div\n\t\t\t\n\t\t\tclass=\"so-widget-sow-editor so-widget-sow-editor-base\"\n\t\t\t\n\t\t>\n<div class=\"siteorigin-widget-tinymce textwidget\">\n\t<p style=\"text-align: justify;\"><strong>Unterst\u00fctzung f\u00fcr Investitionen <\/strong>und den Erwerb von Ausr\u00fcstungen und\/oder Infrastrukturen zur Unterst\u00fctzung eines operationellen Partners in Erg\u00e4nzung oder zur Unterst\u00fctzung von technischer Hilfe<\/p><\/div>\n<\/div><\/div><\/div><\/div><\/div><div id=\"pg-4046-4\"  class=\"panel-grid panel-has-style\" ><div class=\"siteorigin-panels-stretch panel-row-style panel-row-style-for-4046-4\" data-stretch-type=\"full\" ><div id=\"pgc-4046-4-0\"  class=\"panel-grid-cell\" ><div id=\"panel-4046-4-0-0\" class=\"so-panel widget widget_sow-editor panel-first-child panel-last-child\" data-index=\"5\" ><div\n\t\t\t\n\t\t\tclass=\"so-widget-sow-editor so-widget-sow-editor-base\"\n\t\t\t\n\t\t>\n<div class=\"siteorigin-widget-tinymce textwidget\">\n\t<p style=\"text-align: justify;\">Die PVSYST-Stiftung f\u00f6rdert Initiativen mit nachhaltigen Auswirkungen. Aus diesem Grund schlie\u00dft sie Initiativen aus, die ausschlie\u00dflich auf die Unterst\u00fctzung von :<\/p><ul style=\"text-align: justify;\"><li>Strukturen ohne Aussicht auf Autonomie und Nachhaltigkeit,<\/li><li>Die Schaffung von Infrastrukturen ohne Entwicklungsplan, Ausstiegsstrategie und Nachhaltigkeit f\u00fcr wirtschaftliche Aktivit\u00e4ten.<\/li><\/ul><p style=\"text-align: justify;\">Die PVSYST-Stiftung kann in Ausnahmef\u00e4llen Betriebskosten finanzieren, die mit der Animation, dem Unterricht, der Ausbildung und der Wartung der Infrastruktur verbunden sind, um den Nutzen der Infrastruktur zu erh\u00f6hen und zu verst\u00e4rken.<\/p><\/div>\n<\/div><\/div><\/div><\/div><\/div><div id=\"pg-4046-5\"  class=\"panel-grid panel-has-style\" ><div class=\"panel-row-style panel-row-style-for-4046-5\" ><div id=\"pgc-4046-5-0\"  class=\"panel-grid-cell\" ><div id=\"panel-4046-5-0-0\" class=\"so-panel widget widget_sow-headline panel-first-child panel-last-child\" data-index=\"6\" ><div class=\"panel-widget-style panel-widget-style-for-4046-5-0-0\" ><div\n\t\t\t\n\t\t\tclass=\"so-widget-sow-headline so-widget-sow-headline-default-bcfd5db888b8-4046\"\n\t\t\t\n\t\t><div class=\"sow-headline-container \">\n\t\t\t\t\t\t\t<h4 class=\"sow-headline\">\n\t\t\t\t\t\t<b>Finanzierung der Interventionen<\/b>\t\t\t\t\t\t<\/h4>\n\t\t\t\t\t\t\t\t\t\t\t<div class=\"decoration\">\n\t\t\t\t\t\t<div class=\"decoration-inside\"><\/div>\n\t\t\t\t\t<\/div>\n\t\t\t\t\t<\/div>\n<\/div><\/div><\/div><\/div><\/div><\/div><div id=\"pg-4046-6\"  class=\"panel-grid panel-has-style\" ><div class=\"siteorigin-panels-stretch panel-row-style panel-row-style-for-4046-6\" data-stretch-type=\"full\" ><div id=\"pgc-4046-6-0\"  class=\"panel-grid-cell\" ><div id=\"panel-4046-6-0-0\" class=\"so-panel widget widget_sow-headline panel-first-child\" data-index=\"7\" ><div class=\"panel-widget-style panel-widget-style-for-4046-6-0-0\" ><div\n\t\t\t\n\t\t\tclass=\"so-widget-sow-headline so-widget-sow-headline-default-85448ef6f528-4046\"\n\t\t\t\n\t\t><div class=\"sow-headline-container \">\n\t\t\t\t\t\t\t<h3 class=\"sow-headline\">\n\t\t\t\t\t\tHerkunft der Mittel\t\t\t\t\t\t<\/h3>\n\t\t\t\t\t\t<\/div>\n<\/div><\/div><\/div><div id=\"panel-4046-6-0-1\" class=\"so-panel widget widget_sow-editor panel-last-child\" data-index=\"8\" ><div class=\"panel-widget-style panel-widget-style-for-4046-6-0-1\" ><div\n\t\t\t\n\t\t\tclass=\"so-widget-sow-editor so-widget-sow-editor-base\"\n\t\t\t\n\t\t>\n<div class=\"siteorigin-widget-tinymce textwidget\">\n\t<p style=\"text-align: justify;\">Die Anfangsfinanzierung erfolgte durch den Gr\u00fcnder Andr\u00e9 Mermoud und das Unternehmen PVsyst. Sie schlie\u00dft nicht aus, zus\u00e4tzliche Finanzmittel in Form von Spenden oder Sachleistungen von \u00f6ffentlichen und privaten Einrichtungen, Unternehmen und Einzelpersonen zu beantragen, sofern sie selbstst\u00e4ndig agieren kann.<\/p>\n<\/div>\n<\/div><\/div><\/div><\/div><div id=\"pgc-4046-6-1\"  class=\"panel-grid-cell\" ><div id=\"panel-4046-6-1-0\" class=\"so-panel widget widget_sow-headline panel-first-child\" data-index=\"9\" ><div class=\"panel-widget-style panel-widget-style-for-4046-6-1-0\" ><div\n\t\t\t\n\t\t\tclass=\"so-widget-sow-headline so-widget-sow-headline-default-306a8fc9719a-4046\"\n\t\t\t\n\t\t><div class=\"sow-headline-container \">\n\t\t\t\t\t\t\t<h3 class=\"sow-headline\">\n\t\t\t\t\t\tVermieter  Betreiber\t\t\t\t\t\t<\/h3>\n\t\t\t\t\t\t<\/div>\n<\/div><\/div><\/div><div id=\"panel-4046-6-1-1\" class=\"so-panel widget widget_sow-editor panel-last-child\" data-index=\"10\" ><div class=\"panel-widget-style panel-widget-style-for-4046-6-1-1\" ><div\n\t\t\t\n\t\t\tclass=\"so-widget-sow-editor so-widget-sow-editor-base\"\n\t\t\t\n\t\t>\n<div class=\"siteorigin-widget-tinymce textwidget\">\n\t<p style=\"text-align: justify;\">Die Stiftung PVSYST beabsichtigt nicht, ihre T\u00e4tigkeit auf die Finanzierung von Dritten zu beschr\u00e4nken, die mit der Durchf\u00fchrung von Interventionen betraut sind. In diesem Sinne agiert sie nicht als reiner Geldgeber, sondern m\u00f6chte Betreiber und operativer Partner der von ihr unterst\u00fctzten Projekte sein.<\/p><\/div>\n<\/div><\/div><\/div><\/div><\/div><\/div><div id=\"pg-4046-7\"  class=\"panel-grid panel-has-style\" ><div class=\"panel-row-style panel-row-style-for-4046-7\" ><div id=\"pgc-4046-7-0\"  class=\"panel-grid-cell\" ><div id=\"panel-4046-7-0-0\" class=\"so-panel widget widget_sow-headline panel-first-child\" data-index=\"11\" ><div class=\"panel-widget-style panel-widget-style-for-4046-7-0-0\" ><div\n\t\t\t\n\t\t\tclass=\"so-widget-sow-headline so-widget-sow-headline-default-bcfd5db888b8-4046\"\n\t\t\t\n\t\t><div class=\"sow-headline-container \">\n\t\t\t\t\t\t\t<h4 class=\"sow-headline\">\n\t\t\t\t\t\t<b>Interventionsgebiete<\/b>\t\t\t\t\t\t<\/h4>\n\t\t\t\t\t\t\t\t\t\t\t<div class=\"decoration\">\n\t\t\t\t\t\t<div class=\"decoration-inside\"><\/div>\n\t\t\t\t\t<\/div>\n\t\t\t\t\t<\/div>\n<\/div><\/div><\/div><div id=\"panel-4046-7-0-1\" class=\"so-panel widget widget_sow-editor panel-last-child\" data-index=\"12\" ><div\n\t\t\t\n\t\t\tclass=\"so-widget-sow-editor so-widget-sow-editor-base\"\n\t\t\t\n\t\t>\n<div class=\"siteorigin-widget-tinymce textwidget\">\n\t<p style=\"text-align: justify;\">Die Stiftung PVSYST ist in der Schweiz und in Entwicklungsl\u00e4ndern t\u00e4tig. Es gibt keine Einschr\u00e4nkungen hinsichtlich der Interventionsgebiete, aber eine notwendige Koh\u00e4renz und Kontinuit\u00e4t sowie die Bereitschaft, auf laufende Aktionen aufzubauen. Sie zielt im Laufe der Zeit auf den Aufbau einer territorialen Logik - verschiedene Interventionsthemen in demselben Gebiet und f\u00fcr dieselbe Zielgruppe - und einer thematischen Logik - Replikation und Mutualisierung von Initiativen, die einen Mehrwert gezeigt haben und von fr\u00fcheren Erfahrungen profitieren k\u00f6nnen, in relevanten Gebieten.<\/p><\/div>\n<\/div><\/div><\/div><\/div><\/div><div id=\"pg-4046-8\"  class=\"panel-grid panel-has-style\" ><div class=\"panel-row-style panel-row-style-for-4046-8\" ><div id=\"pgc-4046-8-0\"  class=\"panel-grid-cell\" ><div id=\"panel-4046-8-0-0\" class=\"so-panel widget widget_sow-headline panel-first-child\" data-index=\"13\" ><div class=\"panel-widget-style panel-widget-style-for-4046-8-0-0\" ><div\n\t\t\t\n\t\t\tclass=\"so-widget-sow-headline so-widget-sow-headline-default-bcfd5db888b8-4046\"\n\t\t\t\n\t\t><div class=\"sow-headline-container \">\n\t\t\t\t\t\t\t<h4 class=\"sow-headline\">\n\t\t\t\t\t\t<b>Bewertung<\/b>\t\t\t\t\t\t<\/h4>\n\t\t\t\t\t\t\t\t\t\t\t<div class=\"decoration\">\n\t\t\t\t\t\t<div class=\"decoration-inside\"><\/div>\n\t\t\t\t\t<\/div>\n\t\t\t\t\t<\/div>\n<\/div><\/div><\/div><div id=\"panel-4046-8-0-1\" class=\"so-panel widget widget_sow-editor panel-last-child\" data-index=\"14\" ><div\n\t\t\t\n\t\t\tclass=\"so-widget-sow-editor so-widget-sow-editor-base\"\n\t\t\t\n\t\t>\n<div class=\"siteorigin-widget-tinymce textwidget\">\n\t<p style=\"text-align: justify;\">In dem Bem\u00fchen um eine kontinuierliche Verbesserung ihrer Aktivit\u00e4ten und deren Auswirkungen auf die beg\u00fcnstigte Bev\u00f6lkerung wird die PVSYST-Stiftung so weit wie m\u00f6glich die durchgef\u00fchrten Projekte kurz- und langfristig bewerten. Die PVSYST-Stiftung kann eine detaillierte \u00dcberwachung der eingeleiteten Ma\u00dfnahmen, insbesondere der technischen L\u00f6sungen, zu Forschungszwecken f\u00fcr die Analyse und Verbesserung dieser Techniken im Kontext der Entwicklungsl\u00e4nder gew\u00e4hrleisten.<\/p><\/div>\n<\/div><\/div><\/div><\/div><\/div><div id=\"pg-4046-9\"  class=\"panel-grid panel-has-style\" ><div class=\"panel-row-style panel-row-style-for-4046-9\" ><div id=\"pgc-4046-9-0\"  class=\"panel-grid-cell\" ><div id=\"panel-4046-9-0-0\" class=\"so-panel widget widget_sow-headline panel-first-child panel-last-child\" data-index=\"15\" ><div class=\"panel-widget-style panel-widget-style-for-4046-9-0-0\" ><div\n\t\t\t\n\t\t\tclass=\"so-widget-sow-headline so-widget-sow-headline-default-bcfd5db888b8-4046\"\n\t\t\t\n\t\t><div class=\"sow-headline-container \">\n\t\t\t\t\t\t\t<h4 class=\"sow-headline\">\n\t\t\t\t\t\t<b>Partner  Beg\u00fcnstigte<\/b>\t\t\t\t\t\t<\/h4>\n\t\t\t\t\t\t\t\t\t\t\t<div class=\"decoration\">\n\t\t\t\t\t\t<div class=\"decoration-inside\"><\/div>\n\t\t\t\t\t<\/div>\n\t\t\t\t\t<\/div>\n<\/div><\/div><\/div><\/div><\/div><\/div><div id=\"pg-4046-10\"  class=\"panel-grid panel-has-style\" ><div class=\"siteorigin-panels-stretch panel-row-style panel-row-style-for-4046-10\" data-stretch-type=\"full\" ><div id=\"pgc-4046-10-0\"  class=\"panel-grid-cell\" ><div id=\"panel-4046-10-0-0\" class=\"so-panel widget widget_sow-headline panel-first-child\" data-index=\"16\" ><div class=\"panel-widget-style panel-widget-style-for-4046-10-0-0\" ><div\n\t\t\t\n\t\t\tclass=\"so-widget-sow-headline so-widget-sow-headline-default-ce910aaac5e8-4046\"\n\t\t\t\n\t\t><div class=\"sow-headline-container \">\n\t\t\t\t\t\t\t<h3 class=\"sow-headline\">\n\t\t\t\t\t\tPartner\t\t\t\t\t\t<\/h3>\n\t\t\t\t\t\t<\/div>\n<\/div><\/div><\/div><div id=\"panel-4046-10-0-1\" class=\"so-panel widget widget_sow-editor panel-last-child\" data-index=\"17\" ><div class=\"panel-widget-style panel-widget-style-for-4046-10-0-1\" ><div\n\t\t\t\n\t\t\tclass=\"so-widget-sow-editor so-widget-sow-editor-base\"\n\t\t\t\n\t\t>\n<div class=\"siteorigin-widget-tinymce textwidget\">\n\t<p style=\"text-align: justify;\">Lokale und\/oder internationale Partner, die gemeinsame Interessen und den gleichen Willen wie die PVSYST Foundation haben, um ein Projekt gemeinsam umzusetzen. Die Konzepte des gegenseitigen Interesses und des jeweiligen Mehrwerts sind f\u00fcr die Philosophie der Partnerschaft, die die PVSYST-Stiftung entwickeln m\u00f6chte, von wesentlicher Bedeutung. Die langfristige Ausrichtung auf strukturierende Ma\u00dfnahmen ist ebenfalls wichtig.<span style=\"color: #7f7f7f;\"><br> <\/span><\/p><\/div>\n<\/div><\/div><\/div><\/div><div id=\"pgc-4046-10-1\"  class=\"panel-grid-cell\" ><div id=\"panel-4046-10-1-0\" class=\"so-panel widget widget_sow-headline panel-first-child\" data-index=\"18\" ><div class=\"panel-widget-style panel-widget-style-for-4046-10-1-0\" ><div\n\t\t\t\n\t\t\tclass=\"so-widget-sow-headline so-widget-sow-headline-default-306a8fc9719a-4046\"\n\t\t\t\n\t\t><div class=\"sow-headline-container \">\n\t\t\t\t\t\t\t<h3 class=\"sow-headline\">\n\t\t\t\t\t\tEndbeg\u00fcnstigte\t\t\t\t\t\t<\/h3>\n\t\t\t\t\t\t<\/div>\n<\/div><\/div><\/div><div id=\"panel-4046-10-1-1\" class=\"so-panel widget widget_sow-editor panel-last-child\" data-index=\"19\" ><div class=\"panel-widget-style panel-widget-style-for-4046-10-1-1\" ><div\n\t\t\t\n\t\t\tclass=\"so-widget-sow-editor so-widget-sow-editor-base\"\n\t\t\t\n\t\t>\n<div class=\"siteorigin-widget-tinymce textwidget\">\n\t<p style=\"text-align: justify;\">Als direkte oder indirekte Beg\u00fcnstigte der Interventionen der Stiftung beabsichtigt die Stiftung, gemeinschaftliche Ans\u00e4tze durch Ma\u00dfnahmen zu f\u00f6rdern, die letztlich der gesamten vorab identifizierten Gemeinschaft ohne Unterschied oder Ausschluss zugute kommen, wobei darauf geachtet wird, dass es nicht zu Verzerrungen oder Gegens\u00e4tzen innerhalb der Bev\u00f6lkerungsgruppen kommt, die das gleiche Gebiet teilen.<\/p><\/div>\n<\/div><\/div><\/div><\/div><\/div><\/div><div id=\"pg-4046-11\"  class=\"panel-grid panel-no-style\" ><div id=\"pgc-4046-11-0\"  class=\"panel-grid-cell\" ><div id=\"panel-4046-11-0-0\" class=\"so-panel widget widget_sow-editor panel-first-child panel-last-child\" data-index=\"20\" ><div\n\t\t\t\n\t\t\tclass=\"so-widget-sow-editor so-widget-sow-editor-base\"\n\t\t\t\n\t\t>\n<div class=\"siteorigin-widget-tinymce textwidget\">\n\t<p style=\"text-align: right;\">Laden Sie die Brosch\u00fcre der Stiftung herunter<\/p>\n<\/div>\n<\/div><\/div><\/div><div id=\"pgc-4046-11-1\"  class=\"panel-grid-cell\" ><div id=\"panel-4046-11-1-0\" class=\"so-panel widget widget_sow-button panel-first-child panel-last-child\" data-index=\"21\" ><div\n\t\t\t\n\t\t\tclass=\"so-widget-sow-button so-widget-sow-button-atom-df82db99beba-4046\"\n\t\t\t\n\t\t><div class=\"ow-button-base ow-button-align-left\"\n>\n\t\t\t<a\n\t\t\t\t\thref=\"http:\/\/fondation-pvsyst.org\/wp-content\/uploads\/2017\/12\/depliant_fondation_pvsyst.pdf\"\n\t\t\t\t\tclass=\"sowb-button ow-icon-placement-left ow-button-hover\" \t>\n\t\t<span>\n\t\t\t\n\t\t\tPlakette (jpeg)\t\t<\/span>\n\t\t\t<\/a>\n\t<\/div>\n<\/div><\/div><\/div><\/div><\/div>","protected":false},"excerpt":{"rendered":"<p>Rahmen der Intervention Rahmen der Intervention Rahmen der Intervention Rahmen der Intervention Rahmen der Intervention Modus Operandi 2 komplement\u00e4re Interventionsmodi: Technische Hilfe durch die direkte Bereitstellung und\/oder Mobilisierung externer Expertise zu einem bestimmten Thema oder Gebiet zur Unterst\u00fctzung der Strukturierung von Unternehmen oder der Einrichtung von Ausbildungsma\u00dfnahmen. Unterst\u00fctzung f\u00fcr Investitionen und den Erwerb von Ausr\u00fcstungen<\/p>\n","protected":false},"author":1,"featured_media":0,"parent":0,"menu_order":5,"comment_status":"closed","ping_status":"closed","template":"","meta":{"footnotes":""},"class_list":["post-4046","page","type-page","status-publish","hentry"],"_links":{"self":[{"href":"http:\/\/fondation-pvsyst.org\/de\/wp-json\/wp\/v2\/pages\/4046","targetHints":{"allow":["GET"]}}],"collection":[{"href":"http:\/\/fondation-pvsyst.org\/de\/wp-json\/wp\/v2\/pages"}],"about":[{"href":"http:\/\/fondation-pvsyst.org\/de\/wp-json\/wp\/v2\/types\/page"}],"author":[{"embeddable":true,"href":"http:\/\/fondation-pvsyst.org\/de\/wp-json\/wp\/v2\/users\/1"}],"replies":[{"embeddable":true,"href":"http:\/\/fondation-pvsyst.org\/de\/wp-json\/wp\/v2\/comments?post=4046"}],"version-history":[{"count":1,"href":"http:\/\/fondation-pvsyst.org\/de\/wp-json\/wp\/v2\/pages\/4046\/revisions"}],"predecessor-version":[{"id":4047,"href":"http:\/\/fondation-pvsyst.org\/de\/wp-json\/wp\/v2\/pages\/4046\/revisions\/4047"}],"wp:attachment":[{"href":"http:\/\/fondation-pvsyst.org\/de\/wp-json\/wp\/v2\/media?parent=4046"}],"curies":[{"name":"wp","href":"https:\/\/api.w.org\/{rel}","templated":true}]}}