{"id":4038,"date":"2017-02-07T14:43:43","date_gmt":"2017-02-07T13:43:43","guid":{"rendered":"https:\/\/fondation-pvsyst.org\/preprod\/faq\/"},"modified":"2024-06-26T16:13:00","modified_gmt":"2024-06-26T14:13:00","slug":"faq","status":"publish","type":"page","link":"http:\/\/fondation-pvsyst.org\/de\/faq\/","title":{"rendered":"FAQ"},"content":{"rendered":"<div id=\"pl-4038\"  class=\"panel-layout\" ><div id=\"pg-4038-0\"  class=\"panel-grid panel-has-style\" ><div class=\"siteorigin-panels-stretch panel-row-style panel-row-style-for-4038-0\" data-stretch-type=\"full-stretched\" ><div id=\"pgc-4038-0-0\"  class=\"panel-grid-cell\" ><div id=\"panel-4038-0-0-0\" class=\"so-panel widget widget_sow-hero panel-first-child panel-last-child\" data-index=\"0\" ><div\n\t\t\t\n\t\t\tclass=\"so-widget-sow-hero so-widget-sow-hero-default-9fcae408f7e6-4038 so-widget-fittext-wrapper\"\n\t\t\t data-fit-text-compressor=\"0.85\"\n\t\t>\t\t\t\t<div class=\"sow-slider-base\" style=\"display: none\" tabindex=\"0\">\n\t\t\t\t\t<ul\n\t\t\t\t\tclass=\"sow-slider-images\"\n\t\t\t\t\tdata-settings=\"{&quot;pagination&quot;:true,&quot;speed&quot;:800,&quot;timeout&quot;:8000,&quot;paused&quot;:false,&quot;pause_on_hover&quot;:false,&quot;swipe&quot;:true,&quot;nav_always_show_desktop&quot;:&quot;&quot;,&quot;nav_always_show_mobile&quot;:&quot;&quot;,&quot;breakpoint&quot;:&quot;780px&quot;,&quot;unmute&quot;:false,&quot;anchor&quot;:null}\"\n\t\t\t\t\tstyle=\"min-height: 300px\"\t\t\t\t\tdata-anchor-id=\"\"\n\t\t\t\t>\t\t<li class=\"sow-slider-image  sow-slider-image-cover\" style=\"visibility: visible;;background-color: #333333\" >\n\t\t\t\t\t<div class=\"sow-slider-image-container\">\n\t\t\t<div class=\"sow-slider-image-wrapper\">\n\t\t\t\t<h1 style=\"text-align: center\">FAQ<\/h1>\t\t\t<\/div>\n\t\t<\/div>\n\t\t<div class=\"sow-slider-image-overlay sow-slider-image-cover\" style=\"opacity: 0.7;background-image: url(http:\/\/fondation-pvsyst.org\/wp-content\/uploads\/2017\/04\/Commune-de-Bamba-S\u00e9n\u00e9gal-2-e1491471470709.jpg)\"  ><\/div>\t\t<\/li>\n\t\t\t\t<li class=\"sow-slider-image  sow-slider-image-cover\" style=\"visibility: hidden;;background-color: #333333\" >\n\t\t\t\t\t<div class=\"sow-slider-image-container\">\n\t\t\t<div class=\"sow-slider-image-wrapper\">\n\t\t\t\t<h1 style=\"text-align: center\">FAQ<\/h1>\t\t\t<\/div>\n\t\t<\/div>\n\t\t<div class=\"sow-slider-image-overlay sow-slider-image-cover\" style=\"opacity: 0.7\" data-background=\"url(http:\/\/fondation-pvsyst.org\/wp-content\/uploads\/2017\/04\/Lac-rose-S\u00e9n\u00e9gal-e1491471671290.jpg)\"  ><\/div>\t\t<\/li>\n\t\t\t\t<li class=\"sow-slider-image  sow-slider-image-cover\" style=\"visibility: hidden;;background-color: #333333\" >\n\t\t\t\t\t<div class=\"sow-slider-image-container\">\n\t\t\t<div class=\"sow-slider-image-wrapper\">\n\t\t\t\t<h1 style=\"text-align: center\">FAQ<\/h1>\t\t\t<\/div>\n\t\t<\/div>\n\t\t<div class=\"sow-slider-image-overlay sow-slider-image-cover\" style=\"opacity: 0.7\" data-background=\"url(http:\/\/fondation-pvsyst.org\/wp-content\/uploads\/2017\/04\/Commune-de-Djiddah-Thiaroye-S\u00e9n\u00e9gal-2-e1491471627179.jpg)\"  ><\/div>\t\t<\/li>\n\t\t\t\t<li class=\"sow-slider-image  sow-slider-image-cover\" style=\"visibility: hidden;;background-color: #333333\" >\n\t\t\t\t\t<div class=\"sow-slider-image-container\">\n\t\t\t<div class=\"sow-slider-image-wrapper\">\n\t\t\t\t<h1 style=\"text-align: center\">FAQ<\/h1>\t\t\t<\/div>\n\t\t<\/div>\n\t\t<div class=\"sow-slider-image-overlay sow-slider-image-cover\" style=\"opacity: 0.7\" data-background=\"url(http:\/\/fondation-pvsyst.org\/wp-content\/uploads\/2017\/04\/Commune-de-Thi\u00e8s-S\u00e9n\u00e9gal-e1491471657419.jpg)\"  ><\/div>\t\t<\/li>\n\t\t\t\t<li class=\"sow-slider-image  sow-slider-image-cover\" style=\"visibility: hidden;;background-color: #333333\" >\n\t\t\t\t\t<div class=\"sow-slider-image-container\">\n\t\t\t<div class=\"sow-slider-image-wrapper\">\n\t\t\t\t<h1 style=\"text-align: center\">FAQ<\/h1>\t\t\t<\/div>\n\t\t<\/div>\n\t\t<div class=\"sow-slider-image-overlay sow-slider-image-cover\" style=\"opacity: 0.7\" data-background=\"url(http:\/\/fondation-pvsyst.org\/wp-content\/uploads\/2017\/04\/Commune-de-Bamba-S\u00e9n\u00e9gal-4-e1491471509373.jpg)\"  ><\/div>\t\t<\/li>\n\t\t<\/ul>\t\t\t\t<ol class=\"sow-slider-pagination\">\n\t\t\t\t\t\t\t\t\t\t\t<li><a href=\"#\" data-goto=\"0\" aria-label=\"Display slide 1\"><\/a><\/li>\n\t\t\t\t\t\t\t\t\t\t\t<li><a href=\"#\" data-goto=\"1\" aria-label=\"Display slide 2\"><\/a><\/li>\n\t\t\t\t\t\t\t\t\t\t\t<li><a href=\"#\" data-goto=\"2\" aria-label=\"Display slide 3\"><\/a><\/li>\n\t\t\t\t\t\t\t\t\t\t\t<li><a href=\"#\" data-goto=\"3\" aria-label=\"Display slide 4\"><\/a><\/li>\n\t\t\t\t\t\t\t\t\t\t\t<li><a href=\"#\" data-goto=\"4\" aria-label=\"Display slide 5\"><\/a><\/li>\n\t\t\t\t\t\t\t\t\t<\/ol>\n\n\t\t\t\t<div class=\"sow-slide-nav sow-slide-nav-next\">\n\t\t\t\t\t<a href=\"#\" data-goto=\"next\" aria-label=\"Next slide\" data-action=\"next\">\n\t\t\t\t\t\t<em class=\"sow-sld-icon-thin-right\"><\/em>\n\t\t\t\t\t<\/a>\n\t\t\t\t<\/div>\n\n\t\t\t\t<div class=\"sow-slide-nav sow-slide-nav-prev\">\n\t\t\t\t\t<a href=\"#\" data-goto=\"previous\" aria-label=\"Previous slide\" data-action=\"prev\">\n\t\t\t\t\t\t<em class=\"sow-sld-icon-thin-left\"><\/em>\n\t\t\t\t\t<\/a>\n\t\t\t\t<\/div>\n\t\t\t\t<\/div><\/div><\/div><\/div><\/div><\/div><div id=\"pg-4038-1\"  class=\"panel-grid panel-has-style\" ><div class=\"panel-row-style panel-row-style-for-4038-1\" ><div id=\"pgc-4038-1-0\"  class=\"panel-grid-cell\" ><div id=\"panel-4038-1-0-0\" class=\"so-panel widget widget_sow-headline panel-first-child\" data-index=\"1\" ><div\n\t\t\t\n\t\t\tclass=\"so-widget-sow-headline so-widget-sow-headline-default-eb6f1427f4b3-4038\"\n\t\t\t\n\t\t><div class=\"sow-headline-container \">\n\t\t\t\t\t\t\t<h4 class=\"sow-headline\">\n\t\t\t\t\t\t<b>Was ist die Verbindung zwischen dem PVsyst-Unternehmen und der PVSYST-Stiftung?<\/b>\t\t\t\t\t\t<\/h4>\n\t\t\t\t\t\t\t\t\t\t\t<div class=\"decoration\">\n\t\t\t\t\t\t<div class=\"decoration-inside\"><\/div>\n\t\t\t\t\t<\/div>\n\t\t\t\t\t<\/div>\n<\/div><\/div><div id=\"panel-4038-1-0-1\" class=\"so-panel widget widget_sow-editor\" data-index=\"2\" ><div\n\t\t\t\n\t\t\tclass=\"so-widget-sow-editor so-widget-sow-editor-base\"\n\t\t\t\n\t\t>\n<div class=\"siteorigin-widget-tinymce textwidget\">\n\t<p style=\"text-align: justify;\">Die PVSYST-Stiftung und das PVsyst-Unternehmen sind Initiativen von Andr\u00e9 Mermoud. Die beiden Strukturen arbeiten v\u00f6llig unabh\u00e4ngig voneinander. Die Stiftung kann gegebenenfalls die Unterst\u00fctzung der PVsyst-Teams kostenlos in Anspruch nehmen, f\u00f6rdert aber in keinem Fall die Nutzung oder den Einsatz der PVsyst-Software.<\/p>\n<\/div>\n<\/div><\/div><div id=\"panel-4038-1-0-2\" class=\"so-panel widget widget_sow-headline\" data-index=\"3\" ><div\n\t\t\t\n\t\t\tclass=\"so-widget-sow-headline so-widget-sow-headline-default-bcfd5db888b8-4038\"\n\t\t\t\n\t\t><div class=\"sow-headline-container \">\n\t\t\t\t\t\t\t<h4 class=\"sow-headline\">\n\t\t\t\t\t\t<b>Was bedeutet PVSYST?<\/b>\t\t\t\t\t\t<\/h4>\n\t\t\t\t\t\t\t\t\t\t\t<div class=\"decoration\">\n\t\t\t\t\t\t<div class=\"decoration-inside\"><\/div>\n\t\t\t\t\t<\/div>\n\t\t\t\t\t<\/div>\n<\/div><\/div><div id=\"panel-4038-1-0-3\" class=\"so-panel widget widget_sow-editor\" data-index=\"4\" ><div\n\t\t\t\n\t\t\tclass=\"so-widget-sow-editor so-widget-sow-editor-base\"\n\t\t\t\n\t\t>\n<div class=\"siteorigin-widget-tinymce textwidget\">\n\t<p style=\"text-align: justify;\">Das Akronym PVSYST steht f\u00fcr PhotoVoltaic (PV) System (SYST).<\/p>\n<\/div>\n<\/div><\/div><div id=\"panel-4038-1-0-4\" class=\"so-panel widget widget_sow-headline\" data-index=\"5\" ><div\n\t\t\t\n\t\t\tclass=\"so-widget-sow-headline so-widget-sow-headline-default-bcfd5db888b8-4038\"\n\t\t\t\n\t\t><div class=\"sow-headline-container \">\n\t\t\t\t\t\t\t<h4 class=\"sow-headline\">\n\t\t\t\t\t\t<b>Beschr\u00e4nkt sich die PVSYST-Stiftung auf Photovoltaik?<\/b>\t\t\t\t\t\t<\/h4>\n\t\t\t\t\t\t\t\t\t\t\t<div class=\"decoration\">\n\t\t\t\t\t\t<div class=\"decoration-inside\"><\/div>\n\t\t\t\t\t<\/div>\n\t\t\t\t\t<\/div>\n<\/div><\/div><div id=\"panel-4038-1-0-5\" class=\"so-panel widget widget_sow-editor\" data-index=\"6\" ><div\n\t\t\t\n\t\t\tclass=\"so-widget-sow-editor so-widget-sow-editor-base\"\n\t\t\t\n\t\t>\n<div class=\"siteorigin-widget-tinymce textwidget\">\n\t<p style=\"text-align: justify;\">Die PVSYST Foundation beabsichtigt, vorrangig in den Bereichen Wasser, Hygiene und Sanit\u00e4rversorgung, wirtschaftliche Entwicklung, Energie und Bildung t\u00e4tig zu werden, die eine photovoltaische Solarkomponente beinhalten k\u00f6nnen oder auch nicht. Je nach Art der durchzuf\u00fchrenden Ma\u00dfnahmen wird der Einsatz von Photovoltaik-Technologien bevorzugt, ist jedoch keine Bedingung f\u00fcr das Engagement der PVSYST Foundation.<\/p>\n<\/div>\n<\/div><\/div><div id=\"panel-4038-1-0-6\" class=\"so-panel widget widget_sow-headline\" data-index=\"7\" ><div\n\t\t\t\n\t\t\tclass=\"so-widget-sow-headline so-widget-sow-headline-default-bcfd5db888b8-4038\"\n\t\t\t\n\t\t><div class=\"sow-headline-container \">\n\t\t\t\t\t\t\t<h4 class=\"sow-headline\">\n\t\t\t\t\t\t<b>Wie wird die PVSYST-Stiftung finanziert?<\/b>\t\t\t\t\t\t<\/h4>\n\t\t\t\t\t\t\t\t\t\t\t<div class=\"decoration\">\n\t\t\t\t\t\t<div class=\"decoration-inside\"><\/div>\n\t\t\t\t\t<\/div>\n\t\t\t\t\t<\/div>\n<\/div><\/div><div id=\"panel-4038-1-0-7\" class=\"so-panel widget widget_sow-editor\" data-index=\"8\" ><div\n\t\t\t\n\t\t\tclass=\"so-widget-sow-editor so-widget-sow-editor-base\"\n\t\t\t\n\t\t>\n<div class=\"siteorigin-widget-tinymce textwidget\">\n\t<p style=\"text-align: justify;\">Die Anfangsfinanzierung erfolgte durch den Gr\u00fcnder Andr\u00e9 Mermoud und das Unternehmen PVsyst. Zus\u00e4tzliche Finanzierungen k\u00f6nnen in Betracht gezogen werden, um das Eigenkapital zu st\u00e4rken und den Betrieb zu erm\u00f6glichen. Parallel dazu schlie\u00dft die PVSYST Foundation nicht aus, zus\u00e4tzliche Finanzierungen in Form von Spenden oder Sachleistungen von \u00f6ffentlichen und privaten Organisationen, Unternehmen und Einzelpersonen zu beantragen, sofern ihre Autonomie gewahrt bleibt.<\/p>\n<\/div>\n<\/div><\/div><div id=\"panel-4038-1-0-8\" class=\"so-panel widget widget_sow-headline\" data-index=\"9\" ><div\n\t\t\t\n\t\t\tclass=\"so-widget-sow-headline so-widget-sow-headline-default-bcfd5db888b8-4038\"\n\t\t\t\n\t\t><div class=\"sow-headline-container \">\n\t\t\t\t\t\t\t<h4 class=\"sow-headline\">\n\t\t\t\t\t\t<b>Ist eine Finanzierung durch die Stiftung m\u00f6glich?<\/b>\t\t\t\t\t\t<\/h4>\n\t\t\t\t\t\t\t\t\t\t\t<div class=\"decoration\">\n\t\t\t\t\t\t<div class=\"decoration-inside\"><\/div>\n\t\t\t\t\t<\/div>\n\t\t\t\t\t<\/div>\n<\/div><\/div><div id=\"panel-4038-1-0-9\" class=\"so-panel widget widget_sow-editor panel-last-child\" data-index=\"10\" ><div\n\t\t\t\n\t\t\tclass=\"so-widget-sow-editor so-widget-sow-editor-base\"\n\t\t\t\n\t\t>\n<div class=\"siteorigin-widget-tinymce textwidget\">\n\t<p style=\"text-align: justify;\">Die Stiftung PVSYST beabsichtigt nicht, ihre T\u00e4tigkeit auf die Finanzierung von Dritten zu beschr\u00e4nken, die mit der Durchf\u00fchrung von Interventionen betraut sind. In diesem Sinne agiert sie nicht als reiner Geldgeber, sondern m\u00f6chte Betreiber und Partner bei der Umsetzung der von ihr unterst\u00fctzten Projekte sein. Auf der Seite<a href=\"https:\/\/fondation-pvsyst.org\/de\/?page_id=3938\" target=\"_blank\" rel=\"noopener\">\"<\/a>Kontakt\" finden Sie alle relevanten Informationen.<\/p>\n<\/div>\n<\/div><\/div><\/div><\/div><\/div><\/div>","protected":false},"excerpt":{"rendered":"<p>Die PVSYST-Stiftung und das PVsyst-Unternehmen sind Initiativen von Andr\u00e9 Mermoud. Die beiden Strukturen arbeiten v\u00f6llig unabh\u00e4ngig voneinander. Die Stiftung kann gegebenenfalls die Unterst\u00fctzung der PVsyst-Teams kostenlos in Anspruch nehmen, f\u00f6rdert aber in keinem Fall die Nutzung oder den Einsatz der PVsyst-Software. Das Akronym PVSYST steht f\u00fcr PhotoVoltaic (PV) System (SYST). Die PVSYST Foundation beabsichtigt, vorrangig<\/p>\n","protected":false},"author":1,"featured_media":0,"parent":0,"menu_order":15,"comment_status":"closed","ping_status":"closed","template":"","meta":{"footnotes":""},"class_list":["post-4038","page","type-page","status-publish","hentry"],"_links":{"self":[{"href":"http:\/\/fondation-pvsyst.org\/de\/wp-json\/wp\/v2\/pages\/4038","targetHints":{"allow":["GET"]}}],"collection":[{"href":"http:\/\/fondation-pvsyst.org\/de\/wp-json\/wp\/v2\/pages"}],"about":[{"href":"http:\/\/fondation-pvsyst.org\/de\/wp-json\/wp\/v2\/types\/page"}],"author":[{"embeddable":true,"href":"http:\/\/fondation-pvsyst.org\/de\/wp-json\/wp\/v2\/users\/1"}],"replies":[{"embeddable":true,"href":"http:\/\/fondation-pvsyst.org\/de\/wp-json\/wp\/v2\/comments?post=4038"}],"version-history":[{"count":1,"href":"http:\/\/fondation-pvsyst.org\/de\/wp-json\/wp\/v2\/pages\/4038\/revisions"}],"predecessor-version":[{"id":4039,"href":"http:\/\/fondation-pvsyst.org\/de\/wp-json\/wp\/v2\/pages\/4038\/revisions\/4039"}],"wp:attachment":[{"href":"http:\/\/fondation-pvsyst.org\/de\/wp-json\/wp\/v2\/media?parent=4038"}],"curies":[{"name":"wp","href":"https:\/\/api.w.org\/{rel}","templated":true}]}}