{"id":3969,"date":"2021-11-11T11:16:39","date_gmt":"2021-11-11T10:16:39","guid":{"rendered":"https:\/\/fondation-pvsyst.org\/preprod\/schluesselfertiges-photovoltaik-schulungsprojekt-mehrere-laender\/"},"modified":"2024-06-26T16:13:07","modified_gmt":"2024-06-26T14:13:07","slug":"schluesselfertiges-photovoltaik-schulungsprojekt-mehrere-laender","status":"publish","type":"page","link":"http:\/\/fondation-pvsyst.org\/de\/projekte\/schluesselfertiges-photovoltaik-schulungsprojekt-mehrere-laender\/","title":{"rendered":"Schl\u00fcsselfertiges Photovoltaik-Schulungsprojekt &#8211; Mehrere L\u00e4nder"},"content":{"rendered":"<div id=\"pl-3969\"  class=\"panel-layout\" ><div id=\"pg-3969-0\"  class=\"panel-grid panel-has-style\" ><div class=\"siteorigin-panels-stretch panel-row-style panel-row-style-for-3969-0\" data-stretch-type=\"full-stretched\" ><div id=\"pgc-3969-0-0\"  class=\"panel-grid-cell\" ><div id=\"panel-3969-0-0-0\" class=\"so-panel widget widget_sow-hero panel-first-child panel-last-child\" data-index=\"0\" ><div\n\t\t\t\n\t\t\tclass=\"so-widget-sow-hero so-widget-sow-hero-default-9fcae408f7e6-3969 so-widget-fittext-wrapper\"\n\t\t\t data-fit-text-compressor=\"0.85\"\n\t\t>\t\t\t\t<div class=\"sow-slider-base\" style=\"display: none\" tabindex=\"0\">\n\t\t\t\t\t<ul\n\t\t\t\t\tclass=\"sow-slider-images\"\n\t\t\t\t\tdata-settings=\"{&quot;pagination&quot;:true,&quot;speed&quot;:800,&quot;timeout&quot;:8000,&quot;paused&quot;:false,&quot;pause_on_hover&quot;:false,&quot;swipe&quot;:true,&quot;nav_always_show_desktop&quot;:&quot;&quot;,&quot;nav_always_show_mobile&quot;:&quot;&quot;,&quot;breakpoint&quot;:&quot;780px&quot;,&quot;unmute&quot;:false,&quot;anchor&quot;:null}\"\n\t\t\t\t\tstyle=\"min-height: 300px\"\t\t\t\t\tdata-anchor-id=\"\"\n\t\t\t\t>\t\t<li class=\"sow-slider-image  sow-slider-image-cover\" style=\"visibility: visible;;background-color: #333333\" >\n\t\t\t\t\t<div class=\"sow-slider-image-container\">\n\t\t\t<div class=\"sow-slider-image-wrapper\">\n\t\t\t\t<h1 style=\"text-align: center\">Schl\u00fcsselfertiges Photovoltaik-Schulungsprojekt<\/h1>\n<h3 style=\"text-align: center\"><\/h3>\n\t\t\t<\/div>\n\t\t<\/div>\n\t\t<div class=\"sow-slider-image-overlay sow-slider-image-cover\" style=\"opacity: 0.7;background-image: url(http:\/\/fondation-pvsyst.org\/wp-content\/uploads\/2017\/04\/Commune-de-Djiddah-Thiaroye-S\u00e9n\u00e9gal-2-e1491471627179.jpg)\"  ><\/div>\t\t<\/li>\n\t\t\t\t<li class=\"sow-slider-image  sow-slider-image-cover\" style=\"visibility: hidden;;background-color: #333333\" >\n\t\t\t\t\t<div class=\"sow-slider-image-container\">\n\t\t\t<div class=\"sow-slider-image-wrapper\">\n\t\t\t\t<h1 style=\"text-align: center\">Schl\u00fcsselfertiges Photovoltaik-Schulungsprojekt<\/h1>\t\t\t<\/div>\n\t\t<\/div>\n\t\t<div class=\"sow-slider-image-overlay sow-slider-image-cover\" style=\"opacity: 0.7\" data-background=\"url(http:\/\/fondation-pvsyst.org\/wp-content\/uploads\/2017\/04\/Commune-de-Djiddah-Thiaroye-S\u00e9n\u00e9gal-1-e1491471605121.jpg)\"  ><\/div>\t\t<\/li>\n\t\t\t\t<li class=\"sow-slider-image  sow-slider-image-cover\" style=\"visibility: hidden;;background-color: #333333\" >\n\t\t\t\t\t<div class=\"sow-slider-image-container\">\n\t\t\t<div class=\"sow-slider-image-wrapper\">\n\t\t\t\t<h1 style=\"text-align: center\">Schl\u00fcsselfertiges Photovoltaik-Schulungsprojekt<\/h1>\t\t\t<\/div>\n\t\t<\/div>\n\t\t<div class=\"sow-slider-image-overlay sow-slider-image-cover\" style=\"opacity: 0.7\" data-background=\"url(http:\/\/fondation-pvsyst.org\/wp-content\/uploads\/2017\/04\/Lac-rose-S\u00e9n\u00e9gal-e1491471671290.jpg)\"  ><\/div>\t\t<\/li>\n\t\t\t\t<li class=\"sow-slider-image  sow-slider-image-cover\" style=\"visibility: hidden;;background-color: #333333\" >\n\t\t\t\t\t<div class=\"sow-slider-image-container\">\n\t\t\t<div class=\"sow-slider-image-wrapper\">\n\t\t\t\t<h1 style=\"text-align: center\">Schl\u00fcsselfertiges Photovoltaik-Schulungsprojekt<\/h1>\t\t\t<\/div>\n\t\t<\/div>\n\t\t<div class=\"sow-slider-image-overlay sow-slider-image-cover\" style=\"opacity: 0.7\" data-background=\"url(http:\/\/fondation-pvsyst.org\/wp-content\/uploads\/2017\/04\/Commune-de-Bamba-S\u00e9n\u00e9gal-4-e1491471509373.jpg)\"  ><\/div>\t\t<\/li>\n\t\t<\/ul>\t\t\t\t<ol class=\"sow-slider-pagination\">\n\t\t\t\t\t\t\t\t\t\t\t<li><a href=\"#\" data-goto=\"0\" aria-label=\"Display slide 1\"><\/a><\/li>\n\t\t\t\t\t\t\t\t\t\t\t<li><a href=\"#\" data-goto=\"1\" aria-label=\"Display slide 2\"><\/a><\/li>\n\t\t\t\t\t\t\t\t\t\t\t<li><a href=\"#\" data-goto=\"2\" aria-label=\"Display slide 3\"><\/a><\/li>\n\t\t\t\t\t\t\t\t\t\t\t<li><a href=\"#\" data-goto=\"3\" aria-label=\"Display slide 4\"><\/a><\/li>\n\t\t\t\t\t\t\t\t\t<\/ol>\n\n\t\t\t\t<div class=\"sow-slide-nav sow-slide-nav-next\">\n\t\t\t\t\t<a href=\"#\" data-goto=\"next\" aria-label=\"Next slide\" data-action=\"next\">\n\t\t\t\t\t\t<em class=\"sow-sld-icon-thin-right\"><\/em>\n\t\t\t\t\t<\/a>\n\t\t\t\t<\/div>\n\n\t\t\t\t<div class=\"sow-slide-nav sow-slide-nav-prev\">\n\t\t\t\t\t<a href=\"#\" data-goto=\"previous\" aria-label=\"Previous slide\" data-action=\"prev\">\n\t\t\t\t\t\t<em class=\"sow-sld-icon-thin-left\"><\/em>\n\t\t\t\t\t<\/a>\n\t\t\t\t<\/div>\n\t\t\t\t<\/div><\/div><\/div><\/div><\/div><\/div><div id=\"pg-3969-1\"  class=\"panel-grid panel-has-style\" ><div class=\"panel-row-style panel-row-style-for-3969-1\" ><div id=\"pgc-3969-1-0\"  class=\"panel-grid-cell\" ><div id=\"panel-3969-1-0-0\" class=\"so-panel widget widget_siteorigin-panels-builder panel-first-child panel-last-child\" data-index=\"1\" ><div id=\"pl-w5cdd2b15e2a6b\"  class=\"panel-layout\" ><div id=\"pg-w5cdd2b15e2a6b-0\"  class=\"panel-grid panel-has-style\" ><div class=\"panel-row-style panel-row-style-for-w5cdd2b15e2a6b-0\" ><div id=\"pgc-w5cdd2b15e2a6b-0-0\"  class=\"panel-grid-cell\" ><div id=\"panel-w5cdd2b15e2a6b-0-0-0\" class=\"so-panel widget widget_sow-headline panel-first-child panel-last-child\" data-index=\"0\" ><div\n\t\t\t\n\t\t\tclass=\"so-widget-sow-headline so-widget-sow-headline-default-d02eafa9d7d1\"\n\t\t\t\n\t\t><div class=\"sow-headline-container \">\n\t\t\t\t\t\t\t<h2 class=\"sow-headline\">\n\t\t\t\t\t\tSchl\u00fcsselfertiges Photovoltaik-Schulungsprojekt\t\t\t\t\t\t<\/h2>\n\t\t\t\t\t\t<\/div>\n<\/div><\/div><\/div><\/div><\/div><div id=\"pg-w5cdd2b15e2a6b-1\"  class=\"panel-grid panel-no-style\" ><div id=\"pgc-w5cdd2b15e2a6b-1-0\"  class=\"panel-grid-cell\" ><div id=\"panel-w5cdd2b15e2a6b-1-0-0\" class=\"so-panel widget widget_sow-headline panel-first-child\" data-index=\"1\" ><div\n\t\t\t\n\t\t\tclass=\"so-widget-sow-headline so-widget-sow-headline-default-7b5e9cb4c45c\"\n\t\t\t\n\t\t><div class=\"sow-headline-container \">\n\t\t\t\t\t\t\t<h4 class=\"sow-headline\">\n\t\t\t\t\t\tPartner\t\t\t\t\t\t<\/h4>\n\t\t\t\t\t\t\t\t\t\t\t<div class=\"decoration\">\n\t\t\t\t\t\t<div class=\"decoration-inside\"><\/div>\n\t\t\t\t\t<\/div>\n\t\t\t\t\t<\/div>\n<\/div><\/div><div id=\"panel-w5cdd2b15e2a6b-1-0-1\" class=\"so-panel widget widget_sow-editor panel-last-child\" data-index=\"2\" ><div\n\t\t\t\n\t\t\tclass=\"so-widget-sow-editor so-widget-sow-editor-base\"\n\t\t\t\n\t\t>\n<div class=\"siteorigin-widget-tinymce textwidget\">\n\t<ul>\n<li>  AccEd, ein in der Schweiz ans\u00e4ssiger Verein, der auf Bildung und Ausbildung spezialisiert ist, leitet die Grundausbildung und koordiniert das Projekt mit der PVSYST-Stiftung.<\/li>\n<li>Une lumi\u00e8re dans la rue, mit Sitz in Thi\u00e8s, gew\u00e4hrleistet die t\u00e4gliche Verwaltung des Ausbildungszentrums, die p\u00e4dagogische Koordinierung der Ausbildung und die Verbindung zu Institutionen und Beh\u00f6rden sowie die Animation, die Erleichterung der Nachbetreuung nach der Ausbildung und die Vernetzung der Unternehmer.<\/li>\n<\/ul>\n<\/div>\n<\/div><\/div><\/div><\/div><div id=\"pg-w5cdd2b15e2a6b-2\"  class=\"panel-grid panel-no-style\" ><div id=\"pgc-w5cdd2b15e2a6b-2-0\"  class=\"panel-grid-cell\" ><div id=\"panel-w5cdd2b15e2a6b-2-0-0\" class=\"so-panel widget widget_sow-headline panel-first-child\" data-index=\"3\" ><div\n\t\t\t\n\t\t\tclass=\"so-widget-sow-headline so-widget-sow-headline-default-7b5e9cb4c45c\"\n\t\t\t\n\t\t><div class=\"sow-headline-container \">\n\t\t\t\t\t\t\t<h4 class=\"sow-headline\">\n\t\t\t\t\t\tHintergrund  Interventionsgebiet\t\t\t\t\t\t<\/h4>\n\t\t\t\t\t\t\t\t\t\t\t<div class=\"decoration\">\n\t\t\t\t\t\t<div class=\"decoration-inside\"><\/div>\n\t\t\t\t\t<\/div>\n\t\t\t\t\t<\/div>\n<\/div><\/div><div id=\"panel-w5cdd2b15e2a6b-2-0-1\" class=\"so-panel widget widget_sow-editor panel-last-child\" data-index=\"4\" ><div\n\t\t\t\n\t\t\tclass=\"so-widget-sow-editor so-widget-sow-editor-base\"\n\t\t\t\n\t\t>\n<div class=\"siteorigin-widget-tinymce textwidget\">\n\t<p style=\"text-align: justify;\">Senegal hat derzeit 14 Millionen Einwohner, von denen fast 50% in St\u00e4dten leben. Die Analphabetenrate liegt bei \u00fcber 40% und die Arbeitslosenrate schwankt je nach Quelle zwischen 15% und 35%. Die l\u00e4ndlichen Gebiete sind die ersten, die betroffen sind. Sie haben keinen angemessenen Zugang zu grundlegenden Dienstleistungen, 72% der l\u00e4ndlichen Bev\u00f6lkerung haben z.B. keinen Zugang zu Elektrizit\u00e4t. Das Zusammenspiel dieser beiden Ph\u00e4nomene f\u00fchrt zu einer Abwanderungs- und Migrationsdynamik.<\/p>\n<p>Die Ausbildung und Begleitung von Technikern und Unternehmern im Bereich der Photovoltaik f\u00fcr den l\u00e4ndlichen Raum ist daher eine Gelegenheit, wirtschaftliche Aktivit\u00e4ten zu entwickeln und gleichzeitig zur Verbesserung der Lebensbedingungen beizutragen.<\/p>\n<\/div>\n<\/div><\/div><\/div><div id=\"pgc-w5cdd2b15e2a6b-2-1\"  class=\"panel-grid-cell\" ><div id=\"panel-w5cdd2b15e2a6b-2-1-0\" class=\"so-panel widget widget_sow-google-map panel-first-child panel-last-child\" data-index=\"5\" ><div class=\"panel-widget-style panel-widget-style-for-w5cdd2b15e2a6b-2-1-0\" ><div\n\t\t\t\n\t\t\tclass=\"so-widget-sow-google-map so-widget-sow-google-map-default-4e6ee64bd1b3\"\n\t\t\t\n\t\t>\n<div class=\"sow-google-map-canvas\"\n\tstyle=\"\"\n\tid=\"map-canvas-a46bbf5547f0931485d038b1b679a1c8\"\n\tdata-options=\"{&quot;address&quot;:&quot;Thi\\u00e8s, S\\u00e9n\\u00e9gal&quot;,&quot;zoom&quot;:9,&quot;mobileZoom&quot;:9,&quot;gestureHandling&quot;:&quot;none&quot;,&quot;disableUi&quot;:false,&quot;markerIcon&quot;:false,&quot;markersDraggable&quot;:false,&quot;markerAtCenter&quot;:true,&quot;markerInfoDisplay&quot;:&quot;click&quot;,&quot;markerInfoMultiple&quot;:true,&quot;markerPositions&quot;:false,&quot;mapName&quot;:false,&quot;mapStyles&quot;:false,&quot;directions&quot;:&quot;&quot;,&quot;apiKey&quot;:&quot;AIzaSyDbP3woIODkbAGdrpihF2VRhLJRgczmSXM&quot;,&quot;breakpoint&quot;:780,&quot;id&quot;:&quot;69d118&quot;}\"\n\tdata-fallback-image=\"{&quot;img&quot;:&quot;&quot;}\"><\/div>\n<\/div><\/div><\/div><\/div><\/div><div id=\"pg-w5cdd2b15e2a6b-3\"  class=\"panel-grid panel-no-style\" ><div id=\"pgc-w5cdd2b15e2a6b-3-0\"  class=\"panel-grid-cell\" ><div id=\"panel-w5cdd2b15e2a6b-3-0-0\" class=\"so-panel widget widget_sow-headline panel-first-child\" data-index=\"6\" ><div\n\t\t\t\n\t\t\tclass=\"so-widget-sow-headline so-widget-sow-headline-default-7b5e9cb4c45c\"\n\t\t\t\n\t\t><div class=\"sow-headline-container \">\n\t\t\t\t\t\t\t<h4 class=\"sow-headline\">\n\t\t\t\t\t\tPhasen der Projektentwicklung\t\t\t\t\t\t<\/h4>\n\t\t\t\t\t\t\t\t\t\t\t<div class=\"decoration\">\n\t\t\t\t\t\t<div class=\"decoration-inside\"><\/div>\n\t\t\t\t\t<\/div>\n\t\t\t\t\t<\/div>\n<\/div><\/div><div id=\"panel-w5cdd2b15e2a6b-3-0-1\" class=\"so-panel widget widget_sow-editor panel-last-child\" data-index=\"7\" ><div\n\t\t\t\n\t\t\tclass=\"so-widget-sow-editor so-widget-sow-editor-base\"\n\t\t\t\n\t\t>\n<div class=\"siteorigin-widget-tinymce textwidget\">\n\t<ul>\n<li style=\"text-align: justify;\">Ko-Konstruktion und Moderation der Entwicklung von Aus- und Weiterbildungscurricula als Antwort auf die Bed\u00fcrfnisse von Energiefachleuten und unter F\u00f6rderung der institutionellen Verankerung durch bereits existierende Medien und Akteure.<\/li>\n<li style=\"text-align: justify;\">Ausbildung von Technikern und Unternehmern in l\u00e4ndlichen Gebieten durch die F\u00f6rderung eines Lehrplans, in dem sich Theorie und Praxis abwechseln, insbesondere durch die Vermehrung von Lehrbaustellen und Ausbildungszeiten in Unternehmen<\/li>\n<li style=\"text-align: justify;\">Unterst\u00fctzung der territorialen Verankerung nach der Ausbildung, Erleichterung des Zugangs zu M\u00e4rkten und Kunden und F\u00f6rderung der Vernetzung von Technikern und Unternehmern mit Fachleuten des Sektors.<\/li>\n<\/ul>\n<\/div>\n<\/div><\/div><\/div><\/div><div id=\"pg-w5cdd2b15e2a6b-4\"  class=\"panel-grid panel-no-style\" ><div id=\"pgc-w5cdd2b15e2a6b-4-0\"  class=\"panel-grid-cell\" ><div id=\"panel-w5cdd2b15e2a6b-4-0-0\" class=\"so-panel widget widget_sow-headline panel-first-child\" data-index=\"8\" ><div\n\t\t\t\n\t\t\tclass=\"so-widget-sow-headline so-widget-sow-headline-default-bcd4ec415a68\"\n\t\t\t\n\t\t><div class=\"sow-headline-container \">\n\t\t\t\t\t\t\t<h4 class=\"sow-headline\">\n\t\t\t\t\t\tGeplante Dauer\t\t\t\t\t\t<\/h4>\n\t\t\t\t\t\t\t\t\t\t\t<div class=\"decoration\">\n\t\t\t\t\t\t<div class=\"decoration-inside\"><\/div>\n\t\t\t\t\t<\/div>\n\t\t\t\t\t<\/div>\n<\/div><\/div><div id=\"panel-w5cdd2b15e2a6b-4-0-1\" class=\"so-panel widget widget_sow-editor panel-last-child\" data-index=\"9\" ><div\n\t\t\t\n\t\t\tclass=\"so-widget-sow-editor so-widget-sow-editor-base\"\n\t\t\t\n\t\t>\n<div class=\"siteorigin-widget-tinymce textwidget\">\n\t<p style=\"text-align: justify;\">Von Juni 2017 bis Juni 2020, d.h. 36 Monate mit drei (indikativen) Phasen:<\/p>\n<ul>\n<li>Anlaufphase - Juni 2017 bis Juni 2018<\/li>\n<li>Ausbildungsphase des ersten Jahrgangs - Juni 2018 bis Juni 2019<\/li>\n<li>Phase der Begleitung des ersten Jahrgangs und Ausbildung des zweiten Jahrgangs - Juni 2019 bis Juni 2020<\/li>\n<\/ul>\n<\/div>\n<\/div><\/div><\/div><\/div><div id=\"pg-w5cdd2b15e2a6b-5\"  class=\"panel-grid panel-no-style\" ><div id=\"pgc-w5cdd2b15e2a6b-5-0\"  class=\"panel-grid-cell\" ><div id=\"panel-w5cdd2b15e2a6b-5-0-0\" class=\"so-panel widget widget_sow-headline panel-first-child\" data-index=\"10\" ><div\n\t\t\t\n\t\t\tclass=\"so-widget-sow-headline so-widget-sow-headline-default-bcd4ec415a68\"\n\t\t\t\n\t\t><div class=\"sow-headline-container \">\n\t\t\t\t\t\t\t<h4 class=\"sow-headline\">\n\t\t\t\t\t\tWichtigste erwartete Ergebnisse\t\t\t\t\t\t<\/h4>\n\t\t\t\t\t\t\t\t\t\t\t<div class=\"decoration\">\n\t\t\t\t\t\t<div class=\"decoration-inside\"><\/div>\n\t\t\t\t\t<\/div>\n\t\t\t\t\t<\/div>\n<\/div><\/div><div id=\"panel-w5cdd2b15e2a6b-5-0-1\" class=\"so-panel widget widget_sow-editor panel-last-child\" data-index=\"11\" ><div\n\t\t\t\n\t\t\tclass=\"so-widget-sow-editor so-widget-sow-editor-base\"\n\t\t\t\n\t\t>\n<div class=\"siteorigin-widget-tinymce textwidget\">\n\t<ul>\n<li style=\"text-align: justify;\">  Ein Ausbildungs-, Anwendungs- und Gr\u00fcnderzentrum f\u00fcr erneuerbare Energien mit Sitz in Thi\u00e8s<\/li>\n<li style=\"text-align: justify;\">Zwei komplement\u00e4re Programme: Weiterbildung f\u00fcr (Neo-)Techniker oder l\u00e4ndliche Unternehmer und Erstausbildung f\u00fcr Schulabbrecher und Jugendliche in Schwierigkeiten.<\/li>\n<li style=\"text-align: justify;\">30 Studenten pro Jahr, die in Theorie und Praxis ausgebildet werden (&gt;50% der Ausbildungszeit) und bereit sind, ihre F\u00e4higkeiten zu entfalten und ihre Aktivit\u00e4ten in l\u00e4ndlichen Gebieten zu entwickeln.<\/li>\n<li style=\"text-align: justify;\">Ein Begleitprogramm nach der Ausbildung, das den Zugang zu Finanzmitteln, M\u00e4rkten und Netzwerken umfasst.<\/li>\n<li style=\"text-align: justify;\">Zusammenarbeit mit Energiefachleuten und Akteuren der technischen und beruflichen Bildung<\/li>\n<\/ul>\n<\/div>\n<\/div><\/div><\/div><div id=\"pgc-w5cdd2b15e2a6b-5-1\"  class=\"panel-grid-cell\" ><div id=\"panel-w5cdd2b15e2a6b-5-1-0\" class=\"so-panel widget widget_sow-image panel-first-child panel-last-child\" data-index=\"12\" ><div class=\"panel-widget-style panel-widget-style-for-w5cdd2b15e2a6b-5-1-0\" ><div\n\t\t\t\n\t\t\tclass=\"so-widget-sow-image so-widget-sow-image-default-a258e6bfa2d8\"\n\t\t\t\n\t\t>\n<div class=\"sow-image-container\">\n\t\t<img \n\tsrc=\"http:\/\/fondation-pvsyst.org\/wp-content\/uploads\/2017\/04\/SNG_M1_panneau_solaire.jpg\" width=\"600\" height=\"450\" srcset=\"http:\/\/fondation-pvsyst.org\/wp-content\/uploads\/2017\/04\/SNG_M1_panneau_solaire.jpg 600w, http:\/\/fondation-pvsyst.org\/wp-content\/uploads\/2017\/04\/SNG_M1_panneau_solaire-300x225.jpg 300w, http:\/\/fondation-pvsyst.org\/wp-content\/uploads\/2017\/04\/SNG_M1_panneau_solaire-310x233.jpg 310w\" sizes=\"(max-width: 600px) 100vw, 600px\" alt=\"In charge\" \t\tclass=\"so-widget-image\"\/>\n\t<\/div>\n\n<\/div><\/div><\/div><\/div><\/div><div id=\"pg-w5cdd2b15e2a6b-6\"  class=\"panel-grid panel-no-style\" ><div id=\"pgc-w5cdd2b15e2a6b-6-0\"  class=\"panel-grid-cell\" ><div id=\"panel-w5cdd2b15e2a6b-6-0-0\" class=\"so-panel widget widget_sow-headline panel-first-child\" data-index=\"13\" ><div\n\t\t\t\n\t\t\tclass=\"so-widget-sow-headline so-widget-sow-headline-default-bcd4ec415a68\"\n\t\t\t\n\t\t><div class=\"sow-headline-container \">\n\t\t\t\t\t\t\t<h4 class=\"sow-headline\">\n\t\t\t\t\t\tN\u00fctzliche Links\t\t\t\t\t\t<\/h4>\n\t\t\t\t\t\t\t\t\t\t\t<div class=\"decoration\">\n\t\t\t\t\t\t<div class=\"decoration-inside\"><\/div>\n\t\t\t\t\t<\/div>\n\t\t\t\t\t<\/div>\n<\/div><\/div><div id=\"panel-w5cdd2b15e2a6b-6-0-1\" class=\"so-panel widget widget_sow-editor panel-last-child\" data-index=\"14\" ><div\n\t\t\t\n\t\t\tclass=\"so-widget-sow-editor so-widget-sow-editor-base\"\n\t\t\t\n\t\t>\n<div class=\"siteorigin-widget-tinymce textwidget\">\n\t<p style=\"text-align: justify;\">Link zur Website des Ausbildungszentrums in Senegal - <a href=\"http:\/\/promess.ngo\">promess.ngo<\/a><\/p>\n<\/div>\n<\/div><\/div><\/div><\/div><div id=\"pg-w5cdd2b15e2a6b-7\"  class=\"panel-grid panel-no-style\" ><div id=\"pgc-w5cdd2b15e2a6b-7-0\"  class=\"panel-grid-cell\" ><div id=\"panel-w5cdd2b15e2a6b-7-0-0\" class=\"so-panel widget widget_sow-headline panel-first-child panel-last-child\" data-index=\"15\" ><div class=\"panel-widget-style panel-widget-style-for-w5cdd2b15e2a6b-7-0-0\" ><div\n\t\t\t\n\t\t\tclass=\"so-widget-sow-headline so-widget-sow-headline-default-3314fc722ea9\"\n\t\t\t\n\t\t><div class=\"sow-headline-container \">\n\t\t\t\t\t\t\t<p class=\"sow-headline\">\n\t\t\t\t\t\tErfahren Sie mehr:\t\t\t\t\t\t<\/p>\n\t\t\t\t\t\t<\/div>\n<\/div><\/div><\/div><\/div><div id=\"pgc-w5cdd2b15e2a6b-7-1\"  class=\"panel-grid-cell\" ><div id=\"panel-w5cdd2b15e2a6b-7-1-0\" class=\"so-panel widget widget_sow-button panel-first-child panel-last-child\" data-index=\"16\" ><div\n\t\t\t\n\t\t\tclass=\"so-widget-sow-button so-widget-sow-button-atom-3da4cfc2978f\"\n\t\t\t\n\t\t><div class=\"ow-button-base ow-button-align-center\"\n>\n\t\t\t<a\n\t\t\t\t\thref=\"http:\/\/fondation-pvsyst.org\/wp-content\/uploads\/2017\/12\/PROMESS_fiche_projet.pdf\"\n\t\t\t\t\tclass=\"sowb-button ow-icon-placement-left ow-button-hover\" \t>\n\t\t<span>\n\t\t\t\n\t\t\tPROMESS Projektblatt (pdf)\t\t<\/span>\n\t\t\t<\/a>\n\t<\/div>\n<\/div><\/div><\/div><\/div><\/div><\/div><\/div><\/div><\/div><\/div>","protected":false},"excerpt":{"rendered":"<p>Schl\u00fcsselfertiges Photovoltaik-Schulungsprojekt Schl\u00fcsselfertiges Photovoltaik-Schulungsprojekt Schl\u00fcsselfertiges Photovoltaik-Schulungsprojekt Schl\u00fcsselfertiges Photovoltaik-Schulungsprojekt Schl\u00fcsselfertiges Photovoltaik-Schulungsprojekt Partner AccEd, ein in der Schweiz ans\u00e4ssiger Verein, der auf Bildung und Ausbildung spezialisiert ist, leitet die Grundausbildung und koordiniert das Projekt mit der PVSYST-Stiftung. Une lumi\u00e8re dans la rue, mit Sitz in Thi\u00e8s, gew\u00e4hrleistet die t\u00e4gliche Verwaltung des Ausbildungszentrums, die p\u00e4dagogische Koordinierung der Ausbildung<\/p>\n","protected":false},"author":1,"featured_media":0,"parent":4050,"menu_order":10,"comment_status":"closed","ping_status":"closed","template":"","meta":{"footnotes":""},"class_list":["post-3969","page","type-page","status-publish","hentry"],"_links":{"self":[{"href":"http:\/\/fondation-pvsyst.org\/de\/wp-json\/wp\/v2\/pages\/3969","targetHints":{"allow":["GET"]}}],"collection":[{"href":"http:\/\/fondation-pvsyst.org\/de\/wp-json\/wp\/v2\/pages"}],"about":[{"href":"http:\/\/fondation-pvsyst.org\/de\/wp-json\/wp\/v2\/types\/page"}],"author":[{"embeddable":true,"href":"http:\/\/fondation-pvsyst.org\/de\/wp-json\/wp\/v2\/users\/1"}],"replies":[{"embeddable":true,"href":"http:\/\/fondation-pvsyst.org\/de\/wp-json\/wp\/v2\/comments?post=3969"}],"version-history":[{"count":1,"href":"http:\/\/fondation-pvsyst.org\/de\/wp-json\/wp\/v2\/pages\/3969\/revisions"}],"predecessor-version":[{"id":3971,"href":"http:\/\/fondation-pvsyst.org\/de\/wp-json\/wp\/v2\/pages\/3969\/revisions\/3971"}],"up":[{"embeddable":true,"href":"http:\/\/fondation-pvsyst.org\/de\/wp-json\/wp\/v2\/pages\/4050"}],"wp:attachment":[{"href":"http:\/\/fondation-pvsyst.org\/de\/wp-json\/wp\/v2\/media?parent=3969"}],"curies":[{"name":"wp","href":"https:\/\/api.w.org\/{rel}","templated":true}]}}