{"id":3926,"date":"2023-01-19T09:16:47","date_gmt":"2023-01-19T08:16:47","guid":{"rendered":"https:\/\/fondation-pvsyst.org\/preprod\/unser-team\/"},"modified":"2024-06-26T16:12:24","modified_gmt":"2024-06-26T14:12:24","slug":"unser-team","status":"publish","type":"page","link":"http:\/\/fondation-pvsyst.org\/de\/unser-team\/","title":{"rendered":"Unser Team"},"content":{"rendered":"<div id=\"pl-3926\"  class=\"panel-layout\" ><div id=\"pg-3926-0\"  class=\"panel-grid panel-has-style\" ><div class=\"siteorigin-panels-stretch panel-row-style panel-row-style-for-3926-0\" data-stretch-type=\"full-stretched\" ><div id=\"pgc-3926-0-0\"  class=\"panel-grid-cell\" ><div id=\"panel-3926-0-0-0\" class=\"so-panel widget widget_sow-hero panel-first-child panel-last-child\" data-index=\"0\" ><div\n\t\t\t\n\t\t\tclass=\"so-widget-sow-hero so-widget-sow-hero-default-78bb4c5721cc-3926 so-widget-fittext-wrapper\"\n\t\t\t data-fit-text-compressor=\"0.85\"\n\t\t>\t\t\t\t<div class=\"sow-slider-base\" style=\"display: none\" tabindex=\"0\">\n\t\t\t\t\t<ul\n\t\t\t\t\tclass=\"sow-slider-images\"\n\t\t\t\t\tdata-settings=\"{&quot;pagination&quot;:true,&quot;speed&quot;:800,&quot;timeout&quot;:8000,&quot;paused&quot;:false,&quot;pause_on_hover&quot;:false,&quot;swipe&quot;:true,&quot;nav_always_show_desktop&quot;:&quot;&quot;,&quot;nav_always_show_mobile&quot;:&quot;&quot;,&quot;breakpoint&quot;:&quot;780px&quot;,&quot;unmute&quot;:false,&quot;anchor&quot;:null}\"\n\t\t\t\t\tstyle=\"min-height: 300px\"\t\t\t\t\tdata-anchor-id=\"\"\n\t\t\t\t>\t\t<li class=\"sow-slider-image  sow-slider-image-cover\" style=\"visibility: visible;;background-color: #333333;background-image: url(http:\/\/fondation-pvsyst.org\/wp-content\/uploads\/2017\/04\/Commune-de-Bamba-S\u00e9n\u00e9gal-2-e1491471470709.jpg)\" >\n\t\t\t\t\t<div class=\"sow-slider-image-container\">\n\t\t\t<div class=\"sow-slider-image-wrapper\">\n\t\t\t\t<h1 style=\"text-align: center\">Unser Team<\/h1>\n\t\t\t<\/div>\n\t\t<\/div>\n\t\t\t\t<\/li>\n\t\t\t\t<li class=\"sow-slider-image  sow-slider-image-cover\" style=\"visibility: hidden;;background-color: #333333\" data-background=\"url(http:\/\/fondation-pvsyst.org\/wp-content\/uploads\/2017\/02\/copie-0_classe_ecole_kemena_site.jpg)\" >\n\t\t\t\t\t<div class=\"sow-slider-image-container\">\n\t\t\t<div class=\"sow-slider-image-wrapper\">\n\t\t\t\t<h1 style=\"text-align: center\">Unser Team<\/h1>\n\t\t\t<\/div>\n\t\t<\/div>\n\t\t\t\t<\/li>\n\t\t\t\t<li class=\"sow-slider-image  sow-slider-image-cover\" style=\"visibility: hidden;;background-color: #333333\" data-background=\"url(http:\/\/fondation-pvsyst.org\/wp-content\/uploads\/2017\/04\/Lac-rose-S\u00e9n\u00e9gal-e1491471671290.jpg)\" >\n\t\t\t\t\t<div class=\"sow-slider-image-container\">\n\t\t\t<div class=\"sow-slider-image-wrapper\">\n\t\t\t\t<h1 style=\"text-align: center\">Unser Team<\/h1>\n\t\t\t<\/div>\n\t\t<\/div>\n\t\t\t\t<\/li>\n\t\t\t\t<li class=\"sow-slider-image  sow-slider-image-cover\" style=\"visibility: hidden;;background-color: #333333\" data-background=\"url(http:\/\/fondation-pvsyst.org\/wp-content\/uploads\/2017\/04\/Commune-de-Djiddah-Thiaroye-S\u00e9n\u00e9gal-2-e1491471627179.jpg)\" >\n\t\t\t\t\t<div class=\"sow-slider-image-container\">\n\t\t\t<div class=\"sow-slider-image-wrapper\">\n\t\t\t\t<h1 style=\"text-align: center\">Unser Team<\/h1>\n\t\t\t<\/div>\n\t\t<\/div>\n\t\t\t\t<\/li>\n\t\t\t\t<li class=\"sow-slider-image  sow-slider-image-cover\" style=\"visibility: hidden;;background-color: #333333\" data-background=\"url(http:\/\/fondation-pvsyst.org\/wp-content\/uploads\/2017\/04\/Commune-de-Bamba-S\u00e9n\u00e9gal-4-e1491471509373.jpg)\" >\n\t\t\t\t\t<div class=\"sow-slider-image-container\">\n\t\t\t<div class=\"sow-slider-image-wrapper\">\n\t\t\t\t<h1 style=\"text-align: center\">Unser Team<\/h1>\n\t\t\t<\/div>\n\t\t<\/div>\n\t\t\t\t<\/li>\n\t\t<\/ul>\t\t\t\t<ol class=\"sow-slider-pagination\">\n\t\t\t\t\t\t\t\t\t\t\t<li><a href=\"#\" data-goto=\"0\" aria-label=\"Display slide 1\"><\/a><\/li>\n\t\t\t\t\t\t\t\t\t\t\t<li><a href=\"#\" data-goto=\"1\" aria-label=\"Display slide 2\"><\/a><\/li>\n\t\t\t\t\t\t\t\t\t\t\t<li><a href=\"#\" data-goto=\"2\" aria-label=\"Display slide 3\"><\/a><\/li>\n\t\t\t\t\t\t\t\t\t\t\t<li><a href=\"#\" data-goto=\"3\" aria-label=\"Display slide 4\"><\/a><\/li>\n\t\t\t\t\t\t\t\t\t\t\t<li><a href=\"#\" data-goto=\"4\" aria-label=\"Display slide 5\"><\/a><\/li>\n\t\t\t\t\t\t\t\t\t<\/ol>\n\n\t\t\t\t<div class=\"sow-slide-nav sow-slide-nav-next\">\n\t\t\t\t\t<a href=\"#\" data-goto=\"next\" aria-label=\"Next slide\" data-action=\"next\">\n\t\t\t\t\t\t<em class=\"sow-sld-icon-thin-right\"><\/em>\n\t\t\t\t\t<\/a>\n\t\t\t\t<\/div>\n\n\t\t\t\t<div class=\"sow-slide-nav sow-slide-nav-prev\">\n\t\t\t\t\t<a href=\"#\" data-goto=\"previous\" aria-label=\"Previous slide\" data-action=\"prev\">\n\t\t\t\t\t\t<em class=\"sow-sld-icon-thin-left\"><\/em>\n\t\t\t\t\t<\/a>\n\t\t\t\t<\/div>\n\t\t\t\t<\/div><\/div><\/div><\/div><\/div><\/div><div id=\"pg-3926-1\"  class=\"panel-grid panel-has-style\" ><div class=\"panel-row-style panel-row-style-for-3926-1\" ><div id=\"pgc-3926-1-0\"  class=\"panel-grid-cell\" ><div id=\"panel-3926-1-0-0\" class=\"so-panel widget widget_sow-headline panel-first-child\" data-index=\"1\" ><div class=\"panel-widget-style panel-widget-style-for-3926-1-0-0\" ><div\n\t\t\t\n\t\t\tclass=\"so-widget-sow-headline so-widget-sow-headline-default-c9461c78505e-3926\"\n\t\t\t\n\t\t><div class=\"sow-headline-container \">\n\t\t\t\t\t\t\t<h4 class=\"sow-headline\">\n\t\t\t\t\t\t<b>Der Stiftungsrat<\/b>\t\t\t\t\t\t<\/h4>\n\t\t\t\t\t\t\t\t\t\t\t<div class=\"decoration\">\n\t\t\t\t\t\t<div class=\"decoration-inside\"><\/div>\n\t\t\t\t\t<\/div>\n\t\t\t\t\t<\/div>\n<\/div><\/div><\/div><div id=\"panel-3926-1-0-1\" class=\"so-panel widget widget_sow-editor panel-last-child\" data-index=\"2\" ><div class=\"panel-widget-style panel-widget-style-for-3926-1-0-1\" ><div\n\t\t\t\n\t\t\tclass=\"so-widget-sow-editor so-widget-sow-editor-base\"\n\t\t\t\n\t\t>\n<div class=\"siteorigin-widget-tinymce textwidget\">\n\t<p style=\"text-align: justify;\">Der Stiftungsrat ist f\u00fcr die gesamte Verwaltung der Stiftung verantwortlich. Er ist f\u00fcr die allgemeine Strategie und die \u00dcberwachung der t\u00e4glichen \u00dcberwachung verantwortlich. Er ist insbesondere an der Identifizierung, Auswahl und Bewertung der Ma\u00dfnahmen der PVSYST-Stiftung beteiligt.<\/p>\n<\/div>\n<\/div><\/div><\/div><\/div><\/div><\/div><div id=\"pg-3926-2\"  class=\"panel-grid panel-has-style\" ><div class=\"panel-row-style panel-row-style-for-3926-2\" ><div id=\"pgc-3926-2-0\"  class=\"panel-grid-cell panel-grid-cell-empty\" ><\/div><div id=\"pgc-3926-2-1\"  class=\"panel-grid-cell panel-grid-cell-mobile-last\" ><div id=\"panel-3926-2-1-0\" class=\"so-panel widget widget_sow-headline panel-first-child\" data-index=\"3\" ><div class=\"panel-widget-style panel-widget-style-for-3926-2-1-0\" ><div\n\t\t\t\n\t\t\tclass=\"so-widget-sow-headline so-widget-sow-headline-default-8a93cdf144e7-3926\"\n\t\t\t\n\t\t><div class=\"sow-headline-container \">\n\t\t\t\t\t\t\t<h4 class=\"sow-headline\">\n\t\t\t\t\t\tFloriane Mermoud\t\t\t\t\t\t<\/h4>\n\t\t\t\t\t\t<\/div>\n<\/div><\/div><\/div><div id=\"panel-3926-2-1-1\" class=\"so-panel widget widget_sow-editor panel-last-child\" data-index=\"4\" ><div\n\t\t\t\n\t\t\tclass=\"so-widget-sow-editor so-widget-sow-editor-base\"\n\t\t\t\n\t\t>\n<div class=\"siteorigin-widget-tinymce textwidget\">\n\t<p style=\"text-align: justify;\"><strong>Vorsitzende - <\/strong>Spezialistin f\u00fcr Energie in Geb\u00e4uden, hat den Gro\u00dfteil ihrer Karriere in Lehre und Forschung verbracht und in letzter Zeit die Industrie bei der Energiekontrolle unterst\u00fctzt. Sie m\u00f6chte ihre F\u00e4higkeiten nutzen, um beispielhafte Projekte in Entwicklungsl\u00e4ndern zu realisieren.<\/p>\n<\/div>\n<\/div><\/div><\/div><div id=\"pgc-3926-2-2\"  class=\"panel-grid-cell panel-grid-cell-empty\" ><\/div><\/div><\/div><div id=\"pg-3926-3\"  class=\"panel-grid panel-has-style\" ><div class=\"panel-row-style panel-row-style-for-3926-3\" ><div id=\"pgc-3926-3-0\"  class=\"panel-grid-cell\" ><div id=\"panel-3926-3-0-0\" class=\"so-panel widget widget_sow-headline panel-first-child\" data-index=\"5\" ><div class=\"panel-widget-style panel-widget-style-for-3926-3-0-0\" ><div\n\t\t\t\n\t\t\tclass=\"so-widget-sow-headline so-widget-sow-headline-default-1f2c4dd36853-3926\"\n\t\t\t\n\t\t><div class=\"sow-headline-container \">\n\t\t\t\t\t\t\t<h4 class=\"sow-headline\">\n\t\t\t\t\t\tAndr\u00e9 Mermoud\t\t\t\t\t\t<\/h4>\n\t\t\t\t\t\t<\/div>\n<\/div><\/div><\/div><div id=\"panel-3926-3-0-1\" class=\"so-panel widget widget_sow-editor panel-last-child\" data-index=\"6\" ><div\n\t\t\t\n\t\t\tclass=\"so-widget-sow-editor so-widget-sow-editor-base\"\n\t\t\t\n\t\t>\n<div class=\"siteorigin-widget-tinymce textwidget\">\n\t<p><strong>Gr\u00fcnder, Mitglied - <\/strong>Andr\u00e9 Mermoud ist Doktor der Teilchenphysik und studierte an der Universit\u00e4t Genf Energiesysteme (Solarenergie, thermische Geb\u00e4udetechnik, Photovoltaik). Dort entwickelte er die PVsyst-Software f\u00fcr die Untersuchung und Simulation von Photovoltaiksystemen und leitet nun das Unternehmen PVsyst SA f\u00fcr die Entwicklung und den Vertrieb der Software. Er ist auch der Initiator der PVSYST Foundation.<\/p>\n<\/div>\n<\/div><\/div><\/div><div id=\"pgc-3926-3-1\"  class=\"panel-grid-cell\" ><div id=\"panel-3926-3-1-0\" class=\"so-panel widget widget_sow-headline panel-first-child\" data-index=\"7\" ><div class=\"panel-widget-style panel-widget-style-for-3926-3-1-0\" ><div\n\t\t\t\n\t\t\tclass=\"so-widget-sow-headline so-widget-sow-headline-default-8a93cdf144e7-3926\"\n\t\t\t\n\t\t><div class=\"sow-headline-container \">\n\t\t\t\t\t\t\t<h4 class=\"sow-headline\">\n\t\t\t\t\t\tS\u00e9verine Mermoud\t\t\t\t\t\t<\/h4>\n\t\t\t\t\t\t<\/div>\n<\/div><\/div><\/div><div id=\"panel-3926-3-1-1\" class=\"so-panel widget widget_sow-editor panel-last-child\" data-index=\"8\" ><div\n\t\t\t\n\t\t\tclass=\"so-widget-sow-editor so-widget-sow-editor-base\"\n\t\t\t\n\t\t>\n<div class=\"siteorigin-widget-tinymce textwidget\">\n\t<p><strong>Mitglied - <\/strong>Spezialisiert auf Kommunikation. Sie ist f\u00fcr den Kundenservice, die Kommunikation und einen Teil der Verwaltung zust\u00e4ndig und beteiligt sich an Entscheidungen \u00fcber die Ausrichtung der Aktivit\u00e4ten von PVsyst. Sie ist f\u00fcr die Verwaltung und Buchhaltung der Stiftung verantwortlich und nimmt auch an der Entscheidungsfindung f\u00fcr das Projektmanagement teil.<span style=\"color: #7f7f7f;\"><br \/>\n<\/span><\/p>\n<\/div>\n<\/div><\/div><\/div><\/div><\/div><div id=\"pg-3926-4\"  class=\"panel-grid panel-has-style\" ><div class=\"panel-row-style panel-row-style-for-3926-4\" ><div id=\"pgc-3926-4-0\"  class=\"panel-grid-cell\" ><div id=\"panel-3926-4-0-0\" class=\"so-panel widget widget_sow-headline panel-first-child\" data-index=\"9\" ><div class=\"panel-widget-style panel-widget-style-for-3926-4-0-0\" ><div\n\t\t\t\n\t\t\tclass=\"so-widget-sow-headline so-widget-sow-headline-default-1f2c4dd36853-3926\"\n\t\t\t\n\t\t><div class=\"sow-headline-container \">\n\t\t\t\t\t\t\t<h4 class=\"sow-headline\">\n\t\t\t\t\t\tMichel Villoz\t\t\t\t\t\t<\/h4>\n\t\t\t\t\t\t<\/div>\n<\/div><\/div><\/div><div id=\"panel-3926-4-0-1\" class=\"so-panel widget widget_sow-editor panel-last-child\" data-index=\"10\" ><div\n\t\t\t\n\t\t\tclass=\"so-widget-sow-editor so-widget-sow-editor-base\"\n\t\t\t\n\t\t>\n<div class=\"siteorigin-widget-tinymce textwidget\">\n\t<p><strong>Mitglied <em>- Der Elektroingenieur <\/em><\/strong>der EPFL ist seit 1980 in der Solarindustrie t\u00e4tig und bietet Beratung, Expertise in Photovoltaiktechnik und Unterricht in der Optimierung von netzgekoppelten PV-Systemen und Berechnungen von autonomen PV-Systemen.<\/p>\n<\/div>\n<\/div><\/div><\/div><div id=\"pgc-3926-4-1\"  class=\"panel-grid-cell\" ><div id=\"panel-3926-4-1-0\" class=\"so-panel widget widget_sow-headline panel-first-child\" data-index=\"11\" ><div class=\"panel-widget-style panel-widget-style-for-3926-4-1-0\" ><div\n\t\t\t\n\t\t\tclass=\"so-widget-sow-headline so-widget-sow-headline-default-1f2c4dd36853-3926\"\n\t\t\t\n\t\t><div class=\"sow-headline-container \">\n\t\t\t\t\t\t\t<h4 class=\"sow-headline\">\n\t\t\t\t\t\tJose Daniel Cabrera Santelices\t\t\t\t\t\t<\/h4>\n\t\t\t\t\t\t<\/div>\n<\/div><\/div><\/div><div id=\"panel-3926-4-1-1\" class=\"so-panel widget widget_sow-editor panel-last-child\" data-index=\"12\" ><div\n\t\t\t\n\t\t\tclass=\"so-widget-sow-editor so-widget-sow-editor-base\"\n\t\t\t\n\t\t>\n<div class=\"siteorigin-widget-tinymce textwidget\">\n\t<p style=\"text-align: justify;\"><strong>Mitglied - <\/strong>Er ist ausgebildeter Physiker und hat sich auf die Bereiche Energieeffizienz und erneuerbare Energien spezialisiert. Er hat an diesen Themen in Lateinamerika, den Vereinigten Staaten und der Schweiz gearbeitet. Er m\u00f6chte mit seinem Fachwissen \u00fcber die nachhaltige Entwicklung sauberer Technologien in den Schwellenl\u00e4ndern zu den Projekten der Stiftung beitragen.<\/p>\n<\/div>\n<\/div><\/div><\/div><\/div><\/div><div id=\"pg-3926-5\"  class=\"panel-grid panel-has-style\" ><div class=\"panel-row-style panel-row-style-for-3926-5\" ><div id=\"pgc-3926-5-0\"  class=\"panel-grid-cell\" ><div id=\"panel-3926-5-0-0\" class=\"so-panel widget widget_sow-headline panel-first-child\" data-index=\"13\" ><div class=\"panel-widget-style panel-widget-style-for-3926-5-0-0\" ><div\n\t\t\t\n\t\t\tclass=\"so-widget-sow-headline so-widget-sow-headline-default-8a93cdf144e7-3926\"\n\t\t\t\n\t\t><div class=\"sow-headline-container \">\n\t\t\t\t\t\t\t<h4 class=\"sow-headline\">\n\t\t\t\t\t\tHanns P. Polak\t\t\t\t\t\t<\/h4>\n\t\t\t\t\t\t<\/div>\n<\/div><\/div><\/div><div id=\"panel-3926-5-0-1\" class=\"so-panel widget widget_sow-editor panel-last-child\" data-index=\"14\" ><div\n\t\t\t\n\t\t\tclass=\"so-widget-sow-editor so-widget-sow-editor-base\"\n\t\t\t\n\t\t>\n<div class=\"siteorigin-widget-tinymce textwidget\">\n\t<p style=\"text-align: justify;\"><strong>Mitglied <em>- Soziologe <\/em><\/strong>, der sich auf die Anwendung erneuerbarer Energien und deren Nutzung f\u00fcr eine nachhaltige und umweltfreundliche menschliche Entwicklung spezialisiert hat. Er arbeitet als unabh\u00e4ngiger Berater im Bereich der nachhaltigen Entwicklung sowie der humanit\u00e4ren Hilfe und des schnellen Wiederaufbaus.<\/p>\n<\/div>\n<\/div><\/div><\/div><div id=\"pgc-3926-5-1\"  class=\"panel-grid-cell\" ><div id=\"panel-3926-5-1-0\" class=\"so-panel widget widget_sow-headline panel-first-child\" data-index=\"15\" ><div class=\"panel-widget-style panel-widget-style-for-3926-5-1-0\" ><div\n\t\t\t\n\t\t\tclass=\"so-widget-sow-headline so-widget-sow-headline-default-1f2c4dd36853-3926\"\n\t\t\t\n\t\t><div class=\"sow-headline-container \">\n\t\t\t\t\t\t\t<h4 class=\"sow-headline\">\n\t\t\t\t\t\tOlivier Munos\t\t\t\t\t\t<\/h4>\n\t\t\t\t\t\t<\/div>\n<\/div><\/div><\/div><div id=\"panel-3926-5-1-1\" class=\"so-panel widget widget_sow-editor panel-last-child\" data-index=\"16\" ><div\n\t\t\t\n\t\t\tclass=\"so-widget-sow-editor so-widget-sow-editor-base\"\n\t\t\t\n\t\t>\n<div class=\"siteorigin-widget-tinymce textwidget\">\n\t<p style=\"text-align: justify;\"><strong>Mitglied <em>- Der Ingenieur <\/em><\/strong>und Agrar\u00f6konom verf\u00fcgt \u00fcber 15 Jahre Erfahrung in Afrika, Zentralasien und S\u00fcdostasien in den Bereichen Beratung, Projektmanagement und L\u00e4nder-\/Mehrl\u00e4ndermanagement. Er war fr\u00fcher Projektmanager der Stiftung und ist heute Eigent\u00fcmer und Landwirt in der Region Lyon.<\/p>\n<\/div>\n<\/div><\/div><\/div><\/div><\/div><div id=\"pg-3926-6\"  class=\"panel-grid panel-has-style\" ><div class=\"panel-row-style panel-row-style-for-3926-6\" ><div id=\"pgc-3926-6-0\"  class=\"panel-grid-cell\" ><div id=\"panel-3926-6-0-0\" class=\"so-panel widget widget_sow-headline panel-first-child panel-last-child\" data-index=\"17\" ><div class=\"panel-widget-style panel-widget-style-for-3926-6-0-0\" ><div\n\t\t\t\n\t\t\tclass=\"so-widget-sow-headline so-widget-sow-headline-default-a6f33b590a9f-3926\"\n\t\t\t\n\t\t><div class=\"sow-headline-container \">\n\t\t\t\t\t\t\t<h4 class=\"sow-headline\">\n\t\t\t\t\t\t<b>Verwaltung der Aktivit\u00e4ten<\/b>\t\t\t\t\t\t<\/h4>\n\t\t\t\t\t\t\t\t\t\t\t<div class=\"decoration\">\n\t\t\t\t\t\t<div class=\"decoration-inside\"><\/div>\n\t\t\t\t\t<\/div>\n\t\t\t\t\t<\/div>\n<\/div><\/div><\/div><\/div><\/div><\/div><div id=\"pg-3926-7\"  class=\"panel-grid panel-has-style\" ><div class=\"panel-row-style panel-row-style-for-3926-7\" ><div id=\"pgc-3926-7-0\"  class=\"panel-grid-cell panel-grid-cell-empty\" ><\/div><div id=\"pgc-3926-7-1\"  class=\"panel-grid-cell panel-grid-cell-mobile-last\" ><div id=\"panel-3926-7-1-0\" class=\"so-panel widget widget_sow-headline panel-first-child\" data-index=\"18\" ><div class=\"panel-widget-style panel-widget-style-for-3926-7-1-0\" ><div\n\t\t\t\n\t\t\tclass=\"so-widget-sow-headline so-widget-sow-headline-default-1f2c4dd36853-3926\"\n\t\t\t\n\t\t><div class=\"sow-headline-container \">\n\t\t\t\t\t\t\t<h4 class=\"sow-headline\">\n\t\t\t\t\t\tMehdi Iken\t\t\t\t\t\t<\/h4>\n\t\t\t\t\t\t<\/div>\n<\/div><\/div><\/div><div id=\"panel-3926-7-1-1\" class=\"so-panel widget widget_sow-editor panel-last-child\" data-index=\"19\" ><div class=\"panel-widget-style panel-widget-style-for-3926-7-1-1\" ><div\n\t\t\t\n\t\t\tclass=\"so-widget-sow-editor so-widget-sow-editor-base\"\n\t\t\t\n\t\t>\n<div class=\"siteorigin-widget-tinymce textwidget\">\n\t<p><strong>Projektmanager<\/strong> - Nach seiner Ausbildung in Politikwissenschaft und Sozial- und Solidarwirtschaft f\u00fchrte ihn seine 15-j\u00e4hrige praktische Erfahrung nach Zentralasien, Lateinamerika, Afrika und Frankreich. Dort war er als Lehrer f\u00fcr franz\u00f6sische Sprache, im Management von humanit\u00e4ren und Entwicklungsprojekten und in der regionalen\/nationalen F\u00fchrung t\u00e4tig. Er war auch als Berater f\u00fcr NGOs und \u00f6ffentliche Einrichtungen t\u00e4tig.<\/p>\n<\/div>\n<\/div><\/div><\/div><\/div><div id=\"pgc-3926-7-2\"  class=\"panel-grid-cell panel-grid-cell-empty\" ><\/div><\/div><\/div><div id=\"pg-3926-8\"  class=\"panel-grid panel-no-style\" ><div id=\"pgc-3926-8-0\"  class=\"panel-grid-cell panel-grid-cell-empty\" ><\/div><div id=\"pgc-3926-8-1\"  class=\"panel-grid-cell panel-grid-cell-mobile-last\" ><div id=\"panel-3926-8-1-0\" class=\"so-panel widget widget_sow-image panel-first-child\" data-index=\"20\" ><div\n\t\t\t\n\t\t\tclass=\"so-widget-sow-image so-widget-sow-image-default-c67d20f9f743-3926\"\n\t\t\t\n\t\t>\n<div class=\"sow-image-container\">\n\t\t<img \n\tsrc=\"http:\/\/fondation-pvsyst.org\/wp-content\/uploads\/2022\/09\/bullet_point_logo_grand.png\" width=\"354\" height=\"146\" srcset=\"http:\/\/fondation-pvsyst.org\/wp-content\/uploads\/2022\/09\/bullet_point_logo_grand.png 354w, http:\/\/fondation-pvsyst.org\/wp-content\/uploads\/2022\/09\/bullet_point_logo_grand-300x124.png 300w, http:\/\/fondation-pvsyst.org\/wp-content\/uploads\/2022\/09\/bullet_point_logo_grand-310x128.png 310w\" sizes=\"(max-width: 354px) 100vw, 354px\" title=\"Mitglied_des_StiftungsteamsPVSYST\" alt=\"\" \t\tclass=\"so-widget-image\"\/>\n\t<\/div>\n\n<\/div><\/div><div id=\"panel-3926-8-1-1\" class=\"so-panel widget widget_sow-editor panel-last-child\" data-index=\"21\" ><div\n\t\t\t\n\t\t\tclass=\"so-widget-sow-editor so-widget-sow-editor-base\"\n\t\t\t\n\t\t>\n<div class=\"siteorigin-widget-tinymce textwidget\">\n\t<\/div>\n<\/div><\/div><\/div><div id=\"pgc-3926-8-2\"  class=\"panel-grid-cell panel-grid-cell-empty\" ><\/div><\/div><\/div>","protected":false},"excerpt":{"rendered":"<p>Der Stiftungsrat ist f\u00fcr die gesamte Verwaltung der Stiftung verantwortlich. Er ist f\u00fcr die allgemeine Strategie und die \u00dcberwachung der t\u00e4glichen \u00dcberwachung verantwortlich. Er ist insbesondere an der Identifizierung, Auswahl und Bewertung der Ma\u00dfnahmen der PVSYST-Stiftung beteiligt.<\/p>\n","protected":false},"author":1,"featured_media":0,"parent":0,"menu_order":3,"comment_status":"closed","ping_status":"closed","template":"","meta":{"footnotes":""},"class_list":["post-3926","page","type-page","status-publish","hentry"],"_links":{"self":[{"href":"http:\/\/fondation-pvsyst.org\/de\/wp-json\/wp\/v2\/pages\/3926","targetHints":{"allow":["GET"]}}],"collection":[{"href":"http:\/\/fondation-pvsyst.org\/de\/wp-json\/wp\/v2\/pages"}],"about":[{"href":"http:\/\/fondation-pvsyst.org\/de\/wp-json\/wp\/v2\/types\/page"}],"author":[{"embeddable":true,"href":"http:\/\/fondation-pvsyst.org\/de\/wp-json\/wp\/v2\/users\/1"}],"replies":[{"embeddable":true,"href":"http:\/\/fondation-pvsyst.org\/de\/wp-json\/wp\/v2\/comments?post=3926"}],"version-history":[{"count":1,"href":"http:\/\/fondation-pvsyst.org\/de\/wp-json\/wp\/v2\/pages\/3926\/revisions"}],"predecessor-version":[{"id":3927,"href":"http:\/\/fondation-pvsyst.org\/de\/wp-json\/wp\/v2\/pages\/3926\/revisions\/3927"}],"wp:attachment":[{"href":"http:\/\/fondation-pvsyst.org\/de\/wp-json\/wp\/v2\/media?parent=3926"}],"curies":[{"name":"wp","href":"https:\/\/api.w.org\/{rel}","templated":true}]}}